{"id":133,"date":"2024-04-04T07:48:35","date_gmt":"2024-04-04T04:48:35","guid":{"rendered":"https:\/\/sisu.ut.ee\/sdce\/module-2-2-en-3\/"},"modified":"2024-04-05T12:37:09","modified_gmt":"2024-04-05T09:37:09","slug":"module-2-2-en-3","status":"publish","type":"page","link":"https:\/\/sisu.ut.ee\/sdce\/de\/module-2-2-en-3\/","title":{"rendered":"Thema 2: Unterst\u00fctzung von Praxispartner*innen durch b\u00fcrgerschaftliches Engagement"},"content":{"rendered":"<blockquote>\r\n\t<h4 style=\"margin-bottom: 0.0001pt\">\r\n\t\t<img loading=\"lazy\" decoding=\"async\" width=\"531\" height=\"399\" class=\"alignnone wp-image-179\" style=\"width: 150px;height: 113px;float: right\" src=\"https:\/\/sisu.ut.ee\/wp-content\/uploads\/sites\/545\/sdce_clowd.png\" title=\"sdce_clowd.png\" alt=\"SDCE_clowd\" srcset=\"https:\/\/sisu.ut.ee\/wp-content\/uploads\/sites\/545\/sdce_clowd.png 531w, https:\/\/sisu.ut.ee\/wp-content\/uploads\/sites\/545\/sdce_clowd-300x225.png 300w\" sizes=\"auto, (max-width: 531px) 100vw, 531px\">Bei diesem Thema setzen sich die Studierenden mit Best-Practice-Beispielen anhand der Fallstudien, die im Forschungsprojekt <i>Students as Digital Civic Engagers<\/i> erhoben wurden, auseinander. Die Studierenden sind in der Lage, zu benennen, was diese Projekte zum Erfolg gef\u00fchrt haben und warum sie f\u00fcr lokale Gruppen und Gemeinschaften unterst\u00fctzend waren.\r\n\t<\/h4>\r\n\r\n\t<p style=\"margin-bottom:.0001pt\">\r\n\t\t\u00a0\r\n\t<\/p>\r\n<\/blockquote>\r\n\r\n<p style=\"margin-bottom:.0001pt\">\r\n\t<img loading=\"lazy\" decoding=\"async\" width=\"536\" height=\"668\" class=\"alignnone wp-image-195\" style=\"width: 200px;height: 249px;float: right\" src=\"https:\/\/sisu.ut.ee\/wp-content\/uploads\/sites\/545\/picture_2_2.jpg\" title=\"picture_2_2.jpg\" alt=\"SDCE2-2\" srcset=\"https:\/\/sisu.ut.ee\/wp-content\/uploads\/sites\/545\/picture_2_2.jpg 536w, https:\/\/sisu.ut.ee\/wp-content\/uploads\/sites\/545\/picture_2_2-241x300.jpg 241w\" sizes=\"auto, (max-width: 536px) 100vw, 536px\">\r\n<\/p>\r\n\r\n<p style=\"margin-bottom: 0.0001pt\">\r\n\t<strong><span style=\"line-height:115%\"><span lang=\"DE-AT\"><span style=\"line-height:115%\">Studierende, die an Aktivit\u00e4ten des digitalen studentischen Engagements teilnehmen, machen vielerlei positive Erfahrungen. Dazu geh\u00f6ren:<\/span><\/span><\/span><\/strong>\r\n<\/p>\r\n\r\n<ul style=\"margin-left: 40px\">\r\n\t<li style=\"margin-bottom: 0.0001pt\">\r\n\t\t<span style=\"line-height:115%\"><span lang=\"DE-AT\"><span style=\"line-height:115%\">der Erwerb von berufsrelevanten F\u00e4higkeiten<\/span><\/span><\/span>\r\n\t<\/li>\r\n\t<li style=\"margin-bottom: 0.0001pt\">\r\n\t\t<span style=\"line-height:115%\"><span lang=\"DE-AT\"><span style=\"line-height:115%\">der Aufbau von sozialen Kontakten und Netzwerke<\/span><\/span><\/span>\r\n\t<\/li>\r\n\t<li style=\"margin-bottom: 0.0001pt\">\r\n\t\t<span style=\"line-height:115%\"><span lang=\"DE-AT\"><span style=\"line-height:115%\">die Beteiligung an Gemeinschaftsprojekten und die Erfahrung, wie diese zu einer positiven Ver\u00e4nderung beitragen k\u00f6nnen<\/span><\/span><\/span>\r\n\t<\/li>\r\n<\/ul>\r\n\r\n<h3 style=\"margin-bottom: 0.0001pt\">\r\n\t\u00a0\r\n<\/h3>\r\n\r\n<h3 style=\"margin-bottom: 0.0001pt\">\r\n\t<strong><span style=\"line-height:115%\"><span lang=\"DE-AT\"><span style=\"line-height:115%\">Es gibt drei M\u00f6glichkeiten, durch b\u00fcrgerschaftliches Engagement zu einer positiven Ver\u00e4nderung in der lokalen Umgebung beizutragen:<\/span><\/span><\/span><\/strong>\r\n<\/h3>\r\n\r\n<p style=\"margin-bottom: 0.0001pt\">\r\n\t<span style=\"line-height:115%\"><b><span lang=\"DE-AT\"><span style=\"line-height:115%\">1. Unterst\u00fctzung von gemeinn\u00fctzigen Organisationen<\/span><\/span><\/b><\/span>\r\n<\/p>\r\n\r\n<p style=\"margin-bottom:.0001pt\">\r\n\t<span style=\"line-height:115%\"><span lang=\"DE-AT\"><span style=\"line-height:115%\">Wie?<\/span><\/span><\/span>\r\n<\/p>\r\n\r\n<ul>\r\n\t<li style=\"margin-bottom:.0001pt\">\r\n\t\t<span style=\"line-height:115%\"><span lang=\"DE-AT\"><span style=\"line-height:115%\">W\u00e4hlen eines pers\u00f6nlich relevanten Themas, das man angehen m\u00f6chte<\/span><\/span><\/span>\r\n\t<\/li>\r\n\t<li style=\"margin-bottom:.0001pt\">\r\n\t\t<span style=\"line-height:115%\"><span lang=\"DE-AT\"><span style=\"line-height:115%\">Kontakt zu gemeinn\u00fctzigen Organisationen, welches sich diesem Thema widmen<\/span><\/span><\/span>\r\n\t<\/li>\r\n\t<li style=\"margin-bottom:.0001pt\">\r\n\t\t<span style=\"line-height:115%\"><span lang=\"DE-AT\"><span style=\"line-height:115%\">Unterst\u00fctzung und Mitwirkung in Organisationen, die das Ziel haben, das Gemeinwesen in sozialer und \u00f6kologischer Hinsicht zu verbessern<\/span><\/span><\/span>\r\n\t<\/li>\r\n<\/ul>\r\n\r\n<p style=\"margin-bottom:.0001pt\">\r\n\t<span style=\"line-height:115%\"><span lang=\"DE-AT\"><span style=\"line-height:115%\">\u200b\u200b\u200b\u200b<\/span><\/span><\/span><span style=\"line-height:115%\"><b>\u00a0<\/b><\/span><span style=\"line-height:115%\"><b><span lang=\"DE-AT\"><span style=\"line-height:115%\">2. Beteiligung an \u00f6ffentlichen Treffen in der Gemeinde<\/span><\/span><\/b><\/span>\r\n<\/p>\r\n\r\n<ul>\r\n\t<li style=\"margin-bottom:.0001pt\">\r\n\t\t<span style=\"line-height:115%\"><span lang=\"DE-AT\"><span style=\"line-height:115%\">Dabei k\u00f6nnen erste Einblick und Erfahrungen in Bezug auf ein bestimmtes gesellschaftlich relevantes Thema gesammelt werden.<\/span><\/span><\/span>\r\n\t<\/li>\r\n\t<li style=\"margin-bottom:.0001pt\">\r\n\t\t<span style=\"line-height:115%\"><span lang=\"DE-AT\"><span style=\"line-height:115%\">Es gibt die M\u00f6glichkeit, Netzwerke aufzubauen.<\/span><\/span><\/span>\r\n\t<\/li>\r\n\t<li style=\"margin-bottom:.0001pt\">\r\n\t\t<span style=\"line-height:115%\"><span lang=\"DE-AT\"><span style=\"line-height:115%\">Das Treffen von Gleichgesinnten erm\u00f6glicht es, sich zusammenzuschlie\u00dfen und eine Aktivit\u00e4t bzw. ein Projekt zu digitalem b\u00fcrgerschaftlichem Engagement auf die Beine zu stellen.<\/span><\/span><\/span>\r\n\t<\/li>\r\n<\/ul>\r\n\r\n<p style=\"margin-bottom:.0001pt\">\r\n\t<span style=\"line-height:115%\"><b><span lang=\"DE-AT\"><span style=\"line-height:115%\">3. Unterst\u00fctzung von lokalen Unternehmen<\/span><\/span><\/b><\/span>\r\n<\/p>\r\n\r\n<ul>\r\n\t<li style=\"margin-bottom:.0001pt\">\r\n\t\t<span style=\"line-height:115%\"><span lang=\"DE-AT\"><span style=\"line-height:115%\">Dadurch werden lokale Gemeinschaften und Unternehmen (wie Familienbetriebe, lokale Zulieferer) wirtschaftlich gest\u00e4rkt.<\/span><\/span><\/span>\r\n\t<\/li>\r\n\t<li style=\"margin-bottom:.0001pt\">\r\n\t\t<span style=\"line-height:115%\"><span lang=\"DE-AT\"><span style=\"line-height:115%\">Durch den Kontaktaufbau zu lokalen Unternehmen\u00a0werden soziale Beziehungen aufgebaut und die Bedarfe der jeweiligen Unternehmen k\u00f6nnen ermittelt werden.<\/span><\/span><\/span>\r\n\t<\/li>\r\n<\/ul>\r\n\r\n<p style=\"margin-bottom:.0001pt\">\r\n\t\u00a0\r\n<\/p>\r\n\r\n<p>\r\n\t\u00a0\r\n<\/p>\r\n\r\n<h2 style=\"margin-bottom: 0.0001pt\">\r\n\t\u00a0\r\n<\/h2>\r\n\r\n<h2 style=\"margin-bottom: 0.0001pt\">\r\n\t<b>Schnelltest<\/b>\r\n<\/h2>\r\n\r\n<p style=\"margin-bottom:.0001pt\">\r\n\t<\/p><div class=\"h5p-iframe-wrapper\"><div class=\"video-placeholder-wrapper video-placeholder-wrapper--fixed\" style=\"height: 366px;\">\n\t\t\t    <div class=\"video-placeholder d-flex justify-content-center align-items-center\">\n\t\t\t        <div class=\"overlay text-white p-2 w-100 text-center d-block justify-content-center align-items-center\">\n\t\t\t            <div>To view third-party content, please accept cookies.<\/div>\n\t\t\t            <button class=\"btn btn-secondary btn-sm mt-1 consent-change\">Change consent<\/button>\n\t\t\t        <\/div>\n\t\t\t    <\/div>\n\t\t\t<\/div>\n<\/div>\r\n\r\n","protected":false},"excerpt":{"rendered":"<p>Bei diesem Thema setzen sich die Studierenden mit Best-Practice-Beispielen anhand der Fallstudien, die im Forschungsprojekt Students as Digital Civic Engagers erhoben wurden, auseinander. Die Studierenden sind in der Lage, zu benennen, was diese Projekte zum Erfolg gef\u00fchrt haben und warum &#8230;<\/p>\n","protected":false},"author":63,"featured_media":0,"parent":0,"menu_order":0,"comment_status":"closed","ping_status":"closed","template":"","meta":{"_acf_changed":false,"inline_featured_image":false,"footnotes":""},"class_list":["post-133","page","type-page","status-publish","hentry"],"acf":[],"_links":{"self":[{"href":"https:\/\/sisu.ut.ee\/sdce\/de\/wp-json\/wp\/v2\/pages\/133","targetHints":{"allow":["GET"]}}],"collection":[{"href":"https:\/\/sisu.ut.ee\/sdce\/de\/wp-json\/wp\/v2\/pages"}],"about":[{"href":"https:\/\/sisu.ut.ee\/sdce\/de\/wp-json\/wp\/v2\/types\/page"}],"author":[{"embeddable":true,"href":"https:\/\/sisu.ut.ee\/sdce\/de\/wp-json\/wp\/v2\/users\/63"}],"replies":[{"embeddable":true,"href":"https:\/\/sisu.ut.ee\/sdce\/de\/wp-json\/wp\/v2\/comments?post=133"}],"version-history":[{"count":3,"href":"https:\/\/sisu.ut.ee\/sdce\/de\/wp-json\/wp\/v2\/pages\/133\/revisions"}],"predecessor-version":[{"id":793,"href":"https:\/\/sisu.ut.ee\/sdce\/de\/wp-json\/wp\/v2\/pages\/133\/revisions\/793"}],"wp:attachment":[{"href":"https:\/\/sisu.ut.ee\/sdce\/de\/wp-json\/wp\/v2\/media?parent=133"}],"curies":[{"name":"wp","href":"https:\/\/api.w.org\/{rel}","templated":true}]}}