{"id":132,"date":"2024-04-04T07:48:35","date_gmt":"2024-04-04T04:48:35","guid":{"rendered":"https:\/\/sisu.ut.ee\/sdce\/module-2-1-en-3\/"},"modified":"2024-04-05T12:37:09","modified_gmt":"2024-04-05T09:37:09","slug":"module-2-1-en-3","status":"publish","type":"page","link":"https:\/\/sisu.ut.ee\/sdce\/de\/module-2-1-en-3\/","title":{"rendered":"Thema 1: Praxisprobleme l\u00f6sen: Lokale Bed\u00fcrfnislagen und globale Herausforderungen"},"content":{"rendered":"<blockquote>\r\n\t<h4 style=\"margin-bottom: 0.0001pt\">\r\n\t\t<img loading=\"lazy\" decoding=\"async\" width=\"531\" height=\"399\" class=\"alignnone wp-image-179\" style=\"width: 150px;height: 113px;float: right\" src=\"https:\/\/sisu.ut.ee\/wp-content\/uploads\/sites\/545\/sdce_clowd.png\" title=\"sdce_clowd.png\" alt=\"SDCE_clowd\" srcset=\"https:\/\/sisu.ut.ee\/wp-content\/uploads\/sites\/545\/sdce_clowd.png 531w, https:\/\/sisu.ut.ee\/wp-content\/uploads\/sites\/545\/sdce_clowd-300x225.png 300w\" sizes=\"auto, (max-width: 531px) 100vw, 531px\">Dieses Thema vermittelt den Studierenden, wie sie Probleme und Bed\u00fcrfnislagen identifizieren k\u00f6nnen, die sich sowohl auf globaler als auch auf lokaler Ebene stellen. Lernziel dieses Themas ist es, dass die Studierenden eine gro\u00dfe Vielfalt an Ideen und Perspektiven erhalten, wie sie dr\u00e4ngende Bed\u00fcrfnisse in lokalen Gemeinschaften und auf einem globalen Ausma\u00df erkennen k\u00f6nnen.<span style=\"line-height:115%\"> <\/span>\r\n\t<\/h4>\r\n<\/blockquote>\r\n\r\n<p>\r\n\t\u00a0\r\n<\/p>\r\n\r\n<p style=\"margin-bottom:.0001pt\">\r\n\t<span style=\"line-height:115%\"><span lang=\"DE-AT\"><span style=\"line-height:115%\">Die Vereinten Nationen (UN) haben 17 Ziele f\u00fcr Nachhaltige Entwicklung\/Sustainable Development Goals (SDGs) erarbeitet. Diese sind ein weltweiter Aufruf an alle L\u00e4nder \u2013 ob L\u00e4nder des Globalen S\u00fcdens oder Nordens \u2013 zur L\u00f6sung globaler Probleme beizutragen, mit denen alle Menschen auf der Erde konfrontiert sind. Die SDGs heben u.a. hervor, dass die Beendigung von Armut eine Verbesserung des Gesundheits- und Bildungswesens, eine Verringerung der sozialen Ungleichheit und ein sozial gerechtes Wirtschaftssystem bedingen muss, und das bei gleichzeitiger Bek\u00e4mpfung des Klimawandels und der Erhaltung der Ozeane und W\u00e4lder.<\/span><\/span><\/span>\r\n<\/p>\r\n\r\n<p style=\"margin-bottom:.0001pt\">\r\n\t<span style=\"line-height:115%\">\u00a0<\/span>\r\n<\/p>\r\n\r\n<p style=\"margin-bottom:.0001pt\">\r\n\tDie Vereinten Nationen (UN) haben <a data-url=\"https:\/\/sdgs.un.org\/goals\" href=\"https:\/\/sdgs.un.org\/goals\" target=\"_blank\" title=\"\" rel=\"noopener\">17 Ziele<\/a><span style=\"line-height:115%\"> <\/span>f\u00fcr Nachhaltige Entwicklung\/Sustainable Development Goals (SDGs) erarbeitet, zu denen alle aufgerufen sind, ihren Beitrag zu leisten<span style=\"line-height:115%\">.<\/span>\r\n<\/p>\r\n\r\n<p style=\"margin-bottom:.0001pt\">\r\n\t<span style=\"line-height:115%\">\u00a0<\/span>\r\n<\/p>\r\n\r\n<p style=\"margin-bottom:.0001pt\">\r\n\t<img loading=\"lazy\" decoding=\"async\" width=\"1023\" height=\"575\" class=\"alignnone wp-image-239\" style=\"width: 550px;height: 309px;float: right\" src=\"https:\/\/sisu.ut.ee\/wp-content\/uploads\/sites\/545\/sdg_de.png\" title=\"sdg_de.png\" alt=\"SDCE2-1_de\" srcset=\"https:\/\/sisu.ut.ee\/wp-content\/uploads\/sites\/545\/sdg_de.png 1023w, https:\/\/sisu.ut.ee\/wp-content\/uploads\/sites\/545\/sdg_de-300x169.png 300w, https:\/\/sisu.ut.ee\/wp-content\/uploads\/sites\/545\/sdg_de-768x432.png 768w\" sizes=\"auto, (max-width: 1023px) 100vw, 1023px\"><span style=\"line-height:115%\"><span lang=\"DE\"><span style=\"line-height:115%\">Wir haben drei Ziele ausgew\u00e4hlt, zu deren Bearbeitung Aktivit\u00e4ten des digitalen b\u00fcrgerschaftlichen Engagements beitragen k\u00f6nnen:<\/span><\/span><\/span>\r\n<\/p>\r\n\r\n<p style=\"margin-bottom:.0001pt\">\r\n\t<span style=\"line-height:115%\"><b><span lang=\"DE\"><span style=\"line-height:115%\">Ziel 10: Weniger Ungleichheiten<\/span><\/span><\/b><\/span>\r\n<\/p>\r\n\r\n<p style=\"margin-bottom:.0001pt\">\r\n\t<span style=\"line-height:115%\"><b><span lang=\"DE\"><span style=\"line-height:115%\">Ziel 12: Nachhaltiger Konsum und Produktion<\/span><\/span><\/b><\/span>\r\n<\/p>\r\n\r\n<p style=\"margin-bottom:.0001pt\">\r\n\t<b><span lang=\"DE\"><span style=\"line-height:107%\"><span>Ziel 16: Frieden, Gerechtigkeit und starke Institutionen<\/span><\/span><\/span><\/b><span style=\"line-height:115%\"><b> <\/b><\/span>\r\n<\/p>\r\n\r\n<p style=\"margin-bottom:.0001pt\">\r\n\t\u00a0\r\n<\/p>\r\n\r\n<p style=\"margin-bottom:.0001pt\">\r\n\t\u00a0\r\n<\/p>\r\n\r\n<h3 style=\"margin-bottom: 0.0001pt;text-align: justify\">\r\n\t<span style=\"line-height:115%\"><b><span lang=\"DE-AT\"><span style=\"line-height:115%\">Ziel 10: Weniger Ungleichheiten<\/span><\/span><\/b><\/span>\r\n<\/h3>\r\n\r\n<p style=\"margin-bottom: 0.0001pt\">\r\n\t<span style=\"line-height:115%\"><span lang=\"DE\"><span style=\"line-height:115%\">Dieses Ziel ist darauf gerichtet, die soziale Ungleichheit innerhalb und zwischen den L\u00e4ndern zu verringern. Seit Ausbruch der COVID-19-Pandemie, so zeigen sozialwissenschaftliche Untersuchungen, hat die soziale Ungleichheit wieder zugenommen und sich die Schere zwischen einkommensstarken und einkommensschwachen Bev\u00f6lkerungsgruppen weiter vergr\u00f6\u00dfert anstatt verringert.<\/span><\/span><\/span>\r\n<\/p>\r\n\r\n<p style=\"margin-bottom: 0.0001pt\">\r\n\t\u00a0\r\n<\/p>\r\n\r\n<h3 style=\"margin-bottom: 0.0001pt\">\r\n\t<span style=\"line-height:115%\"><b><span lang=\"DE-AT\"><span style=\"line-height:115%\">Ziel 12: Nachhaltiger Konsum und Produktion<\/span><\/span><\/b><\/span>\r\n<\/h3>\r\n\r\n<p style=\"margin-bottom: 0.0001pt\">\r\n\t<span style=\"line-height:115%\"><span lang=\"DE-AT\"><span style=\"line-height:115%\">Dieses Ziel befasst sich mit nachhaltigen und verantwortungsvollen Konsum- und Produktionsmuster. Dies ist umso wichtiger, wenn man bedenkt, dass der \u00f6kologische Fu\u00dfabdruck global betrachtet zwischen den Jahren 2000 und 2017 um 70 Prozent gestiegen ist. Gerade bei Ressourcen wie Lebensmitteln wird gesch\u00e4tzt, dass im Jahr 2016 fast 14 Prozent der weltweit produzierten Nahrungsmittel nicht verwertet wurden, bevor sie im Lebensmittelhandel landeten.<\/span><\/span><\/span>\r\n<\/p>\r\n\r\n<p style=\"margin-bottom: 0.0001pt\">\r\n\t<span style=\"line-height:115%\">\u00a0<\/span>\r\n<\/p>\r\n\r\n<h3 style=\"margin-bottom: 0.0001pt\">\r\n\t<span style=\"line-height:115%\"><b><span lang=\"DE\"><span style=\"line-height:115%\">Ziel 16: Frieden, Gerechtigkeit und starke Institutionen<\/span><\/span><\/b><\/span>\r\n<\/h3>\r\n\r\n<p style=\"margin-bottom:.0001pt\">\r\n\t<span style=\"line-height:115%\"><span lang=\"DE-AT\"><span style=\"line-height:107%\"><span>Dieses Ziel strebt danach, Frieden und soziale Gerechtigkeit in Gesellschaften zu schaffen, welche die Grundlagen f\u00fcr eine nachhaltige Entwicklung darstellen. Dabei geht es darum, den \u00f6ffentlichen Zugang zu Informationen zu gew\u00e4hrleisten und leistungsf\u00e4hige, rechenschaftspflichtige und transparente Institutionen auf allen Ebenen aufbauen. Die COVID-19-Pandemie hat die soziale Ungleichheit und Diskriminierung von benachteiligten Personengruppen verst\u00e4rkt und demokratische Rechtssysteme in einigen L\u00e4ndern auf die Probe gestellt oder sogar geschw\u00e4cht.<\/span><\/span><\/span><\/span>\r\n<\/p>\r\n\r\n<p style=\"margin-bottom:.0001pt\">\r\n\t\u00a0\r\n<\/p>\r\n\r\n<h2 style=\"margin-bottom: 0.0001pt\">\r\n\t<span style=\"line-height:115%\"><b><span lang=\"EN-GB\"><span style=\"line-height:115%\">Schnelltest<\/span><\/span><\/b><\/span>\r\n<\/h2>\r\n\r\n<p style=\"margin-bottom:.0001pt\">\r\n\t<\/p><div class=\"h5p-iframe-wrapper\"><div class=\"video-placeholder-wrapper video-placeholder-wrapper--fixed\" style=\"height: 366px;\">\n\t\t\t    <div class=\"video-placeholder d-flex justify-content-center align-items-center\">\n\t\t\t        <div class=\"overlay text-white p-2 w-100 text-center d-block justify-content-center align-items-center\">\n\t\t\t            <div>To view third-party content, please accept cookies.<\/div>\n\t\t\t            <button class=\"btn btn-secondary btn-sm mt-1 consent-change\">Change consent<\/button>\n\t\t\t        <\/div>\n\t\t\t    <\/div>\n\t\t\t<\/div>\n<\/div>\r\n\r\n","protected":false},"excerpt":{"rendered":"<p>Dieses Thema vermittelt den Studierenden, wie sie Probleme und Bed\u00fcrfnislagen identifizieren k\u00f6nnen, die sich sowohl auf globaler als auch auf lokaler Ebene stellen. Lernziel dieses Themas ist es, dass die Studierenden eine gro\u00dfe Vielfalt an Ideen und Perspektiven erhalten, wie &#8230;<\/p>\n","protected":false},"author":63,"featured_media":0,"parent":0,"menu_order":0,"comment_status":"closed","ping_status":"closed","template":"","meta":{"_acf_changed":false,"inline_featured_image":false,"footnotes":""},"class_list":["post-132","page","type-page","status-publish","hentry"],"acf":[],"_links":{"self":[{"href":"https:\/\/sisu.ut.ee\/sdce\/de\/wp-json\/wp\/v2\/pages\/132","targetHints":{"allow":["GET"]}}],"collection":[{"href":"https:\/\/sisu.ut.ee\/sdce\/de\/wp-json\/wp\/v2\/pages"}],"about":[{"href":"https:\/\/sisu.ut.ee\/sdce\/de\/wp-json\/wp\/v2\/types\/page"}],"author":[{"embeddable":true,"href":"https:\/\/sisu.ut.ee\/sdce\/de\/wp-json\/wp\/v2\/users\/63"}],"replies":[{"embeddable":true,"href":"https:\/\/sisu.ut.ee\/sdce\/de\/wp-json\/wp\/v2\/comments?post=132"}],"version-history":[{"count":3,"href":"https:\/\/sisu.ut.ee\/sdce\/de\/wp-json\/wp\/v2\/pages\/132\/revisions"}],"predecessor-version":[{"id":794,"href":"https:\/\/sisu.ut.ee\/sdce\/de\/wp-json\/wp\/v2\/pages\/132\/revisions\/794"}],"wp:attachment":[{"href":"https:\/\/sisu.ut.ee\/sdce\/de\/wp-json\/wp\/v2\/media?parent=132"}],"curies":[{"name":"wp","href":"https:\/\/api.w.org\/{rel}","templated":true}]}}