{"id":130,"date":"2024-04-04T07:48:35","date_gmt":"2024-04-04T04:48:35","guid":{"rendered":"https:\/\/sisu.ut.ee\/sdce\/module-1-4-en-3\/"},"modified":"2024-04-05T12:37:09","modified_gmt":"2024-04-05T09:37:09","slug":"module-1-4-en-3","status":"publish","type":"page","link":"https:\/\/sisu.ut.ee\/sdce\/de\/module-1-4-en-3\/","title":{"rendered":"Thema 4: Wie sieht digitales studentisches Engagement in der Praxis aus?"},"content":{"rendered":"<blockquote>\r\n\t<h4 style=\"margin-bottom: 0.0001pt\">\r\n\t\t<img loading=\"lazy\" decoding=\"async\" width=\"531\" height=\"399\" class=\"alignnone wp-image-179\" style=\"width: 150px;height: 113px;float: right\" src=\"https:\/\/sisu.ut.ee\/wp-content\/uploads\/sites\/545\/sdce_clowd.png\" title=\"sdce_clowd.png\" alt=\"SDCE_clowd\" srcset=\"https:\/\/sisu.ut.ee\/wp-content\/uploads\/sites\/545\/sdce_clowd.png 531w, https:\/\/sisu.ut.ee\/wp-content\/uploads\/sites\/545\/sdce_clowd-300x225.png 300w\" sizes=\"auto, (max-width: 531px) 100vw, 531px\">Lernziel dieses Themas ist es, den Studierenden eine Vorstellung zu geben, wie eine Aktivit\u00e4t zu digitalem studentischem Engagement in der Praxis aussehen kann. Darum lernen die Studierenden bei diesem Thema einige praktische Beispiele zu digitalem studentischem Engagement an verschiedenen europ\u00e4ischen Universit\u00e4ten kennenlernen.\r\n\t<\/h4>\r\n<\/blockquote>\r\n\r\n<p style=\"margin-bottom:.0001pt\">\r\n\t\u00a0\r\n<\/p>\r\n\r\n<h3 style=\"margin-bottom: 0.0001pt\">\r\n\t<b>Lernen im Rahmen von digitalem studentischem Engagement<\/b><img loading=\"lazy\" decoding=\"async\" width=\"536\" height=\"668\" class=\"alignnone wp-image-191\" style=\"width: 200px;height: 249px;float: right\" src=\"https:\/\/sisu.ut.ee\/wp-content\/uploads\/sites\/545\/picture_1_4.jpg\" title=\"picture_1_4.jpg\" alt=\"SDCE1-4\" srcset=\"https:\/\/sisu.ut.ee\/wp-content\/uploads\/sites\/545\/picture_1_4.jpg 536w, https:\/\/sisu.ut.ee\/wp-content\/uploads\/sites\/545\/picture_1_4-241x300.jpg 241w\" sizes=\"auto, (max-width: 536px) 100vw, 536px\">\r\n<\/h3>\r\n\r\n<p style=\"margin-bottom:.0001pt\">\r\n\t<span style=\"line-height:normal\"><span><span lang=\"DE-AT\">Forschungsergebnisse zeigen, dass zwischen studentischem Engagement und der Lernbereitschaft von Studierenden im Studium ein enger Zusammenhang besteht. Studierende, die sich gesellschaftlich einbringen, studieren aktiv und engagiert und verkn\u00fcpfen Theorie eher mit (berufs)praktischem Handeln. Durch das Engagement erwerben Studierende Kompetenzen wie kritisches Denken, Kommunikations- und Teamf\u00e4higkeit. Es f\u00f6rdert au\u00dferdem Empathief\u00e4higkeit und soziales Lernen durch Teilhabe an der Gemeinschaft.<\/span><\/span><\/span>\r\n<\/p>\r\n\r\n<h3 style=\"margin-bottom: 0.0001pt\">\r\n\t<b>Zwei Beispiele von digitalem studentischem Engagement<\/b>\r\n<\/h3>\r\n\r\n<p style=\"margin-bottom:.0001pt\">\r\n\t<span style=\"line-height:normal\"><span lang=\"DE-AT\">Das <b>Galway Mayo Institute of Technology (GMIT)<\/b> in Irland <\/span><span>entwickelte ein Modul mit dem Titel <i>Digital Content and Marketing Technology<\/i>. Ziel des Moduls war es, Studierenden des Faches Marketing und Design die erforderlichen F\u00e4higkeiten zu vermitteln, die sie ben\u00f6tigen, um ein Gemeinschaftsprojekt zu planen und durchzuf\u00fchren. Die Studierenden stellten ihr Fachwissen und ihre F\u00e4higkeiten im Bereich Marketing in Form von Dienstleistungen Praxispartner*innen zu Verf\u00fcgung. Die Studierenden arbeiteten mit Gemeinden und Freiwilligenorganisationen zusammen, unterst\u00fctzten diese mit ihren Ideen und F\u00e4higkeiten im Bereich Digitalisierung und konnten dadurch ihr erworbenes Wissen in realen Szenarios erproben.<\/span><\/span>\r\n<\/p>\r\n\r\n<p style=\"margin-bottom:.0001pt\">\r\n\t\u00a0\r\n<\/p>\r\n\r\n<p style=\"margin-bottom:.0001pt\">\r\n\t<span lang=\"DE-AT\"><span style=\"line-height:107%\"><span>Das <b>Tartu Welcome Centre<\/b> ist eine NGO in Tartu, Estland. <\/span><\/span><\/span><span lang=\"DE\"><span style=\"line-height:107%\"><span>Ziel ist es, neue Bewohner*innen von Tartu und S\u00fcdestland zu unterst\u00fctzen, sich m\u00f6glichst problemlos in der estnischen Gesellschaft zurechtzufinden. Das Welcome Centre bietet Neuankommenden in Tartu und S\u00fcdestland <\/span><\/span><\/span><span lang=\"DE-AT\"><span style=\"line-height:107%\"><span>kostenlose Beratungsgespr\u00e4che, Kultur- und Netzwerkveranstaltungen sowie n\u00fctzliche Informationen an<\/span><\/span><\/span><span lang=\"DE\"><span style=\"line-height:107%\"><span>, um in der neuen Umgebung Fu\u00df zu fassen. <\/span><\/span><\/span><span lang=\"DE-AT\"><span style=\"line-height:107%\"><span>Studierende k\u00f6nnen auf freiwilliger Basis mithelfen.<\/span><\/span><\/span>\r\n<\/p>\r\n\r\n<p style=\"margin-bottom:.0001pt\">\r\n\t\u00a0\r\n<\/p>\r\n\r\n<h2 style=\"margin-bottom: 0.0001pt\">\r\n\t<span style=\"line-height:normal\"><b><span lang=\"DE-AT\">Schnelltest<\/span><\/b><\/span>\r\n<\/h2>\r\n\r\n<div class=\"h5p-iframe-wrapper\"><div class=\"video-placeholder-wrapper video-placeholder-wrapper--fixed\" style=\"height: 366px;\">\n\t\t\t    <div class=\"video-placeholder d-flex justify-content-center align-items-center\">\n\t\t\t        <div class=\"overlay text-white p-2 w-100 text-center d-block justify-content-center align-items-center\">\n\t\t\t            <div>To view third-party content, please accept cookies.<\/div>\n\t\t\t            <button class=\"btn btn-secondary btn-sm mt-1 consent-change\">Change consent<\/button>\n\t\t\t        <\/div>\n\t\t\t    <\/div>\n\t\t\t<\/div>\n<\/div>\r\n","protected":false},"excerpt":{"rendered":"<p>Lernziel dieses Themas ist es, den Studierenden eine Vorstellung zu geben, wie eine Aktivit\u00e4t zu digitalem studentischem Engagement in der Praxis aussehen kann. Darum lernen die Studierenden bei diesem Thema einige praktische Beispiele zu digitalem studentischem Engagement an verschiedenen europ\u00e4ischen &#8230;<\/p>\n","protected":false},"author":63,"featured_media":0,"parent":0,"menu_order":0,"comment_status":"closed","ping_status":"closed","template":"","meta":{"_acf_changed":false,"inline_featured_image":false,"footnotes":""},"class_list":["post-130","page","type-page","status-publish","hentry"],"acf":[],"_links":{"self":[{"href":"https:\/\/sisu.ut.ee\/sdce\/de\/wp-json\/wp\/v2\/pages\/130","targetHints":{"allow":["GET"]}}],"collection":[{"href":"https:\/\/sisu.ut.ee\/sdce\/de\/wp-json\/wp\/v2\/pages"}],"about":[{"href":"https:\/\/sisu.ut.ee\/sdce\/de\/wp-json\/wp\/v2\/types\/page"}],"author":[{"embeddable":true,"href":"https:\/\/sisu.ut.ee\/sdce\/de\/wp-json\/wp\/v2\/users\/63"}],"replies":[{"embeddable":true,"href":"https:\/\/sisu.ut.ee\/sdce\/de\/wp-json\/wp\/v2\/comments?post=130"}],"version-history":[{"count":3,"href":"https:\/\/sisu.ut.ee\/sdce\/de\/wp-json\/wp\/v2\/pages\/130\/revisions"}],"predecessor-version":[{"id":795,"href":"https:\/\/sisu.ut.ee\/sdce\/de\/wp-json\/wp\/v2\/pages\/130\/revisions\/795"}],"wp:attachment":[{"href":"https:\/\/sisu.ut.ee\/sdce\/de\/wp-json\/wp\/v2\/media?parent=130"}],"curies":[{"name":"wp","href":"https:\/\/api.w.org\/{rel}","templated":true}]}}