{"id":129,"date":"2024-04-04T07:48:35","date_gmt":"2024-04-04T04:48:35","guid":{"rendered":"https:\/\/sisu.ut.ee\/sdce\/module-1-3-en-3\/"},"modified":"2024-04-05T12:37:09","modified_gmt":"2024-04-05T09:37:09","slug":"module-1-3-en-3","status":"publish","type":"page","link":"https:\/\/sisu.ut.ee\/sdce\/de\/module-1-3-en-3\/","title":{"rendered":"Thema 3: Welche Kompetenzen entwickeln b\u00fcrgerschaftlich engagierte Studierende?"},"content":{"rendered":"<blockquote>\r\n\t<h4 style=\"margin-bottom: 0.0001pt\">\r\n\t\t<img loading=\"lazy\" decoding=\"async\" width=\"531\" height=\"399\" class=\"alignnone wp-image-179\" style=\"width: 150px;height: 113px;float: right\" src=\"https:\/\/sisu.ut.ee\/wp-content\/uploads\/sites\/545\/sdce_clowd.png\" title=\"sdce_clowd.png\" alt=\"SDCE_clowd\" srcset=\"https:\/\/sisu.ut.ee\/wp-content\/uploads\/sites\/545\/sdce_clowd.png 531w, https:\/\/sisu.ut.ee\/wp-content\/uploads\/sites\/545\/sdce_clowd-300x225.png 300w\" sizes=\"auto, (max-width: 531px) 100vw, 531px\">Lernziel dieses Themas ist es, digitale und unternehmerische Kompetenzen kennenzulernen, die Studierende im Verlauf einer Aktivit\u00e4t zu digitalem studentischem Engagement entwickeln k\u00f6nnen.\r\n\t<\/h4>\r\n<\/blockquote>\r\n\r\n<p>\r\n\t\u00a0\r\n<\/p>\r\n\r\n<h3 style=\"margin-bottom: 0.0001pt\">\r\n\t<span style=\"line-height:normal\"><b><span lang=\"DE\">Kompetenzen im Rahmen von digitalem studentischem Engagement<\/span><\/b><\/span>\r\n<\/h3>\r\n\r\n<p style=\"margin-bottom:.0001pt\">\r\n\t<span style=\"line-height:normal\"><span lang=\"DE\">Es gibt zwei Kompetenzrahmen, welche Kompetenzen bestimmen, die Studierende durch die Teilnahme an Aktivit\u00e4ten zu digitalem studentischem Engagement entwickeln k\u00f6nnen.<\/span><\/span>\r\n<\/p>\r\n\r\n<p style=\"margin-bottom:.0001pt\">\r\n\t<span style=\"line-height:normal\"><b><span lang=\"DE\">EntreComp<\/span><\/b><span lang=\"DE\"> ist der <\/span><b><span lang=\"DE-AT\">Europ\u00e4ische Referenzrahmen f\u00fcr unternehmerische Kompetenzen<\/span><\/b><span lang=\"DE\">. Er bestimmt Unternehmertum als \u00fcbergreifende Kompetenz, die f\u00fcr alle Lebensbereiche gilt (z. B. bei der pers\u00f6nlichen oder beruflichen Entwicklung). <\/span><\/span>\r\n<\/p>\r\n\r\n<p style=\"margin-bottom:.0001pt\">\r\n\t<span style=\"line-height:normal\"><b><span lang=\"DE\">DigComp<\/span><\/b><span lang=\"DE\"> ist der <\/span><b><span lang=\"DE-AT\">Europ\u00e4ische Referenzrahmen f\u00fcr digitale Kompetenzen<\/span><\/b><span lang=\"DE\"> und dient als Instrument zur F\u00f6rderung der digitalen Kompetenzen von bestimmten Zielgruppen in Bildungs- und Weiterbildungsinstitutionen.<\/span><\/span>\r\n<\/p>\r\n\r\n<p style=\"margin-bottom:.0001pt\">\r\n\t<span style=\"line-height:normal\"><span lang=\"EN-GB\"><span lang=\"DE\"><span style=\"line-height:107%\"><span>Beide Kompetenzrahmen sind von der Europ\u00e4ischen Kommission als legitime Instrumente genehmigt.<\/span><\/span><\/span><\/span><\/span>\r\n<\/p>\r\n\r\n<p style=\"margin-bottom:.0001pt\">\r\n\t\u00a0\r\n<\/p>\r\n\r\n<h3 style=\"margin-bottom: 0.0001pt\">\r\n\t<span style=\"line-height:normal\"><b><span lang=\"EN-GB\">EntreComp<\/span><\/b><\/span>\r\n<\/h3>\r\n\r\n<p style=\"margin-bottom:.0001pt\">\r\n\t<img loading=\"lazy\" decoding=\"async\" width=\"838\" height=\"1043\" class=\"alignnone wp-image-188\" style=\"width: 400px;height: 498px;float: right\" src=\"https:\/\/sisu.ut.ee\/wp-content\/uploads\/sites\/545\/entrecomp_2.png\" title=\"entrecomp_2.png\" alt=\"EntreComp\" srcset=\"https:\/\/sisu.ut.ee\/wp-content\/uploads\/sites\/545\/entrecomp_2.png 838w, https:\/\/sisu.ut.ee\/wp-content\/uploads\/sites\/545\/entrecomp_2-241x300.png 241w, https:\/\/sisu.ut.ee\/wp-content\/uploads\/sites\/545\/entrecomp_2-823x1024.png 823w, https:\/\/sisu.ut.ee\/wp-content\/uploads\/sites\/545\/entrecomp_2-768x956.png 768w\" sizes=\"auto, (max-width: 838px) 100vw, 838px\">\r\n<\/p>\r\n\r\n<p style=\"margin-bottom:.0001pt\">\r\n\tDer EntreComp besteht aus <b>3 Kompetenzbereichen<\/b> und <b>15 Kompetenzen<\/b>, wie in der Abbildung unten dargestellt:\r\n<\/p>\r\n\r\n<ol>\r\n\t<li style=\"margin-top:0cm;margin-right:0cm;margin-bottom:.0001pt\">\r\n\t\t<span style=\"line-height:normal\"><span lang=\"DE\">Im Kompetenzbereich <b>IDEEN &amp; MA\u00dfNAHMEN<\/b> f\u00f6rdern Aktivit\u00e4ten des digitalen studentischen Engagements die Kompetenz <b>ETHISCHES UND NACHHALTIGES DENKEN<\/b>: Die Studierenden verstehen, dass jede Aktivit\u00e4t, um ein gesellschaftliches Problem mit digitalen Tools zu bearbeiten, durch ethische Grunds\u00e4tze und Werte in Bezug auf Geschlecht, Fairness, soziale Gerechtigkeit und \u00f6kologische Nachhaltigkeit reflektiert werden sollte.<\/span><\/span>\r\n\t<\/li>\r\n\t<li style=\"margin-top:0cm;margin-right:0cm;margin-bottom:.0001pt\">\r\n\t\t<span style=\"line-height:normal\"><span lang=\"DE\">Im Kompetenzbereich <b>RESSOURCEN<\/b> f\u00f6rdern Aktivit\u00e4ten des digitalen studentischen Engagements die Kompetenz <b>SELBSTBESTIMMTHEIT &amp; SELBSTWIRKSAMKEIT<\/b>: Studierende, die sich mit digitalen Tools b\u00fcrgerschaftlich engagieren, lernen, wie sie zu einem positiven sozialen Wandel beitragen k\u00f6nnen.<\/span><\/span>\r\n\t<\/li>\r\n\t<li style=\"margin-top: 0cm;margin-right: 0cm;margin-bottom: 0.0001pt\">\r\n\t\t<span lang=\"DE\"><span style=\"line-height:107%\"><span>Im Kompetenzbereich <b>IN AKTION<\/b> f\u00f6rdern Aktivit\u00e4ten des digitalen studentischen Engagements die Kompetenz <b>IM TEAM ARBEITEN<\/b>: Digitales studentisches Engagement erfordert, dass die Studierenden mit anderen zusammenarbeiten. Dazu k\u00f6nnen Hochschullehrende, Peers und Organisationen geh\u00f6ren, die gemeinsam an einer Aktivit\u00e4t zu einem gesellschaftlich relevanten Thema arbeiten. Die Studierenden lernen, wie man tragf\u00e4hige Arbeitsbeziehungen aufbaut und wie man digitale Tools nutzt, um einen effizienten und transparenten Arbeitsablauf zwischen den <\/span><\/span><\/span>Teammitglieder*innen <span lang=\"DE\"><span style=\"line-height:107%\"><span> zu erm\u00f6glichen.<\/span><\/span><\/span>\r\n\t<\/li>\r\n<\/ol>\r\n\r\n<p style=\"margin-bottom:.0001pt\">\r\n\t\u00a0\r\n<\/p>\r\n\r\n<h3 style=\"margin-bottom: 0.0001pt\">\r\n\t<span style=\"line-height:normal\"><b><span lang=\"EN-US\">DigComp<\/span><\/b><\/span>\r\n<\/h3>\r\n\r\n<p style=\"margin-bottom:.0001pt\">\r\n\tStudierende verbessern ihre digitalen Kompetenzen im Rahmen von Aktivit\u00e4ten des digitalen studentischen Engagements. DigComp besteht aus <b>5 Kompetenzbereiche<\/b> und <b>21 Kompetenzen<\/b>. Die 5 Kompetenzbereiche sind in der Abbildung unten dargestellt:<img loading=\"lazy\" decoding=\"async\" width=\"837\" height=\"1043\" class=\"alignnone wp-image-187\" style=\"float:right;width:300px;height:374px\" src=\"https:\/\/sisu.ut.ee\/wp-content\/uploads\/sites\/545\/digcomp.png\" title=\"digcomp.png\" alt=\"DigComp\" srcset=\"https:\/\/sisu.ut.ee\/wp-content\/uploads\/sites\/545\/digcomp.png 837w, https:\/\/sisu.ut.ee\/wp-content\/uploads\/sites\/545\/digcomp-241x300.png 241w, https:\/\/sisu.ut.ee\/wp-content\/uploads\/sites\/545\/digcomp-822x1024.png 822w, https:\/\/sisu.ut.ee\/wp-content\/uploads\/sites\/545\/digcomp-768x957.png 768w\" sizes=\"auto, (max-width: 837px) 100vw, 837px\">\r\n<\/p>\r\n\r\n<p style=\"margin-bottom:.0001pt\">\r\n\t\u00a0\r\n<\/p>\r\n\r\n<ol>\r\n\t<li style=\"margin-top:0cm;margin-right:0cm;margin-bottom:.0001pt\">\r\n\t\t<span style=\"line-height:normal\"><span lang=\"DE-AT\">Im Kompetenzbereich <b>INFORMATIONS- UND DATENKOMPETENZ<\/b> <\/span><span lang=\"DE\">f\u00f6rdern Aktivit\u00e4ten <\/span><span lang=\"DE-AT\">des digitalen studentischen Engagements die Kompetenz <b>RECHERCHE, SUCHE UND FILTERUNG VON DATEN, INFORMATIONEN UND DIGITALEN INHALTEN<\/b>: Aktivit\u00e4ten des digitalen studentischen Engagements erfordern, dass Studierende den Bereich, in dem sie sich engagieren, recherchieren. Studierende entwickeln die F\u00e4higkeit, gezielt nach Daten zu suchen, die Wissen \u00fcber den jeweiligen Engagementbereich bereitstellen und f\u00fcr die Umsetzung ihrer Aktivit\u00e4ten Anregung und Hilfestellung geben.<\/span><\/span>\r\n\t<\/li>\r\n\t<li style=\"margin-top:0cm;margin-right:0cm;margin-bottom:.0001pt\">\r\n\t\t<span style=\"line-height:normal\"><span lang=\"DE-AT\">Im Kompetenzbereich <b>KOMMUNIKATION UND KOOPERATION<\/b> <\/span><span lang=\"DE\">f\u00f6rdern Aktivit\u00e4ten <\/span><span lang=\"DE-AT\">des digitalen studentischen Engagements die Kompetenz <b>B\u00dcRGERSCHAFTLICHES ENGAGEMENT DURCH DIGITALE TECHNOLOGIE<\/b>: Studierende erweitern ihre b\u00fcrgerschaftlichen Kompetenzen, indem sie digitale Technologie f\u00fcr die Teilnahme an demokratischen Prozessen nutzen und ihre Meinung zu gesellschaftlich relevanten Themen \u00f6ffentlich z. B. in Diskussionsforen in angemessener Weise \u00e4u\u00dfern.<\/span><\/span>\r\n\t<\/li>\r\n\t<li style=\"margin-top:0cm;margin-right:0cm;margin-bottom:.0001pt\">\r\n\t\t<span style=\"line-height:normal\"><span lang=\"DE-AT\">Im Kompetenzbereich <b>ERSTELLUNG VON DIGITALEN INHALTEN<\/b> <\/span><span lang=\"DE\">f\u00f6rdern Aktivit\u00e4ten <\/span><span lang=\"DE-AT\">des digitalen studentischen Engagements die Kompetenz <b>ENTWICKLUNG VON INHALTEN<\/b>: Studierende sind in der Lage, geeignete digitale Tools auszuw\u00e4hlen und zu nutzen, die sie darin unterst\u00fctzen, Inhalte zu gesellschaftlich relevanten Themen zu verfassen, ihre Ideen und Meinungen \u00f6ffentlichkeitswirksam zu \u00e4u\u00dfern und die ihnen die Durchf\u00fchrung einer Aktivit\u00e4t zu digitalem studentischem Engagement erleichtern.<\/span><\/span>\r\n\t<\/li>\r\n\t<li style=\"margin-top:0cm;margin-right:0cm;margin-bottom:.0001pt\">\r\n\t\t<span style=\"line-height:normal\"><span lang=\"DE-AT\">Im Kompetenzbereich <b>SICHERHEIT<\/b> <\/span><span lang=\"DE\">f\u00f6rdern Aktivit\u00e4ten <\/span><span lang=\"DE-AT\">des digitalen studentischen Engagements die Kompetenz <b>UMWELTSCHUTZ<\/b>: Studierende k\u00f6nnen die Auswirkungen von digitaler Technologie auf die Umwelt einsch\u00e4tzen. Sie eignen sich Wissen zur nachhaltigen Nutzung von digitaler Technologie an, welche die Auswirkung auf die Umwelt minimieren soll.<\/span><\/span>\r\n\t<\/li>\r\n\t<li style=\"margin-top:0cm;margin-right:0cm;margin-bottom:.0001pt\">\r\n\t\t<span style=\"line-height:normal\"><span lang=\"DE-AT\">Im Kompetenzbereich <b>PROBLEML\u00d6SUNG<\/b> <\/span><span lang=\"DE\">f\u00f6rdern Aktivit\u00e4ten <\/span><span lang=\"DE-AT\">des digitalen studentischen Engagements die Kompetenz <b>BED\u00dcRFNISSE UND PROBLEME ERKENNEN UND TECHNOLOGISCHE L\u00d6SUNGEN ENTWERFEN<\/b>: Studierende sind in der Lage, die Bed\u00fcrfnisse und Probleme von lokalen Gemeinschaften zu erkennen und zu bewerten und digitale Tools einzusetzen, welche den Umgang mit bestimmten Fragen oder Problemen innerhalb der jeweiligen Gemeinschaft erleichtern.<\/span><\/span>\r\n\t<\/li>\r\n<\/ol>\r\n\r\n<p style=\"margin-top:0cm;margin-right:0cm;margin-bottom:.0001pt\">\r\n\t\u00a0\r\n<\/p>\r\n\r\n<h2 style=\"margin-top: 0cm;margin-right: 0cm;margin-bottom: 0.0001pt\">\r\n\t<b>Schnelltest<\/b>\r\n<\/h2>\r\n\r\n<p style=\"margin-top:0cm;margin-right:0cm;margin-bottom:.0001pt\">\r\n\t<\/p><div class=\"h5p-iframe-wrapper\"><div class=\"video-placeholder-wrapper video-placeholder-wrapper--fixed\" style=\"height: 366px;\">\n\t\t\t    <div class=\"video-placeholder d-flex justify-content-center align-items-center\">\n\t\t\t        <div class=\"overlay text-white p-2 w-100 text-center d-block justify-content-center align-items-center\">\n\t\t\t            <div>To view third-party content, please accept cookies.<\/div>\n\t\t\t            <button class=\"btn btn-secondary btn-sm mt-1 consent-change\">Change consent<\/button>\n\t\t\t        <\/div>\n\t\t\t    <\/div>\n\t\t\t<\/div>\n<\/div>\r\n\r\n","protected":false},"excerpt":{"rendered":"<p>Lernziel dieses Themas ist es, digitale und unternehmerische Kompetenzen kennenzulernen, die Studierende im Verlauf einer Aktivit\u00e4t zu digitalem studentischem Engagement entwickeln k\u00f6nnen. \u00a0 Kompetenzen im Rahmen von digitalem studentischem Engagement Es gibt zwei Kompetenzrahmen, welche Kompetenzen bestimmen, die Studierende durch &#8230;<\/p>\n","protected":false},"author":63,"featured_media":0,"parent":0,"menu_order":0,"comment_status":"closed","ping_status":"closed","template":"","meta":{"_acf_changed":false,"inline_featured_image":false,"footnotes":""},"class_list":["post-129","page","type-page","status-publish","hentry"],"acf":[],"_links":{"self":[{"href":"https:\/\/sisu.ut.ee\/sdce\/de\/wp-json\/wp\/v2\/pages\/129","targetHints":{"allow":["GET"]}}],"collection":[{"href":"https:\/\/sisu.ut.ee\/sdce\/de\/wp-json\/wp\/v2\/pages"}],"about":[{"href":"https:\/\/sisu.ut.ee\/sdce\/de\/wp-json\/wp\/v2\/types\/page"}],"author":[{"embeddable":true,"href":"https:\/\/sisu.ut.ee\/sdce\/de\/wp-json\/wp\/v2\/users\/63"}],"replies":[{"embeddable":true,"href":"https:\/\/sisu.ut.ee\/sdce\/de\/wp-json\/wp\/v2\/comments?post=129"}],"version-history":[{"count":3,"href":"https:\/\/sisu.ut.ee\/sdce\/de\/wp-json\/wp\/v2\/pages\/129\/revisions"}],"predecessor-version":[{"id":796,"href":"https:\/\/sisu.ut.ee\/sdce\/de\/wp-json\/wp\/v2\/pages\/129\/revisions\/796"}],"wp:attachment":[{"href":"https:\/\/sisu.ut.ee\/sdce\/de\/wp-json\/wp\/v2\/media?parent=129"}],"curies":[{"name":"wp","href":"https:\/\/api.w.org\/{rel}","templated":true}]}}