{"id":128,"date":"2024-04-04T07:48:34","date_gmt":"2024-04-04T04:48:34","guid":{"rendered":"https:\/\/sisu.ut.ee\/sdce\/module-1-2-en-3\/"},"modified":"2024-04-05T12:37:09","modified_gmt":"2024-04-05T09:37:09","slug":"module-1-2-en-3","status":"publish","type":"page","link":"https:\/\/sisu.ut.ee\/sdce\/de\/module-1-2-en-3\/","title":{"rendered":"Thema 2: Wie wirkt digitales studentisches Engagement in Universit\u00e4ten (und dar\u00fcber hinaus)?"},"content":{"rendered":"<blockquote>\r\n\t<h4 style=\"margin-bottom: 0.0001pt\">\r\n\t\t<img loading=\"lazy\" decoding=\"async\" width=\"531\" height=\"399\" class=\"alignnone wp-image-179\" style=\"width: 150px;height: 113px;float: right\" src=\"https:\/\/sisu.ut.ee\/wp-content\/uploads\/sites\/545\/sdce_clowd.png\" title=\"sdce_clowd.png\" alt=\"SDCE_clowd\" srcset=\"https:\/\/sisu.ut.ee\/wp-content\/uploads\/sites\/545\/sdce_clowd.png 531w, https:\/\/sisu.ut.ee\/wp-content\/uploads\/sites\/545\/sdce_clowd-300x225.png 300w\" sizes=\"auto, (max-width: 531px) 100vw, 531px\">Lernziel dieses Themas ist es, die Verbindung zwischen b\u00fcrgerschaftlichem Engagement und digitaler Technologie zu verstehen und M\u00f6glichkeiten zu erkennen, wie digitale Technologie f\u00fcr Aktivit\u00e4ten des b\u00fcrgerschaftlichen Engagements eingesetzt werden kann.\r\n\t<\/h4>\r\n<\/blockquote>\r\n\r\n<p style=\"margin-bottom:.0001pt\">\r\n\t\u00a0\r\n<\/p>\r\n\r\n<h3>\r\n\t<img loading=\"lazy\" decoding=\"async\" width=\"536\" height=\"668\" class=\"alignnone wp-image-185\" style=\"width: 200px;height: 249px;float: right\" src=\"https:\/\/sisu.ut.ee\/wp-content\/uploads\/sites\/545\/picture_1_2.jpg\" title=\"picture_1_2.jpg\" alt=\"SDCE1-1\" srcset=\"https:\/\/sisu.ut.ee\/wp-content\/uploads\/sites\/545\/picture_1_2.jpg 536w, https:\/\/sisu.ut.ee\/wp-content\/uploads\/sites\/545\/picture_1_2-241x300.jpg 241w\" sizes=\"auto, (max-width: 536px) 100vw, 536px\">\r\n<\/h3>\r\n\r\n<h3 style=\"margin-bottom: 0.0001pt\">\r\n\t<span style=\"line-height:normal\"><b><span lang=\"DE\">Studentisches Engagement und Digitalisierung<\/span><\/b><\/span>\r\n<\/h3>\r\n\r\n<p style=\"margin-bottom:.0001pt\">\r\n\t<span style=\"line-height:normal\"><span lang=\"DE\">Es gibt zwei M\u00f6glichkeiten, wie digitale Technologie f\u00fcr Aktivit\u00e4ten des b\u00fcrgerschaftlichen Engagements eingesetzt werden kann:<\/span><\/span>\r\n<\/p>\r\n\r\n<p style=\"margin-bottom:.0001pt\">\r\n\t<span style=\"line-height:normal\"><b><span lang=\"DE\">1. Geplante Digitalisierung:<\/span><\/b><span lang=\"DE\"> Diese Form der Digitalisierung findet dann statt, wenn von Beginn an digitale Tools genutzt werden, um die entsprechenden Aktivit\u00e4ten durchzuf\u00fchren. <\/span><\/span>\r\n<\/p>\r\n\r\n<p style=\"margin-bottom:.0001pt\">\r\n\t<span style=\"line-height:normal\"><span lang=\"EN-US\"><b><span lang=\"DE\"><span style=\"line-height:107%\"><span>2. Notwendige Digitalisierung:<\/span><\/span><\/span><\/b><span lang=\"DE\"><span style=\"line-height:107%\"><span> Diese Form der Digitalisierung findet als Reaktion auf \u00e4u\u00dferliche Ver\u00e4nderungen statt, wie sie z. B. durch die COVID-19 Pandemie entstanden sind.<\/span><\/span><\/span><\/span><\/span>\r\n<\/p>\r\n\r\n<p style=\"margin-bottom:.0001pt\">\r\n\t\u00a0\r\n<\/p>\r\n\r\n<h3 style=\"margin-bottom: 0.0001pt\">\r\n\t<span style=\"line-height:normal\"><b><span lang=\"DE-AT\">Beispiel f\u00fcr geplante Digitalisierung:<\/span><\/b><\/span>\r\n<\/h3>\r\n\r\n<p style=\"margin-bottom:.0001pt\">\r\n\t<span style=\"line-height:normal\"><span lang=\"DE\">Das <b>E-Service-Learning Programm der Universidad Nacional de Educaci\u00f3n a Distancia <\/b>wurde als E-Service-Learning-Projekt auf Basis eines virtuellen Studierendenaustauschs konzipiert. Daran beteiligt waren Studierende aus Spanien der UNED (Universidad Nacional de Educaci\u00f3n a Distancia) und Studierende aus Afrika der ENS (Ecole Normale Sup\u00e9rieure) in Benin. Letztere absolvierten die Ausbildung zur Spanischlehrer*in. Die Studierenden trafen sich ausschlie\u00dflich online. Ziel war es, dass die Studierenden aus Benin ihre m\u00fcndlichen Spanischkenntnisse verbessern konnten, da sie nicht \u00fcber die finanziellen Mittel verf\u00fcgten, um in spanischsprachige L\u00e4nder zu reisen.<\/span><\/span>\r\n<\/p>\r\n\r\n<p style=\"margin-bottom:.0001pt\">\r\n\t\u00a0\r\n<\/p>\r\n\r\n<h3 style=\"margin-bottom: 0.0001pt\">\r\n\t<span style=\"line-height:normal\"><b><span lang=\"DE\">Beispiel f\u00fcr notwendige Digitalisierung:<\/span><\/b><\/span>\r\n<\/h3>\r\n\r\n<p style=\"margin-bottom:.0001pt\">\r\n\t<span style=\"line-height:normal\"><span lang=\"EN-US\"><span lang=\"DE\"><span style=\"line-height:107%\"><span>Im<b> Freiwilligenprojekt der Universit\u00e4t Klagenfurt f\u00fcr die Caritas <\/b><\/span><\/span><\/span><span lang=\"DE\"><span style=\"line-height:107%\"><span>geht es darum, dass die Studierenden lernen, wie Projektmanagement in der Praxis funktioniert. Die Studierenden beteiligten sich an verschiedenen Projekten; zum Beispiel sammelte eine Projektgruppe Hygieneartikel f\u00fcr die lokale Tagesst\u00e4tte f\u00fcr obdachlose Personen, eine weitere Projektgruppe beteiligte sich am Recycling von ausrangierten B\u00fcchern. Aufgrund der COVID-19 Pandemie mussten die Projekte in eine digitale Umgebung verlagert werden. Eine Projektgruppe plante urspr\u00fcnglich eine Unterrichtsstunde f\u00fcr Schulkinder \u00fcber das Bienensterben in der Region zu halten. Anstatt in die Schule zu gehen, erstellten sie f\u00fcr die Kinder einen Film \u00fcber das Thema.<\/span><\/span><\/span><\/span><\/span>\r\n<\/p>\r\n\r\n<p style=\"margin-bottom:.0001pt\">\r\n\t\u00a0\r\n<\/p>\r\n\r\n<h2 style=\"margin-bottom: 0.0001pt\">\r\n\t<span style=\"line-height:normal\"><b><span lang=\"DE-AT\">Schnelltest<\/span><\/b><\/span>\r\n<\/h2>\r\n\r\n<p style=\"margin-bottom:.0001pt\">\r\n\t<\/p><div class=\"h5p-iframe-wrapper\"><div class=\"video-placeholder-wrapper video-placeholder-wrapper--fixed\" style=\"height: 366px;\">\n\t\t\t    <div class=\"video-placeholder d-flex justify-content-center align-items-center\">\n\t\t\t        <div class=\"overlay text-white p-2 w-100 text-center d-block justify-content-center align-items-center\">\n\t\t\t            <div>To view third-party content, please accept cookies.<\/div>\n\t\t\t            <button class=\"btn btn-secondary btn-sm mt-1 consent-change\">Change consent<\/button>\n\t\t\t        <\/div>\n\t\t\t    <\/div>\n\t\t\t<\/div>\n<\/div>\r\n\r\n","protected":false},"excerpt":{"rendered":"<p>Lernziel dieses Themas ist es, die Verbindung zwischen b\u00fcrgerschaftlichem Engagement und digitaler Technologie zu verstehen und M\u00f6glichkeiten zu erkennen, wie digitale Technologie f\u00fcr Aktivit\u00e4ten des b\u00fcrgerschaftlichen Engagements eingesetzt werden kann. \u00a0 Studentisches Engagement und Digitalisierung Es gibt zwei M\u00f6glichkeiten, wie &#8230;<\/p>\n","protected":false},"author":63,"featured_media":0,"parent":0,"menu_order":0,"comment_status":"closed","ping_status":"closed","template":"","meta":{"_acf_changed":false,"inline_featured_image":false,"footnotes":""},"class_list":["post-128","page","type-page","status-publish","hentry"],"acf":[],"_links":{"self":[{"href":"https:\/\/sisu.ut.ee\/sdce\/de\/wp-json\/wp\/v2\/pages\/128","targetHints":{"allow":["GET"]}}],"collection":[{"href":"https:\/\/sisu.ut.ee\/sdce\/de\/wp-json\/wp\/v2\/pages"}],"about":[{"href":"https:\/\/sisu.ut.ee\/sdce\/de\/wp-json\/wp\/v2\/types\/page"}],"author":[{"embeddable":true,"href":"https:\/\/sisu.ut.ee\/sdce\/de\/wp-json\/wp\/v2\/users\/63"}],"replies":[{"embeddable":true,"href":"https:\/\/sisu.ut.ee\/sdce\/de\/wp-json\/wp\/v2\/comments?post=128"}],"version-history":[{"count":3,"href":"https:\/\/sisu.ut.ee\/sdce\/de\/wp-json\/wp\/v2\/pages\/128\/revisions"}],"predecessor-version":[{"id":797,"href":"https:\/\/sisu.ut.ee\/sdce\/de\/wp-json\/wp\/v2\/pages\/128\/revisions\/797"}],"wp:attachment":[{"href":"https:\/\/sisu.ut.ee\/sdce\/de\/wp-json\/wp\/v2\/media?parent=128"}],"curies":[{"name":"wp","href":"https:\/\/api.w.org\/{rel}","templated":true}]}}