{"id":127,"date":"2024-04-04T07:48:34","date_gmt":"2024-04-04T04:48:34","guid":{"rendered":"https:\/\/sisu.ut.ee\/sdce\/module-1-1-en-3\/"},"modified":"2024-04-05T12:37:09","modified_gmt":"2024-04-05T09:37:09","slug":"module-1-1-en-3","status":"publish","type":"page","link":"https:\/\/sisu.ut.ee\/sdce\/de\/module-1-1-en-3\/","title":{"rendered":"Thema 1: Was ist digitales studentisches Engagement?"},"content":{"rendered":"<blockquote>\r\n\t<h4>\r\n\t\t<img loading=\"lazy\" decoding=\"async\" width=\"531\" height=\"399\" class=\"alignnone wp-image-179\" style=\"width: 150px;height: 113px;float: right\" src=\"https:\/\/sisu.ut.ee\/wp-content\/uploads\/sites\/545\/sdce_clowd.png\" title=\"sdce_clowd.png\" alt=\"SDCE_clowd\" srcset=\"https:\/\/sisu.ut.ee\/wp-content\/uploads\/sites\/545\/sdce_clowd.png 531w, https:\/\/sisu.ut.ee\/wp-content\/uploads\/sites\/545\/sdce_clowd-300x225.png 300w\" sizes=\"auto, (max-width: 531px) 100vw, 531px\">In Thema 1 werden die Studierenden mit dem Konzept des digitalen studentischen Engagements vertraut gemacht. Sie werden in die Unterschiede der Konzepte des b\u00fcrgerschaftlichen Engagements, des digitalen b\u00fcrgerschaftlichen Engagements und des digitalen studentischen Engagements eingef\u00fchrt. Das Thema zielt darauf, eine Wissensbasis zu digitalem studentischem Engagement zu schaffen.\u00a0\r\n\t<\/h4>\r\n<\/blockquote>\r\n\r\n<p>\r\n\t\u00a0\r\n<\/p>\r\n\r\n<h3>\r\n\t<img loading=\"lazy\" decoding=\"async\" width=\"536\" height=\"668\" class=\"alignnone wp-image-183\" style=\"width: 200px;height: 249px;float: right\" src=\"https:\/\/sisu.ut.ee\/wp-content\/uploads\/sites\/545\/picture_1_1.jpg\" title=\"picture_1_1.jpg\" alt=\"SDCE1-1\" srcset=\"https:\/\/sisu.ut.ee\/wp-content\/uploads\/sites\/545\/picture_1_1.jpg 536w, https:\/\/sisu.ut.ee\/wp-content\/uploads\/sites\/545\/picture_1_1-241x300.jpg 241w\" sizes=\"auto, (max-width: 536px) 100vw, 536px\">\r\n<\/h3>\r\n\r\n<h3>\r\n\t<b><span lang=\"DE-AT\"><span style=\"line-height:107%\">Digitales studentisches Engagement<\/span><\/span><\/b><span lang=\"DE-AT\"><span style=\"line-height:107%\"> umfasst ein breites Feld von verschiedenen Begriffen:<\/span><\/span>\r\n<\/h3>\r\n\r\n<p style=\"margin-bottom: 0.0001pt\">\r\n\t<b><span lang=\"DE-AT\"><span style=\"line-height:107%\">B\u00fcrgerschaftliches Engagement <\/span><\/span><\/b><span lang=\"DE-AT\"><span style=\"line-height:107%\">stellt eine Form der aktiven Beteiligung dar, bei der B\u00fcrger*innen an politischen oder gesellschaftlich relevanten Aktivit\u00e4ten teilnehmen und sich aktiv einbringen, z. B. durch das Abgeben der Stimme bei Wahlen, der Teilnahme an regionalen Treffen von Gemeindemitglieder*innen, der Kontaktaufnahme mit politischen Entscheidungstr\u00e4ger*innen, der Teilnahme an Protesten, der Unterzeichnung von Petitionen oder dem Verfassen von Beitr\u00e4gen oder Blogs, die \u00fcber soziale oder \u00f6kologische Problemlagen berichten. B\u00fcrgerschaftliches Engagement bedeutet also, sich f\u00fcr das Wohl der Gemeinschaft einzusetzen. Es ist auf die Verbesserung der Lebensumst\u00e4nde einer Gemeinschaft ausgerichtet und versucht diese auf \u201agerechtem\u2018 und demokratischen Weg zu erreichen.<\/span><\/span>\r\n<\/p>\r\n\r\n<p style=\"margin-bottom: 0.0001pt\">\r\n\t<b><span lang=\"DE-AT\"><span style=\"line-height:107%\">Digitales b\u00fcrgerschaftliches Engagement <\/span><\/span><\/b><span lang=\"DE-AT\"><span style=\"line-height:107%\">bezieht sich auf b\u00fcrgerschaftliche Aktivit\u00e4ten unter der Anwendung von digitalen Tools. Es umfasst konventionelle Formen (wie das Lesen und Teilen von Nachrichten, das Schreiben von E-Mails an gew\u00e4hlte politische Vertreter*innen oder von gemeinn\u00fctzigen Vereinen) und innovative Formen (wie die Beteiligung an gemeinn\u00fctzigen sozialen Aktionen im Internet, das Verfassen von Blogs, die Erstellung von Crowdfunding Websites).<\/span><\/span>\r\n<\/p>\r\n\r\n<p style=\"margin-bottom: 0.0001pt\">\r\n\t<span style=\"line-height:115%\"><b><span lang=\"DE-AT\"><span style=\"line-height:115%\">B\u00fcrgerschaftliches Engagement von Studierenden<\/span><\/span><\/b><span lang=\"DE-AT\"><span style=\"line-height:115%\"> findet dann statt, wenn sich Studierende an b\u00fcrgerschaftlichen Aktivit\u00e4ten und Initiativen beteiligen, die an den Hochschulen verortet sind. Diese Aktivit\u00e4ten k\u00f6nnen freiwillig sein, z. B. in Form einer ehrenamtlichen <\/span><\/span><\/span>Arbeit in der Hochsch\u00fcler*innenschaft oder als Mentor*in i<span style=\"line-height:115%\"><span lang=\"DE-AT\"><span style=\"line-height:115%\">n einem Projekt der Hochschule, oder sie sind Teil des Studienplans, z. B. in Form der Teilnahme an einer Service-Learning-Lehrveranstaltung.<\/span><\/span><\/span>\r\n<\/p>\r\n\r\n<p style=\"margin-bottom: 0.0001pt\">\r\n\t<span style=\"line-height:115%\"><b><span lang=\"DE-AT\"><span style=\"line-height:115%\">Digitales studentisches Engagement<\/span><\/span><\/b><span lang=\"DE-AT\"><span style=\"line-height:115%\"> umfasst beides, die b\u00fcrgerschaftliche als auch die digitale Komponente: Es bezieht sich auf b\u00fcrgerschaftliche Aktivit\u00e4ten von Studierenden, die auf digitale Tools im Rahmen ihres freiwilligen Engagements an der Hochschule zur\u00fcckgreifen.<\/span><\/span><\/span>\r\n<\/p>\r\n\r\n<p style=\"margin-bottom:.0001pt;text-align:justify\">\r\n\t\u00a0\r\n<\/p>\r\n\r\n<h2 style=\"margin-bottom: 0.0001pt;text-align: justify\">\r\n\t<b><span lang=\"DE-AT\"><span style=\"line-height:107%\">Schnelltest<\/span><\/span><\/b>\r\n<\/h2>\r\n\r\n<p style=\"margin-bottom:.0001pt;text-align:justify\">\r\n\t<\/p><div class=\"h5p-iframe-wrapper\"><div class=\"video-placeholder-wrapper video-placeholder-wrapper--fixed\" style=\"height: 366px;\">\n\t\t\t    <div class=\"video-placeholder d-flex justify-content-center align-items-center\">\n\t\t\t        <div class=\"overlay text-white p-2 w-100 text-center d-block justify-content-center align-items-center\">\n\t\t\t            <div>To view third-party content, please accept cookies.<\/div>\n\t\t\t            <button class=\"btn btn-secondary btn-sm mt-1 consent-change\">Change consent<\/button>\n\t\t\t        <\/div>\n\t\t\t    <\/div>\n\t\t\t<\/div>\n<\/div>\r\n\r\n","protected":false},"excerpt":{"rendered":"<p>In Thema 1 werden die Studierenden mit dem Konzept des digitalen studentischen Engagements vertraut gemacht. Sie werden in die Unterschiede der Konzepte des b\u00fcrgerschaftlichen Engagements, des digitalen b\u00fcrgerschaftlichen Engagements und des digitalen studentischen Engagements eingef\u00fchrt. Das Thema zielt darauf, eine &#8230;<\/p>\n","protected":false},"author":63,"featured_media":0,"parent":0,"menu_order":0,"comment_status":"closed","ping_status":"closed","template":"","meta":{"_acf_changed":false,"inline_featured_image":false,"footnotes":""},"class_list":["post-127","page","type-page","status-publish","hentry"],"acf":[],"_links":{"self":[{"href":"https:\/\/sisu.ut.ee\/sdce\/de\/wp-json\/wp\/v2\/pages\/127","targetHints":{"allow":["GET"]}}],"collection":[{"href":"https:\/\/sisu.ut.ee\/sdce\/de\/wp-json\/wp\/v2\/pages"}],"about":[{"href":"https:\/\/sisu.ut.ee\/sdce\/de\/wp-json\/wp\/v2\/types\/page"}],"author":[{"embeddable":true,"href":"https:\/\/sisu.ut.ee\/sdce\/de\/wp-json\/wp\/v2\/users\/63"}],"replies":[{"embeddable":true,"href":"https:\/\/sisu.ut.ee\/sdce\/de\/wp-json\/wp\/v2\/comments?post=127"}],"version-history":[{"count":3,"href":"https:\/\/sisu.ut.ee\/sdce\/de\/wp-json\/wp\/v2\/pages\/127\/revisions"}],"predecessor-version":[{"id":798,"href":"https:\/\/sisu.ut.ee\/sdce\/de\/wp-json\/wp\/v2\/pages\/127\/revisions\/798"}],"wp:attachment":[{"href":"https:\/\/sisu.ut.ee\/sdce\/de\/wp-json\/wp\/v2\/media?parent=127"}],"curies":[{"name":"wp","href":"https:\/\/api.w.org\/{rel}","templated":true}]}}