{"id":126,"date":"2024-04-04T07:48:34","date_gmt":"2024-04-04T04:48:34","guid":{"rendered":"https:\/\/sisu.ut.ee\/sdce\/module-6-en-3\/"},"modified":"2024-04-04T07:50:32","modified_gmt":"2024-04-04T04:50:32","slug":"module-6-en-3","status":"publish","type":"page","link":"https:\/\/sisu.ut.ee\/sdce\/de\/module-6-en-3\/","title":{"rendered":"MODUL 6: Marketing und Kooperation mit Praxispartner*innen"},"content":{"rendered":"<blockquote>\n<h4>\n\t\t<img loading=\"lazy\" decoding=\"async\" width=\"536\" height=\"668\" class=\"alignnone wp-image-193\" style=\"width: 140px;height: 180px;float: right\" src=\"https:\/\/sisu.ut.ee\/wp-content\/uploads\/sites\/545\/picture6.jpg\" title=\"picture6.jpg\" alt=\"SDCE6\" srcset=\"https:\/\/sisu.ut.ee\/wp-content\/uploads\/sites\/545\/picture6.jpg 536w, https:\/\/sisu.ut.ee\/wp-content\/uploads\/sites\/545\/picture6-241x300.jpg 241w\" sizes=\"auto, (max-width: 536px) 100vw, 536px\">Modul 6 umfasst Konzepte zum Marketing eines Projekts zu digitalem studentischem Engagement. Diese helfen den Studierenden zu verstehen, wie wichtig der Aufbau von Vertrauen sowohl innerhalb des Projektteams als auch f\u00fcr die Unterst\u00fctzer*innen eines Projekts ist. Die Studierenden lernen, welche Funktion das S<i>torytelling<\/i> in Unternehmen einnimmt und wie ein <i>Mission-Statement<\/i> f\u00fcr ihr Projekt entwickelt wird. Das Modul stellt au\u00dferdem verschiedene Apps und Tools vor, mit denen Studierende das Anliegen ihres Projekts verbreiten k\u00f6nnen.<br>\n\t<\/h4>\n<\/blockquote>\n<p>\n\t\u00a0\n<\/p>\n<p>\n\t<b><span lang=\"EN-GB\"><span style=\"line-height:107%\">Themen von Modul 6:<\/span><\/span><\/b>\n<\/p>\n<ol>\n<li class=\"SDCE-BodyText\" style=\"margin-top:0cm;margin-right:0cm;margin-bottom:.0001pt\">\n\t\t<span lang=\"DE-AT\"><span style=\"line-height:115%\"><span style=\"color:black\">Glaubw\u00fcrdigkeit und Vertrauen im Projektteam aufbauen <\/span><\/span><\/span>\n\t<\/li>\n<li class=\"SDCE-BodyText\" style=\"margin-top:0cm;margin-right:0cm;margin-bottom:.0001pt\">\n\t\t<span lang=\"DE-AT\"><span style=\"line-height:115%\"><span style=\"color:black\">Aufbau eines Netzwerks zu digitalem studentischem Engagement <\/span><\/span><\/span>\n\t<\/li>\n<li class=\"SDCE-BodyText\" style=\"margin-top:0cm;margin-right:0cm;margin-bottom:.0001pt\">\n\t\t<span lang=\"DE-AT\"><span style=\"line-height:115%\"><span style=\"color:black\">Mission-Driven Marketing <\/span><\/span><\/span>\n\t<\/li>\n<li class=\"SDCE-BodyText\" style=\"margin-top:0cm;margin-right:0cm;margin-bottom:.0001pt\">\n\t\t<span lang=\"DE-AT\"><span style=\"line-height:115%\"><span style=\"color:black\">Digitale Tools zur Verbreitung von b\u00fcrgerschaftlichem Engagement <\/span><\/span><\/span>\n\t<\/li>\n<\/ol>\n<p>\n\t\u00a0\n<\/p>\n<p>\n\t<b><span lang=\"EN-GB\"><span style=\"line-height:107%\">Studierende lernen, \u2026<\/span><\/span><\/b>\n<\/p>\n<ul>\n<li>\n\t\t<span lang=\"DE-AT\"><span style=\"line-height:107%\">welche Bedeutung Vertrauen sowohl f\u00fcr die Teammitglieder*innen untereinander als auch zu den Unterst\u00fctzer*innen eines Projekts zu digitalem studentischem Engagement hat.<\/span><\/span>\n\t<\/li>\n<li>\n\t\t<span lang=\"DE-AT\"><span style=\"line-height:107%\">etwas \u00fcber die Bedeutung des Geschichtenerz\u00e4hlens zur Verbreitung einer Idee.<\/span><\/span>\n\t<\/li>\n<li>\n\t\t<span lang=\"DE-AT\"><span style=\"line-height:107%\">wie sie ein Mission-Statement f\u00fcr ihr Projekt zu digitalem studentischem Engagement entwickeln k\u00f6nnen.<\/span><\/span>\n\t<\/li>\n<li>\n\t\t<span lang=\"DE-AT\"><span style=\"line-height:107%\">wie verschiedene Apps und Tools f\u00fcr das Marketing eines Projekts hilfreich sein k\u00f6nnen.<\/span><\/span>\n\t<\/li>\n<li>\n\t\t<span lang=\"EN-GB\"><span style=\"line-height:107%\"><span><span lang=\"DE-AT\"><span style=\"line-height:107%\"><span>wie sie ihr Projekt zu digitalem studentischem Engagement verbreiten k\u00f6nnen. <\/span><\/span><\/span><\/span><\/span><\/span>\n\t<\/li>\n<\/ul>\n<p>\n\t\u00a0<\/p>\n","protected":false},"excerpt":{"rendered":"<p>Modul 6 umfasst Konzepte zum Marketing eines Projekts zu digitalem studentischem Engagement. Diese helfen den Studierenden zu verstehen, wie wichtig der Aufbau von Vertrauen sowohl innerhalb des Projektteams als auch f\u00fcr die Unterst\u00fctzer*innen eines Projekts ist. Die Studierenden lernen, welche &#8230;<\/p>\n","protected":false},"author":63,"featured_media":0,"parent":0,"menu_order":0,"comment_status":"closed","ping_status":"closed","template":"","meta":{"_acf_changed":false,"inline_featured_image":false,"footnotes":""},"class_list":["post-126","page","type-page","status-publish","hentry"],"acf":[],"_links":{"self":[{"href":"https:\/\/sisu.ut.ee\/sdce\/de\/wp-json\/wp\/v2\/pages\/126","targetHints":{"allow":["GET"]}}],"collection":[{"href":"https:\/\/sisu.ut.ee\/sdce\/de\/wp-json\/wp\/v2\/pages"}],"about":[{"href":"https:\/\/sisu.ut.ee\/sdce\/de\/wp-json\/wp\/v2\/types\/page"}],"author":[{"embeddable":true,"href":"https:\/\/sisu.ut.ee\/sdce\/de\/wp-json\/wp\/v2\/users\/63"}],"replies":[{"embeddable":true,"href":"https:\/\/sisu.ut.ee\/sdce\/de\/wp-json\/wp\/v2\/comments?post=126"}],"version-history":[{"count":1,"href":"https:\/\/sisu.ut.ee\/sdce\/de\/wp-json\/wp\/v2\/pages\/126\/revisions"}],"predecessor-version":[{"id":515,"href":"https:\/\/sisu.ut.ee\/sdce\/de\/wp-json\/wp\/v2\/pages\/126\/revisions\/515"}],"wp:attachment":[{"href":"https:\/\/sisu.ut.ee\/sdce\/de\/wp-json\/wp\/v2\/media?parent=126"}],"curies":[{"name":"wp","href":"https:\/\/api.w.org\/{rel}","templated":true}]}}