{"id":123,"date":"2024-04-04T07:48:34","date_gmt":"2024-04-04T04:48:34","guid":{"rendered":"https:\/\/sisu.ut.ee\/sdce\/module-4-en-3\/"},"modified":"2024-04-04T07:50:32","modified_gmt":"2024-04-04T04:50:32","slug":"module-4-en-3","status":"publish","type":"page","link":"https:\/\/sisu.ut.ee\/sdce\/de\/module-4-en-3\/","title":{"rendered":"Modul 4: Organisation eines Projekts f\u00fcr digitales studentisches Engagement"},"content":{"rendered":"<div style=\"border-left:solid#4472c41.5pt;padding:0cm0cm0cm9.0pt\">\n<blockquote>\n<h4 style=\"border: none;padding: 0cm\">\n\t\t\t<img loading=\"lazy\" decoding=\"async\" width=\"536\" height=\"668\" class=\"alignnone wp-image-190\" style=\"width:140px;height:174px;float:right\" src=\"https:\/\/sisu.ut.ee\/wp-content\/uploads\/sites\/545\/picture4-2.jpg\" title=\"picture4-2.jpg\" alt=\"SDCE_4\" srcset=\"https:\/\/sisu.ut.ee\/wp-content\/uploads\/sites\/545\/picture4-2.jpg 536w, https:\/\/sisu.ut.ee\/wp-content\/uploads\/sites\/545\/picture4-2-241x300.jpg 241w\" sizes=\"auto, (max-width: 536px) 100vw, 536px\">Modul 4 f\u00fchrt in die Schritte des Projektmanagements ein. Studierende, die dieses Modul absolviert haben, sind in der Lage, ein Team zusammenzustellen, deren Mitglieder*innen die erforderlichen F\u00e4higkeiten aufbringen, um das Projekt erfolgreich durchzuf\u00fchren. Studierende werden mit Problemen und Herausforderungen konfrontiert, die sich auf die Umsetzung eines Projektes zu digitalem studentischem Engagement auswirken k\u00f6nnen, und sie lernen Methoden kennen, um die Qualit\u00e4t der Durchf\u00fchrung eines Projekts zu bewerten.<br>\n\t\t<\/h4>\n<\/blockquote>\n<p style=\"border:none;padding:0cm\">\n\t\t\u00a0\n\t<\/p>\n<p>\n\t\t<b><span lang=\"DE\"><span style=\"line-height:107%\">Themen von Modul 4<\/span><\/span><\/b>\n\t<\/p>\n<ol>\n<li>\n\t\t\t<span lang=\"DE-AT\"><span style=\"line-height:107%\">Arbeit in einem Team zu digitalem studentischem Engagement<\/span><\/span>\n\t\t<\/li>\n<li>\n\t\t\t<span lang=\"DE-AT\"><span style=\"line-height:107%\">Wie Schwierigkeiten in St\u00e4rken umgewandelt werden k\u00f6nnen<\/span><\/span>\n\t\t<\/li>\n<li>\n\t\t\t<span lang=\"DE-AT\"><span style=\"line-height:107%\">Projekte neu beleben<\/span><\/span>\n\t\t<\/li>\n<li>\n\t\t\t<span lang=\"DE\"><span style=\"line-height:107%\">Evaluierung des Projekts <\/span><\/span>\n\t\t<\/li>\n<\/ol>\n<p>\n\t\t<b><span lang=\"EN-US\"><span style=\"line-height:107%\">Studierende lernen, \u2026<\/span><\/span><\/b>\n\t<\/p>\n<ul>\n<li>\n\t\t\t<span lang=\"DE\"><span style=\"line-height:107%\">wie man ein Projektteam zu digitalem studentischem Engagement zusammenstellt, indem die einzelnen Teammitglieder*innen ihre St\u00e4rken und F\u00e4higkeiten so einsetzen k\u00f6nnen, dass das Projekt ein Erfolg wird.<\/span><\/span>\n\t\t<\/li>\n<li>\n\t\t\t<span lang=\"DE\"><span style=\"line-height:107%\">wie Schwierigkeiten im Verlauf des Projekts in St\u00e4rken umwandelt werden k\u00f6nnen.<\/span><\/span>\n\t\t<\/li>\n<li>\n\t\t\t<span lang=\"DE\"><span style=\"line-height:107%\">wie Projekte mit bestimmten Methoden neu belebt werden k\u00f6nnen.<\/span><\/span>\n\t\t<\/li>\n<li>\n\t\t\t<span lang=\"DE\"><span style=\"line-height:107%\">wie sie ein Projekt zu digitalem studentischem Engagement professionell evaluieren k\u00f6nnen.<\/span><\/span>\n\t\t<\/li>\n<\/ul>\n<p style=\"border:none;padding:0cm\">\n\t\t\u00a0\n\t<\/p>\n<div>\n<div>\n<div class=\"msocomtxt\" id=\"_com_1\">\n\t\t\t\t\u00a0\n<p class=\"MsoCommentText\">\n\t\t\t\t\t\u00a0\n\t\t\t\t<\/p>\n<\/div>\n<\/div>\n<\/div>\n<p style=\"border:none;padding:0cm\">\n\t\t\u00a0\n\t<\/p>\n<\/div>\n","protected":false},"excerpt":{"rendered":"<p>Modul 4 f\u00fchrt in die Schritte des Projektmanagements ein. Studierende, die dieses Modul absolviert haben, sind in der Lage, ein Team zusammenzustellen, deren Mitglieder*innen die erforderlichen F\u00e4higkeiten aufbringen, um das Projekt erfolgreich durchzuf\u00fchren. Studierende werden mit Problemen und Herausforderungen konfrontiert, &#8230;<\/p>\n","protected":false},"author":63,"featured_media":0,"parent":0,"menu_order":0,"comment_status":"closed","ping_status":"closed","template":"","meta":{"_acf_changed":false,"inline_featured_image":false,"footnotes":""},"class_list":["post-123","page","type-page","status-publish","hentry"],"acf":[],"_links":{"self":[{"href":"https:\/\/sisu.ut.ee\/sdce\/de\/wp-json\/wp\/v2\/pages\/123","targetHints":{"allow":["GET"]}}],"collection":[{"href":"https:\/\/sisu.ut.ee\/sdce\/de\/wp-json\/wp\/v2\/pages"}],"about":[{"href":"https:\/\/sisu.ut.ee\/sdce\/de\/wp-json\/wp\/v2\/types\/page"}],"author":[{"embeddable":true,"href":"https:\/\/sisu.ut.ee\/sdce\/de\/wp-json\/wp\/v2\/users\/63"}],"replies":[{"embeddable":true,"href":"https:\/\/sisu.ut.ee\/sdce\/de\/wp-json\/wp\/v2\/comments?post=123"}],"version-history":[{"count":1,"href":"https:\/\/sisu.ut.ee\/sdce\/de\/wp-json\/wp\/v2\/pages\/123\/revisions"}],"predecessor-version":[{"id":512,"href":"https:\/\/sisu.ut.ee\/sdce\/de\/wp-json\/wp\/v2\/pages\/123\/revisions\/512"}],"wp:attachment":[{"href":"https:\/\/sisu.ut.ee\/sdce\/de\/wp-json\/wp\/v2\/media?parent=123"}],"curies":[{"name":"wp","href":"https:\/\/api.w.org\/{rel}","templated":true}]}}