{"id":121,"date":"2024-04-04T07:48:34","date_gmt":"2024-04-04T04:48:34","guid":{"rendered":"https:\/\/sisu.ut.ee\/sdce\/module-3-en-3\/"},"modified":"2024-04-04T07:50:33","modified_gmt":"2024-04-04T04:50:33","slug":"module-3-en-3","status":"publish","type":"page","link":"https:\/\/sisu.ut.ee\/sdce\/de\/module-3-en-3\/","title":{"rendered":"Modul 3: Initiierung eines Projekts f\u00fcr digitales studentisches Engagement"},"content":{"rendered":"<blockquote>\n<p>\n\t\t<img loading=\"lazy\" decoding=\"async\" width=\"536\" height=\"416\" class=\"alignnone wp-image-186\" style=\"float: right;width: 180px;height: 150px\" src=\"https:\/\/sisu.ut.ee\/wp-content\/uploads\/sites\/545\/picture_3.jpg\" title=\"picture_3.jpg\" alt=\"SDCE_3\" srcset=\"https:\/\/sisu.ut.ee\/wp-content\/uploads\/sites\/545\/picture_3.jpg 536w, https:\/\/sisu.ut.ee\/wp-content\/uploads\/sites\/545\/picture_3-300x233.jpg 300w\" sizes=\"auto, (max-width: 536px) 100vw, 536px\"><strong>Modul 3 untersucht, wie Studierende eigene Aktivit\u00e4ten des digitalen studentischen Engagements in Gang bringen k\u00f6nnen. Die Studierenden setzen sich mit verschiedenen Beispielen f\u00fcr digitales studentisches Engagement auseinander und lernen Methoden kennen, wie sie Aktivit\u00e4ten und Projekte zu digitalem studentischem Engagement erfolgreich ausf\u00fchren k\u00f6nnen. In diesem Modul wird erkl\u00e4rt, wie Studierende mit einem Projekt zu digitalem studentischem Engagement beginnen k\u00f6nnen.<\/strong>\n\t<\/p>\n<\/blockquote>\n<p>\n\t\u00a0\n<\/p>\n<p style=\"margin-bottom:.0001pt\">\n\t<span style=\"line-height:normal\"><b><span lang=\"EN-US\">Themen von Modul 3<\/span><\/b><\/span>\n<\/p>\n<ol>\n<li style=\"margin-top: 0cm;margin-right: 0cm;margin-bottom: 0.0001pt\">\n\t\t<span style=\"line-height:115%\"><span lang=\"DE-AT\"><span style=\"line-height:115%\"><span style=\"color:black\">Was beinhalten erfolgreiche Projekte zu digitalem studentischem Engagement?<\/span><\/span><\/span><\/span>\n\t<\/li>\n<li class=\"SDCE-BodyText\" style=\"margin-top: 0cm;margin-right: -9.65pt;margin-bottom: 0.0001pt\">\n\t\t<span lang=\"DE\"><span style=\"line-height:115%\"><span style=\"color:black\">Der Einstieg in ein Projekt zu digitalem studentischem Engagement<\/span><\/span><\/span>\n\t<\/li>\n<li class=\"SDCE-BodyText\" style=\"margin-top: 0cm;margin-right: -9.65pt;margin-bottom: 0.0001pt\">\n\t\t<span lang=\"DE-AT\"><span style=\"line-height:115%\"><span style=\"color:black\">Der Einsatz von digitaler Technologie zur Erweiterung des b\u00fcrgerschaftlichen Engagements<\/span><\/span><\/span>\n\t<\/li>\n<li style=\"margin-top: 0cm;margin-right: 0cm;margin-bottom: 0.0001pt\">\n\t\t<span style=\"line-height:115%\"><span lang=\"DE-AT\"><span style=\"line-height:115%\"><span style=\"color:black\">Entwicklung und Bereitstellung von L\u00f6sungen im Rahmen von digitalem studentischem Engagement<\/span><\/span><\/span> <\/span>\n\t<\/li>\n<\/ol>\n<p>\n\t\u00a0\n<\/p>\n<p style=\"margin-bottom:.0001pt\">\n\t<span style=\"line-height:normal\"><b><span lang=\"EN-GB\">Studierende lernen, \u2026<\/span><\/b><\/span>\n<\/p>\n<ul>\n<li>\n\t\t<span lang=\"DE-AT\"><span style=\"line-height:107%\">was ein Projekt f\u00fcr digitales studentisches Engagement ausmacht.<\/span><\/span>\n\t<\/li>\n<li>\n\t\t<span lang=\"DE-AT\"><span style=\"line-height:107%\">wie sie ihr eigenes Projekt zu digitalem studentischem Engagement initiieren k\u00f6nnen.<\/span><\/span>\n\t<\/li>\n<li>\n\t\t<span lang=\"DE-AT\"><span style=\"line-height:107%\">wie sie ihr eigenes Projekt zu digitalem studentischem Engagement erstellen und die ersten Schritte dazu unternehmen k\u00f6nnen.<\/span><\/span>\n\t<\/li>\n<li>\n\t\t<span lang=\"DE-AT\"><span style=\"line-height:107%\">Beispiele f\u00fcr Projekte zu digitalem studentischem Engagement kennen und wie sich diese etabliert haben.<\/span><\/span>\n\t<\/li>\n<li>\n\t\t<span lang=\"DE-AT\"><span style=\"line-height:107%\">verschiedene digitale Tools kennen und wie sie diese bei der Entwicklung und dem Verlauf eines Projekts zu digitalem studentischem Engagement einsetzen k\u00f6nnen.<\/span><\/span>\n\t<\/li>\n<li>\n\t\t<span lang=\"DE-AT\"><span style=\"line-height:107%\"><span>wie digitale Tools die Planung und die Durchf\u00fchrung eines Projekts zu digitalem studentischem Engagement unterst\u00fctzen kann.<\/span><\/span><\/span>\n\t<\/li>\n<\/ul>\n<p>\n\t\u00a0\n<\/p>\n<p>\n\t\u00a0<\/p>\n","protected":false},"excerpt":{"rendered":"<p>Modul 3 untersucht, wie Studierende eigene Aktivit\u00e4ten des digitalen studentischen Engagements in Gang bringen k\u00f6nnen. Die Studierenden setzen sich mit verschiedenen Beispielen f\u00fcr digitales studentisches Engagement auseinander und lernen Methoden kennen, wie sie Aktivit\u00e4ten und Projekte zu digitalem studentischem Engagement &#8230;<\/p>\n","protected":false},"author":63,"featured_media":0,"parent":0,"menu_order":0,"comment_status":"closed","ping_status":"closed","template":"","meta":{"_acf_changed":false,"inline_featured_image":false,"footnotes":""},"class_list":["post-121","page","type-page","status-publish","hentry"],"acf":[],"_links":{"self":[{"href":"https:\/\/sisu.ut.ee\/sdce\/de\/wp-json\/wp\/v2\/pages\/121","targetHints":{"allow":["GET"]}}],"collection":[{"href":"https:\/\/sisu.ut.ee\/sdce\/de\/wp-json\/wp\/v2\/pages"}],"about":[{"href":"https:\/\/sisu.ut.ee\/sdce\/de\/wp-json\/wp\/v2\/types\/page"}],"author":[{"embeddable":true,"href":"https:\/\/sisu.ut.ee\/sdce\/de\/wp-json\/wp\/v2\/users\/63"}],"replies":[{"embeddable":true,"href":"https:\/\/sisu.ut.ee\/sdce\/de\/wp-json\/wp\/v2\/comments?post=121"}],"version-history":[{"count":1,"href":"https:\/\/sisu.ut.ee\/sdce\/de\/wp-json\/wp\/v2\/pages\/121\/revisions"}],"predecessor-version":[{"id":510,"href":"https:\/\/sisu.ut.ee\/sdce\/de\/wp-json\/wp\/v2\/pages\/121\/revisions\/510"}],"wp:attachment":[{"href":"https:\/\/sisu.ut.ee\/sdce\/de\/wp-json\/wp\/v2\/media?parent=121"}],"curies":[{"name":"wp","href":"https:\/\/api.w.org\/{rel}","templated":true}]}}