{"id":119,"date":"2024-04-04T07:48:33","date_gmt":"2024-04-04T04:48:33","guid":{"rendered":"https:\/\/sisu.ut.ee\/sdce\/module-2-en-3\/"},"modified":"2024-04-04T07:50:33","modified_gmt":"2024-04-04T04:50:33","slug":"module-2-en-3","status":"publish","type":"page","link":"https:\/\/sisu.ut.ee\/sdce\/de\/module-2-en-3\/","title":{"rendered":"Modul 2: M\u00f6glichkeiten des digitalen Engagements f\u00fcr Studierende"},"content":{"rendered":"<blockquote>\n<p style=\"margin-bottom:.0001pt\">\n\t\t<img loading=\"lazy\" decoding=\"async\" width=\"305\" height=\"231\" class=\"alignnone wp-image-184\" style=\"width: 180px;height: 151px;float: right\" src=\"https:\/\/sisu.ut.ee\/wp-content\/uploads\/sites\/545\/picture2.jpg\" title=\"picture2.jpg\" alt=\"SDCE2\" srcset=\"https:\/\/sisu.ut.ee\/wp-content\/uploads\/sites\/545\/picture2.jpg 305w, https:\/\/sisu.ut.ee\/wp-content\/uploads\/sites\/545\/picture2-300x227.jpg 300w\" sizes=\"auto, (max-width: 305px) 100vw, 305px\"><strong>Modul 2 befasst sich mit den Herausforderungen, die mit der Teilnahme an Aktivit\u00e4ten des digitalen studentischen Engagements verbunden sind. Dabei werden Praxisbeispiele vorgestellt, welche die Potentiale von digitalem studentischem Engagement hervorheben. Studierende lernen, wie Sie M\u00f6glichkeiten f\u00fcr die Durchf\u00fchrung von Aktivit\u00e4ten des digitalen studentischen Engagements erkennen und welche Kompetenzen sie dabei erwerben k\u00f6nnen. <\/strong>\n\t<\/p>\n<\/blockquote>\n<p style=\"margin-bottom:.0001pt\">\n\t\u00a0\n<\/p>\n<p style=\"margin-bottom:.0001pt\">\n\t<span style=\"line-height:115%\"><b><span lang=\"DE\"><span style=\"line-height:115%\">Themen von Modul 2<\/span><\/span><\/b><\/span>\n<\/p>\n<ol>\n<li style=\"margin-bottom: 0.0001pt\">\n\t\t<span style=\"line-height:115%\"><span lang=\"DE\"><span style=\"line-height:115%\">Praxisprobleme l\u00f6sen: Lokale Bed\u00fcrfnislagen und globale Herausforderungen<\/span><\/span><\/span>\n\t<\/li>\n<li style=\"margin-bottom: 0.0001pt\">\n\t\t<span style=\"line-height:115%\"><span lang=\"DE\"><span style=\"line-height:115%\">Unterst\u00fctzung von Praxispartner*innen durch b\u00fcrgerschaftliches Engagement<\/span><\/span><\/span>\n\t<\/li>\n<li style=\"margin-bottom: 0.0001pt\">\n\t\t<span style=\"line-height:115%\"><span lang=\"DE\"><span style=\"line-height:115%\">Ein Projekt mit dem Service-Learning Ansatz durchf\u00fchren<\/span><\/span><\/span>\n\t<\/li>\n<li style=\"margin-bottom: 0.0001pt\">\n\t\t<span style=\"line-height:115%\"><span lang=\"DE\"><span style=\"line-height:115%\">M\u00f6glichkeiten zur Kompetenzentwicklung: Digitales studentisches Engagement und die Entwicklung von digitalen und unternehmerischen Kompetenzen<\/span><\/span><\/span>\n\t<\/li>\n<\/ol>\n<p style=\"margin-bottom:.0001pt\">\n\t\u00a0\n<\/p>\n<p style=\"margin-bottom:.0001pt\">\n\t<span style=\"line-height:115%\"><b><span lang=\"EN-GB\"><span style=\"line-height:115%\">Studierende lernen, \u2026<\/span><\/span><\/b><\/span>\n<\/p>\n<ul>\n<li style=\"margin-top:0cm;margin-right:0cm;margin-bottom:.0001pt;text-align:justify\">\n\t\t<span style=\"line-height:115%\"><span lang=\"DE\"><span style=\"line-height:115%\">wie Probleme in lokalen Gemeinschaften und Probleme auf globaler Ebene erkannt werden k\u00f6nnen.<\/span><\/span><\/span>\n\t<\/li>\n<li style=\"margin-top:0cm;margin-right:0cm;margin-bottom:.0001pt;text-align:justify\">\n\t\t<span style=\"line-height:115%\"><span lang=\"DE\"><span style=\"line-height:115%\">weshalb bestimmte Aktivit\u00e4ten und Projekte gut funktionieren und warum sie f\u00fcr eine lokale Gemeinschaft von Nutzen sein k\u00f6nnen.<\/span><\/span><\/span>\n\t<\/li>\n<li style=\"margin-top:0cm;margin-right:0cm;margin-bottom:.0001pt;text-align:justify\">\n\t\t<span style=\"line-height:115%\"><span lang=\"DE\"><span style=\"line-height:115%\">den Lehransatz des Service-Learning kennen und Beispiele daf\u00fcr.\u00a0<\/span><\/span><\/span>\n\t<\/li>\n<li style=\"margin-top:0cm;margin-right:0cm;margin-bottom:.0001pt;text-align:justify\">\n\t\t<span style=\"line-height:150%\"><span lang=\"DE\"><span style=\"line-height:107%\"><span>weitere Kompetenzen aus den beiden europ\u00e4ischen Kompetenzrahmen DigComp und EntreComp kennen.<\/span><\/span><\/span><\/span>\n\t<\/li>\n<\/ul>\n<p style=\"margin-bottom:.0001pt\">\n\t\u00a0<\/p>\n","protected":false},"excerpt":{"rendered":"<p>Modul 2 befasst sich mit den Herausforderungen, die mit der Teilnahme an Aktivit\u00e4ten des digitalen studentischen Engagements verbunden sind. Dabei werden Praxisbeispiele vorgestellt, welche die Potentiale von digitalem studentischem Engagement hervorheben. Studierende lernen, wie Sie M\u00f6glichkeiten f\u00fcr die Durchf\u00fchrung von &#8230;<\/p>\n","protected":false},"author":63,"featured_media":0,"parent":0,"menu_order":0,"comment_status":"closed","ping_status":"closed","template":"","meta":{"_acf_changed":false,"inline_featured_image":false,"footnotes":""},"class_list":["post-119","page","type-page","status-publish","hentry"],"acf":[],"_links":{"self":[{"href":"https:\/\/sisu.ut.ee\/sdce\/de\/wp-json\/wp\/v2\/pages\/119","targetHints":{"allow":["GET"]}}],"collection":[{"href":"https:\/\/sisu.ut.ee\/sdce\/de\/wp-json\/wp\/v2\/pages"}],"about":[{"href":"https:\/\/sisu.ut.ee\/sdce\/de\/wp-json\/wp\/v2\/types\/page"}],"author":[{"embeddable":true,"href":"https:\/\/sisu.ut.ee\/sdce\/de\/wp-json\/wp\/v2\/users\/63"}],"replies":[{"embeddable":true,"href":"https:\/\/sisu.ut.ee\/sdce\/de\/wp-json\/wp\/v2\/comments?post=119"}],"version-history":[{"count":1,"href":"https:\/\/sisu.ut.ee\/sdce\/de\/wp-json\/wp\/v2\/pages\/119\/revisions"}],"predecessor-version":[{"id":526,"href":"https:\/\/sisu.ut.ee\/sdce\/de\/wp-json\/wp\/v2\/pages\/119\/revisions\/526"}],"wp:attachment":[{"href":"https:\/\/sisu.ut.ee\/sdce\/de\/wp-json\/wp\/v2\/media?parent=119"}],"curies":[{"name":"wp","href":"https:\/\/api.w.org\/{rel}","templated":true}]}}