{"id":117,"date":"2024-04-04T07:48:33","date_gmt":"2024-04-04T04:48:33","guid":{"rendered":"https:\/\/sisu.ut.ee\/sdce\/module-1-en-3\/"},"modified":"2024-04-04T07:50:33","modified_gmt":"2024-04-04T04:50:33","slug":"module-1-en-3","status":"publish","type":"page","link":"https:\/\/sisu.ut.ee\/sdce\/de\/module-1-en-3\/","title":{"rendered":"MODUL 1: Digitales studentisches Engagement \u2013 Potenzial an der Schnittstelle von Technologie und neuen Medien"},"content":{"rendered":"<blockquote>\n<p style=\"margin-bottom:.0001pt\">\n\t\t<img loading=\"lazy\" decoding=\"async\" width=\"455\" height=\"567\" class=\"alignnone wp-image-182\" style=\"float: right\" src=\"https:\/\/sisu.ut.ee\/wp-content\/uploads\/sites\/545\/m1_f1.png\" title=\"m1_f1.png\" alt=\"Image 1\" srcset=\"https:\/\/sisu.ut.ee\/wp-content\/uploads\/sites\/545\/m1_f1.png 455w, https:\/\/sisu.ut.ee\/wp-content\/uploads\/sites\/545\/m1_f1-241x300.png 241w\" sizes=\"auto, (max-width: 455px) 100vw, 455px\">\n\t<\/p>\n<p style=\"margin-bottom:.0001pt\">\n\t\t<span style=\"line-height:normal\"><b><span lang=\"DE\">Los gehts!<\/span><\/b><\/span>\n\t<\/p>\n<p style=\"margin-bottom:.0001pt\">\n\t\t<span lang=\"DE\"><span style=\"line-height:107%\"><span>Modul 1 befasst sich mit dem Konzept des digitalen studentischen Engagements. Es erkl\u00e4rt, was digitales studentisches Engagement ist und welches Potenzial es f\u00fcr den sozialen Zusammenhalt einer Gesellschaft hat. Die Studierenden lernen Kompetenzen kennen, die sie erwerben, wenn sie sich b\u00fcrgerschaftlich engagieren und dabei digitale Tools verwenden. Sie lernen au\u00dferdem verschiedene Beispiele zu Projekten zu digitalem studentischem Engagement kennen.<\/span><\/span><\/span>\n\t<\/p>\n<p style=\"margin-bottom:.0001pt\">\n\t\t\u00a0\n\t<\/p>\n<\/blockquote>\n<p style=\"margin-bottom:.0001pt\">\n\t<span style=\"line-height:normal\"><b><span lang=\"DE\">Themen von Modul 1<\/span><\/b><\/span>\n<\/p>\n<ol>\n<li style=\"margin-bottom: 0.0001pt\">\n\t\t<span style=\"line-height:normal\"><span lang=\"DE\">Was ist digitales studentisches Engagement?<\/span><\/span>\n\t<\/li>\n<li style=\"margin-bottom: 0.0001pt\">\n\t\t<span style=\"line-height:normal\"><span lang=\"DE\">Wie wirkt digitales studentisches Engagement in Universit\u00e4ten (und dar\u00fcber hinaus)?<\/span><\/span>\n\t<\/li>\n<li style=\"margin-bottom: 0.0001pt\">\n\t\t<span style=\"line-height:normal\"><span lang=\"DE\">Welche Kompetenzen entwickeln b\u00fcrgerschaftlich engagierte Studierende?<\/span><\/span>\n\t<\/li>\n<li style=\"margin-bottom: 0.0001pt\">\n\t\t<span style=\"line-height:normal\"><span lang=\"DE\">Wie sieht digitales studentisches Engagement in der Praxis aus?<\/span><\/span>\n\t<\/li>\n<\/ol>\n<p style=\"margin-bottom:.0001pt\">\n\t\u00a0\n<\/p>\n<p style=\"margin-bottom:.0001pt\">\n\t<span style=\"line-height:normal\"><b><span lang=\"EN-GB\">Studierende lernen, \u2026<\/span><\/b><\/span>\n<\/p>\n<ul>\n<li style=\"margin-top: 0cm;margin-right: 0cm;margin-bottom: 0.0001pt\">\n\t\t<span style=\"line-height:normal\"><span lang=\"DE\">was digitales studentisches Engagement ist und wie dieses Konzept in den Hochschulen verankert werden kann.<\/span><\/span>\n\t<\/li>\n<li style=\"margin-top: 0cm;margin-right: 0cm;margin-bottom: 0.0001pt\">\n\t\t<span style=\"line-height:normal\"><span lang=\"DE\">wie digitale Tools zu b\u00fcrgerschaftlichem Engagement beitragen k\u00f6nnen.<\/span><\/span>\n\t<\/li>\n<li style=\"margin-top: 0cm;margin-right: 0cm;margin-bottom: 0.0001pt\">\n\t\t<span style=\"line-height:normal\"><span lang=\"DE\">welche digitalen und unternehmerischen Kompetenzen sie durch ihr digitales studentisches Engagement erwerben k\u00f6nnen.<\/span><\/span>\n\t<\/li>\n<li style=\"margin-top: 0cm;margin-right: 0cm;margin-bottom: 0.0001pt\">\n\t\t<span style=\"line-height:normal\"><span lang=\"DE\">welche Projekte Studierende an verschiedenen Hochschulen in Europa zum Thema digitales studentisches Engagement initiiert haben.<\/span><\/span>\n\t<\/li>\n<li style=\"margin-bottom: 0.0001pt\">\n\t\t<span lang=\"EN-GB\"><span style=\"line-height:107%\"><span><span lang=\"DE\"><span style=\"line-height:107%\"><span>wie sie \u00fcber ihre bisherigen Erfahrungen zu b\u00fcrgerschaftlichem Engagement reflektieren k\u00f6nnen.<\/span><\/span><\/span><\/span><\/span><\/span>\n\t<\/li>\n<\/ul>\n","protected":false},"excerpt":{"rendered":"<p>Los gehts! Modul 1 befasst sich mit dem Konzept des digitalen studentischen Engagements. Es erkl\u00e4rt, was digitales studentisches Engagement ist und welches Potenzial es f\u00fcr den sozialen Zusammenhalt einer Gesellschaft hat. Die Studierenden lernen Kompetenzen kennen, die sie erwerben, wenn &#8230;<\/p>\n","protected":false},"author":63,"featured_media":0,"parent":0,"menu_order":0,"comment_status":"closed","ping_status":"closed","template":"","meta":{"_acf_changed":false,"inline_featured_image":false,"footnotes":""},"class_list":["post-117","page","type-page","status-publish","hentry"],"acf":[],"_links":{"self":[{"href":"https:\/\/sisu.ut.ee\/sdce\/de\/wp-json\/wp\/v2\/pages\/117","targetHints":{"allow":["GET"]}}],"collection":[{"href":"https:\/\/sisu.ut.ee\/sdce\/de\/wp-json\/wp\/v2\/pages"}],"about":[{"href":"https:\/\/sisu.ut.ee\/sdce\/de\/wp-json\/wp\/v2\/types\/page"}],"author":[{"embeddable":true,"href":"https:\/\/sisu.ut.ee\/sdce\/de\/wp-json\/wp\/v2\/users\/63"}],"replies":[{"embeddable":true,"href":"https:\/\/sisu.ut.ee\/sdce\/de\/wp-json\/wp\/v2\/comments?post=117"}],"version-history":[{"count":1,"href":"https:\/\/sisu.ut.ee\/sdce\/de\/wp-json\/wp\/v2\/pages\/117\/revisions"}],"predecessor-version":[{"id":524,"href":"https:\/\/sisu.ut.ee\/sdce\/de\/wp-json\/wp\/v2\/pages\/117\/revisions\/524"}],"wp:attachment":[{"href":"https:\/\/sisu.ut.ee\/sdce\/de\/wp-json\/wp\/v2\/media?parent=117"}],"curies":[{"name":"wp","href":"https:\/\/api.w.org\/{rel}","templated":true}]}}