{"id":115,"date":"2024-04-04T07:48:33","date_gmt":"2024-04-04T04:48:33","guid":{"rendered":"https:\/\/sisu.ut.ee\/sdce\/de\/"},"modified":"2024-04-04T07:50:33","modified_gmt":"2024-04-04T04:50:33","slug":"de","status":"publish","type":"page","link":"https:\/\/sisu.ut.ee\/sdce\/de\/","title":{"rendered":"Startseite"},"content":{"rendered":"<blockquote>\n<h4>\n\t\t<img loading=\"lazy\" decoding=\"async\" width=\"733\" height=\"220\" class=\"alignnone wp-image-180\" style=\"float:right;width:440px;height:132px\" src=\"https:\/\/sisu.ut.ee\/wp-content\/uploads\/sites\/545\/sdce.jpg\" title=\"sdce.jpg\" alt=\"SDCE\" srcset=\"https:\/\/sisu.ut.ee\/wp-content\/uploads\/sites\/545\/sdce.jpg 733w, https:\/\/sisu.ut.ee\/wp-content\/uploads\/sites\/545\/sdce-300x90.jpg 300w\" sizes=\"auto, (max-width: 733px) 100vw, 733px\"><strong>Willkommen zum MOOC Student as Digital Civic Engagers!<\/strong><br>\n\t<\/h4>\n<h4>\n\t\tDer MOOC ist im Rahmen des Erasmus+ Projekts \u201eStudents as Digital Civic Engagers\u201c entstanden. Ziel ist es, digitale Kompetenzen zu f\u00f6rdern und Wissen \u00fcber b\u00fcrgerschaftliches Engagement bereitzustellen, sodass Studierende zu Civic Engagers werden, die digitale Tools optimal f\u00fcr b\u00fcrgerschaftliche Zwecke einsetzen. Erfahre hier mehr \u00fcber das\u00a0Projekt:<br><a href=\"https:\/\/www.studentcivicengagers.eu\/\"><b><span lang=\"EN-IE\"><span style=\"line-height:115%\"><span style=\"color:#c00000\">https:\/\/www.studentcivicengagers.eu\/<\/span><\/span><\/span><\/b><\/a><br>\n\t<\/h4>\n<\/blockquote>\n<blockquote>\n<h4 class=\"SDCE-BodyText\">\n\t\t<img loading=\"lazy\" decoding=\"async\" width=\"531\" height=\"399\" class=\"alignnone wp-image-179\" style=\"width:150px;height:113px;float:right\" src=\"https:\/\/sisu.ut.ee\/wp-content\/uploads\/sites\/545\/sdce_clowd.png\" title=\"sdce_clowd.png\" alt=\"SDCE_clowd\" srcset=\"https:\/\/sisu.ut.ee\/wp-content\/uploads\/sites\/545\/sdce_clowd.png 531w, https:\/\/sisu.ut.ee\/wp-content\/uploads\/sites\/545\/sdce_clowd-300x225.png 300w\" sizes=\"auto, (max-width: 531px) 100vw, 531px\"><strong>Der MOOC wurde als Open Educational Resources (OERs) in Zusammenarbeit mit den Projektpartnern aus \u00d6sterreich, Estland, Irland, Portugal, Spanien und Gro\u00dfbritannien entwickelt.\u00a0<\/strong><br>\n\t<\/h4>\n<p>\n\t\tFotos von\u00a0<span lang=\"EN-IE\"><span><a href=\"https:\/\/www.pexels.com\/\">Pexels<\/a> <\/span><\/span> wurden zur Gestaltung der Kursmaterialien verwendet.\n\t<\/p>\n<\/blockquote>\n<p class=\"SDCE-BodyText\">\n\t\u00a0\n<\/p>\n<h3 style=\"margin-top:15.0pt;margin-right:0cm;margin-bottom:7.5pt;margin-left:0cm;background:white\">\n\t<strong><span><span style=\"line-height:107%\"><span><span style=\"color:#565656\">Der MOOC besteht aus 6 Modulen:<\/span><\/span><\/span><\/span><\/strong><br>\n<\/h3>\n<p>\n\t<span style=\"background:white\"><span><span><span style=\"color:#565656\">Modul 1: Digitales studentisches Engagement \u2013 Potenzial an der Schnittstelle von Technologie und neuen Medien<\/span><\/span><\/span><\/span>\n<\/p>\n<p>\n\t<span style=\"background:white\"><span><span><span style=\"color:#565656\">Modul 2: M\u00f6glichkeiten des digitalen Engagements f\u00fcr Studierende<\/span><\/span><\/span><\/span>\n<\/p>\n<p>\n\t<span style=\"background:white\"><span><span><span style=\"color:#565656\">Modul 3: Initiierung eines Projekts f\u00fcr digitales studentisches Engagement<\/span><\/span><\/span><\/span>\n<\/p>\n<p>\n\t<span style=\"background:white\"><span><span><span style=\"color:#565656\">Modul 4: Organisation eines Projekts f\u00fcr digitales studentisches Engagement<\/span><\/span><\/span><\/span>\n<\/p>\n<p>\n\t<span style=\"background:white\"><span><span><span style=\"color:#565656\">Modul 5: Finanzierung eines Projektes f\u00fcr digitales studentisches Engagement<\/span><\/span><\/span><\/span>\n<\/p>\n<p style=\"margin-top:0cm;margin-right:0cm;margin-bottom:7.5pt;margin-left:0cm\">\n\t<span style=\"background:white\"><span><span><span style=\"color:#565656\">Modul 6: Marketing und Kooperation mit Praxispartner*innen<\/span><\/span><\/span><\/span>\n<\/p>\n<p style=\"margin-top:0cm;margin-right:0cm;margin-bottom:7.5pt;margin-left:0cm\">\n\t\u00a0\n<\/p>\n<p class=\"SDCE-BodyText\">\n\t<span><span style=\"line-height:107%\"><span><span style=\"color:#565656\">Jedes Modul f\u00fchrt in verschiedene Konzepte des digitalen studentischen Engagements ein und vermittelt Wissen, wie bestimmte Bedarfe aus der Praxis erkannt und in Projekten des digitalen studentischen Engagements bearbeitet werden k\u00f6nnen. Daneben werden Informationen gegeben, wie Studierende digitales studentisches Engagement in der Praxis umsetzen und wie sie ihr eigenes Projekt zu digitalem studentischem Engagement entwickeln k\u00f6nnen.<\/span><\/span><\/span><\/span>\n<\/p>\n<p class=\"SDCE-BodyText\">\n\t\u00a0\n<\/p>\n<h3>\n\t<strong>Folgende Kenntnisse und F\u00e4higkeiten k\u00f6nnen Studierende in der Auseinandersetzung mit dem MOOC erwerben:<\/strong><br>\n<\/h3>\n<ul>\n<li>\n\t\t<span style=\"background:white\"><span style=\"color:#565656\"><span style=\"line-height:normal\"><span><span>Entwicklung eines Verst\u00e4ndnisses von digitalem studentischem Engagement<\/span><\/span><\/span><\/span><\/span>\n\t<\/li>\n<li>\n\t\t<span style=\"background:white\"><span style=\"color:#565656\"><span style=\"line-height:normal\"><span><span>Kennenlernen von verschiedenen Aktivit\u00e4ten des digitalen studentischen Engagements<\/span><\/span><\/span><\/span><\/span>\n\t<\/li>\n<li>\n\t\t<span style=\"background:white\"><span style=\"color:#565656\"><span style=\"line-height:normal\"><span><span>Wissen um unterschiedliche M\u00f6glichkeiten, sich b\u00fcrgerschaftlich unter der Verwendung von digitalen Tools zu engagieren<\/span><\/span><\/span><\/span><\/span>\n\t<\/li>\n<li>\n\t\t<span style=\"background:white\"><span style=\"color:#565656\"><span style=\"line-height:normal\"><span><span>Kennenlernen der Referenzrahmen f\u00fcr digitale Kompetenzen (DigComp) und unternehmerische Kompetenzen (EntreComp)<\/span><\/span><\/span><\/span><\/span>\n\t<\/li>\n<li>\n\t\t<span style=\"background:white\"><span style=\"color:#565656\"><span style=\"line-height:normal\"><span><span>Wissen darum, welche F\u00e4higkeiten und Kompetenzen Studierende bei b\u00fcrgerschaftlichen Aktivit\u00e4ten unter der Verwendung von digitalen Tools entwickeln k\u00f6nnen<\/span><\/span><\/span><\/span><\/span>\n\t<\/li>\n<li>\n\t\t<span style=\"background:white\"><span style=\"color:#565656\"><span style=\"line-height:normal\"><span><span>Initiierung und Durchf\u00fchrung eines Projektes zu digitalem studentischem Engagement<\/span><\/span><\/span><\/span><\/span>\n\t<\/li>\n<li class=\"SDCE-BodyText\">\n\t\t<span><span style=\"line-height:107%\"><span><span style=\"color:#565656\">Wissen um M\u00f6glichkeiten der Finanzierung und des Marketings f\u00fcr Projekte zu digitalem studentischem Engagement<\/span><\/span><\/span><\/span>\n\t<\/li>\n<\/ul>\n<p>\n\t\u00a0<\/p>\n","protected":false},"excerpt":{"rendered":"<p>Willkommen zum MOOC Student as Digital Civic Engagers! Der MOOC ist im Rahmen des Erasmus+ Projekts \u201eStudents as Digital Civic Engagers\u201c entstanden. Ziel ist es, digitale Kompetenzen zu f\u00f6rdern und Wissen \u00fcber b\u00fcrgerschaftliches Engagement bereitzustellen, sodass Studierende zu Civic Engagers &#8230;<\/p>\n","protected":false},"author":63,"featured_media":0,"parent":0,"menu_order":0,"comment_status":"closed","ping_status":"closed","template":"","meta":{"_acf_changed":false,"inline_featured_image":false,"footnotes":""},"class_list":["post-115","page","type-page","status-publish","hentry"],"acf":[],"_links":{"self":[{"href":"https:\/\/sisu.ut.ee\/sdce\/de\/wp-json\/wp\/v2\/pages\/115","targetHints":{"allow":["GET"]}}],"collection":[{"href":"https:\/\/sisu.ut.ee\/sdce\/de\/wp-json\/wp\/v2\/pages"}],"about":[{"href":"https:\/\/sisu.ut.ee\/sdce\/de\/wp-json\/wp\/v2\/types\/page"}],"author":[{"embeddable":true,"href":"https:\/\/sisu.ut.ee\/sdce\/de\/wp-json\/wp\/v2\/users\/63"}],"replies":[{"embeddable":true,"href":"https:\/\/sisu.ut.ee\/sdce\/de\/wp-json\/wp\/v2\/comments?post=115"}],"version-history":[{"count":1,"href":"https:\/\/sisu.ut.ee\/sdce\/de\/wp-json\/wp\/v2\/pages\/115\/revisions"}],"predecessor-version":[{"id":522,"href":"https:\/\/sisu.ut.ee\/sdce\/de\/wp-json\/wp\/v2\/pages\/115\/revisions\/522"}],"wp:attachment":[{"href":"https:\/\/sisu.ut.ee\/sdce\/de\/wp-json\/wp\/v2\/media?parent=115"}],"curies":[{"name":"wp","href":"https:\/\/api.w.org\/{rel}","templated":true}]}}