{"id":62,"date":"2024-04-04T00:12:05","date_gmt":"2024-04-03T21:12:05","guid":{"rendered":"https:\/\/sisu.ut.ee\/samm\/kusitlusuuringud\/"},"modified":"2025-08-25T17:28:33","modified_gmt":"2025-08-25T14:28:33","slug":"kusitlusuuringud","status":"publish","type":"page","link":"https:\/\/sisu.ut.ee\/samm\/kusitlusuuringud\/","title":{"rendered":"K\u00fcsitlusuuringud"},"content":{"rendered":"<p style=\"margin-bottom: 12pt; text-align: right;\"><strong>Mai Beilmann<br>\n2020<\/strong><\/p>\n<p style=\"margin-bottom: 12.0pt; text-align: justify;\"><span style=\"line-height: 115%;\"><span style=\"line-height: 115%;\"><span style=\"color: black;\">K\u00fcsitlusuuringud on andmete kogumise viis, millega kogutakse eesk\u00e4tt kvantifitseeritavaid (numbrilisele kujule teisendatavaid) andmeid, mida on v\u00f5imalik statistiliselt anal\u00fc\u00fcsida. K\u00fcsitluste peamine eesm\u00e4rk on koguda v\u00f5imalikult standardiseeritud infot suure hulga inimeste kohta. K\u00fcsitlusuuringuid kasutatakse, et koguda infot n\u00e4iteks inimeste eluolu, t\u00f6\u00f6elu, tarbimisharjumuste, (vaimse ja f\u00fc\u00fcsilise) tervise, poliitiliste eelistuste, v\u00e4\u00e4rtushinnangute ja palju muu kohta. <\/span><\/span><\/span><\/p>\n<p style=\"margin-bottom: 12.0pt; text-align: justify;\"><span style=\"line-height: 115%;\"><span style=\"line-height: 115%;\"><span style=\"color: black;\">Enne k\u00fcsitlust tegema tormamist tasub endalt kindlasti k\u00fcsida, kas k\u00fcsitlus on soovitud andmete kogumiseks \u00f5ige meetod. K\u00fcsitlus on hea vahend andmete kogumiseks, kui soovitakse koguda andmeid suhteliselt paljudelt inimestelt (minimaalselt sadakond) ning neilt soovitakse koguda andmeid, mida saab koguda standardiseeritult (kinniste k\u00fcsimustega; vt peat\u00fckki k\u00fcsimustiku koostamisest). Kui andmeid on plaanis koguda v\u00e4ikeselt hulgalt inimestelt v\u00f5i taotlus on neilt inimestelt k\u00fcsida avatud k\u00fcsimusi ja neil millestki oma s\u00f5nadega pikemalt r\u00e4\u00e4kida lasta, siis ei ole k\u00fcsitlus selleks optimaalseim meetod. <\/span><\/span><\/span><\/p>\n<p style=\"margin-bottom: 12.0pt; text-align: justify;\"><\/p><div class=\"accordion mb-3\">\n        <div class=\"accordion-item accordion-item--white\">\n        <h2 class=\"accordion-header\" id=\"accordion-69de292f9df58-heading\">\n            <button class=\"accordion-button collapsed\" type=\"button\" data-bs-toggle=\"collapse\" data-bs-target=\"#accordion-69de292f9df58-collapse\" aria-expanded=\"true\" aria-controls=\"accordion-69de292f9df58-collapse\"><span style=\"line-height: 115%;\"><span style=\"line-height: 115%;\"><span style=\"color: black;\">K\u00fcsitlusandmete plussid<\/span><\/span><\/span><\/button>\n        <\/h2>\n        <div id=\"accordion-69de292f9df58-collapse\" class=\"accordion-collapse collapse\" aria-labelledby=\"accordion-69de292f9df58-heading\">\n            <div class=\"accordion-body\">\n<p style=\"margin-bottom: 12.0pt; text-align: justify;\"><span style=\"line-height: 115%;\"><span style=\"line-height: 115%;\"><span style=\"color: black;\">K\u00fcsitlusuuring v\u00f5imaldab koguda standardiseeritud infot suurelt hulgalt inimestelt. V\u00f5ib tekkida k\u00fcsimus, miks standardiseeritud andmeid suure hulga inimeste kohta ei v\u00f5eta kusagilt registritest, ilma et inimesed peaksid pikki k\u00fcsimustikke t\u00e4itma. Kui vajalik info on kusagilt registritest k\u00e4ttesaadav, siis t\u00f5epoolest ei tasugi k\u00fcsitlusuuringut ette v\u00f5tta. Tihtipeale aga lihtsalt ei leidu registrites m\u00f5nele uurimisk\u00fcsimusele vastamiseks vajalikku infot v\u00f5i siis ei ole vajalik info registrist k\u00e4ttesaadav. Niisiis korraldatakse k\u00fcsitlusi eelk\u00f5ige seep\u00e4rast, et v\u00e4ga paljusid asju inimeste k\u00e4itumise ja elusituatsiooni kohta ei saa me teada ilma, et me seda neilt endilt k\u00fcsiksime (Fowler 2012). Nii n\u00e4iteks ei saa me registritest teada inimeste hinnanguid ja arvamusi, mida ongi v\u00f5imalik v\u00e4lja selgitada ainult k\u00fcsitlusuuringute abil. <\/span><\/span><\/span><\/p>\n<p style=\"margin-bottom: 12.0pt; text-align: justify;\"><span style=\"line-height: 115%;\"><span style=\"line-height: 115%;\"><span style=\"color: black;\">Kuigi vastaja seisukohast v\u00f5ib k\u00fcsimustike t\u00e4itmine tunduda t\u00fc\u00fctu, on k\u00fcsitlusandmetel teadlase v\u00f5i anal\u00fc\u00fctiku jaoks mitmeid eeliseid teiste kvantitatiivsete andmete ees. K\u00fcsitlusuuringute peamine eelis k\u00f5ikv\u00f5imalike registri- v\u00f5i isetekkeliste suurandmete ees tuleneb asjaolust, et need kogutakse just uurimiseesm\u00e4rgil. Seega saavad uuringu l\u00e4biviijad enne andmekogumist l\u00e4bi m\u00f5elda, milliseid andmeid nad oma uurimisk\u00fcsimus(t)ele vastamiseks v\u00f5i h\u00fcpoteesi(de) kontrollimiseks vajavad ning koguda just selleks vajalikud andmed. Erinevalt n\u00e4iteks suurandmetest on k\u00fcsitlusandmete puhul tegemist n\u00f6 rikaste andmestikega, mis v\u00f5imaldavad anal\u00fc\u00fcsida erinevate tunnuste vahelisi seoseid (Callegaro ja Yang 2018; Groves 2018).<\/span><\/span><\/span><\/p>\n<p style=\"margin-bottom: 12.0pt; text-align: justify;\"><\/p><\/div>\n        <\/div>\n        <\/div>\n    <\/div>\n<p style=\"margin-bottom: 12.0pt; text-align: justify;\"><\/p><div class=\"accordion mb-3\">\n        <div class=\"accordion-item accordion-item--white\">\n        <h2 class=\"accordion-header\" id=\"accordion-69de292f9df63-heading\">\n            <button class=\"accordion-button collapsed\" type=\"button\" data-bs-toggle=\"collapse\" data-bs-target=\"#accordion-69de292f9df63-collapse\" aria-expanded=\"true\" aria-controls=\"accordion-69de292f9df63-collapse\"><span style=\"line-height: 115%;\"><span style=\"line-height: 115%;\"><span style=\"color: black;\">Andmekogumise plaan<\/span><\/span><\/span><\/button>\n        <\/h2>\n        <div id=\"accordion-69de292f9df63-collapse\" class=\"accordion-collapse collapse\" aria-labelledby=\"accordion-69de292f9df63-heading\">\n            <div class=\"accordion-body\">\n<p style=\"margin-bottom: 12.0pt; text-align: justify;\"><span style=\"line-height: 115%;\"><span style=\"line-height: 115%;\"><span style=\"color: black;\">K\u00fcsitlusuuring on andmekogumismeetod, mis eeldab, et andmekogujal on algusest peale v\u00e4ga selge ettekujutus sellest, milliseid andmeid tal on vaja. See t\u00e4hendab seda, et andmete kogujal peaks juba k\u00fcsitlusuuringut planeerima asudes olema formuleeritud konkreetsed uurimisk\u00fcsimused, millele kogutavad andmed v\u00f5imaldavad vastata. See on vajalik sellep\u00e4rast, et k\u00fcsitlusuuringut tehes tuleb l\u00e4bi k\u00e4ia kindlad etapid. Kui uuringu esimestes etappides on tehtud vigu, siis uuringu edasistes etappides pole enam v\u00f5imalik esimestes etappides tehtud valeotsuseid v\u00f5i eksimusi m\u00e4rkimisv\u00e4\u00e4rselt parandada. <\/span><\/span><\/span><\/p>\n<p style=\"margin-bottom: 12.0pt; text-align: justify;\"><span style=\"line-height: 115%;\"><span style=\"line-height: 115%;\"><span style=\"color: black;\">K\u00fcsitlusuuringu planeerimine algab uurimiseesm\u00e4rgi p\u00fcstitamisest ning h\u00fcpoteesi(de) v\u00f5i uurimisk\u00fcsimus(t)e s\u00f5nastamisest. J\u00e4rgmisena on vaja m\u00e4\u00e4ratleda inimeste kogum, keda see uurimisprobleem puudutab ehk kes on uuritav \u00fcldpopulatsioon. Seej\u00e4rel tuleb otsustada, kas ja millist valimit kasutada ning millisel moel nende inimesteni j\u00f5uda. Siinkohal tuleb m\u00f5elda n\u00e4iteks sellele, kas koguda andmeid telefoni-, veebi- v\u00f5i hoopis silmast-silma intervjuudega. Alles teades, keda ja kuidas on kavas k\u00fcsitleda, saab asuda ankeeti koostama. Seej\u00e4rel tuleb ankeeti testida ja parandada. P\u00e4rast k\u00f5iki neid ettevalmistust\u00f6id saab l\u00f5puks asuda andmeid koguma. <\/span><\/span><\/span><\/p>\n<p style=\"margin-bottom: 12.0pt; text-align: justify;\"><span style=\"line-height: 115%;\"><span style=\"line-height: 115%;\"><span style=\"color: black;\">Sedav\u00f5rd p\u00f5hjalik ettevalmistus on \u00fclimalt oluline seep\u00e4rast, et k\u00fcsitlusuuringu l\u00e4biviimisel v\u00f5ivad vead tekkida k\u00f5igis uuringuetappides alates \u00fcldpopulatsiooni m\u00e4\u00e4ratlemisest ja k\u00fcsimuste koostamisest ning kui nendes etappides on tehtud halbu otsuseid, v\u00f5ib hiljem juhtuda, et kogutud andmetega pole suurt midagi peale hakata. <\/span><\/span><\/span><\/p>\n<p style=\"margin-bottom: 12.0pt; text-align: justify;\"><span style=\"line-height: 115%;\"><span style=\"line-height: 115%;\"><span style=\"color: black;\">K\u00fcsitlusuuringu korraldamise muudab keeruliseks eelk\u00f5ige see, et selle korralikult tegemiseks tuleb tunda v\u00e4hemalt kolme erinevat t\u00fc\u00fcpi meetodeid: valimi koostamise, k\u00fcsimuste ja k\u00fcsimustiku koostamise ning andmekogumise meetodeid (Fowler 2012). Tegelikult ei tee kahju ka andmeanal\u00fc\u00fcsi aluste tundmine, sest valimit ja k\u00fcsimusi koostades tuleks m\u00f5elda juba ka sellele, mida nende andmetega hiljem peale hakatakse ehk kuidas neid anal\u00fc\u00fcsitakse.<\/span><\/span><\/span><\/p>\n<p style=\"margin-bottom: 12.0pt; text-align: justify;\"><\/p><\/div>\n        <\/div>\n        <\/div>\n    <\/div>\n<p style=\"margin-bottom: 12.0pt; text-align: justify;\"><\/p><div class=\"accordion mb-3\">\n        <div class=\"accordion-item accordion-item--white\">\n        <h2 class=\"accordion-header\" id=\"accordion-69de292f9df69-heading\">\n            <button class=\"accordion-button collapsed\" type=\"button\" data-bs-toggle=\"collapse\" data-bs-target=\"#accordion-69de292f9df69-collapse\" aria-expanded=\"true\" aria-controls=\"accordion-69de292f9df69-collapse\"><span style=\"line-height: 115%;\"><span style=\"line-height: 115%;\"><span style=\"color: black;\">Valimid<\/span><\/span><\/span><\/button>\n        <\/h2>\n        <div id=\"accordion-69de292f9df69-collapse\" class=\"accordion-collapse collapse\" aria-labelledby=\"accordion-69de292f9df69-heading\">\n            <div class=\"accordion-body\">\n<p style=\"margin-bottom: 12.0pt; text-align: justify;\"><span style=\"line-height: 115%;\"><span style=\"line-height: 115%;\"><span style=\"color: black;\">\u00dchiskonnauurijatele on tihtipeale vajalik, et andmed oleksid kogu rahvastiku (v\u00f5i m\u00f5ne muu suurema inimgrupi) suhtes esinduslikud ning k\u00fcsitlusuuringutes on sobivat valimit kasutades sellise esinduslikkuse saavutamine v\u00f5imalik (Groves 2018). Selleks, et k\u00fcsitlusuuringu tulemused oleksid hiljem laiendatavad laiemale inimgrupile kui ainult k\u00fcsimustiku t\u00e4itnud inimesed, kasutatakse k\u00fcsitlusuuringutes erinevat t\u00fc\u00fcpi t\u00f5en\u00e4osuslikke valimeid (vt peat\u00fckki valimitest). <\/span><\/span><\/span><\/p>\n<p style=\"margin-bottom: 12.0pt; text-align: justify;\"><span style=\"line-height: 115%;\"><span style=\"line-height: 115%;\"><span style=\"color: black;\">K\u00fcsitlusuuringutes kasutatakse ka mittet\u00f5en\u00e4osuslikke valimeid (nt mugavusvalim), kuid sellisel juhul tuleb arvestada, et k\u00fcsitluse tulemused ei ole laiendatavad suuremale inimr\u00fchmale kui konkreetses uuringus osalenud inimesed.<\/span><\/span><\/span><\/p>\n<p style=\"margin-bottom: 12.0pt; text-align: justify;\"><\/p><\/div>\n        <\/div>\n        <\/div>\n    <\/div>\n<p style=\"margin-bottom: 12.0pt; text-align: justify;\"><\/p><div class=\"accordion mb-3\">\n        <div class=\"accordion-item accordion-item--white\">\n        <h2 class=\"accordion-header\" id=\"accordion-69de292f9df71-heading\">\n            <button class=\"accordion-button collapsed\" type=\"button\" data-bs-toggle=\"collapse\" data-bs-target=\"#accordion-69de292f9df71-collapse\" aria-expanded=\"true\" aria-controls=\"accordion-69de292f9df71-collapse\"><span style=\"line-height: 115%;\"><span style=\"line-height: 115%;\"><span style=\"color: black;\">Erinevad k\u00fcsitlusviisid<\/span><\/span><\/span><\/button>\n        <\/h2>\n        <div id=\"accordion-69de292f9df71-collapse\" class=\"accordion-collapse collapse\" aria-labelledby=\"accordion-69de292f9df71-heading\">\n            <div class=\"accordion-body\"><b> <\/b>\n<p style=\"margin-bottom: 12.0pt; text-align: justify;\"><span style=\"line-height: 115%;\"><span style=\"line-height: 115%;\"><span style=\"color: black;\">K\u00fcsitlusi saab l\u00e4bi viia ja inimestelt infot koguda erinevatel viisidel. K\u00fcsitlusuuringutes enim-kasutatavad k\u00fcsitlusviisid on j\u00e4rgmised: <\/span><\/span><\/span><\/p>\n<ul>\n<li style=\"margin-bottom: 12.0pt; text-align: justify;\"><span style=\"line-height: 115%;\"><b><span style=\"line-height: 115%;\"><span style=\"color: black;\">silmast-silma intervjuud<\/span><\/span><\/b><span style=\"line-height: 115%;\"><span style=\"color: black;\"> \u2013 k\u00fcsitleja l\u00e4heb vastaja juurde ning esitab k\u00fcsimused suuliselt; ankeedi (olgu arvutis v\u00f5i paberil) t\u00e4idab enamasti k\u00fcsitleja, kuid on v\u00f5imalik ka selline variant, et osa k\u00fcsimustikust lastakse vastajal t\u00e4ita iseseisvalt arvutis v\u00f5i eraldi paberk\u00fcsimustikus (nt eriti tundlike k\u00fcsimustega osa); <\/span><\/span><\/span><\/li>\n<li style=\"margin-bottom: 12.0pt; text-align: justify;\"><span style=\"line-height: 115%;\"><b><span style=\"line-height: 115%;\"><span style=\"color: black;\">telefonik\u00fcsitlus<\/span><\/span><\/b><span style=\"line-height: 115%;\"><span style=\"color: black;\"> \u2013 k\u00fcsitleja helistab vastajale ning sisestab antud vastused arvutisse; \u00a0<\/span><\/span><\/span><\/li>\n<li style=\"margin-bottom: 12.0pt; text-align: justify;\"><span style=\"line-height: 115%;\"><b><span style=\"line-height: 115%;\"><span style=\"color: black;\">paberil t\u00e4idetav ankeet <\/span><\/span><\/b><span style=\"line-height: 115%;\"><span style=\"color: black;\">\u2013 vastajatele jagatakse paberil ankeedid, mille nad t\u00e4idavad ja tagasi annavad (t\u00fc\u00fcpiline tagasisidek\u00fcsitluste juures); <\/span><\/span><\/span><\/li>\n<li style=\"margin-bottom: 12.0pt; text-align: justify;\"><span style=\"line-height: 115%;\"><b><span style=\"line-height: 115%;\"><span style=\"color: black;\">postik\u00fcsitlus<\/span><\/span><\/b><span style=\"line-height: 115%;\"><span style=\"color: black;\"> \u2013 valimisse sattunud inimestele saadetakse ankeet postiga koju ning palutakse see juurde lisatud \u00fcmbrikus t\u00e4idetuna tagasi saata; <\/span><\/span><\/span><\/li>\n<li style=\"margin-bottom: 12.0pt; text-align: justify;\"><span style=\"line-height: 115%;\"><b><span style=\"line-height: 115%;\"><span style=\"color: black;\">veebik\u00fcsitlus<\/span><\/span><\/b><span style=\"line-height: 115%;\"><span style=\"color: black;\"> \u2013 vastajatele saadetakse link (ja m\u00f5nikord ka personaalne parool), mis viib k\u00fcsitluskeskkonda, kus vastaja saab k\u00fcsimustikule vastata (vt peat\u00fckki veebik\u00fcsitlustest). \u00a0<\/span><\/span><\/span><\/li>\n<\/ul>\n<p style=\"margin-bottom: 12.0pt; text-align: justify;\"><span style=\"line-height: 115%;\"><span style=\"line-height: 115%;\"><span style=\"color: black;\">Tihtipeale kasutatakse erinevate k\u00fcsitlusviiside nimetamisel allj\u00e4rgnevaid inglisekeelseid l\u00fchendeid: <\/span><\/span><\/span><\/p>\n<ul>\n<li style=\"margin-bottom: 12.0pt; text-align: justify;\"><span style=\"line-height: 115%;\"><span style=\"line-height: 115%;\"><span style=\"color: black;\">CAPI <i>(computer-assisted personal interviewing);<\/i> <\/span><\/span><\/span><\/li>\n<li style=\"margin-bottom: 12.0pt; text-align: justify;\"><span style=\"line-height: 115%;\"><span style=\"line-height: 115%;\"><span style=\"color: black;\">CATI <i>(computer-assisted telephone interviewing);<\/i><\/span><\/span><\/span><\/li>\n<li style=\"margin-bottom: 12.0pt; text-align: justify;\"><span style=\"line-height: 115%;\"><span style=\"line-height: 115%;\"><span style=\"color: black;\">CAWI <i>(computer-assisted web interviewing);<\/i><\/span><\/span><\/span><\/li>\n<li style=\"margin-bottom: 12.0pt; text-align: justify;\"><span style=\"line-height: 115%;\"><span style=\"line-height: 115%;\"><span style=\"color: black;\">PAPI (<i>paper-assisted personal interviewing<\/i>)<i>.<\/i><\/span><\/span><\/span><\/li>\n<\/ul>\n<p><\/p><\/div>\n        <\/div>\n        <\/div>\n    <\/div>\n<p style=\"margin-bottom: 12.0pt; text-align: justify;\"><\/p><div class=\"accordion mb-3\">\n        <div class=\"accordion-item accordion-item--white\">\n        <h2 class=\"accordion-header\" id=\"accordion-69de292f9df76-heading\">\n            <button class=\"accordion-button collapsed\" type=\"button\" data-bs-toggle=\"collapse\" data-bs-target=\"#accordion-69de292f9df76-collapse\" aria-expanded=\"true\" aria-controls=\"accordion-69de292f9df76-collapse\"><span style=\"line-height: 115%;\"><span style=\"line-height: 115%;\"><span style=\"color: black;\">Eetika<\/span><\/span><\/span><\/button>\n        <\/h2>\n        <div id=\"accordion-69de292f9df76-collapse\" class=\"accordion-collapse collapse\" aria-labelledby=\"accordion-69de292f9df76-heading\">\n            <div class=\"accordion-body\"><b> <\/b>\n<p style=\"margin-bottom: 12.0pt; text-align: justify;\"><span style=\"line-height: 115%;\"><span style=\"line-height: 115%;\"><span style=\"color: black;\">Uurimist\u00f6\u00f6 eetikat puudutavad reeglid on k\u00fcsitlusuuringute puhul suhteliselt kindlalt paigas. K\u00fcsitlusuuringus osalevatelt inimestelt tuleb alati k\u00fcsida n\u00f5usolekut nende andmete kogumise, talletamise ja kasutamise kohta. Kogutud andmeid kasutatakse \u00fcksnes anon\u00fcmiseeritud v\u00f5i pseudon\u00fcmiseeritud kujul: see t\u00e4hendab, et andmeid (ja nendel p\u00f5hinevaid anal\u00fc\u00fcse) kasutatakse ja avalikustatakse ainult sellisel kujul, et s\u00e4iliks uuringus osalenute anon\u00fc\u00fcmsus ja konfidentsiaalsus. Uuringus osalenute anon\u00fc\u00fcmsus ja konfidentsiaalsus tuleb tagada ka juhul, kui avalikult k\u00e4ttesaadavaks ja kasutatavaks tehakse terve kogutud andmestik. Selle saavutamiseks v\u00f5ib olla vajalik andmete \u00fcmberkodeerimine ja\/v\u00f5i puhastamine isikuid tuvastada v\u00f5imaldavatest andmetest. Andmearhiividel, kus avalikult k\u00e4ttesaadavaid k\u00fcsitlusuuringute andmestikke enamasti hoiustatakse, on protseduurid ja poliitikad kindlustamaks, et andmed tehakse kasutamiseks k\u00e4ttesaadavaks ja avaldatakse kujul, mis ei sea ohtu uuringus osalenute konfidentsiaalsust (Borgman 2016).<\/span><\/span><\/span><\/p>\n<p style=\"margin-bottom: 12.0pt; text-align: justify;\"><\/p><\/div>\n        <\/div>\n        <\/div>\n    <\/div>\n<p style=\"margin-bottom: 12.0pt; text-align: justify;\"><\/p><div class=\"accordion mb-3\">\n        <div class=\"accordion-item accordion-item--white\">\n        <h2 class=\"accordion-header\" id=\"accordion-69de292f9df7b-heading\">\n            <button class=\"accordion-button collapsed\" type=\"button\" data-bs-toggle=\"collapse\" data-bs-target=\"#accordion-69de292f9df7b-collapse\" aria-expanded=\"true\" aria-controls=\"accordion-69de292f9df7b-collapse\"><span style=\"line-height: 115%;\"><span style=\"line-height: 115%;\"><span style=\"color: black;\">Pseudok\u00fcsitlused <i>(Pseudo-polls)<\/i><\/span><\/span><\/span><\/button>\n        <\/h2>\n        <div id=\"accordion-69de292f9df7b-collapse\" class=\"accordion-collapse collapse\" aria-labelledby=\"accordion-69de292f9df7b-heading\">\n            <div class=\"accordion-body\">\n<p style=\"margin-bottom: 12.0pt; text-align: justify;\">Kuna v\u00e4ga erinevad organisatsioonid ja \u00fchendused kasutavad suurt hulka k\u00fcsitluslaadseid meetodeid suhteliselt odava v\u00f5imalusena koguda infot ja kaasata inimesi, tasub \u00fcle r\u00f5hutada, et mitte iga katse inimestelt infot koguda ei kvalifitseeru k\u00fcsitlusuuringuks. Taolisi k\u00fcsitluslaadseid infokogumisi nimetatakse inglisekeelses kirjanduses nii pseudok\u00fcsitlusteks (<i>pseudo-polls<\/i>; vt Merkle 2008) kui m\u00f5jutus-uuringuteks (<i>push-polls<\/i>; vt Kellner). M\u00f5lemad nimetused viitavad sellele, et taoliste infokogumiste tulemustesse tuleks suhtuda kriitiliselt. Seda sellep\u00e4rast, et andmekvaliteedi osas on selline tegevus tihtipeale \u00e4\u00e4rmiselt problemaatiline ning sellisele tegevusele ei tohiks kindlasti viidata kui k\u00fcsitlustele v\u00f5i k\u00fcsitlusuuringutele (Merkle 2008).<\/p>\n<p style=\"margin-bottom: 12.0pt; text-align: justify;\"><span style=\"line-height: 115%;\"><span style=\"line-height: 115%;\"><span style=\"color: black;\">K\u00fcsitlusuuringud j\u00e4rgivad valimi koostamisel kindlaid p\u00f5him\u00f5tteid, samas kui pseudok\u00fcsitlused, mis v\u00f5ivad k\u00fcll n\u00e4ida k\u00fcsitlusuuringutena, h\u00f5lmavad pahatihti mitteteaduslikke (ja seega ebausaldusv\u00e4\u00e4rseid) katseid koguda infot inimeste arvamuste ja k\u00e4itumise kohta (Merkle 2008). Paraku v\u00f5ivad suurele osale publikust sellised k\u00fcsitlused suure vastajata arvu t\u00f5ttu n\u00e4ida isegi usaldusv\u00e4\u00e4rsemad kui teadusuuringud.<\/span><\/span><\/span><\/p>\n<p style=\"margin-bottom: 12.0pt; text-align: justify;\"><\/p><\/div>\n        <\/div>\n        <\/div>\n    <\/div>\n<p style=\"margin-bottom: 12.0pt; text-align: justify;\"><\/p><div class=\"accordion mb-3\">\n        <div class=\"accordion-item accordion-item--white\">\n        <h2 class=\"accordion-header\" id=\"accordion-69de292f9df81-heading\">\n            <button class=\"accordion-button collapsed\" type=\"button\" data-bs-toggle=\"collapse\" data-bs-target=\"#accordion-69de292f9df81-collapse\" aria-expanded=\"true\" aria-controls=\"accordion-69de292f9df81-collapse\"><span style=\"line-height: 115%;\"><span style=\"line-height: 115%;\"><span style=\"color: black;\">Kasutatud kirjandus<\/span><\/span><\/span><\/button>\n        <\/h2>\n        <div id=\"accordion-69de292f9df81-collapse\" class=\"accordion-collapse collapse\" aria-labelledby=\"accordion-69de292f9df81-heading\">\n            <div class=\"accordion-body\">\n<p><span style=\"line-height: 115%;\"><span style=\"line-height: 115%;\"><span style=\"color: black;\">Borgman, C. L. (2016). <i>Big data, little data, no data: Scholarship in the networked world.<\/i> MIT press.<\/span><\/span><\/span><\/p>\n<p><span style=\"line-height: 115%;\"><span style=\"line-height: 115%;\"><span style=\"color: black;\">Callegaro, M., Yang, Y. (2018). The Role of Surveys in the Era of \u201cBig Data\u201d. D. L. Vannette ja J. A. Krosnick (Toim), <i>The Palgrave Handbook of Survey Research<\/i> (lk 175\u2013192)<i>. <\/i>Cham: Springer International Publishing.<\/span><\/span><\/span><\/p>\n<p><span style=\"line-height: 115%;\"><span style=\"line-height: 115%;\"><span style=\"color: black;\">Fowler, F. J. (2012). Survey Research Methods. Thousand Oaks: SAGE Publications.<\/span><\/span><\/span><\/p>\n<p><span style=\"line-height: 115%;\"><span style=\"line-height: 115%;\"><span style=\"color: black;\">Groves, R. M. (2018). Improving Information Quality and Availability Through Interactions Between Government and Academic, and Industry Survey Research Sectors. D. L. Vannette ja J. A. Krosnick (Toim), <i>The Palgrave Handbook of Survey Research, <\/i>(lk 627\u2013634)<i>.<\/i> Cham: Springer International Publishing.<\/span><\/span><\/span><\/p>\n<p><span style=\"line-height: 115%;\"><span style=\"line-height: 115%;\"><span style=\"color: black;\">Kellner, P. <i>A Journalist\u2019s Guide To Opinion Polls.<\/i> (<\/span><\/span><span lang=\"EN-US\" style=\"color: black;\"><a href=\"http:\/\/www.britishpollingcouncil.org\/a-journalists-guide-to-opinion-polls\/\"><span lang=\"ET\"><span style=\"line-height: 115%;\"><span style=\"color: black;\">http:\/\/www.britishpollingcouncil.org\/a-journalists-guide-to-opinion-polls\/<\/span><\/span><\/span><\/a><\/span><span style=\"line-height: 115%;\"><span style=\"color: black;\">; vaadatud 16.10.2019). <\/span><\/span><\/span><\/p>\n<p><span style=\"line-height: 115%;\"><span style=\"line-height: 115%;\"><span style=\"color: black;\">Merkle, D. M. (2008). Pseudo-Polls. Lavrakas, P. J. (toim.), <i>Encyclopedia of Survey Research Methods. Volume 2 [N\u2013Z],<\/i> (lk 633\u2013634)<i>.<\/i> Thousand Oaks: Sage.<\/span><\/span><\/span><\/p>\n<p><\/p><\/div>\n        <\/div>\n        <\/div>\n    <\/div>\n<p style=\"margin-bottom: 12.0pt; text-align: justify;\"><i>Valminud Hariduse Infotehnoloogia Sihtasutuse IT Akadeemia programmi toel<\/i>.<\/p>\n","protected":false},"excerpt":{"rendered":"<p>Mai Beilmann 2020 K\u00fcsitlusuuringud on andmete kogumise viis, millega kogutakse eesk\u00e4tt kvantifitseeritavaid (numbrilisele kujule teisendatavaid) andmeid, mida on v\u00f5imalik statistiliselt anal\u00fc\u00fcsida. K\u00fcsitluste peamine eesm\u00e4rk on koguda v\u00f5imalikult standardiseeritud infot suure hulga inimeste kohta. K\u00fcsitlusuuringuid kasutatakse, et koguda infot n\u00e4iteks inimeste &#8230;<\/p>\n","protected":false},"author":45,"featured_media":0,"parent":0,"menu_order":0,"comment_status":"closed","ping_status":"closed","template":"","meta":{"_acf_changed":false,"inline_featured_image":false,"footnotes":""},"class_list":["post-62","page","type-page","status-publish","hentry"],"acf":[],"_links":{"self":[{"href":"https:\/\/sisu.ut.ee\/samm\/wp-json\/wp\/v2\/pages\/62","targetHints":{"allow":["GET"]}}],"collection":[{"href":"https:\/\/sisu.ut.ee\/samm\/wp-json\/wp\/v2\/pages"}],"about":[{"href":"https:\/\/sisu.ut.ee\/samm\/wp-json\/wp\/v2\/types\/page"}],"author":[{"embeddable":true,"href":"https:\/\/sisu.ut.ee\/samm\/wp-json\/wp\/v2\/users\/45"}],"replies":[{"embeddable":true,"href":"https:\/\/sisu.ut.ee\/samm\/wp-json\/wp\/v2\/comments?post=62"}],"version-history":[{"count":3,"href":"https:\/\/sisu.ut.ee\/samm\/wp-json\/wp\/v2\/pages\/62\/revisions"}],"predecessor-version":[{"id":1286,"href":"https:\/\/sisu.ut.ee\/samm\/wp-json\/wp\/v2\/pages\/62\/revisions\/1286"}],"wp:attachment":[{"href":"https:\/\/sisu.ut.ee\/samm\/wp-json\/wp\/v2\/media?parent=62"}],"curies":[{"name":"wp","href":"https:\/\/api.w.org\/{rel}","templated":true}]}}