{"id":6,"date":"2024-04-04T00:11:59","date_gmt":"2024-04-03T21:11:59","guid":{"rendered":"https:\/\/sisu.ut.ee\/samm\/risttabelid-ja-seosekordajad\/"},"modified":"2025-09-18T14:03:17","modified_gmt":"2025-09-18T11:03:17","slug":"risttabelid-ja-seosekordajad","status":"publish","type":"page","link":"https:\/\/sisu.ut.ee\/samm\/risttabelid-ja-seosekordajad\/","title":{"rendered":"Risttabelid ja seosekordajad"},"content":{"rendered":"<p style=\"text-align: right;\"><span style=\"font-size: medium;\"><strong>Kadri Rootalu<\/strong><\/span><br>\n<span style=\"font-size: medium;\"><strong>2014<\/strong><\/span><\/p>\n<p><strong>Risttabel ehk kahem\u00f5\u00f5tmeline sagedustabel <\/strong><\/p>\n<p>Risttabel on kahem\u00f5\u00f5tmeline sagedustabel, kus esitatakse vastajate sagedused l\u00e4htuvalt kahest vaatluse all olevast tunnusest (vt tabel 1).<\/p>\n<p class=\"MediumGrid21\">Tabel 1. Risttabel: presidendikandidaadi eelistus s\u00f5ltuvalt vastaja soost<\/p>\n<table class=\"table table-hover\" border=\"1\" cellspacing=\"0\" cellpadding=\"0\">\n<tbody>\n<tr>\n<td valign=\"top\">\n<p class=\"MediumGrid21\">\n<\/p><\/td>\n<td valign=\"top\">\n<p class=\"MediumGrid21\">T. H. Ilves<\/p>\n<\/td>\n<td valign=\"top\">\n<p class=\"MediumGrid21\">A. R\u00fc\u00fctel<\/p>\n<\/td>\n<td valign=\"top\">\n<p class=\"MediumGrid21\">Kokku<\/p>\n<\/td>\n<\/tr>\n<tr>\n<td valign=\"top\">\n<p class=\"MediumGrid21\">Mehed<\/p>\n<\/td>\n<td valign=\"top\">\n<p class=\"MediumGrid21\">30<\/p>\n<\/td>\n<td valign=\"top\">\n<p class=\"MediumGrid21\">10<\/p>\n<\/td>\n<td valign=\"top\">\n<p class=\"MediumGrid21\">40<\/p>\n<\/td>\n<\/tr>\n<tr>\n<td valign=\"top\">\n<p class=\"MediumGrid21\">Naised<\/p>\n<\/td>\n<td valign=\"top\">\n<p class=\"MediumGrid21\">25<\/p>\n<\/td>\n<td valign=\"top\">\n<p class=\"MediumGrid21\">35<\/p>\n<\/td>\n<td valign=\"top\">\n<p class=\"MediumGrid21\">60<\/p>\n<\/td>\n<\/tr>\n<tr>\n<td valign=\"top\">\n<p class=\"MediumGrid21\">Kokku<\/p>\n<\/td>\n<td valign=\"top\">\n<p class=\"MediumGrid21\">55<\/p>\n<\/td>\n<td valign=\"top\">\n<p class=\"MediumGrid21\">45<\/p>\n<\/td>\n<td valign=\"top\">\n<p class=\"MediumGrid21\">100<\/p>\n<\/td>\n<\/tr>\n<\/tbody>\n<\/table>\n<p class=\"MediumGrid21\">\n<\/p><p class=\"MediumGrid21\">Risttabelis v\u00f5ivad olla esitatud vastajate arvud v\u00f5i osakaalud. Viimasel juhul v\u00f5ib eristada protsente s\u00f5ltuvalt risttabeli elementidest, mille suhtes need v\u00f5etud on.<\/p>\n<p>Risttabeli elementideks on read, veerud ja lahtrid, mille j\u00e4rgi nimetatakse ka tabelisse m\u00e4rgitavaid protsente.<\/p>\n<p>Rea protsendid n\u00e4itavad, mitu protsenti selle rea inimestest kuulub \u00fchte v\u00f5i teise veergu, nt tabelis 2 pooldab 75% meestest T. H. Ilvese kandidatuuri.<\/p>\n<p class=\"MediumGrid21\">Tabel 2. Risttabel rea protsentidega<\/p>\n<table class=\"table table-hover\" border=\"1\" cellspacing=\"0\" cellpadding=\"0\">\n<tbody>\n<tr>\n<td valign=\"top\">\n<p class=\"MediumGrid21\">\n<\/p><\/td>\n<td valign=\"top\">\n<p class=\"MediumGrid21\">T. H. Ilves<\/p>\n<\/td>\n<td valign=\"top\">\n<p class=\"MediumGrid21\">A. R\u00fc\u00fctel<\/p>\n<\/td>\n<td valign=\"top\">\n<p class=\"MediumGrid21\">Kokku<\/p>\n<\/td>\n<\/tr>\n<tr>\n<td valign=\"top\">\n<p class=\"MediumGrid21\">Mehed<\/p>\n<\/td>\n<td valign=\"top\">\n<p class=\"MediumGrid21\">75%<\/p>\n<\/td>\n<td valign=\"top\">\n<p class=\"MediumGrid21\">25%<\/p>\n<\/td>\n<td valign=\"top\">\n<p class=\"MediumGrid21\">100%<\/p>\n<\/td>\n<\/tr>\n<tr>\n<td valign=\"top\">\n<p class=\"MediumGrid21\">Naised<\/p>\n<\/td>\n<td valign=\"top\">\n<p class=\"MediumGrid21\">25%<\/p>\n<\/td>\n<td valign=\"top\">\n<p class=\"MediumGrid21\">75%<\/p>\n<\/td>\n<td valign=\"top\">\n<p class=\"MediumGrid21\">100%<\/p>\n<\/td>\n<\/tr>\n<tr>\n<td valign=\"top\">\n<p class=\"MediumGrid21\">Kokku<\/p>\n<\/td>\n<td valign=\"top\">\n<p class=\"MediumGrid21\">45%<\/p>\n<\/td>\n<td valign=\"top\">\n<p class=\"MediumGrid21\">55%<\/p>\n<\/td>\n<td valign=\"top\">\n<p class=\"MediumGrid21\">100%<\/p>\n<\/td>\n<\/tr>\n<\/tbody>\n<\/table>\n<p>Veeru protsendid n\u00e4itavad, mitu protsenti selle veeru inimestest kuulub \u00fchte v\u00f5i teise ritta, nt tabelis 3 on T. H. Ilvese pooldajatest 55% mehed ja 45% naised.<\/p>\n<p class=\"MediumGrid21\">Tabel 3. Risttabel veeru protsentidega<\/p>\n<table class=\"table table-hover\" border=\"1\" cellspacing=\"0\" cellpadding=\"0\">\n<tbody>\n<tr>\n<td valign=\"top\">\n<p class=\"MediumGrid21\">\n<\/p><\/td>\n<td valign=\"top\">\n<p class=\"MediumGrid21\">T. H. Ilves<\/p>\n<\/td>\n<td valign=\"top\">\n<p class=\"MediumGrid21\">A. R\u00fc\u00fctel<\/p>\n<\/td>\n<td valign=\"top\">\n<p class=\"MediumGrid21\">Kokku<\/p>\n<\/td>\n<\/tr>\n<tr>\n<td valign=\"top\">\n<p class=\"MediumGrid21\">Mehed<\/p>\n<\/td>\n<td valign=\"top\">\n<p class=\"MediumGrid21\">55%<\/p>\n<\/td>\n<td valign=\"top\">\n<p class=\"MediumGrid21\">22%<\/p>\n<\/td>\n<td valign=\"top\">\n<p class=\"MediumGrid21\">40%<\/p>\n<\/td>\n<\/tr>\n<tr>\n<td valign=\"top\">\n<p class=\"MediumGrid21\">Naised<\/p>\n<\/td>\n<td valign=\"top\">\n<p class=\"MediumGrid21\">45%<\/p>\n<\/td>\n<td valign=\"top\">\n<p class=\"MediumGrid21\">78%<\/p>\n<\/td>\n<td valign=\"top\">\n<p class=\"MediumGrid21\">60%<\/p>\n<\/td>\n<\/tr>\n<tr>\n<td valign=\"top\">\n<p class=\"MediumGrid21\">Kokku<\/p>\n<\/td>\n<td valign=\"top\">\n<p class=\"MediumGrid21\">100%<\/p>\n<\/td>\n<td valign=\"top\">\n<p class=\"MediumGrid21\">100%<\/p>\n<\/td>\n<td valign=\"top\">\n<p class=\"MediumGrid21\">100<\/p>\n<\/td>\n<\/tr>\n<\/tbody>\n<\/table>\n<p>\u00dcldised protsendid n\u00e4itavad, mitu protsenti selle tabeli inimestest kuulub \u00fchte v\u00f5i teise lahtrisse, nt tabeli 4 puhul on n\u00e4ha, et A. R\u00fc\u00fctli meessoost toetajad moodustasid kogu vastajaskonnast 10%.<\/p>\n<p class=\"MediumGrid21\">Tabel 4. Risttabel \u00fcldprotsentidega<\/p>\n<table class=\"table table-hover\" border=\"1\" cellspacing=\"0\" cellpadding=\"0\">\n<tbody>\n<tr>\n<td valign=\"top\">\n<p class=\"MediumGrid21\">\n<\/p><\/td>\n<td valign=\"top\">\n<p class=\"MediumGrid21\">T. H. Ilves<\/p>\n<\/td>\n<td valign=\"top\">\n<p class=\"MediumGrid21\">A. R\u00fc\u00fctel<\/p>\n<\/td>\n<td valign=\"top\">\n<p class=\"MediumGrid21\">Kokku<\/p>\n<\/td>\n<\/tr>\n<tr>\n<td valign=\"top\">\n<p class=\"MediumGrid21\">Mehed<\/p>\n<\/td>\n<td valign=\"top\">\n<p class=\"MediumGrid21\">30%<\/p>\n<\/td>\n<td valign=\"top\">\n<p class=\"MediumGrid21\">10%<\/p>\n<\/td>\n<td valign=\"top\">\n<p class=\"MediumGrid21\">40%<\/p>\n<\/td>\n<\/tr>\n<tr>\n<td valign=\"top\">\n<p class=\"MediumGrid21\">Naised<\/p>\n<\/td>\n<td valign=\"top\">\n<p class=\"MediumGrid21\">25%<\/p>\n<\/td>\n<td valign=\"top\">\n<p class=\"MediumGrid21\">35%<\/p>\n<\/td>\n<td valign=\"top\">\n<p class=\"MediumGrid21\">60%<\/p>\n<\/td>\n<\/tr>\n<tr>\n<td valign=\"top\">\n<p class=\"MediumGrid21\">Kokku<\/p>\n<\/td>\n<td valign=\"top\">\n<p class=\"MediumGrid21\">55%<\/p>\n<\/td>\n<td valign=\"top\">\n<p class=\"MediumGrid21\">45%<\/p>\n<\/td>\n<td valign=\"top\">\n<p class=\"MediumGrid21\">100%<\/p>\n<\/td>\n<\/tr>\n<\/tbody>\n<\/table>\n<p class=\"MediumGrid21\">\n<\/p><p class=\"MediumGrid21\">Risttabeli p\u00f5hjal seoste kirjeldamine on tavalugejale kindlasti k\u00f5ige arusaadavam tulemuste esituse viis. Soovides aga valimiuuringu korral teha j\u00e4reldusi \u00fcldkogumi kohta, tuleks kasutada lisaks risttabelile ka seosekordajaid.<\/p>\n<p class=\"MediumGrid21\"><strong>Seosekordajad<\/strong><\/p>\n<p class=\"MediumGrid21\">Seosekordajaid kasutatakse kahe nominaal- v\u00f5i j\u00e4rjestustunnuse vahelise seose uurimiseks, kuigi nende kasutamine tuleks k\u00f5ne alla ka v\u00e4ikese v\u00e4\u00e4rtuste arvuga arvtunnuste puhul. Seosekordajate leidmisel tuginetakse risttabelile. Sagedamini kasutatavateks seosekordajateks on hii-ruut-statistik ja Crameri V.<\/p>\n<p class=\"MediumGrid21\"><em>Hii-ruut-statistik<\/em><\/p>\n<p class=\"MediumGrid21\">Hii-ruut-statistiku puhul vaadatakse kahe tunnuse tegelikku \u00fchist jaotust (nt vastajate arve risttabelis) ning v\u00f5rreldakse seda jaotusega (nt risttabeliga) sellises olukorras, kus kahe tunnuse vahel seost poleks. Kui nende jaotuste erinevus on suur, siis on ka hii-ruut-statistiku v\u00e4\u00e4rtus suur. Kui need jaotused langevad t\u00e4pselt kokku, siis on hii-ruut-statistiku v\u00e4\u00e4rtuseks 0 (vt <a href=\"#\" data-bs-toggle=\"modal\" data-bs-target=\"#popup-modal\" data-title=\"valemit\" data-content='&lt;\/p&gt;\n&lt;p class=\"MediumGrid21\"&gt;&lt;img class=\"alignnone wp-image-167\" title=\"valem.png\" src=\"https:\/\/sisu.ut.ee\/wp-content\/uploads\/sites\/110\/valem.png\" alt=\"valem.png\" \/&gt;&lt;\/p&gt;\n&lt;p class=\"MediumGrid21\"&gt;nij \u2013 lahtri tegelik sagedus (nende inimeste arv, kellel on reatunnuse v\u00e4\u00e4rtuseks selle tunnuse i-s v\u00e4\u00e4rtus ja veerutunnuse v\u00e4\u00e4rtuseks selle tunnuse j-s v\u00e4\u00e4rtus&lt;br \/&gt;\ni = 1, 2, &amp;#8230;, k&lt;br \/&gt;\nj = 1, 2, &amp;#8230;, l)&lt;br \/&gt;\nk \u2013 reatunnuse v\u00e4\u00e4rtuste arv; l \u2013 veerutunnuse v\u00e4\u00e4rtuste arv&lt;br \/&gt;\nNij \u2013 lahtri teoreetiline sagedus'>valemit<\/a>).<\/p>\n<p class=\"MediumGrid21\">Hii-ruut-statistiku maksimaalne v\u00e4\u00e4rtus s\u00f5ltub tabeli suurusest ja vastajate arvust. Seega ei saa erineva suurusega kogumite p\u00f5hjal v\u00f5i erineva lahtrite arvuga tabelite p\u00f5hjal leitud hii-ruut-statistikuid omavahel v\u00f5rrelda.<\/p>\n<p>Hii-ruut-statistikut on v\u00f5imalik v\u00e4lja arvutada levinumate statistikaprogrammidega (SPSS, STATA jms), kuid selle arvutamiseks on olemas ka netikalkulaatoreid, nt <strong><a href=\"http:\/\/www.quantpsy.org\/chisq\/chisq.htm\" target=\"_blank\" rel=\"noopener\">SIIN <\/a><\/strong>ja <strong><a href=\"http:\/\/stattrek.com\/online-calculator\/chi-square.aspx\" target=\"_blank\" rel=\"noopener\">SIIN<\/a><\/strong>.<\/p>\n<p class=\"MediumGrid21\">Probleemid<\/p>\n<p class=\"MediumGrid21\">Hii-ruut-statistikut ei ole hea kasutada siis, kui vaadeldavatel tunnustel on palju kategooriaid (vastusevariante). Sellisel juhul on oht, et hii-ruut-statistiku aluseks olevasse tabelisse j\u00e4\u00e4b t\u00fchje lahtreid, mille suhtes statistik on tundlik. V\u00f5imalusel tasuks siis kategooriaid \u00fcmber kodeerida nii, et igas oleks piisavalt palju vastajaid [viide \u00fcmberkodeerimise teemale].<\/p>\n<p class=\"MediumGrid21\"><em>Crameri V<\/em><\/p>\n<p class=\"MediumGrid21\">Crameri V on hii-ruut-statistikust edasi arendatud seosekordaja, mis arvestab ka vastajate arvu ning tabeli suurust (vt <a href=\"#\" data-bs-toggle=\"modal\" data-bs-target=\"#popup-modal\" data-title=\"valemit\" data-content='&lt;\/p&gt;\n&lt;p class=\"MediumGrid21\"&gt;&lt;img class=\"alignnone wp-image-168\" title=\"valem1.png\" src=\"https:\/\/sisu.ut.ee\/wp-content\/uploads\/sites\/110\/valem1.png\" alt=\"valem1.png\" \/&gt;&lt;\/p&gt;\n&lt;p class=\"MediumGrid21\"&gt;n \u2013 vastajate arv&lt;br \/&gt;\nm \u2013 tabeli l\u00fchema k\u00fclje pikkus'>valemit<\/a>).<\/p>\n<p class=\"MediumGrid21\">Crameri V ei saa olla kunagi suurem kui 1 ning selle minimaalseks v\u00e4\u00e4rtuseks on 0. Erinevate tabelite p\u00f5hjal v\u00e4lja arvutatud Crameri V kordajad on omavahel v\u00f5rreldavad: kordaja v\u00e4\u00e4rtusega 0,4 viitab tugevamale seosele kui kordaja v\u00e4\u00e4rtusega 0,3.<\/p>\n<p class=\"MediumGrid21\"><\/p><div class=\"accordion mb-3\">\n        <div class=\"accordion-item accordion-item--white\">\n        <h2 class=\"accordion-header\" id=\"accordion-69de5cf46a532-heading\">\n            <button class=\"accordion-button collapsed\" type=\"button\" data-bs-toggle=\"collapse\" data-bs-target=\"#accordion-69de5cf46a532-collapse\" aria-expanded=\"true\" aria-controls=\"accordion-69de5cf46a532-collapse\">N\u00e4ide paketiga SPSS<\/button>\n        <\/h2>\n        <div id=\"accordion-69de5cf46a532-collapse\" class=\"accordion-collapse collapse\" aria-labelledby=\"accordion-69de5cf46a532-heading\">\n            <div class=\"accordion-body\">\n<p class=\"MediumGrid21\">Avage andmestik ess12eesti.sav<\/p>\n<p>Risttabelid ehk mitmem\u00f5\u00f5tmelised sagedustabelid on paketi SPSS puhul tellitavad kirjeldava statistika alammen\u00fc\u00fcst (vt joonis 1)<\/p>\n<p><em>Analyze \u2013 Descriptive Statistics \u2013 Crosstabs<\/em><\/p>\n<figure id=\"attachment_169\" aria-describedby=\"caption-attachment-169\" style=\"width: 695px\" class=\"wp-caption aligncenter\"><img loading=\"lazy\" decoding=\"async\" class=\"wp-image-169\" title=\"Joonis 1. Risttabelite ja seosekordajate tellimine\" src=\"https:\/\/sisu.ut.ee\/wp-content\/uploads\/sites\/110\/spss.png\" alt=\"Joonis 1. Risttabelite ja seosekordajate tellimine\" width=\"695\" height=\"316\" srcset=\"https:\/\/sisu.ut.ee\/wp-content\/uploads\/sites\/110\/spss.png 695w, https:\/\/sisu.ut.ee\/wp-content\/uploads\/sites\/110\/spss-300x136.png 300w\" sizes=\"auto, (max-width: 695px) 100vw, 695px\"><figcaption id=\"caption-attachment-169\" class=\"wp-caption-text\">Joonis 1. Risttabelite ja seosekordajate tellimine<\/figcaption><\/figure>\n<p class=\"MediumGrid21\">J\u00e4rgnevas tellimisaknas (joonis 2) saab tunnuseid saata j\u00e4rgmistesse akendesse:<br>\n\u201eRow(s)\u201c: reatunnus<br>\n\u201eColumn(s)\u201c: veerutunnus<br>\n\u201eLayer\u201c: kihitunnus (eraldi tabelid)<\/p>\n<p class=\"MediumGrid21\">Praeguses n\u00e4ites soovime vaadata vastajate peamist tegevusala nende soo l\u00f5ikes. Seet\u00f5ttu saadame reatunnuseks \u201ePeamine tegevus \u2026\u201c ning veerutunnuseks \u201eSugu\u201c. Nupu alla \u201eLayer\u201c tunnuseid lisades saaks tellida ka kolme- ja rohkemam\u00f5\u00f5tmelisi tabeleid.<\/p>\n<figure id=\"attachment_170\" aria-describedby=\"caption-attachment-170\" style=\"width: 616px\" class=\"wp-caption aligncenter\"><img loading=\"lazy\" decoding=\"async\" class=\"wp-image-170\" title=\"Joonis 2. Risttabelite tellimise aken\" src=\"https:\/\/sisu.ut.ee\/wp-content\/uploads\/sites\/110\/spss2.png\" alt=\"Joonis 2. Risttabelite tellimise aken\" width=\"616\" height=\"541\" srcset=\"https:\/\/sisu.ut.ee\/wp-content\/uploads\/sites\/110\/spss2.png 616w, https:\/\/sisu.ut.ee\/wp-content\/uploads\/sites\/110\/spss2-300x263.png 300w\" sizes=\"auto, (max-width: 616px) 100vw, 616px\"><figcaption id=\"caption-attachment-170\" class=\"wp-caption-text\">Joonis 2. Risttabelite tellimise aken<\/figcaption><\/figure>\n<p class=\"MediumGrid21\">Nupu alt \u201eCells\u201c saab m\u00e4\u00e4rata tabeli lahtrites n\u00e4idatavat infot (vastajate arvud, protsendid jne, vt joonis 3).<\/p>\n<p class=\"MediumGrid21\">Praeguses n\u00e4ites (joonis 3) valime vastajate arvu (\u201eObserved\u201c) ning rea, veeru ja \u00fcldprotsendid (\u201ePercentage\u201c alt).<br>\nReaprotsent (\u201eRow\u201c): mitu protsenti selle rea inimestest kuulub \u00fchte v\u00f5i teise veergu.<br>\nVeeruprotsent (\u201eColumn\u201c): mitu protsenti selle veeru inimestest kuulub \u00fchte v\u00f5i teise ritta.<br>\n\u00dcldprotsendid (\u201eTotal\u201c): mitu protsenti selle tabeli inimestest kuulub \u00fchte v\u00f5i teise lahtrisse. Protsendi valik s\u00f5ltub uurimis\u00fclesandest, tavaliselt pole tabelisse vaja rohkem kui \u00fchte liiki protsenti.<\/p>\n<figure id=\"attachment_171\" aria-describedby=\"caption-attachment-171\" style=\"width: 472px\" class=\"wp-caption aligncenter\"><img loading=\"lazy\" decoding=\"async\" class=\"wp-image-171\" title=\"Joonis 3. Risttabeli tellimise aken lahtrisisese info m\u00e4\u00e4ramiseks\" src=\"https:\/\/sisu.ut.ee\/wp-content\/uploads\/sites\/110\/spss1.png\" alt=\"Joonis 3. Risttabeli tellimise aken lahtrisisese info m\u00e4\u00e4ramiseks\" width=\"472\" height=\"503\" srcset=\"https:\/\/sisu.ut.ee\/wp-content\/uploads\/sites\/110\/spss1.png 472w, https:\/\/sisu.ut.ee\/wp-content\/uploads\/sites\/110\/spss1-282x300.png 282w\" sizes=\"auto, (max-width: 472px) 100vw, 472px\"><figcaption id=\"caption-attachment-171\" class=\"wp-caption-text\">Joonis 3. Risttabeli tellimise aken lahtrisisese info m\u00e4\u00e4ramiseks<\/figcaption><\/figure>\n<p class=\"MediumGrid21\">Nupu \u201eStatistics\u201c alt (joonis 2) saab valida seosekordajaid.<\/p>\n<p class=\"MediumGrid21\">Praeguses n\u00e4ites (joonis 4) valime hii-ruut-statistiku \u201eChi-square\u201c ja Crameri V saamiseks \u201ePhi and Cramer\u2019s V\u201c<\/p>\n<figure id=\"attachment_172\" aria-describedby=\"caption-attachment-172\" style=\"width: 373px\" class=\"wp-caption aligncenter\"><img loading=\"lazy\" decoding=\"async\" class=\"wp-image-172\" title=\"Joonis 4. Seosekordajate valimine\" src=\"https:\/\/sisu.ut.ee\/wp-content\/uploads\/sites\/110\/spss3.png\" alt=\"Joonis 4. Seosekordajate valimine\" width=\"373\" height=\"445\" srcset=\"https:\/\/sisu.ut.ee\/wp-content\/uploads\/sites\/110\/spss3.png 373w, https:\/\/sisu.ut.ee\/wp-content\/uploads\/sites\/110\/spss3-251x300.png 251w\" sizes=\"auto, (max-width: 373px) 100vw, 373px\"><figcaption id=\"caption-attachment-172\" class=\"wp-caption-text\">Joonis 4. Seosekordajate valimine<\/figcaption><\/figure>\n<p>V\u00e4ljundtabelis (\u201eCrosstabulation\u201c, tabel 1) esitatud protsendid on \u00fclevalt alla alati samas j\u00e4rjekorras kui tellimisaknas.<\/p>\n<p class=\"MediumGrid21\">Seega, vastajate hulgas leidus 564 meest, kelle peamiseks tegevuseks oli tasustatud t\u00f6\u00f6.<br>\n46,8% nendest, kelle peamiseks tegevuseks oli tasustatud t\u00f6\u00f6, olid mehed.<br>\nMeestest 56,5%-l oli peamiseks tegevuseks tasustatud t\u00f6\u00f6.<br>\n\u00dcldse oli vastajate koguhulgas selliseid inimesi, kes olid mehed ja \u00fchtlasi ka tasustatud t\u00f6\u00f6l 23,7%.<\/p>\n<p>Tabel 1. Risttabel peamise tegevuse ja soo tunnuste vahel<\/p>\n<p class=\"MediumGrid21\"><img loading=\"lazy\" decoding=\"async\" width=\"622\" height=\"845\" class=\"alignnone wp-image-173\" title=\"spss4.png\" src=\"https:\/\/sisu.ut.ee\/wp-content\/uploads\/sites\/110\/spss4.png\" alt=\"spss4.png\" srcset=\"https:\/\/sisu.ut.ee\/wp-content\/uploads\/sites\/110\/spss4.png 622w, https:\/\/sisu.ut.ee\/wp-content\/uploads\/sites\/110\/spss4-221x300.png 221w\" sizes=\"auto, (max-width: 622px) 100vw, 622px\"><\/p>\n<p class=\"MediumGrid21\">Risttabeli j\u00e4rel esitatakse tabelid seosekordajatega.<\/p>\n<p class=\"MediumGrid21\">Tabelis 2 pealkirjaga \u201eChi-Square Tests\u201c on esimesel real antud hii-ruut-statistiku v\u00e4\u00e4rtus (82,927), vabadusastmete arv (8) ja olulisuse t\u00f5en\u00e4osus (0,000). Seega saab v\u00e4ita, et meeste ja naiste tegevusalade jaotuses on statistiliselt olulisi erinevusi. Millised need erinevused t\u00e4psemalt on, tuleb vaadata eelnevast risttabelist.<\/p>\n<p class=\"MediumGrid21\">M\u00e4rge \u201ea\u201c hii-ruut-statistiku v\u00e4\u00e4rtuse juures n\u00e4itab v\u00e4ikese vastajate arvuga lahtrite osakaalu. Anal\u00fc\u00fcsitehniliselt oleks oluline, et hii-ruut-statistiku arvutamisel aluseks olevas tabelis ei oleks t\u00fchje v\u00f5i v\u00e4ga v\u00e4ikese vastajate arvuga lahtreid.<\/p>\n<p>Tabel 2. Hii-ruut-statistik tabeli esimesel numbrireal<\/p>\n<p class=\"MediumGrid21\"><img loading=\"lazy\" decoding=\"async\" width=\"400\" height=\"191\" class=\"alignnone wp-image-174\" title=\"spss5.png\" src=\"https:\/\/sisu.ut.ee\/wp-content\/uploads\/sites\/110\/spss5.png\" alt=\"spss5.png\" srcset=\"https:\/\/sisu.ut.ee\/wp-content\/uploads\/sites\/110\/spss5.png 400w, https:\/\/sisu.ut.ee\/wp-content\/uploads\/sites\/110\/spss5-300x143.png 300w\" sizes=\"auto, (max-width: 400px) 100vw, 400px\"><\/p>\n<p class=\"MediumGrid21\">Viimases tabelis (tabel 3) pealkirjaga \u201eSymmetric Measures\u201c esitatakse statistikute \u201ePhi\u201c ja Crameri V v\u00e4\u00e4rtused (praegusel juhul m\u00f5lemad 0,187) ning olulisuse t\u00f5en\u00e4osus (0,000).<\/p>\n<p>Tabel 3. Crameri V tabeli teisel numbrireal<\/p>\n<p class=\"MediumGrid21\"><img loading=\"lazy\" decoding=\"async\" width=\"374\" height=\"161\" class=\"alignnone wp-image-175\" title=\"spss6.png\" src=\"https:\/\/sisu.ut.ee\/wp-content\/uploads\/sites\/110\/spss6.png\" alt=\"spss6.png\" srcset=\"https:\/\/sisu.ut.ee\/wp-content\/uploads\/sites\/110\/spss6.png 374w, https:\/\/sisu.ut.ee\/wp-content\/uploads\/sites\/110\/spss6-300x129.png 300w\" sizes=\"auto, (max-width: 374px) 100vw, 374px\"><\/p>\n<p class=\"MediumGrid21\"><\/p><\/div>\n        <\/div>\n        <\/div>\n    <\/div>\n<p class=\"MediumGrid21\"><\/p><div class=\"accordion mb-3\">\n        <div class=\"accordion-item accordion-item--white\">\n        <h2 class=\"accordion-header\" id=\"accordion-69de5cf46a53c-heading\">\n            <button class=\"accordion-button collapsed\" type=\"button\" data-bs-toggle=\"collapse\" data-bs-target=\"#accordion-69de5cf46a53c-collapse\" aria-expanded=\"true\" aria-controls=\"accordion-69de5cf46a53c-collapse\">Tulemuste esitlus<\/button>\n        <\/h2>\n        <div id=\"accordion-69de5cf46a53c-collapse\" class=\"accordion-collapse collapse\" aria-labelledby=\"accordion-69de5cf46a53c-heading\">\n            <div class=\"accordion-body\">\n<p class=\"MediumGrid21\">Hii-ruut-statistiku ja seosekordajate v\u00e4\u00e4rtusi esitatakse sageli teksti sees, m\u00e4rgitakse \u00e4ra hii-ruut-statistiku v\u00e4\u00e4rtus, vabadusastmete arv (df) ja olulisuse t\u00f5en\u00e4osus.<\/p>\n<p class=\"MediumGrid21\">N\u00e4iteks selgus anal\u00fc\u00fcsi k\u00e4igus, et eri riikide vastajate suhtumine perekonna prioriteetsusesse on statistiliselt olulisel m\u00e4\u00e4ral erinev, hii-ruut-statistiku v\u00e4\u00e4rtuseks on 119,5 (df=12, p=0,000)<\/p>\n<p class=\"MediumGrid21\">Samas v\u00f5ib need lisada ka juba olemasoleva tabeli juurde kas eraldi ridadele v\u00f5i pealkirja\/allkirja.<\/p>\n<p class=\"MediumGrid21\"><\/p><\/div>\n        <\/div>\n        <\/div>\n    <\/div>\n<p class=\"Bibliography1\"><\/p><div class=\"accordion mb-3\">\n        <div class=\"accordion-item accordion-item--white\">\n        <h2 class=\"accordion-header\" id=\"accordion-69de5cf46a53e-heading\">\n            <button class=\"accordion-button collapsed\" type=\"button\" data-bs-toggle=\"collapse\" data-bs-target=\"#accordion-69de5cf46a53e-collapse\" aria-expanded=\"true\" aria-controls=\"accordion-69de5cf46a53e-collapse\">Soovitatav kirjandus<\/button>\n        <\/h2>\n        <div id=\"accordion-69de5cf46a53e-collapse\" class=\"accordion-collapse collapse\" aria-labelledby=\"accordion-69de5cf46a53e-heading\">\n            <div class=\"accordion-body\">Tooding, L.-M. (2007). <em>Andmete anal\u00fc\u00fcs ja t\u00f5lgendamine sotsiaalteadustes<\/em>. Tartu: Tartu \u00dclikooli Kirjastus.<\/div>\n        <\/div>\n        <\/div>\n    <\/div>\n<p><strong>M\u00e4rks\u00f5nad<\/strong>: risttabel, protsent, rea protsent, veeru protsent, \u00fcldprotsent, hii-ruut-statistik, Crameri V<\/p>\n","protected":false},"excerpt":{"rendered":"<p>Kadri Rootalu 2014 Risttabel ehk kahem\u00f5\u00f5tmeline sagedustabel Risttabel on kahem\u00f5\u00f5tmeline sagedustabel, kus esitatakse vastajate sagedused l\u00e4htuvalt kahest vaatluse all olevast tunnusest (vt tabel 1). Tabel 1. Risttabel: presidendikandidaadi eelistus s\u00f5ltuvalt vastaja soost T. H. Ilves A. R\u00fc\u00fctel Kokku Mehed 30 &#8230;<\/p>\n","protected":false},"author":45,"featured_media":0,"parent":0,"menu_order":0,"comment_status":"closed","ping_status":"closed","template":"","meta":{"_acf_changed":false,"inline_featured_image":false,"footnotes":""},"class_list":["post-6","page","type-page","status-publish","hentry"],"acf":[],"_links":{"self":[{"href":"https:\/\/sisu.ut.ee\/samm\/wp-json\/wp\/v2\/pages\/6","targetHints":{"allow":["GET"]}}],"collection":[{"href":"https:\/\/sisu.ut.ee\/samm\/wp-json\/wp\/v2\/pages"}],"about":[{"href":"https:\/\/sisu.ut.ee\/samm\/wp-json\/wp\/v2\/types\/page"}],"author":[{"embeddable":true,"href":"https:\/\/sisu.ut.ee\/samm\/wp-json\/wp\/v2\/users\/45"}],"replies":[{"embeddable":true,"href":"https:\/\/sisu.ut.ee\/samm\/wp-json\/wp\/v2\/comments?post=6"}],"version-history":[{"count":5,"href":"https:\/\/sisu.ut.ee\/samm\/wp-json\/wp\/v2\/pages\/6\/revisions"}],"predecessor-version":[{"id":2143,"href":"https:\/\/sisu.ut.ee\/samm\/wp-json\/wp\/v2\/pages\/6\/revisions\/2143"}],"wp:attachment":[{"href":"https:\/\/sisu.ut.ee\/samm\/wp-json\/wp\/v2\/media?parent=6"}],"curies":[{"name":"wp","href":"https:\/\/api.w.org\/{rel}","templated":true}]}}