{"id":46,"date":"2024-04-04T00:12:03","date_gmt":"2024-04-03T21:12:03","guid":{"rendered":"https:\/\/sisu.ut.ee\/samm\/vordlusulesanded\/"},"modified":"2024-04-04T00:16:16","modified_gmt":"2024-04-03T21:16:16","slug":"vordlusulesanded","status":"publish","type":"page","link":"https:\/\/sisu.ut.ee\/samm\/vordlusulesanded\/","title":{"rendered":"V\u00f5rdlus\u00fclesanded"},"content":{"rendered":"<p>Peat\u00fckis selgitatakse enam levinud v\u00f5rdlus\u00fclesannete lahendamise v\u00f5imalusi. Peat\u00fckis <a href=\"https:\/\/sisu.ut.ee\/samm\/usaldusvahemik\" target=\"_blank\" rel=\"noopener\">usaldusvahemik <\/a>n\u00e4idatakse, miks ja kuidas leida usalduspiire keskmisele ning kuidas neid v\u00f5rrelda. Peat\u00fckis <a href=\"https:\/\/sisu.ut.ee\/samm\/t-test\" target=\"_blank\" rel=\"noopener\">T-test<\/a> selgitatakse t-testi kasutamise v\u00f5imalusi kahe grupi keskmiste v\u00f5rdlemiseks.<\/p>\n","protected":false},"excerpt":{"rendered":"<p>Peat\u00fckis selgitatakse enam levinud v\u00f5rdlus\u00fclesannete lahendamise v\u00f5imalusi. Peat\u00fckis usaldusvahemik n\u00e4idatakse, miks ja kuidas leida usalduspiire keskmisele ning kuidas neid v\u00f5rrelda. Peat\u00fckis T-test selgitatakse t-testi kasutamise v\u00f5imalusi kahe grupi keskmiste v\u00f5rdlemiseks.<\/p>\n","protected":false},"author":45,"featured_media":0,"parent":0,"menu_order":0,"comment_status":"closed","ping_status":"closed","template":"","meta":{"_acf_changed":false,"inline_featured_image":false,"footnotes":""},"class_list":["post-46","page","type-page","status-publish","hentry"],"acf":[],"_links":{"self":[{"href":"https:\/\/sisu.ut.ee\/samm\/wp-json\/wp\/v2\/pages\/46","targetHints":{"allow":["GET"]}}],"collection":[{"href":"https:\/\/sisu.ut.ee\/samm\/wp-json\/wp\/v2\/pages"}],"about":[{"href":"https:\/\/sisu.ut.ee\/samm\/wp-json\/wp\/v2\/types\/page"}],"author":[{"embeddable":true,"href":"https:\/\/sisu.ut.ee\/samm\/wp-json\/wp\/v2\/users\/45"}],"replies":[{"embeddable":true,"href":"https:\/\/sisu.ut.ee\/samm\/wp-json\/wp\/v2\/comments?post=46"}],"version-history":[{"count":1,"href":"https:\/\/sisu.ut.ee\/samm\/wp-json\/wp\/v2\/pages\/46\/revisions"}],"predecessor-version":[{"id":890,"href":"https:\/\/sisu.ut.ee\/samm\/wp-json\/wp\/v2\/pages\/46\/revisions\/890"}],"wp:attachment":[{"href":"https:\/\/sisu.ut.ee\/samm\/wp-json\/wp\/v2\/media?parent=46"}],"curies":[{"name":"wp","href":"https:\/\/api.w.org\/{rel}","templated":true}]}}