{"id":45,"date":"2024-04-04T00:12:03","date_gmt":"2024-04-03T21:12:03","guid":{"rendered":"https:\/\/sisu.ut.ee\/samm\/seoste-analyysimine\/"},"modified":"2024-04-04T00:16:16","modified_gmt":"2024-04-03T21:16:16","slug":"seoste-analyysimine","status":"publish","type":"page","link":"https:\/\/sisu.ut.ee\/samm\/seoste-analyysimine\/","title":{"rendered":"Seoste anal\u00fc\u00fcsimine"},"content":{"rendered":"<p style=\"text-align: right\"><span style=\"font-size: medium\"><strong>Kadri Rootalu<\/strong><\/span><br><span style=\"font-size: medium\"><strong>2014<\/strong><\/span><\/p>\n<p>Peat\u00fckk keskendub seose uurimisele tunnuste vahel. Seose all peetakse silmas olukorda, kus \u00fche tunnuse k\u00e4itumine s\u00f5ltub teise tunnuse k\u00e4itumisest, nt vastaja hinnangud m\u00f5ne presidendikandidaadi meeldivuse kohta (esimene tunnus) on seotud tema haridustasemega (teine tunnus) v\u00f5i elukohaga. Valides meetodit tunnustevahelise seose uurimiseks, tasub l\u00e4htuda kasutusel olevate <a href=\"https:\/\/sisu.ut.ee\/samm\/tunnused-ja-nende-tyybid\" target=\"_blank\" rel=\"noopener\">tunnuste t\u00fc\u00fcpidest<\/a>. Kahe nominaal- v\u00f5i j\u00e4rjestustunnuse vahelise seose uurimiseks saaks kasutada nt <a href=\"https:\/\/sisu.ut.ee\/samm\/risttabelid-ja-seosekordajad\" target=\"_blank\" rel=\"noopener\">risttabeleid ja seosekordajaid<\/a>. Kahe j\u00e4rjestustunnuse v\u00f5i arvtunnuse vahelise seose uurimiseks v\u00f5iks kasutada <a href=\"https:\/\/sisu.ut.ee\/samm\/korrelatsioonikordajad\" target=\"_blank\" rel=\"noopener\">korrelatsioonikordajaid<\/a>.<\/p>\n","protected":false},"excerpt":{"rendered":"<p>Kadri Rootalu2014 Peat\u00fckk keskendub seose uurimisele tunnuste vahel. Seose all peetakse silmas olukorda, kus \u00fche tunnuse k\u00e4itumine s\u00f5ltub teise tunnuse k\u00e4itumisest, nt vastaja hinnangud m\u00f5ne presidendikandidaadi meeldivuse kohta (esimene tunnus) on seotud tema haridustasemega (teine tunnus) v\u00f5i elukohaga. Valides meetodit &#8230;<\/p>\n","protected":false},"author":45,"featured_media":0,"parent":0,"menu_order":0,"comment_status":"closed","ping_status":"closed","template":"","meta":{"_acf_changed":false,"inline_featured_image":false,"footnotes":""},"class_list":["post-45","page","type-page","status-publish","hentry"],"acf":[],"_links":{"self":[{"href":"https:\/\/sisu.ut.ee\/samm\/wp-json\/wp\/v2\/pages\/45","targetHints":{"allow":["GET"]}}],"collection":[{"href":"https:\/\/sisu.ut.ee\/samm\/wp-json\/wp\/v2\/pages"}],"about":[{"href":"https:\/\/sisu.ut.ee\/samm\/wp-json\/wp\/v2\/types\/page"}],"author":[{"embeddable":true,"href":"https:\/\/sisu.ut.ee\/samm\/wp-json\/wp\/v2\/users\/45"}],"replies":[{"embeddable":true,"href":"https:\/\/sisu.ut.ee\/samm\/wp-json\/wp\/v2\/comments?post=45"}],"version-history":[{"count":1,"href":"https:\/\/sisu.ut.ee\/samm\/wp-json\/wp\/v2\/pages\/45\/revisions"}],"predecessor-version":[{"id":891,"href":"https:\/\/sisu.ut.ee\/samm\/wp-json\/wp\/v2\/pages\/45\/revisions\/891"}],"wp:attachment":[{"href":"https:\/\/sisu.ut.ee\/samm\/wp-json\/wp\/v2\/media?parent=45"}],"curies":[{"name":"wp","href":"https:\/\/api.w.org\/{rel}","templated":true}]}}