{"id":21,"date":"2024-04-04T00:12:00","date_gmt":"2024-04-03T21:12:00","guid":{"rendered":"https:\/\/sisu.ut.ee\/samm\/kuidas-analyysida-tekste-ja-diskursust\/"},"modified":"2025-08-25T14:30:26","modified_gmt":"2025-08-25T11:30:26","slug":"kuidas-analyysida-tekste-ja-diskursust","status":"publish","type":"page","link":"https:\/\/sisu.ut.ee\/samm\/kuidas-analyysida-tekste-ja-diskursust\/","title":{"rendered":"Kuidas anal\u00fc\u00fcsida tekste ja diskursust?"},"content":{"rendered":"<p>Peat\u00fckis tutvustatakse erinevaid teksti- ja diskursusanal\u00fc\u00fcsi meetodeid: standardiseeritud kontentanal\u00fc\u00fcsi, kvalitatiivset sisuanal\u00fc\u00fcsi, diskursusanal\u00fc\u00fcsi, multimodaalse diskursuse anal\u00fc\u00fcsi, vestlusanal\u00fc\u00fcsi, narratiivianal\u00fc\u00fcsi, kujutiste lugemist, Q-metodoloogiat ja meelestatuse anal\u00fc\u00fcsi.<\/p>\n","protected":false},"excerpt":{"rendered":"<p>Peat\u00fckis tutvustatakse erinevaid teksti- ja diskursusanal\u00fc\u00fcsi meetodeid: standardiseeritud kontentanal\u00fc\u00fcsi, kvalitatiivset sisuanal\u00fc\u00fcsi, diskursusanal\u00fc\u00fcsi, multimodaalse diskursuse anal\u00fc\u00fcsi, vestlusanal\u00fc\u00fcsi, narratiivianal\u00fc\u00fcsi, kujutiste lugemist, Q-metodoloogiat ja meelestatuse anal\u00fc\u00fcsi.<\/p>\n","protected":false},"author":45,"featured_media":0,"parent":0,"menu_order":0,"comment_status":"closed","ping_status":"closed","template":"","meta":{"_acf_changed":false,"inline_featured_image":false,"footnotes":""},"class_list":["post-21","page","type-page","status-publish","hentry"],"acf":[],"_links":{"self":[{"href":"https:\/\/sisu.ut.ee\/samm\/wp-json\/wp\/v2\/pages\/21","targetHints":{"allow":["GET"]}}],"collection":[{"href":"https:\/\/sisu.ut.ee\/samm\/wp-json\/wp\/v2\/pages"}],"about":[{"href":"https:\/\/sisu.ut.ee\/samm\/wp-json\/wp\/v2\/types\/page"}],"author":[{"embeddable":true,"href":"https:\/\/sisu.ut.ee\/samm\/wp-json\/wp\/v2\/users\/45"}],"replies":[{"embeddable":true,"href":"https:\/\/sisu.ut.ee\/samm\/wp-json\/wp\/v2\/comments?post=21"}],"version-history":[{"count":2,"href":"https:\/\/sisu.ut.ee\/samm\/wp-json\/wp\/v2\/pages\/21\/revisions"}],"predecessor-version":[{"id":1261,"href":"https:\/\/sisu.ut.ee\/samm\/wp-json\/wp\/v2\/pages\/21\/revisions\/1261"}],"wp:attachment":[{"href":"https:\/\/sisu.ut.ee\/samm\/wp-json\/wp\/v2\/media?parent=21"}],"curies":[{"name":"wp","href":"https:\/\/api.w.org\/{rel}","templated":true}]}}