{"id":20,"date":"2024-04-04T00:12:00","date_gmt":"2024-04-03T21:12:00","guid":{"rendered":"https:\/\/sisu.ut.ee\/samm\/kuidas-analyysida-kvantitatiivseid-andmeid\/"},"modified":"2025-08-25T14:28:11","modified_gmt":"2025-08-25T11:28:11","slug":"kuidas-analyysida-kvantitatiivseid-andmeid","status":"publish","type":"page","link":"https:\/\/sisu.ut.ee\/samm\/kuidas-analyysida-kvantitatiivseid-andmeid\/","title":{"rendered":"Kuidas anal\u00fc\u00fcsida kvantitatiivseid andmeid?"},"content":{"rendered":"<p>Peat\u00fckis tutvustatakse meetodeid kvantitatiivsete andmete statistiliseks anal\u00fc\u00fcsiks. Esmalt tutvustakse kvantitatiivses anal\u00fc\u00fcsis kasutatavaid tunnuste t\u00fc\u00fcpe, \u00f5petatakse andmeanal\u00fc\u00fcsi moodulit aktiveerima ja andmeid kaaluma ning n\u00e4idatakse v\u00f5imalusi muutujate \u00fchem\u00f5\u00f5tmeliseks kirjeldavaks anal\u00fc\u00fcsiks. Seej\u00e4rel tutvustatakse kahem\u00f5\u00f5tmelise anal\u00fc\u00fcsi v\u00f5imalusi erinevat t\u00fc\u00fcpi tunnuste vahel ning keerulisemaid seosemudeleid. Viimasena antakse \u00fclevaade Bayesi statistika ja meta-anal\u00fc\u00fcsi v\u00f5imalustest.<\/p>\n<p>Sobiva statistilise n\u00e4itaja v\u00f5i meetodi valikul soovitame l\u00e4htuda muuhulgas ka kasutatavate muutujate t\u00fc\u00fcpidest.<\/p>\n","protected":false},"excerpt":{"rendered":"<p>Peat\u00fckis tutvustatakse meetodeid kvantitatiivsete andmete statistiliseks anal\u00fc\u00fcsiks. Esmalt tutvustakse kvantitatiivses anal\u00fc\u00fcsis kasutatavaid tunnuste t\u00fc\u00fcpe, \u00f5petatakse andmeanal\u00fc\u00fcsi moodulit aktiveerima ja andmeid kaaluma ning n\u00e4idatakse v\u00f5imalusi muutujate \u00fchem\u00f5\u00f5tmeliseks kirjeldavaks anal\u00fc\u00fcsiks. Seej\u00e4rel tutvustatakse kahem\u00f5\u00f5tmelise anal\u00fc\u00fcsi v\u00f5imalusi erinevat t\u00fc\u00fcpi tunnuste vahel ning keerulisemaid seosemudeleid. &#8230;<\/p>\n","protected":false},"author":45,"featured_media":0,"parent":0,"menu_order":0,"comment_status":"closed","ping_status":"closed","template":"","meta":{"_acf_changed":false,"inline_featured_image":false,"footnotes":""},"class_list":["post-20","page","type-page","status-publish","hentry"],"acf":[],"_links":{"self":[{"href":"https:\/\/sisu.ut.ee\/samm\/wp-json\/wp\/v2\/pages\/20","targetHints":{"allow":["GET"]}}],"collection":[{"href":"https:\/\/sisu.ut.ee\/samm\/wp-json\/wp\/v2\/pages"}],"about":[{"href":"https:\/\/sisu.ut.ee\/samm\/wp-json\/wp\/v2\/types\/page"}],"author":[{"embeddable":true,"href":"https:\/\/sisu.ut.ee\/samm\/wp-json\/wp\/v2\/users\/45"}],"replies":[{"embeddable":true,"href":"https:\/\/sisu.ut.ee\/samm\/wp-json\/wp\/v2\/comments?post=20"}],"version-history":[{"count":2,"href":"https:\/\/sisu.ut.ee\/samm\/wp-json\/wp\/v2\/pages\/20\/revisions"}],"predecessor-version":[{"id":1260,"href":"https:\/\/sisu.ut.ee\/samm\/wp-json\/wp\/v2\/pages\/20\/revisions\/1260"}],"wp:attachment":[{"href":"https:\/\/sisu.ut.ee\/samm\/wp-json\/wp\/v2\/media?parent=20"}],"curies":[{"name":"wp","href":"https:\/\/api.w.org\/{rel}","templated":true}]}}