{"id":19,"date":"2024-04-04T00:12:00","date_gmt":"2024-04-03T21:12:00","guid":{"rendered":"https:\/\/sisu.ut.ee\/samm\/analyysitarkvara\/"},"modified":"2025-08-25T14:19:18","modified_gmt":"2025-08-25T11:19:18","slug":"analyysitarkvara","status":"publish","type":"page","link":"https:\/\/sisu.ut.ee\/samm\/analyysitarkvara\/","title":{"rendered":"Kuidas kasutada anal\u00fc\u00fcsitarkvara?"},"content":{"rendered":"<p>Peat\u00fckis tutvustatakse andmete ja tekstide anal\u00fc\u00fcsimist abistava tarkvara kasutamist. \u00d5petused on anal\u00fc\u00fcsipakettide SPSS ja R ning kvalitatiivse anal\u00fc\u00fcsi tarkvara kohta.<\/p>\n","protected":false},"excerpt":{"rendered":"<p>Peat\u00fckis tutvustatakse andmete ja tekstide anal\u00fc\u00fcsimist abistava tarkvara kasutamist. \u00d5petused on anal\u00fc\u00fcsipakettide SPSS ja R ning kvalitatiivse anal\u00fc\u00fcsi tarkvara kohta.<\/p>\n","protected":false},"author":45,"featured_media":0,"parent":0,"menu_order":0,"comment_status":"closed","ping_status":"closed","template":"","meta":{"_acf_changed":false,"inline_featured_image":false,"footnotes":""},"class_list":["post-19","page","type-page","status-publish","hentry"],"acf":[],"_links":{"self":[{"href":"https:\/\/sisu.ut.ee\/samm\/wp-json\/wp\/v2\/pages\/19","targetHints":{"allow":["GET"]}}],"collection":[{"href":"https:\/\/sisu.ut.ee\/samm\/wp-json\/wp\/v2\/pages"}],"about":[{"href":"https:\/\/sisu.ut.ee\/samm\/wp-json\/wp\/v2\/types\/page"}],"author":[{"embeddable":true,"href":"https:\/\/sisu.ut.ee\/samm\/wp-json\/wp\/v2\/users\/45"}],"replies":[{"embeddable":true,"href":"https:\/\/sisu.ut.ee\/samm\/wp-json\/wp\/v2\/comments?post=19"}],"version-history":[{"count":2,"href":"https:\/\/sisu.ut.ee\/samm\/wp-json\/wp\/v2\/pages\/19\/revisions"}],"predecessor-version":[{"id":1259,"href":"https:\/\/sisu.ut.ee\/samm\/wp-json\/wp\/v2\/pages\/19\/revisions\/1259"}],"wp:attachment":[{"href":"https:\/\/sisu.ut.ee\/samm\/wp-json\/wp\/v2\/media?parent=19"}],"curies":[{"name":"wp","href":"https:\/\/api.w.org\/{rel}","templated":true}]}}