{"id":18,"date":"2024-04-04T00:12:00","date_gmt":"2024-04-03T21:12:00","guid":{"rendered":"https:\/\/sisu.ut.ee\/samm\/andmekogumismeetodid\/"},"modified":"2025-08-25T14:16:23","modified_gmt":"2025-08-25T11:16:23","slug":"andmekogumismeetodid","status":"publish","type":"page","link":"https:\/\/sisu.ut.ee\/samm\/andmekogumismeetodid\/","title":{"rendered":"Kuidas koguda andmeid?"},"content":{"rendered":"<p>Peat\u00fcki eesm\u00e4rk on aidata uurijat sobiva andmekogumismeetodi valikult. Tutvustatakse j\u00e4rgmisi andmekogumise viise: eksperiment, k\u00fcsitlusuuring, individuaal- ja fookusgrupi intervjuud, vaatlus, juhtumiuuring, etnograafiline uurimus, loovuurimismeetodid, arendusuuring, osalus-tegevusuuring, p\u00f5histatud teooria ning isaider-uurijaga uuringut.<\/p>\n","protected":false},"excerpt":{"rendered":"<p>Peat\u00fcki eesm\u00e4rk on aidata uurijat sobiva andmekogumismeetodi valikult. Tutvustatakse j\u00e4rgmisi andmekogumise viise: eksperiment, k\u00fcsitlusuuring, individuaal- ja fookusgrupi intervjuud, vaatlus, juhtumiuuring, etnograafiline uurimus, loovuurimismeetodid, arendusuuring, osalus-tegevusuuring, p\u00f5histatud teooria ning isaider-uurijaga uuringut.<\/p>\n","protected":false},"author":45,"featured_media":0,"parent":0,"menu_order":0,"comment_status":"closed","ping_status":"closed","template":"","meta":{"_acf_changed":false,"inline_featured_image":false,"footnotes":""},"class_list":["post-18","page","type-page","status-publish","hentry"],"acf":[],"_links":{"self":[{"href":"https:\/\/sisu.ut.ee\/samm\/wp-json\/wp\/v2\/pages\/18","targetHints":{"allow":["GET"]}}],"collection":[{"href":"https:\/\/sisu.ut.ee\/samm\/wp-json\/wp\/v2\/pages"}],"about":[{"href":"https:\/\/sisu.ut.ee\/samm\/wp-json\/wp\/v2\/types\/page"}],"author":[{"embeddable":true,"href":"https:\/\/sisu.ut.ee\/samm\/wp-json\/wp\/v2\/users\/45"}],"replies":[{"embeddable":true,"href":"https:\/\/sisu.ut.ee\/samm\/wp-json\/wp\/v2\/comments?post=18"}],"version-history":[{"count":2,"href":"https:\/\/sisu.ut.ee\/samm\/wp-json\/wp\/v2\/pages\/18\/revisions"}],"predecessor-version":[{"id":1258,"href":"https:\/\/sisu.ut.ee\/samm\/wp-json\/wp\/v2\/pages\/18\/revisions\/1258"}],"wp:attachment":[{"href":"https:\/\/sisu.ut.ee\/samm\/wp-json\/wp\/v2\/media?parent=18"}],"curies":[{"name":"wp","href":"https:\/\/api.w.org\/{rel}","templated":true}]}}