{"id":16,"date":"2024-04-04T00:12:00","date_gmt":"2024-04-03T21:12:00","guid":{"rendered":"https:\/\/sisu.ut.ee\/samm\/millega-arvestada-uurimuste-kavandamisel\/"},"modified":"2025-08-25T14:10:22","modified_gmt":"2025-08-25T11:10:22","slug":"millega-arvestada-uurimuste-kavandamisel","status":"publish","type":"page","link":"https:\/\/sisu.ut.ee\/samm\/millega-arvestada-uurimuste-kavandamisel\/","title":{"rendered":"Millega arvestada uurimuste kavandamisel?"},"content":{"rendered":"<p>Peat\u00fcki eesm\u00e4rk on aidata uurijat uuringu kavandamisel. Selles osas tutvustatakse sotsiaalteaduslike uurimuste metodoloogilisi aluseid: uurimuse kavandamise protsessi, valimite moodustamist, indikaatoreid ja indekseid, valiidsuse ja reliaabluse m\u00f5isteid. Samuti k\u00e4sitletakse siin sotsiaalteaduslike uuringute kavandamisel ja korraldamisel keskseid uurimiseetika ja andmekaitse k\u00fcsimusi.<\/p>\n","protected":false},"excerpt":{"rendered":"<p>Peat\u00fcki eesm\u00e4rk on aidata uurijat uuringu kavandamisel. Selles osas tutvustatakse sotsiaalteaduslike uurimuste metodoloogilisi aluseid: uurimuse kavandamise protsessi, valimite moodustamist, indikaatoreid ja indekseid, valiidsuse ja reliaabluse m\u00f5isteid. Samuti k\u00e4sitletakse siin sotsiaalteaduslike uuringute kavandamisel ja korraldamisel keskseid uurimiseetika ja andmekaitse k\u00fcsimusi.<\/p>\n","protected":false},"author":45,"featured_media":0,"parent":0,"menu_order":0,"comment_status":"closed","ping_status":"closed","template":"","meta":{"_acf_changed":false,"inline_featured_image":false,"footnotes":""},"class_list":["post-16","page","type-page","status-publish","hentry"],"acf":[],"_links":{"self":[{"href":"https:\/\/sisu.ut.ee\/samm\/wp-json\/wp\/v2\/pages\/16","targetHints":{"allow":["GET"]}}],"collection":[{"href":"https:\/\/sisu.ut.ee\/samm\/wp-json\/wp\/v2\/pages"}],"about":[{"href":"https:\/\/sisu.ut.ee\/samm\/wp-json\/wp\/v2\/types\/page"}],"author":[{"embeddable":true,"href":"https:\/\/sisu.ut.ee\/samm\/wp-json\/wp\/v2\/users\/45"}],"replies":[{"embeddable":true,"href":"https:\/\/sisu.ut.ee\/samm\/wp-json\/wp\/v2\/comments?post=16"}],"version-history":[{"count":2,"href":"https:\/\/sisu.ut.ee\/samm\/wp-json\/wp\/v2\/pages\/16\/revisions"}],"predecessor-version":[{"id":1257,"href":"https:\/\/sisu.ut.ee\/samm\/wp-json\/wp\/v2\/pages\/16\/revisions\/1257"}],"wp:attachment":[{"href":"https:\/\/sisu.ut.ee\/samm\/wp-json\/wp\/v2\/media?parent=16"}],"curies":[{"name":"wp","href":"https:\/\/api.w.org\/{rel}","templated":true}]}}