{"id":15,"date":"2024-04-04T00:12:00","date_gmt":"2024-04-03T21:12:00","guid":{"rendered":"https:\/\/sisu.ut.ee\/samm\/viitamine\/"},"modified":"2025-08-25T13:34:55","modified_gmt":"2025-08-25T10:34:55","slug":"viitamine","status":"publish","type":"page","link":"https:\/\/sisu.ut.ee\/samm\/viitamine\/","title":{"rendered":"Viitamine"},"content":{"rendered":"<p><span style=\"line-height: normal;\"><b>VIITAMINE<\/b><\/span><\/p>\n<p>\u00d5ppematerjali iga peat\u00fcki juures on toodud selle autor(id) ja valmimisaasta, lisaks nendele tuleks kirjes \u00e4ra n\u00e4idata ka konkreetse kasutatud tekstil\u00f5igu veebiaadress. Teksti sees v\u00f5iks viidata autorile koos aastanumbriga, n\u00e4iteks (Rootalu, 2014) v\u00f5i (Kalmus, 2015).\u00a0N\u00e4ited kirjanduse loetelu jaoks on esitatud j\u00e4rgnevalt:<\/p>\n<p><u>2014\u20132015 lisatud peat\u00fckkide puhul<\/u><\/p>\n<p>Kalmus, V. (2015). Diskursusanal\u00fc\u00fcs. K. Rootalu, V. Kalmus, A. Masso, ja T. Vihalemm (toim),\u00a0<em>Sotsiaalse anal\u00fc\u00fcsi meetodite ja metodoloogia \u00f5pibaas<\/em>.\u00a0<a href=\"http:\/\/samm.ut.ee\/diskursusanalyys\">http:\/\/samm.ut.ee\/diskursusanalyys<\/a><\/p>\n<p>Rootalu, K. (2014). Korrelatsioonikordajad. K. Rootalu, V. Kalmus, A. Masso, ja T. Vihalemm (toim),\u00a0<em>Sotsiaalse anal\u00fc\u00fcsi meetodite ja metodoloogia \u00f5pibaas<\/em>.\u00a0<a href=\"http:\/\/samm.ut.ee\/korrelatsioonikordajad\">http:\/\/samm.ut.ee\/korrelatsioonikordajad<\/a><\/p>\n<p><u>2017 lisatud peat\u00fckkide puhul<\/u><\/p>\n<p>Tooding, L.-M. (2017). Koosm\u00f5jukomponentidega regressioonimudeli t\u00f5lgendamine. K. Rootalu ja A. Trumm (toim), <em>Sotsiaalse anal\u00fc\u00fcsi meetodite ja metodoloogia \u00f5pibaas<\/em>.\u00a0<a href=\"https:\/\/samm.ut.ee\/koosmojukomponentidega-regressioonimudeli-tolgendamine\/\">https:\/\/samm.ut.ee\/koosmojukomponentidega-regressioonimudeli-tolgendamine\/<\/a><\/p>\n<p><u>2020 lisatud peat\u00fckkide puhul<\/u><\/p>\n<p>Beilmann, M. (2020). Anal\u00fc\u00fcsitulemuste esitamine joonistel. M. Beilmann, A. Roots ja K. Rootalu (toim),\u00a0<em>Sotsiaalse anal\u00fc\u00fcsi meetodite ja metodoloogia \u00f5pibaas<\/em>.\u00a0<a href=\"https:\/\/samm.ut.ee\/analuusitulemuste-esitamine-joonisel\/\">https:\/\/samm.ut.ee\/analuusitulemuste-esitamine-joonisel\/<\/a><\/p>\n<p>Kolnes, M. (2020). Sissjuhatus R-i ja RStudiosse. M. Beilmann, A. Roots ja K. Rootalu (toim),\u00a0<em>Sotsiaalse anal\u00fc\u00fcsi meetodite ja metodoloogia \u00f5pibaas<\/em>.\u00a0<a href=\"http:\/\/samm.ut.ee\/sissjuhatus-r-i-ja-rstudiosse\">http:\/\/samm.ut.ee\/sissjuhatus-r-i-ja-rstudiosse<\/a><\/p>\n<p><u>2025 lisatud peat\u00fckkide puhul<\/u><\/p>\n<p>Juurik, M. (2025). Isikuandmete t\u00f6\u00f6tlemine sotsiaalteaduslikes uuringutes. M. Beilmann, S. Opermann ja D. Kutsar (toim),\u00a0<em>Sotsiaalse anal\u00fc\u00fcsi meetodite ja metodoloogia \u00f5pibaas<\/em>.\u00a0<a href=\"https:\/\/samm.ut.ee\/isikuandmete-tootlemine-sotsiaalteaduslikes-uuringutes\/\">https:\/\/samm.ut.ee\/isikuandmete-tootlemine-sotsiaalteaduslikes-uuringutes\/<\/a><\/p>\n<p>T\u00e4iendatud ja parandatud peat\u00fckkide puhul on korrektne viidata viimasele t\u00e4iendatud versioonile.<\/p>\n","protected":false},"excerpt":{"rendered":"<p>VIITAMINE \u00d5ppematerjali iga peat\u00fcki juures on toodud selle autor(id) ja valmimisaasta, lisaks nendele tuleks kirjes \u00e4ra n\u00e4idata ka konkreetse kasutatud tekstil\u00f5igu veebiaadress. Teksti sees v\u00f5iks viidata autorile koos aastanumbriga, n\u00e4iteks (Rootalu, 2014) v\u00f5i (Kalmus, 2015).\u00a0N\u00e4ited kirjanduse loetelu jaoks on esitatud &#8230;<\/p>\n","protected":false},"author":45,"featured_media":0,"parent":0,"menu_order":0,"comment_status":"closed","ping_status":"closed","template":"","meta":{"_acf_changed":false,"inline_featured_image":false,"footnotes":""},"class_list":["post-15","page","type-page","status-publish","hentry"],"acf":[],"_links":{"self":[{"href":"https:\/\/sisu.ut.ee\/samm\/wp-json\/wp\/v2\/pages\/15","targetHints":{"allow":["GET"]}}],"collection":[{"href":"https:\/\/sisu.ut.ee\/samm\/wp-json\/wp\/v2\/pages"}],"about":[{"href":"https:\/\/sisu.ut.ee\/samm\/wp-json\/wp\/v2\/types\/page"}],"author":[{"embeddable":true,"href":"https:\/\/sisu.ut.ee\/samm\/wp-json\/wp\/v2\/users\/45"}],"replies":[{"embeddable":true,"href":"https:\/\/sisu.ut.ee\/samm\/wp-json\/wp\/v2\/comments?post=15"}],"version-history":[{"count":4,"href":"https:\/\/sisu.ut.ee\/samm\/wp-json\/wp\/v2\/pages\/15\/revisions"}],"predecessor-version":[{"id":1232,"href":"https:\/\/sisu.ut.ee\/samm\/wp-json\/wp\/v2\/pages\/15\/revisions\/1232"}],"wp:attachment":[{"href":"https:\/\/sisu.ut.ee\/samm\/wp-json\/wp\/v2\/media?parent=15"}],"curies":[{"name":"wp","href":"https:\/\/api.w.org\/{rel}","templated":true}]}}