{"id":1262,"date":"2025-08-25T14:41:00","date_gmt":"2025-08-25T11:41:00","guid":{"rendered":"https:\/\/sisu.ut.ee\/samm\/?page_id=1262"},"modified":"2025-08-25T14:41:01","modified_gmt":"2025-08-25T11:41:01","slug":"visualiseerimine","status":"publish","type":"page","link":"https:\/\/sisu.ut.ee\/samm\/visualiseerimine\/","title":{"rendered":"Visualiseerimine"},"content":{"rendered":"<p><\/p>\n\n\n\n<p>Peat\u00fckis tutvustakse lihtsamaid v\u00f5imalusi uuringu struktuuri, m\u00f5istete vaheliste seoste ja uuringutulemuste visualiseerimiseks. Esmalt \u00f5petatakse visualiseerimise p\u00f5hit\u00f5desid lihtsamate diagrammide (v\u00e4\u00e4rtusahel, kontekstidiagramm, andmevoodiagramm) n\u00e4itel. Seej\u00e4rel k\u00e4sitletakse statistilise andmeanal\u00fc\u00fcsi tulemuste esitamisel enim kasutatavaid jooniset\u00fc\u00fcpe. \u00a0<\/p>\n\n\n\n<p><\/p>\n","protected":false},"excerpt":{"rendered":"<p>Peat\u00fckis tutvustakse lihtsamaid v\u00f5imalusi uuringu struktuuri, m\u00f5istete vaheliste seoste ja uuringutulemuste visualiseerimiseks. Esmalt \u00f5petatakse visualiseerimise p\u00f5hit\u00f5desid lihtsamate diagrammide (v\u00e4\u00e4rtusahel, kontekstidiagramm, andmevoodiagramm) n\u00e4itel. Seej\u00e4rel k\u00e4sitletakse statistilise andmeanal\u00fc\u00fcsi tulemuste esitamisel enim kasutatavaid jooniset\u00fc\u00fcpe. \u00a0<\/p>\n","protected":false},"author":45,"featured_media":0,"parent":0,"menu_order":0,"comment_status":"closed","ping_status":"closed","template":"","meta":{"_acf_changed":false,"inline_featured_image":false,"footnotes":""},"class_list":["post-1262","page","type-page","status-publish","hentry"],"acf":[],"_links":{"self":[{"href":"https:\/\/sisu.ut.ee\/samm\/wp-json\/wp\/v2\/pages\/1262","targetHints":{"allow":["GET"]}}],"collection":[{"href":"https:\/\/sisu.ut.ee\/samm\/wp-json\/wp\/v2\/pages"}],"about":[{"href":"https:\/\/sisu.ut.ee\/samm\/wp-json\/wp\/v2\/types\/page"}],"author":[{"embeddable":true,"href":"https:\/\/sisu.ut.ee\/samm\/wp-json\/wp\/v2\/users\/45"}],"replies":[{"embeddable":true,"href":"https:\/\/sisu.ut.ee\/samm\/wp-json\/wp\/v2\/comments?post=1262"}],"version-history":[{"count":1,"href":"https:\/\/sisu.ut.ee\/samm\/wp-json\/wp\/v2\/pages\/1262\/revisions"}],"predecessor-version":[{"id":1263,"href":"https:\/\/sisu.ut.ee\/samm\/wp-json\/wp\/v2\/pages\/1262\/revisions\/1263"}],"wp:attachment":[{"href":"https:\/\/sisu.ut.ee\/samm\/wp-json\/wp\/v2\/media?parent=1262"}],"curies":[{"name":"wp","href":"https:\/\/api.w.org\/{rel}","templated":true}]}}