{"id":1092,"date":"2025-09-17T16:32:10","date_gmt":"2025-09-17T13:32:10","guid":{"rendered":"https:\/\/sisu.ut.ee\/samm\/?page_id=1092"},"modified":"2025-09-17T16:37:54","modified_gmt":"2025-09-17T13:37:54","slug":"arendusuuring","status":"publish","type":"page","link":"https:\/\/sisu.ut.ee\/samm\/arendusuuring\/","title":{"rendered":"Arendusuuring"},"content":{"rendered":"<p><\/p>\n\n\n\n<p class=\"has-text-align-right\"><strong>Pihel Hunt<\/strong><br><strong>Mari Karm<\/strong><\/p>\n\n\n\n<p class=\"has-text-align-right\"><strong>2025<\/strong><\/p>\n\n\n\n<p><strong>Arendusuuringu olemus\u00a0\u00a0\u00a0\u00a0\u00a0\u00a0\u00a0\u00a0\u00a0\u00a0\u00a0\u00a0\u00a0\u00a0\u00a0\u00a0\u00a0\u00a0\u00a0\u00a0\u00a0\u00a0\u00a0\u00a0\u00a0\u00a0\u00a0\u00a0\u00a0\u00a0\u00a0\u00a0\u00a0\u00a0\u00a0\u00a0\u00a0\u00a0\u00a0\u00a0\u00a0\u00a0\u00a0\u00a0\u00a0\u00a0\u00a0\u00a0\u00a0\u00a0\u00a0\u00a0\u00a0\u00a0<\/strong><\/p>\n\n\n\n<p>Arendusuuring \u00fchendab teoreetilise uurimist\u00f6\u00f6 praktiliste probleemide lahendamisega ning selle tulemusi rakendatakse n\u00e4iteks hariduse, tehnoloogia, tervishoiu ja muudes valdkondades. Mitmed autorid on arendusuuringu aluseks pidanud pragmatismi paradigmat, mille kohaselt teooria v\u00e4\u00e4rtus seisneb selle v\u00f5imes luua reaalses maailmas muutusi (Barab ja Squire, 2004; Wang ja Hannafin, 2005). Ingliskeelses teaduskirjanduses leidub arendusuuringu kohta erinevaid nimetusi, sealhulgas <em>design experiment, design experimentation, design research, design-based research, development research, formative research<\/em>. Kuigi neil v\u00f5ib olla m\u00f5neti erinev fookus, on need oma p\u00f5hiolemuselt sarnased (Wang ja Hannafin, 2005). Eesti keeles kasutatakse nende k\u00f5igi kohta \u00fcldm\u00f5istet <em>arendusuuring<\/em>.<\/p>\n\n\n\n<p>Arendusuuring on mitmetahuline uurimisviis, mida v\u00f5ib vaadelda meta-metodoloogiana (Easterday jt, 2018) v\u00f5i metodoloogilise raamistikuna (Bakker, 2018; Barab ja Squire, 2004). Erinevalt konkreetsetest uurimismeetoditest v\u00f5i -strateegiatest (nt k\u00fcsitlus- v\u00f5i juhtumiuuring) v\u00f5imaldab arendusuuring kasutada ning l\u00f5imida erinevaid uurimismeetodeid v\u00f5i -strateegiaid (Bakker, 2018).<\/p>\n\n\n\n<p>Arendusuuringu m\u00e4\u00e4ratlemisel ja selle tunnuste kindlaks tegemisel on oluline aru saada, kuidas see erineb teistest uuringut\u00fc\u00fcpidest (nt tegevusuuringust v\u00f5i eksperimendist, vt tabel 1). Arendusuuring ja tegevusuuring on m\u00f5lemad suunatud tegevusele ning nende eesm\u00e4rk on olemasoleva reaalelulise olukorra parandamine ja praktiliste muutuste elluviimine (De Villiers, 2005). M\u00f5lemad on kontekstuaalsed sekkuvad uuringud, mille protsess on reflekteeriv ja ts\u00fckliline ning mille k\u00e4igus v\u00f5ib kasutada mitmesuguseid andmekogumis- ja anal\u00fc\u00fcsimeetodeid (Bakker, 2018). Viidatud autorite arvates seisnevad peamised erinevused nende uuringut\u00fc\u00fcpide vahel uurija rollis, uuringu fookuses ja teooria arendamise eesm\u00e4rgis. Tegevusuuringus on uurija alati protsessis osaleja, kuid arendusuuringus v\u00f5ib uurija olla ka vaatleja v\u00f5i hindaja, kelle aktiivne protsessis osalemine pole alati vajalik. Tegevusuuring keskendub tegevusele v\u00f5i muudatusele, mis v\u00f5ib, kuid ei pruugi sisaldada arendamist, samas kui arendusuuringus on millegi arendamine alati vajalik. Arendusuuring p\u00fc\u00fcdleb uute teooriate, arendusp\u00f5him\u00f5tete ja lahenduste loomise poole, samas kui tegevusuuringu eesm\u00e4rk ei ole uusi teooriaid v\u00e4lja t\u00f6\u00f6tada.<\/p>\n\n\n\n<p><strong>Tabel 1<\/strong>. Arendusuuringu, tegevusuuringu ja eksperimendi tunnusjooned (Bakker, 2018; Barab ja Squire, 2004; De Villiers, 2005)<\/p>\n\n\n\n<figure class=\"wp-block-table\"><table class=\"table table-hover\"><tbody><tr><td><strong>Tunnus<\/strong><\/td><td><strong>Arendusuuring<\/strong><\/td><td><strong>Tegevusuuring<\/strong><\/td><td><strong>Eksperiment<\/strong><\/td><\/tr><tr><td><strong>Eesm\u00e4rk<\/strong><\/td><td>Teooria ning t\u00e4iendatud arendus<\/td><td>Olukorra parendamine<\/td><td>Teooria testimine ja olemasolevate meetodite v\u00f5rdlemine katse- ja kontrollgruppide vahel<\/td><\/tr><tr><td><strong>Sekkumine<\/strong><\/td><td colspan=\"3\">H\u00f5lmab sekkumist<\/td><\/tr><tr><td><strong>Arendus<\/strong><\/td><td>Millegi arendamine on vajalik<\/td><td>Millegi arendamine ei ole otsene eesm\u00e4rk<\/td><td>Ei keskendu arendusele, vaid testimisele ja v\u00f5rdlusele<\/td><\/tr><tr><td><strong>Uurija roll<\/strong><\/td><td>Uurija v\u00f5ib olla nii vaatleja kui ka osaleja<\/td><td>Uurija on osaleja<\/td><td>Uurija on s\u00f5ltumatu vaatleja<\/td><\/tr><tr><td><strong>Kontekst<\/strong><\/td><td colspan=\"2\">Reaalelulised, autentsed olukorrad (kontekstuaalne)<\/td><td>Toimub kontrollitud (tihti kunstlikes) tingimustes<\/td><\/tr><tr><td><strong>Osalejate roll<\/strong><\/td><td>Osalejad on kaasatud arendusprotsessi<\/td><td>Osalejad on aktiivsed tegutsejad<\/td><td>Osalejaid k\u00e4sitletakse katsealustena<\/td><\/tr><\/tbody><\/table><\/figure>\n\n\n\n<p>Arendusuuringut k\u00f5rvutatakse ka eksperimendiga. Teaduskirjanduses (nt Bakker, 2018; Barab ja Squire, 2004) tuuakse v\u00e4lja, et arendusuuring erineb eksperimendist eelk\u00f5ige selle poolest, et eksperiment keskendub olemasoleva meetodi v\u00f5i teooria testimisele katse- ja kontrollgrupi abil. Arendusuuringu eesm\u00e4rk on uue meetodi v\u00f5i lahenduse v\u00e4ljat\u00f6\u00f6tamine (Bakker, 2018). Eksperimendis uuritakse vaid m\u00f5nda kindlat tunnust, hoides \u00fclej\u00e4\u00e4nud tingimused v\u00f5imalikult muutumatuna, et v\u00f5imaldada hilisemat statistilist \u00fcldistamist. Samuti viiakse uuring l\u00e4bi kontrollitud keskkonnas fikseeritud protseduuride kaudu. Arendusuuring seevastu toimub keerulises ja d\u00fcnaamilises reaalse elu kontekstis, kus erinevaid tegureid on raske \u00fcksteisest eraldada (Barab ja Squire, 2004). Selle tulemused on k\u00fcll kontekstip\u00f5hised, kuid piisavalt \u00fcldistatavad, et v\u00e4ljat\u00f6\u00f6tatud p\u00f5him\u00f5tteid v\u00f5i lahendusi saaks rakendada teistes sarnastes olukordades (Bakker, 2018). Arendusuuringu protsess on paindlik ja muutub vastavalt praktikale, kaasates erinevaid osalejaid, et arvestada nende teadmiste ja vajadustega lahenduse loomisel ning anal\u00fc\u00fcsis (Barab ja Squire, 2004).<\/p>\n\n\n\n<p><\/p><div class=\"accordion mb-3\">\n        <div class=\"accordion-item accordion-item--white\">\n        <h2 class=\"accordion-header\" id=\"accordion-69de5eb62de1a-heading\">\n            <button class=\"accordion-button collapsed\" type=\"button\" data-bs-toggle=\"collapse\" data-bs-target=\"#accordion-69de5eb62de1a-collapse\" aria-expanded=\"true\" aria-controls=\"accordion-69de5eb62de1a-collapse\"><a>Arendusuuringu protsess<\/a><\/button>\n        <\/h2>\n        <div id=\"accordion-69de5eb62de1a-collapse\" class=\"accordion-collapse collapse\" aria-labelledby=\"accordion-69de5eb62de1a-heading\">\n            <div class=\"accordion-body\">\n\n\n\n<p>Arendusuuringule pole v\u00e4lja kujunenud \u00fchtset ja t\u00e4pselt kirjeldatud protseduuri (Easterday jt, 2018). Arendusuuringu protsessi t\u00e4pne kirjeldus eeldaks selgelt eristatavaid anal\u00fc\u00fctilisi etappe, kuid see on keeruline. M\u00f5ned arendusuuringu k\u00e4sitlused ei keskendu \u00fcldse etappide m\u00e4\u00e4ratlemisele, samas kui teised eristavad vaid \u00fcldisel tasemel planeerimise, arenduse ja hindamise etappi. Lisaks on olemas l\u00e4henemisi, mis kirjeldavad arendusuuringu erinevaid tegevusi, kuid ei jaga neid rangelt eraldatud etappideks. Hoiatatakse ka etappide ajalise m\u00e4\u00e4ratlemise eest \u2013 p\u00f5hjendades, et selline tegutsemine loob j\u00e4iga ja \u201eretseptilaadse\u201c k\u00e4sitluse ts\u00fcklilisest arendusprotsessist. Easterday jt (2018) peavad liigseks liigendamiseks, kui igale lahenduse arendamise ja katsetamise etapile antakse erinev nimi (nt varajane protot\u00fc\u00fcpimine, vahepealne protot\u00fc\u00fcpimine ja l\u00f5plik protot\u00fc\u00fcpimine). Arendusprotsessi kirjeldamine lineaarsena v\u00f5i vasakult paremale loetavates kastikestes loob eksliku mulje, et arendusuuringu protsessis on olemas \u00f5ige etappide j\u00e4rjekord, millest tuleb kinni pidada. (Easterday jt, 2018). Kuigi arendusuuringu tegemise k\u00e4igus v\u00f5ib etappide j\u00e4rjekord muutuda, on arendusuuringu tegijal oluline m\u00f5ista, mis on need sisulised tegevused, mis kindlasti tuleb arendusuuringu jooksul teha, et j\u00f5uda eesm\u00e4rgini ning tagada arendusuuringu usaldusv\u00e4\u00e4rsus.<\/p>\n\n\n\n<p>Arendusuuringu etappide m\u00e4\u00e4ratlemisel v\u00f5ib l\u00e4htuda Easterday jt (2018) eristusest, mis aitab m\u00f5ista arendusprotsessi erinevaid tegevusi. Nende k\u00e4sitluse j\u00e4rgi koosneb arendusuuring seitsmest etapist (vt joonis 1), mida j\u00e4rgnevalt kirjeldame.<\/p>\n\n\n\n<figure class=\"wp-block-image aligncenter size-large\"><img loading=\"lazy\" decoding=\"async\" width=\"1024\" height=\"440\" src=\"https:\/\/sisu.ut.ee\/wp-content\/uploads\/sites\/110\/SAMM_HuntKarm_arendusuuring_2025_UUS_joonis-1024x440.jpg\" alt=\"\" class=\"wp-image-2027\" srcset=\"https:\/\/sisu.ut.ee\/wp-content\/uploads\/sites\/110\/SAMM_HuntKarm_arendusuuring_2025_UUS_joonis-1024x440.jpg 1024w, https:\/\/sisu.ut.ee\/wp-content\/uploads\/sites\/110\/SAMM_HuntKarm_arendusuuring_2025_UUS_joonis-300x129.jpg 300w, https:\/\/sisu.ut.ee\/wp-content\/uploads\/sites\/110\/SAMM_HuntKarm_arendusuuring_2025_UUS_joonis-768x330.jpg 768w, https:\/\/sisu.ut.ee\/wp-content\/uploads\/sites\/110\/SAMM_HuntKarm_arendusuuring_2025_UUS_joonis-1536x660.jpg 1536w, https:\/\/sisu.ut.ee\/wp-content\/uploads\/sites\/110\/SAMM_HuntKarm_arendusuuring_2025_UUS_joonis-2048x881.jpg 2048w, https:\/\/sisu.ut.ee\/wp-content\/uploads\/sites\/110\/SAMM_HuntKarm_arendusuuring_2025_UUS_joonis-1920x826.jpg 1920w\" sizes=\"auto, (max-width: 1024px) 100vw, 1024px\"><figcaption class=\"wp-element-caption\">Joonis 1. Arendusuuringu etapid Easterday jt (2018) p\u00f5hjal<\/figcaption><\/figure>\n\n\n\n<p>Fookuse seadmise etapis (ingl k <em>focus<\/em>) m\u00e4\u00e4ratletakse uuringu ulatus ja piirid, sh \u00fcldine probleem ja suund. Selles etapis on oluline t\u00e4psustada fookusega seotud huvir\u00fchmad, nende huvid ja rollid \u2013 nii nende, kes m\u00f5jutavad loodavat lahendust, kui ka nende, keda see lahendus otseselt puudutab (nt haridusvaldkonnas \u00f5ppijad, \u00f5petajad ja\/v\u00f5i vanemad). Huvir\u00fchmade huvid kujundavad v\u00f5imalike probleemide ja lahenduste raamistiku, aidates arendust\u00f6\u00f6d suunata. Fookuse m\u00e4\u00e4ratlemine koos huvir\u00fchmadega tagab, et keskendutakse t\u00f5eliselt olulisele ja v\u00e4\u00e4rtuslikule probleemile. Tavaliselt on v\u00f5imalike probleemide ring laiem kui see, mis l\u00f5plikult lahendamiseks valitakse. Seet\u00f5ttu on fookuse seadmise etapi peamine v\u00e4\u00e4rtus mitte ainult selgelt m\u00e4\u00e4ratletud probleemi s\u00f5nastamises, vaid ka teadlikus otsuses, mida k\u00e4sitlusest v\u00e4lja j\u00e4tta.<\/p>\n\n\n\n<p>M\u00f5istmise etapis (ingl k <em>understand<\/em>) s\u00fcveneb uurija (arendusr\u00fchm) olemasolevasse olukorda ja selle p\u00f5hjustesse, et saada terviklik \u00fclevaade kontekstist ja huvir\u00fchmade vajadustest. Selleks kasutatakse nii teiseseid allikaid (nt teaduskirjandus, varasemad uurimused ja lahendused) kui ka empiirilisi andmekogumismeetodeid (nt vaatlus, intervjuu, k\u00fcsitlus). Teiseste allikate anal\u00fc\u00fcs aitab probleemi paremini m\u00f5ista ja v\u00f5imalikke takistusi ennetada, kuid sageli ei piisa lahenduse leidmiseks \u00fcksnes neist. Seet\u00f5ttu toetutakse ka otsesele andmekogumisele, et saada s\u00fcgavam arusaam huvir\u00fchmade vajadustest ja uuritavast keskkonnast.<\/p>\n\n\n\n<p>M\u00e4\u00e4ratlemise etapis (ingl k <em>define<\/em>) m\u00f5testatakse liiga \u00fcldine v\u00f5i\u00a0 lahendamatu ning seet\u00f5ttu \u201eudune\u201c probleem \u00fcmber probleemiks, millele saaks lahendusi leida, sekkumist v\u00f5i arendust kavandada (nt \u00fcldine probleem, et \u00fcli\u00f5pilased on h\u00e4das oma l\u00f5put\u00f6\u00f6 kirjutamisega, m\u00f5testatakse konkreetsemaks, et neil puudub uurimisp\u00e4devus). Siin m\u00e4\u00e4ratletakse arenduse eesm\u00e4rk ja uurimisk\u00fcsimus(ed). \u00dcldiselt v\u00f5ib uurimisk\u00fcsimused jagada kaheks: <em>mis<\/em>-k\u00fcsimused ja <em>kuidas<\/em>-k\u00fcsimused (Bakker, 2018). Kui eesm\u00e4rk on ainult midagi arendada, v\u00f5ib uurimisk\u00fcsimus keskenduda selle olemusele (nt <em>Milline on loodud lahendus XX?<\/em>). Vastuseks v\u00f5ib olla lahenduse (nt teenuse, kursuse, k\u00e4siraamatu, programmi) kirjeldus. Kuid kuna arendusuuring ei tegele ainult konkreetsete lahenduste loomisega, vaid ka uute teaduslike teadmiste pakkumisega, on oluline lisada ka <em>kuidas<\/em>-k\u00fcsimus (nt <em>Kuidas toetab lahendus XX vastavat protsessi, n\u00e4htust v\u00f5i tegevust YY-d?<\/em>), mis aitab m\u00f5ista lahenduse m\u00f5ju ja toimimist. Oluline on see, et uurimiseesm\u00e4rgi kaudu leitakse lahendus s\u00f5nastatud uurimisprobleemile.<\/p>\n\n\n\n<p>Lahenduse ideeloome etapis (ingl k <em>conceive<\/em>) t\u00f6\u00f6tatakse v\u00e4lja lahenduse kontseptsioon. See v\u00f5ib olla n\u00e4iteks idee teenuse, s\u00fcsteemi, tarkvara, programmi, k\u00e4siraamatu, video, \u00f5ppem\u00e4ngu v\u00f5i muu praktilise lahenduse kohta, mis tugineb probleemikirjeldusel ning on suunatud eesm\u00e4rgi t\u00e4itmisele. Selles etapis ei ole veel loodud toimivat t\u00f6\u00f6versiooni \u2013 siin on alles idee v\u00f5i kontseptsioon, kus on kirjas arenduse eesm\u00e4rk, konteksti kirjeldus, sisuline fookus (lahenduse omadused) ja protseduuriline fookus (protsess, mida on vaja lahenduse loomiseks), samuti nende osade omavahelised seosed ning p\u00f5hjendused, miks ja kuidas see lahendus aitab seatud eesm\u00e4rki saavutada (vt infokasti). Lahenduse ideeloome etappi v\u00f5ib pidada arendusprotsessi keskpunktiks \u2013 kui puudub selge idee, siis ei ole midagi arendada ega katsetada ning tegemist pole arendusuuringuga.<\/p>\n\n\n\n<figure class=\"wp-block-table\"><table class=\"table table-hover\"><tbody><tr><td>Van der Akker (1999) soovitab proovida s\u00f5nastada oma plaan j\u00e4rgmisel kujul:\u00a0 \u00a0 <br><br>\u201cKui soovid kujundada lahenduse\/sekkumise &lt;X&gt; eesm\u00e4rgiga &lt;Y&gt; kontekstis &lt;Z&gt;, siis on k\u00f5ige parem anda sellele lahendusele\/sekkumisele j\u00e4rgmised omadused: &lt;A, B ja C&gt; (sisuline fookus) ning teha seda protseduuride &lt;K, L ja M&gt; kaudu (protseduuriline fookus), l\u00e4htudes\u00a0 p\u00f5hjendustest &lt;P, Q ja R&gt;\u201d. \u00a0 <br><br>N\u00e4ide: \u00a0 <br><br>\u201cKui \u00f5ppej\u00f5ud soovib kujundada lahenduse <em>\u00fcli\u00f5pilaste arendusuuringute l\u00e4biviimise toetamiseks &lt;X&gt; <\/em>\u00a0eesm\u00e4rgiga arendada nende <em>uurimisp\u00e4devust &lt;Y&gt; l\u00f5put\u00f6\u00f6de kirjutamise protsessis &lt;Z&gt;,<\/em> siis on k\u00f5ige t\u00f5husam, kui see lahendus p\u00f5hineb <em>reflektiivsel \u00f5ppimisel &lt;A&gt; (sisuline fookus)<\/em>, mida toetavad <em>regulaarsed tagasisidevestlused juhendajaga &lt;K&gt; <\/em>ning <em>l\u00e4biarutatud hindamismudelite kasutamine &lt;L&gt; (protseduuriline fookus)<\/em>, l\u00e4htudes p\u00f5hjendustest, et <em>tagasisidedialoog toetab \u00f5ppija s\u00fcgavamat arusaamist k\u00e4sitletavast teemast (Esterhazy ja Dam\u015fa, 2019) &lt;P&gt;<\/em> ning <em>hindamismudelite kasutamine muudab hindamiskriteeriumid l\u00e4bipaistvaks, aidates \u00f5ppijatel paremini m\u00f5ista ootusi ja nende t\u00e4itmise viise (Allen ja Tanner, 2006) &lt;Q&gt;<\/em>\u201d. \u00a0<\/td><\/tr><\/tbody><\/table><\/figure>\n\n\n\n<p>Teostamise etapis (ingl k <em>build<\/em>) luuakse lahenduse esialgse t\u00f6\u00f6versioon, mida saab j\u00e4rgmises etapis katsetada. See v\u00f5ib olla k\u00f5ige lihtsam toimiv lahenduse versioon, mis v\u00f5imaldab idee esmast praktilist katsetamist.<\/p>\n\n\n\n<p>Katsetamise etapis (ingl <em>test<\/em>) katsetatakse loodud lahendust huvir\u00fchma(de) v\u00f5i ekspertidega. Easterday jt (2018) r\u00f5hutavad, et kui piirdutakse ainult arendustegevusega, ei ole seda m\u00f5istlik k\u00e4sitleda arendusuuringuna. Seet\u00f5ttu on katsetamine ja hindamine arendusuuringu oluline osa, mis v\u00f5ib keskenduda kas konkreetsele etapile v\u00f5i kogu eesm\u00e4rgi saavutamisele. Arendusuuringus kasutatakse iteratiivset katsetamist, mis t\u00e4hendab lahenduse j\u00e4rjestikust ja sageli paralleelset katsetamist, kus iga uus versioon muutub t\u00e4psemaks ja paremini toimivaks. Katsetamine annab tagasisidet lahenduse edukuse ja eesm\u00e4rgi t\u00e4itmise ning teoreetiliste v\u00e4idete kehtivuse kohta. Katsetamine h\u00f5lmab v\u00e4ikeseid s\u00fcstemaatilisi hindamisi v\u00f5i tagasiside kogumist. N\u00e4iteks toob Bakker (2018) v\u00e4lja mini-intervjuud, mis kestavad 20 sekundist kuni nelja minutini ja v\u00f5ivad olla v\u00e4ga kasulikud lahenduse hindamiseks, kui neid j\u00e4rjepidevalt l\u00e4bi viia. Sellised kiired ja regulaarsed hindamised aitavad kiiresti tuvastada eba\u00f5nnestunud lahendusi ning suurendavad t\u00f5en\u00e4osust leida t\u00f5hus lahendus, mida saab hiljem p\u00f5hjalikumalt katsetada, n\u00e4iteks eksperimendi abil. Iteratiivse l\u00e4henemise keskmes ongi just selline j\u00e4rkj\u00e4rguline arendus: luuakse minimaalselt toimivad t\u00f6\u00f6versioonid, neid katsetatakse ning t\u00e4iustatakse pidevalt (Easterday jt, 2018). Samuti saab selliste korduvate hindamistegevustega tagada uuringu usaldusv\u00e4\u00e4rsuse (The Design-Based Research Collective, 2003). <\/p>\n\n\n\n<p>Tulemuste esitlemise (ingl k <em>present<\/em>) etapis tutvustatakse lahendust koos katsetamise tulemustega huvir\u00fchma(de)le, rahastajatele, teadlaste kogukonnale. Arendusprotsessi eesm\u00e4rk ei ole ainult parema lahenduse v\u00e4ljat\u00f6\u00f6tamine, vaid ka n\u00e4itamine, kuidas uus lahendus vastab paremini huvir\u00fchma(de) vajadustele.<\/p>\n\n\n\n<p><\/p><\/div>\n        <\/div>\n        <\/div>\n    <\/div>\n\n\n\n<p><\/p><div class=\"accordion mb-3\">\n        <div class=\"accordion-item accordion-item--white\">\n        <h2 class=\"accordion-header\" id=\"accordion-69de5eb62de38-heading\">\n            <button class=\"accordion-button collapsed\" type=\"button\" data-bs-toggle=\"collapse\" data-bs-target=\"#accordion-69de5eb62de38-collapse\" aria-expanded=\"true\" aria-controls=\"accordion-69de5eb62de38-collapse\"><a>Kasutatud kirjandus<\/a><\/button>\n        <\/h2>\n        <div id=\"accordion-69de5eb62de38-collapse\" class=\"accordion-collapse collapse\" aria-labelledby=\"accordion-69de5eb62de38-heading\">\n            <div class=\"accordion-body\">\n\n\n\n<p>Allen, D. ja Tanner, K. (2006). Rubrics: Tools for making learning goals and evaluation criteria explicit for both teachers and learners. <em>CBE\u2014Life Sciences Education, 5<\/em>(3), 197\u2013203.<\/p>\n\n\n\n<p>Bakker, A. (2018). <em>Design Research in Education<\/em> (1st ed). Routledge.<\/p>\n\n\n\n<p>Barab, S. ja Squire, K. (2004). Design-based research: Putting a stake in the ground. <em>Journal of the Learning Sciences<\/em>, <em>13<\/em>(1), 1\u201314. https:\/\/doi.org\/10.1207\/s15327809jls1301_1<\/p>\n\n\n\n<p>Easterday, M. W., Rees Lewis, D. G. ja Gerber, E. M. (2018). The logic of design research. <em>Learning: Research and Practice<\/em>, <em>4<\/em>(2), 131\u2013160. https:\/\/doi.org\/10.1080\/23735082.2017.1286367<\/p>\n\n\n\n<p>Esterhazy, R. ja Dam\u015fa, C. (2019). Unpacking the feedback process: An analysis of undergraduate students\u2019 interactional meaning-making of feedback comments. <em>Studies in Higher Education, 44<\/em>(2), 260\u2013274. https:\/\/doi.org\/10.1080\/03075079.2017.1359249<\/p>\n\n\n\n<p>The Design-Based Research Collective. (2003). Design-Based Research: An Emerging Paradigm for Educational Inquiry. <em>Educational Researcher<\/em>, <em>32<\/em>(1), 5\u20138. https:\/\/doi.org\/10.3102\/0013189X032001005<\/p>\n\n\n\n<p>van den Akker, J. (1999). Principles and methods of development research. J. van den Akker, R. M. Branch, K. Gustafson, N. Nieveen, &amp; T. Plomp (Eds.), <em>Design approaches and tools in education and training<\/em> (pp. 1\u201314). Springer. Wang, F. ja Hannafin, M. J. (2005). Design-based research and technology-enhanced learning environments. <em>Educational Technology Research and Development<\/em>, <em>53<\/em>(4), 5\u201323. https:\/\/doi.org\/10.1007\/BF02504682<\/p>\n\n\n\n<p><\/p><\/div>\n        <\/div>\n        <\/div>\n    <\/div>\n","protected":false},"excerpt":{"rendered":"<p>Pihel HuntMari Karm 2025 Arendusuuringu olemus\u00a0\u00a0\u00a0\u00a0\u00a0\u00a0\u00a0\u00a0\u00a0\u00a0\u00a0\u00a0\u00a0\u00a0\u00a0\u00a0\u00a0\u00a0\u00a0\u00a0\u00a0\u00a0\u00a0\u00a0\u00a0\u00a0\u00a0\u00a0\u00a0\u00a0\u00a0\u00a0\u00a0\u00a0\u00a0\u00a0\u00a0\u00a0\u00a0\u00a0\u00a0\u00a0\u00a0\u00a0\u00a0\u00a0\u00a0\u00a0\u00a0\u00a0\u00a0\u00a0\u00a0\u00a0 Arendusuuring \u00fchendab teoreetilise uurimist\u00f6\u00f6 praktiliste probleemide lahendamisega ning selle tulemusi rakendatakse n\u00e4iteks hariduse, tehnoloogia, tervishoiu ja muudes valdkondades. Mitmed autorid on arendusuuringu aluseks pidanud pragmatismi paradigmat, mille kohaselt teooria v\u00e4\u00e4rtus seisneb selle v\u00f5imes luua &#8230;<\/p>\n","protected":false},"author":45,"featured_media":0,"parent":0,"menu_order":0,"comment_status":"closed","ping_status":"closed","template":"","meta":{"_acf_changed":false,"inline_featured_image":false,"footnotes":""},"class_list":["post-1092","page","type-page","status-publish","hentry"],"acf":[],"_links":{"self":[{"href":"https:\/\/sisu.ut.ee\/samm\/wp-json\/wp\/v2\/pages\/1092","targetHints":{"allow":["GET"]}}],"collection":[{"href":"https:\/\/sisu.ut.ee\/samm\/wp-json\/wp\/v2\/pages"}],"about":[{"href":"https:\/\/sisu.ut.ee\/samm\/wp-json\/wp\/v2\/types\/page"}],"author":[{"embeddable":true,"href":"https:\/\/sisu.ut.ee\/samm\/wp-json\/wp\/v2\/users\/45"}],"replies":[{"embeddable":true,"href":"https:\/\/sisu.ut.ee\/samm\/wp-json\/wp\/v2\/comments?post=1092"}],"version-history":[{"count":12,"href":"https:\/\/sisu.ut.ee\/samm\/wp-json\/wp\/v2\/pages\/1092\/revisions"}],"predecessor-version":[{"id":2033,"href":"https:\/\/sisu.ut.ee\/samm\/wp-json\/wp\/v2\/pages\/1092\/revisions\/2033"}],"wp:attachment":[{"href":"https:\/\/sisu.ut.ee\/samm\/wp-json\/wp\/v2\/media?parent=1092"}],"curies":[{"name":"wp","href":"https:\/\/api.w.org\/{rel}","templated":true}]}}