{"id":72,"date":"2024-04-04T03:18:42","date_gmt":"2024-04-04T00:18:42","guid":{"rendered":"https:\/\/sisu.ut.ee\/samblasober\/ajakiri-samblasober\/"},"modified":"2025-12-31T09:15:59","modified_gmt":"2025-12-31T07:15:59","slug":"ajakiri-samblasober","status":"publish","type":"page","link":"https:\/\/sisu.ut.ee\/samblasober\/ajakiri-samblasober\/","title":{"rendered":"Ajakiri Samblas\u00f5ber"},"content":{"rendered":"<p><strong><a href=\"https:\/\/sisu.ut.ee\/wp-content\/uploads\/sites\/207\/Samblasober-28.pdf\">V\u00e4rske number! Samblas\u00f5ber 28. number<\/a><\/strong><\/p>\n<p><a href=\"https:\/\/sisu.ut.ee\/wp-content\/uploads\/sites\/207\/Samblasober-27.pdf\">Samblas\u00f5ber 27. number<\/a><span class=\"file media-element file-os-files-link\" data-file_info=\"%7B%22fid%22:%2281361%22,%22view_mode%22:%22os_files_link%22,%22type%22:%22media%22%7D\"><br>\n<\/span><span class=\"file media-element file-os-files-link\" data-file_info=\"%7B%22fid%22:%2281361%22,%22view_mode%22:%22os_files_link%22,%22type%22:%22media%22%7D\"><a href=\"https:\/\/sisu.ut.ee\/wp-content\/uploads\/sites\/207\/samblasober_26.pdf\">Samblas\u00f5ber 26. number<\/a><br>\n<\/span><span class=\"file media-element file-os-files-link-icon\" data-file_info=\"%7B%22fid%22:%2275094%22,%22view_mode%22:%22os_files_link_icon%22,%22type%22:%22media%22%7D\"><a href=\"https:\/\/sisu.ut.ee\/wp-content\/uploads\/sites\/207\/samblasober_nr._25.pdf\">Samblas\u00f5ber 25. number<\/a><\/span><br>\n<a href=\"https:\/\/sisu.ut.ee\/wp-content\/uploads\/sites\/207\/samblasober_24.pdf\" data-fid=\"66750\">Samblas\u00f5ber\u00a024. number<\/a><br>\n<a href=\"https:\/\/sisu.ut.ee\/wp-content\/uploads\/sites\/207\/Samblasober-23.pdf\">Samblas\u00f5ber 23. number<\/a><br>\n<a href=\"https:\/\/sisu.ut.ee\/wp-content\/uploads\/sites\/207\/samblasober_22.pdf\">Samblas\u00f5ber 22. number<\/a><br>\n<a href=\"https:\/\/sisu.ut.ee\/wp-content\/uploads\/sites\/207\/samblasober_21_01.pdf\" target=\"_blank\" rel=\"noopener\" data-fid=\"36066\">Samblas\u00f5ber 21. number<\/a><br>\n<a href=\"https:\/\/sisu.ut.ee\/wp-content\/uploads\/sites\/207\/samblasober_20.pdf\">Samblas\u00f5ber 20. number<\/a><br>\n<a style=\"line-height: 1.6em;\" href=\"https:\/\/sisu.ut.ee\/wp-content\/uploads\/sites\/207\/samblasober_19.pdf\">Samblas\u00f5ber 19. number<\/a><br>\n<a style=\"line-height: 1.6em;\" href=\"https:\/\/sisu.ut.ee\/wp-content\/uploads\/sites\/207\/samblasober18_01.pdf\">Samblas\u00f5ber 18. number<\/a><br>\n<a style=\"line-height: 1.6em;\" href=\"https:\/\/sisu.ut.ee\/wp-content\/uploads\/sites\/207\/samblasober17_02.pdf\">Samblas\u00f5ber 17. number<\/a><br>\n<a style=\"line-height: 1.6em;\" href=\"https:\/\/sisu.ut.ee\/wp-content\/uploads\/sites\/207\/samblasober16_02.pdf\">Samblas\u00f5ber 16. number<\/a><br>\n<a style=\"line-height: 1.6em;\" href=\"https:\/\/sisu.ut.ee\/wp-content\/uploads\/sites\/207\/samblasober15_01.pdf\">Samblas\u00f5ber 15. number<\/a><br>\n<a style=\"line-height: 1.6em;\" href=\"https:\/\/sisu.ut.ee\/wp-content\/uploads\/sites\/207\/samblasober14_01.pdf\">Samblas\u00f5ber 14. number<\/a><br>\n<a style=\"line-height: 1.6em;\" href=\"https:\/\/sisu.ut.ee\/wp-content\/uploads\/sites\/207\/samblasober13_01.pdf\">Samblas\u00f5ber 13. number<\/a><br>\n<a style=\"line-height: 1.6em;\" href=\"https:\/\/sisu.ut.ee\/wp-content\/uploads\/sites\/207\/samblasober12_01.pdf\">Samblas\u00f5ber 12. number<\/a><br>\n<a style=\"line-height: 1.6em;\" href=\"https:\/\/sisu.ut.ee\/wp-content\/uploads\/sites\/207\/samblasober11_01.pdf\">Samblas\u00f5ber 11. number<\/a><br>\n<a style=\"line-height: 1.6em;\" href=\"https:\/\/sisu.ut.ee\/wp-content\/uploads\/sites\/207\/samblasober10_01.pdf\">Samblas\u00f5ber 10. number<\/a><br>\n<a style=\"line-height: 1.6em;\" href=\"https:\/\/sisu.ut.ee\/wp-content\/uploads\/sites\/207\/samblasober_9.pdf\">Samblas\u00f5ber 9. number<\/a><br>\n<a style=\"line-height: 1.6em;\" href=\"https:\/\/sisu.ut.ee\/wp-content\/uploads\/sites\/207\/samblasober8_01.pdf\">Samblas\u00f5ber 8. number<\/a><br>\n<a style=\"line-height: 1.6em;\" href=\"https:\/\/sisu.ut.ee\/wp-content\/uploads\/sites\/207\/samblasober7_01.pdf\">Samblas\u00f5ber 7. number<\/a><br>\n<a style=\"line-height: 1.6em;\" href=\"https:\/\/sisu.ut.ee\/wp-content\/uploads\/sites\/207\/samblasober6_01.pdf\">Samblas\u00f5ber 6. number<\/a><br>\n<a style=\"line-height: 1.6em;\" href=\"https:\/\/sisu.ut.ee\/wp-content\/uploads\/sites\/207\/samblasober5_01.pdf\">Samblas\u00f5ber 5. number<\/a><br>\n<a style=\"line-height: 1.6em;\" href=\"https:\/\/sisu.ut.ee\/wp-content\/uploads\/sites\/207\/samblasober4_01.pdf\">Samblas\u00f5ber 4. number<\/a><br>\n<a style=\"line-height: 1.6em;\" href=\"https:\/\/sisu.ut.ee\/wp-content\/uploads\/sites\/207\/samblasober3_01.pdf\">Samblas\u00f5ber 3. number<\/a><br>\n<a style=\"line-height: 1.6em;\" href=\"https:\/\/sisu.ut.ee\/wp-content\/uploads\/sites\/207\/samblasober2_01.pdf\">Samblas\u00f5ber 2. number<\/a><br>\n<a style=\"line-height: 1.6em;\" href=\"https:\/\/sisu.ut.ee\/wp-content\/uploads\/sites\/207\/samblasober1_02.pdf\">Samblas\u00f5ber 1. number<\/a><\/p>\n","protected":false},"excerpt":{"rendered":"<p>V\u00e4rske number! Samblas\u00f5ber 28. number Samblas\u00f5ber 27. number Samblas\u00f5ber 26. number Samblas\u00f5ber 25. number Samblas\u00f5ber\u00a024. number Samblas\u00f5ber 23. number Samblas\u00f5ber 22. number Samblas\u00f5ber 21. number Samblas\u00f5ber 20. number Samblas\u00f5ber 19. number Samblas\u00f5ber 18. number Samblas\u00f5ber 17. number Samblas\u00f5ber 16. number &#8230;<\/p>\n","protected":false},"author":103,"featured_media":0,"parent":0,"menu_order":0,"comment_status":"closed","ping_status":"closed","template":"","meta":{"_acf_changed":false,"inline_featured_image":false,"footnotes":""},"class_list":["post-72","page","type-page","status-publish","hentry"],"acf":[],"_links":{"self":[{"href":"https:\/\/sisu.ut.ee\/samblasober\/wp-json\/wp\/v2\/pages\/72","targetHints":{"allow":["GET"]}}],"collection":[{"href":"https:\/\/sisu.ut.ee\/samblasober\/wp-json\/wp\/v2\/pages"}],"about":[{"href":"https:\/\/sisu.ut.ee\/samblasober\/wp-json\/wp\/v2\/types\/page"}],"author":[{"embeddable":true,"href":"https:\/\/sisu.ut.ee\/samblasober\/wp-json\/wp\/v2\/users\/103"}],"replies":[{"embeddable":true,"href":"https:\/\/sisu.ut.ee\/samblasober\/wp-json\/wp\/v2\/comments?post=72"}],"version-history":[{"count":14,"href":"https:\/\/sisu.ut.ee\/samblasober\/wp-json\/wp\/v2\/pages\/72\/revisions"}],"predecessor-version":[{"id":298,"href":"https:\/\/sisu.ut.ee\/samblasober\/wp-json\/wp\/v2\/pages\/72\/revisions\/298"}],"wp:attachment":[{"href":"https:\/\/sisu.ut.ee\/samblasober\/wp-json\/wp\/v2\/media?parent=72"}],"curies":[{"name":"wp","href":"https:\/\/api.w.org\/{rel}","templated":true}]}}