{"id":69,"date":"2024-04-04T03:18:42","date_gmt":"2024-04-04T00:18:42","guid":{"rendered":"https:\/\/sisu.ut.ee\/samblasober\/wulfi-turbasammal-sphagnum-wulfianum-aasta-sammal-2019-et\/"},"modified":"2024-04-04T03:19:15","modified_gmt":"2024-04-04T00:19:15","slug":"wulfi-turbasammal-sphagnum-wulfianum-aasta-sammal-2019-et","status":"publish","type":"page","link":"https:\/\/sisu.ut.ee\/samblasober\/wulfi-turbasammal-sphagnum-wulfianum-aasta-sammal-2019-et\/","title":{"rendered":"Wulfi turbasammal (Sphagnum wulfianum) &#8211; aasta sammal 2019"},"content":{"rendered":"<p>27. detsembril valiti eesti samblas\u00f5prade poolt kolmandat korda aasta sammalt. Kuue kandidaadi hulgas sai \u00fclekaaluka v\u00f5idu Wulfi turbasammal (<em>Sphagnum wulfianum<\/em>).<\/p>\n<p>Wulfi turbasambla kirjeldas maailmale esmakordselt 1860.aastal Tartu kooli\u00f5petaja K.G. Girgensohn. Ta pani \u00e4sjaavastatud liigile nime T\u00e4htvere m\u00f5isniku K.E.R. von Wulfi j\u00e4rgi, kelle maadelt kirjelduse aluseks olevad taimed on kogutud ja teaduslikult kirjeldatud. Wulfi turbasambla t\u00fc\u00fcpeksemplar asub Eesti maa\u00fclikooli sammalde herbaariumis, kuid leiukoht T\u00e4htvere soos on praeguseks kuivenduse tagaj\u00e4rjel h\u00e4vinud.<\/p>\n<p>Wulfi turbasammal on looduses kergesti \u00e4ratuntav v\u00f5su tippudes asuvate pallikujuliste peade e. kapiitulumide ning tumedate rabedate varte poolest. Heaks eristustunnuseks on ka see, et ainsa liigina meie turbasammalde hulgas on tal oksakimpudes olevate okste arv suurem kui kuus. Wulfi turbasammal kasvab poolvarjulistes kohtades soostuvates okasmetsades, kuid esineb kogu oma areaali piires pillatult. Eestis on ta arvatud looduskaitsealuste liikide kolmandasse kaitsekategooriasse just oma \u00f6koloogilise n\u00f5udlikkuse t\u00f5ttu.<\/p>\n<p><span>Foto autor: Edgar Karofeld<\/span><\/p>\n<p><span><img loading=\"lazy\" decoding=\"async\" src=\"\/wp-content\/uploads\/sites\/207\/s_wulfianum.jpg\" width=\"1200\" height=\"800\"><\/span><\/p>\n","protected":false},"excerpt":{"rendered":"<p>27. detsembril valiti eesti samblas\u00f5prade poolt kolmandat korda aasta sammalt. Kuue kandidaadi hulgas sai \u00fclekaaluka v\u00f5idu Wulfi turbasammal (Sphagnum wulfianum). Wulfi turbasambla kirjeldas maailmale esmakordselt 1860.aastal Tartu kooli\u00f5petaja K.G. Girgensohn. Ta pani \u00e4sjaavastatud liigile nime T\u00e4htvere m\u00f5isniku K.E.R. von Wulfi &#8230;<\/p>\n","protected":false},"author":103,"featured_media":0,"parent":0,"menu_order":0,"comment_status":"closed","ping_status":"closed","template":"","meta":{"_acf_changed":false,"inline_featured_image":false,"footnotes":""},"class_list":["post-69","page","type-page","status-publish","hentry"],"acf":[],"_links":{"self":[{"href":"https:\/\/sisu.ut.ee\/samblasober\/wp-json\/wp\/v2\/pages\/69","targetHints":{"allow":["GET"]}}],"collection":[{"href":"https:\/\/sisu.ut.ee\/samblasober\/wp-json\/wp\/v2\/pages"}],"about":[{"href":"https:\/\/sisu.ut.ee\/samblasober\/wp-json\/wp\/v2\/types\/page"}],"author":[{"embeddable":true,"href":"https:\/\/sisu.ut.ee\/samblasober\/wp-json\/wp\/v2\/users\/103"}],"replies":[{"embeddable":true,"href":"https:\/\/sisu.ut.ee\/samblasober\/wp-json\/wp\/v2\/comments?post=69"}],"version-history":[{"count":1,"href":"https:\/\/sisu.ut.ee\/samblasober\/wp-json\/wp\/v2\/pages\/69\/revisions"}],"predecessor-version":[{"id":173,"href":"https:\/\/sisu.ut.ee\/samblasober\/wp-json\/wp\/v2\/pages\/69\/revisions\/173"}],"wp:attachment":[{"href":"https:\/\/sisu.ut.ee\/samblasober\/wp-json\/wp\/v2\/media?parent=69"}],"curies":[{"name":"wp","href":"https:\/\/api.w.org\/{rel}","templated":true}]}}