{"id":5,"date":"2024-04-04T03:18:36","date_gmt":"2024-04-04T00:18:36","guid":{"rendered":"https:\/\/sisu.ut.ee\/samblasober\/roheline-hiidkupar-buxbaumia-viridis-aasta-sammal-2023\/"},"modified":"2024-04-04T03:19:16","modified_gmt":"2024-04-04T00:19:16","slug":"roheline-hiidkupar-buxbaumia-viridis-aasta-sammal-2023","status":"publish","type":"page","link":"https:\/\/sisu.ut.ee\/samblasober\/roheline-hiidkupar-buxbaumia-viridis-aasta-sammal-2023\/","title":{"rendered":"Roheline hiidkupar (Buxbaumia viridis) &#8211; aasta sammal 2023"},"content":{"rendered":"<p>\n\t<span style=\"line-height:normal\">Perekonnaimetuse \u201ehiidkupar\u201c alusel v\u00f5iks arvata, et tegu on suure samblaga. Tegelikult rohelise hiidkupra narmasjate lehtedega paari millimeetri k\u00f5rguseid v\u00f5susid palja silmaga peaaegu ei n\u00e4egi. Kui ta aeg-ajalt samblamaailas t\u00f5esti suuri eoskupraid (kuni 2 cm pikad) ei moodustaks, j\u00e4\u00e4ks see tilluke vanades metsades esinev lehtsammal \u00fcldse m\u00e4rkamata. <\/span>\n<\/p>\n<p>\n\tRohelise hiidkupra esmaleiust on m\u00f6\u00f6das juba 100 aastat (esmaleid 1922. aastal Ruhnust), kuid kuni selle sajandi alguseni teatigi teda kasvamas vaid v\u00e4hestes kohtades Eesti saartel. Ta kuulub Euroopa Loodusdirektiiviga kaitstavate liikide hulka ning see on suurendanud ka tema leviku- ja \u00f6koloogiauuringuid \u00fcle Euroopa. N\u00f5nda on meilgi ta k\u00e4esolevaks ajaks teada mitmetest leiukohtadest nii Eesti saartelt kui ka mandriosast. Vaatamata sellele, et teadmised rohelise hiidkupra leviku kohta on intensiivistunud otsingute tagaj\u00e4rjel n\u00fc\u00fcdseks paremad, v\u00e4\u00e4rib liik k\u00f5ige k\u00f5rgemat kaitset, kuna tegu on pika j\u00e4rjepidevusega okas-segametsades v\u00e4ga vanal suurem\u00f5\u00f5tmelisel k\u00f5dupuidul v\u00f5i niiskel turvasmullal kasvava liigiga. Suurema osa oma eluts\u00fcklist veedab roheline hiidkupar eelniidistaadiumis, mis v\u00f5ib moodustada ka sigikehakesi. Vaid soodsal aastal ja sobivate ilmastikutingimuste juures kasvatab ta s\u00e4ravrohelisi eoskupraid, mis vananedes pruuniks muutuvad. Kas neis saavad k\u00fcpseks ka uute elupaikade asustamiseks vajalikud eosed, pole alati sugugi kindel, sest mahlakad eoskuprad on s\u00f6\u00f6giks mitmetele pisikestele metsaelukatele (n\u00e4lkjad, teod, putukad, ka hiired) juba enne eoste valmimist.\n<\/p>\n<p>\n\tFoto autor on Kai Vellak.\n<\/p>\n<p>\n\t<img loading=\"lazy\" decoding=\"async\" width=\"564\" height=\"766\" class=\"alignnone wp-image-75\" src=\"https:\/\/sisu.ut.ee\/wp-content\/uploads\/sites\/207\/bux_2021_sipa.png\" title=\"Roheline hiidkupar\" alt=\"Roheline hiidkupar\" srcset=\"https:\/\/sisu.ut.ee\/wp-content\/uploads\/sites\/207\/bux_2021_sipa.png 564w, https:\/\/sisu.ut.ee\/wp-content\/uploads\/sites\/207\/bux_2021_sipa-221x300.png 221w\" sizes=\"auto, (max-width: 564px) 100vw, 564px\"><\/p>\n","protected":false},"excerpt":{"rendered":"<p>Perekonnaimetuse \u201ehiidkupar\u201c alusel v\u00f5iks arvata, et tegu on suure samblaga. Tegelikult rohelise hiidkupra narmasjate lehtedega paari millimeetri k\u00f5rguseid v\u00f5susid palja silmaga peaaegu ei n\u00e4egi. Kui ta aeg-ajalt samblamaailas t\u00f5esti suuri eoskupraid (kuni 2 cm pikad) ei moodustaks, j\u00e4\u00e4ks see tilluke &#8230;<\/p>\n","protected":false},"author":103,"featured_media":0,"parent":0,"menu_order":0,"comment_status":"closed","ping_status":"closed","template":"","meta":{"_acf_changed":false,"inline_featured_image":false,"footnotes":""},"class_list":["post-5","page","type-page","status-publish","hentry"],"acf":[],"_links":{"self":[{"href":"https:\/\/sisu.ut.ee\/samblasober\/wp-json\/wp\/v2\/pages\/5","targetHints":{"allow":["GET"]}}],"collection":[{"href":"https:\/\/sisu.ut.ee\/samblasober\/wp-json\/wp\/v2\/pages"}],"about":[{"href":"https:\/\/sisu.ut.ee\/samblasober\/wp-json\/wp\/v2\/types\/page"}],"author":[{"embeddable":true,"href":"https:\/\/sisu.ut.ee\/samblasober\/wp-json\/wp\/v2\/users\/103"}],"replies":[{"embeddable":true,"href":"https:\/\/sisu.ut.ee\/samblasober\/wp-json\/wp\/v2\/comments?post=5"}],"version-history":[{"count":1,"href":"https:\/\/sisu.ut.ee\/samblasober\/wp-json\/wp\/v2\/pages\/5\/revisions"}],"predecessor-version":[{"id":181,"href":"https:\/\/sisu.ut.ee\/samblasober\/wp-json\/wp\/v2\/pages\/5\/revisions\/181"}],"wp:attachment":[{"href":"https:\/\/sisu.ut.ee\/samblasober\/wp-json\/wp\/v2\/media?parent=5"}],"curies":[{"name":"wp","href":"https:\/\/api.w.org\/{rel}","templated":true}]}}