{"id":49,"date":"2024-04-04T03:18:40","date_gmt":"2024-04-04T00:18:40","guid":{"rendered":"https:\/\/sisu.ut.ee\/samblasober\/harilik-karusammal-polytrichum-commune-aasta-sammal-2017\/"},"modified":"2024-04-04T03:19:15","modified_gmt":"2024-04-04T00:19:15","slug":"harilik-karusammal-polytrichum-commune-aasta-sammal-2017","status":"publish","type":"page","link":"https:\/\/sisu.ut.ee\/samblasober\/harilik-karusammal-polytrichum-commune-aasta-sammal-2017\/","title":{"rendered":"Harilik karusammal (Polytrichum commune) &#8211; aasta sammal 2017"},"content":{"rendered":"<p class=\"p1\">Eelmise aasta l\u00f5pus valisid Eesti samblas\u00f5brad esimest korda aasta sambla. Selleks osutus seitsme kandidaadi hulgas enim h\u00e4\u00e4li saanud<strong> harilik karusammal\u00a0 e. k\u00e4olina<\/strong>. Perekonda karusammal kuulub Eestis kokku seitse liiki, nende hulgas on harilik karusammal meil k\u00f5ige tuntum ja laiemalt levinud. Harilik karusammal moodustab soostuvates ja rabastuvates metsades ulatuslikke k\u00f5rgeid murusid v\u00f5i m\u00e4ttaid. Taimed v\u00f5ivad kasvada kuni poole meetri k\u00f5rguseks ning lehed varrel on j\u00e4igalt eemalehoidvad, mist\u00f5ttu taimed meenutavad pudeliharja. Varasuvel p\u00fc\u00fcavad pilku kuldkollaste karvaste tanudega eoskuprad, mis k\u00f5rguvad v\u00f5sude tippudes.<\/p>\n<p class=\"p1\">Aasta sambla valimise eesm\u00e4rgiks on l\u00e4bi \u00fche liigi tutvustada Eesti sammalde mitmekesisust, kutsuda inimesi m\u00e4rkama teiste loodusobjektide hulgas ka neid v\u00e4ikeseid taimi, kellel on metsade ja soode elus sageli just m\u00e4\u00e4rav roll. Kutsume k\u00f5iki samblahuvilisi pildistama harilikku karusammalt ja tema sugulasi ning osalema sammalde fotov\u00f5istlusel. Karusammal on v\u00f5idupildile j\u00e4\u00e4nud nii m\u00f5nigi kord, viimati ka suurimal \u2013 Eesti Loodusfoto \u2013 v\u00f5istlusel! <a href=\"http:\/\/laf.looduseomnibuss.ee\/?page_id=1065&amp;g=56\" target=\"_blank\" rel=\"noopener\">Vt. v\u00f5idut\u00f6\u00f6d siin<\/a><\/p>\n<p class=\"p1\">Pildi harilikust karusamblast on teinud Andres Hendrikson ning see foto \u201cLapike karusamblavaipa\u201c oli parim t\u00f6\u00f6 vabafotode kategoorias 2015. a. samblafotov\u00f5istlusel.<\/p>\n<p class=\"p1\"><img loading=\"lazy\" decoding=\"async\" src=\"\/wp-content\/uploads\/sites\/207\/karusammal_ah.jpg\" width=\"4209\" height=\"2806\"><\/p>\n","protected":false},"excerpt":{"rendered":"<p>Eelmise aasta l\u00f5pus valisid Eesti samblas\u00f5brad esimest korda aasta sambla. Selleks osutus seitsme kandidaadi hulgas enim h\u00e4\u00e4li saanud harilik karusammal\u00a0 e. k\u00e4olina. Perekonda karusammal kuulub Eestis kokku seitse liiki, nende hulgas on harilik karusammal meil k\u00f5ige tuntum ja laiemalt levinud. &#8230;<\/p>\n","protected":false},"author":103,"featured_media":0,"parent":0,"menu_order":0,"comment_status":"closed","ping_status":"closed","template":"","meta":{"_acf_changed":false,"inline_featured_image":false,"footnotes":""},"class_list":["post-49","page","type-page","status-publish","hentry"],"acf":[],"_links":{"self":[{"href":"https:\/\/sisu.ut.ee\/samblasober\/wp-json\/wp\/v2\/pages\/49","targetHints":{"allow":["GET"]}}],"collection":[{"href":"https:\/\/sisu.ut.ee\/samblasober\/wp-json\/wp\/v2\/pages"}],"about":[{"href":"https:\/\/sisu.ut.ee\/samblasober\/wp-json\/wp\/v2\/types\/page"}],"author":[{"embeddable":true,"href":"https:\/\/sisu.ut.ee\/samblasober\/wp-json\/wp\/v2\/users\/103"}],"replies":[{"embeddable":true,"href":"https:\/\/sisu.ut.ee\/samblasober\/wp-json\/wp\/v2\/comments?post=49"}],"version-history":[{"count":1,"href":"https:\/\/sisu.ut.ee\/samblasober\/wp-json\/wp\/v2\/pages\/49\/revisions"}],"predecessor-version":[{"id":175,"href":"https:\/\/sisu.ut.ee\/samblasober\/wp-json\/wp\/v2\/pages\/49\/revisions\/175"}],"wp:attachment":[{"href":"https:\/\/sisu.ut.ee\/samblasober\/wp-json\/wp\/v2\/media?parent=49"}],"curies":[{"name":"wp","href":"https:\/\/api.w.org\/{rel}","templated":true}]}}