{"id":36,"date":"2024-04-04T03:18:39","date_gmt":"2024-04-04T00:18:39","guid":{"rendered":"https:\/\/sisu.ut.ee\/samblasober\/avaleht\/"},"modified":"2025-01-20T09:33:16","modified_gmt":"2025-01-20T07:33:16","slug":"avaleht","status":"publish","type":"page","link":"https:\/\/sisu.ut.ee\/samblasober\/","title":{"rendered":"Eesti samblas\u00f5brad"},"content":{"rendered":"<p style=\"text-align: justify\"><strong>Eesti samblas\u00f5brad<\/strong> tegutsevad aastast 1998, kui ilmus populaarteadusliku sambla-ajakirja esimene number, mis huviliste h\u00e4\u00e4lte-enamusega sai nimeks \u201cSamblas\u00f5ber\u201d. Ajakiri ilmub \u00fcks kord aastas. Alates neljadast numbrist on ajakirja kaanepildiks kunstnik Edgar Valteri poolt spetsiaalselt sellele ajakirjale joonistatud Samblas\u00f5ber.<\/p>\n<p style=\"text-align: justify\">Alatest aastast 2000 on toimunud igal kevadel samblas\u00f5prade kahep\u00e4evased matkad Eesti erinevatesse paikadesse nii sammalde tutvustamiseks kui kohaliku samblanimestiku t\u00e4iendamiseks.\u00a0Alatest aastast 2011 on korraldatud sammalde fotov\u00f5istlusi ning aastal 2017 alustati aasta sambla nimetamise ja tutvustamisega.\u00a0<\/p>\n<p><span style=\"color: #800000\"><strong>K\u00f5ik sammalde suhtes s\u00f5bralikult meelestatud inimesed on oodatud meie hulka!<\/strong><\/span><\/p>\n\n<div class=\"posts-list-block my-4\">\n\t\t\t<h2 class=\"section-title h3\">Viimased uudised<\/h2>\n\t\t\t\t\t\t\t\t\t\t\t\t\t\t\t<article class=\"post-285 post type-post status-publish format-standard has-post-thumbnail hentry category-uudised\">\n  <a href=\"https:\/\/sisu.ut.ee\/samblasober\/2026-aasta-sammal-on-valitud\/\" class=\"article-card--list d-flex flex-row text-black pb-1 mb-1 border-bottom\">\n    <div class=\"w-25 flex-shrink-0\">\n              <img loading=\"lazy\" decoding=\"async\" width=\"150\" height=\"150\" src=\"https:\/\/sisu.ut.ee\/wp-content\/uploads\/sites\/207\/Fontinalis-valjas_NI-150x150.jpg\" class=\"img-fluid article-card__img wp-post-image\" alt=\"\">\n          <\/div>\n    <div class=\"d-flex flex-column w-100 ms-2\">\n      <h3 class=\"h5 text-sm mb-1\">2026. aasta sammal on valitud!<\/h3>\n      <time class=\"post-date d-block mt-auto text-end text-xs w-100\" datetime=\"2025-12-12T13:37:36+00:00\">\n        12.12.2025\n      <\/time>\n    <\/div>\n  <\/a>\n<\/article>\n\t\t\t\t\t\t\t\t\t\t\t<article class=\"post-280 post type-post status-publish format-standard hentry category-uudised\">\n  <a href=\"https:\/\/sisu.ut.ee\/samblasober\/2026-aasta-sambla-kandidaadid\/\" class=\"article-card--list d-flex flex-row text-black pb-1 mb-1 border-bottom\">\n    <div class=\"w-25 flex-shrink-0\">\n              <img loading=\"lazy\" decoding=\"async\" src=\"https:\/\/sisu.ut.ee\/wp-content\/themes\/tu\/public\/images\/default-placeholder.69fd84.svg\" class=\"img-fluid article-card__img\" alt=\"Vaikimisi pilt\" width=\"150\" height=\"150\">\n          <\/div>\n    <div class=\"d-flex flex-column w-100 ms-2\">\n      <h3 class=\"h5 text-sm mb-1\">2026. aasta sambla kandidaadid<\/h3>\n      <time class=\"post-date d-block mt-auto text-end text-xs w-100\" datetime=\"2025-11-04T09:21:44+00:00\">\n        04.11.2025\n      <\/time>\n    <\/div>\n  <\/a>\n<\/article>\n\t\t\t\t\t\t\t\t\t\t\t<article class=\"post-276 post type-post status-publish format-standard hentry category-uudised\">\n  <a href=\"https:\/\/sisu.ut.ee\/samblasober\/aasta-sambla-kandidaadid\/\" class=\"article-card--list d-flex flex-row text-black pb-1 mb-1 border-bottom\">\n    <div class=\"w-25 flex-shrink-0\">\n              <img loading=\"lazy\" decoding=\"async\" src=\"https:\/\/sisu.ut.ee\/wp-content\/themes\/tu\/public\/images\/default-placeholder.69fd84.svg\" class=\"img-fluid article-card__img\" alt=\"Vaikimisi pilt\" width=\"150\" height=\"150\">\n          <\/div>\n    <div class=\"d-flex flex-column w-100 ms-2\">\n      <h3 class=\"h5 text-sm mb-1\">2026. aasta sambla otsingul \u2013 esita oma lemmik!<\/h3>\n      <time class=\"post-date d-block mt-auto text-end text-xs w-100\" datetime=\"2025-10-15T09:00:54+00:00\">\n        15.10.2025\n      <\/time>\n    <\/div>\n  <\/a>\n<\/article>\n\t\t\t\t\t\t\t\t\t\t\t<article class=\"post-245 post type-post status-publish format-standard has-post-thumbnail hentry category-uudised\">\n  <a href=\"https:\/\/sisu.ut.ee\/samblasober\/seitsme-kandidaadi-hulgast-valiti-2025-aasta-samblaks-harilik-roossammal\/\" class=\"article-card--list d-flex flex-row text-black pb-1 mb-1 border-bottom\">\n    <div class=\"w-25 flex-shrink-0\">\n              <img loading=\"lazy\" decoding=\"async\" width=\"150\" height=\"150\" src=\"https:\/\/sisu.ut.ee\/wp-content\/uploads\/sites\/207\/Har-roossammal_KV-1-1-150x150.jpg\" class=\"img-fluid article-card__img wp-post-image\" alt=\"\">\n          <\/div>\n    <div class=\"d-flex flex-column w-100 ms-2\">\n      <h3 class=\"h5 text-sm mb-1\">Seitsme kandidaadi hulgast valiti 2025. aasta samblaks harilik roossammal<\/h3>\n      <time class=\"post-date d-block mt-auto text-end text-xs w-100\" datetime=\"2024-12-13T07:08:44+00:00\">\n        13.12.2024\n      <\/time>\n    <\/div>\n  <\/a>\n<\/article>\n\t\t\t\t\t\t\t\t\t\t\t<article class=\"post-234 post type-post status-publish format-standard has-post-thumbnail hentry category-uudised\">\n  <a href=\"https:\/\/sisu.ut.ee\/samblasober\/2025-aasta-sammal-kandidaadid\/\" class=\"article-card--list d-flex flex-row text-black pb-1 mb-1 border-bottom\">\n    <div class=\"w-25 flex-shrink-0\">\n              <img loading=\"lazy\" decoding=\"async\" width=\"150\" height=\"150\" src=\"https:\/\/sisu.ut.ee\/wp-content\/uploads\/sites\/207\/BeFunky-collage-150x150.jpg\" class=\"img-fluid article-card__img wp-post-image\" alt=\"\" srcset=\"https:\/\/sisu.ut.ee\/wp-content\/uploads\/sites\/207\/BeFunky-collage-150x150.jpg 150w, https:\/\/sisu.ut.ee\/wp-content\/uploads\/sites\/207\/BeFunky-collage-300x300.jpg 300w, https:\/\/sisu.ut.ee\/wp-content\/uploads\/sites\/207\/BeFunky-collage-1024x1024.jpg 1024w, https:\/\/sisu.ut.ee\/wp-content\/uploads\/sites\/207\/BeFunky-collage-768x768.jpg 768w, https:\/\/sisu.ut.ee\/wp-content\/uploads\/sites\/207\/BeFunky-collage-1536x1536.jpg 1536w, https:\/\/sisu.ut.ee\/wp-content\/uploads\/sites\/207\/BeFunky-collage-2048x2048.jpg 2048w, https:\/\/sisu.ut.ee\/wp-content\/uploads\/sites\/207\/BeFunky-collage-1920x1920.jpg 1920w\" sizes=\"auto, (max-width: 150px) 100vw, 150px\">\n          <\/div>\n    <div class=\"d-flex flex-column w-100 ms-2\">\n      <h3 class=\"h5 text-sm mb-1\">2025. aasta sambla kandidaadid<\/h3>\n      <time class=\"post-date d-block mt-auto text-end text-xs w-100\" datetime=\"2024-11-21T07:20:18+00:00\">\n        21.11.2024\n      <\/time>\n    <\/div>\n  <\/a>\n<\/article>\n\t\t\t\t\t\t\t\t\t<\/div>\n\n\n\n<ul class=\"wp-block-list\">\n<li>\n<\/ul>\n\n\n\n<h2 class=\"wp-block-heading has-text-align-left has-light-color has-green-background-color has-text-color has-background has-link-color has-extra-large-font-size wp-elements-44faad6f9aff55e5975f6c4a5caf2def\" style=\"padding-top:var(--wp--preset--spacing--30);padding-right:var(--wp--preset--spacing--50);padding-bottom:var(--wp--preset--spacing--30);padding-left:var(--wp--preset--spacing--50)\">Aasta sammal<\/h2>\n\n\n\n<p><a href=\"https:\/\/sisu.ut.ee\/samblasober\/roheline-hiidkupar-buxbaumia-viridis-aasta-sammal-2023\/\" data-type=\"page\" data-id=\"5\">Roheline hiidkupar (Buxbaumia viridis) \u2013 aasta sammal 2023<\/a><br><br><a href=\"https:\/\/sisu.ut.ee\/samblasober\/harilik-valvik-leucobryum-glaucum-aasta-sammal-2020\/\" data-type=\"page\" data-id=\"12\">Harilik valvik (Leucobryum glaucum) \u2013 aasta sammal 2020<\/a><br><br><a href=\"https:\/\/sisu.ut.ee\/samblasober\/wulfi-turbasammal-sphagnum-wulfianum-aasta-sammal-2019-et\/\" data-type=\"page\" data-id=\"69\">Wulfi turbasammal (Sphagnum wulfianum) \u2013 aasta sammal 2019<\/a><br><br><a href=\"https:\/\/sisu.ut.ee\/samblasober\/aasta-sammal-2018-harilik-laanik-hylocomium-splendens\/\" data-type=\"page\" data-id=\"29\">Harilik laanik (Hylocomium splendens) \u2013 aasta sammal 2018<\/a><br><br><a href=\"https:\/\/sisu.ut.ee\/samblasober\/harilik-karusammal-polytrichum-commune-aasta-sammal-2017\/\" data-type=\"page\" data-id=\"49\">Harilik karusammal (Polytrichum commune) \u2013 aasta sammal 2017<\/a><\/p>\n\n\n\n<div class=\"wp-block-buttons is-layout-flex wp-block-buttons-is-layout-flex\">\n<div class=\"wp-block-button\"><a class=\"wp-block-button__link has-green-background-color has-background wp-element-button\" href=\"https:\/\/sisu.ut.ee\/samblasober\/aasta-sammal\/\"><strong>Rohkem<\/strong><\/a><\/div>\n<\/div>\n","protected":false},"excerpt":{"rendered":"<p>Eesti samblas\u00f5brad tegutsevad aastast 1998, kui ilmus populaarteadusliku sambla-ajakirja esimene number, mis huviliste h\u00e4\u00e4lte-enamusega sai nimeks \u201cSamblas\u00f5ber\u201d. Ajakiri ilmub \u00fcks kord aastas. Alates neljadast numbrist on ajakirja kaanepildiks kunstnik Edgar Valteri poolt spetsiaalselt sellele ajakirjale joonistatud Samblas\u00f5ber. Alatest aastast 2000 &#8230;<\/p>\n","protected":false},"author":103,"featured_media":0,"parent":0,"menu_order":0,"comment_status":"closed","ping_status":"closed","template":"","meta":{"_acf_changed":false,"inline_featured_image":false,"footnotes":""},"class_list":["post-36","page","type-page","status-publish","hentry"],"acf":[],"_links":{"self":[{"href":"https:\/\/sisu.ut.ee\/samblasober\/wp-json\/wp\/v2\/pages\/36","targetHints":{"allow":["GET"]}}],"collection":[{"href":"https:\/\/sisu.ut.ee\/samblasober\/wp-json\/wp\/v2\/pages"}],"about":[{"href":"https:\/\/sisu.ut.ee\/samblasober\/wp-json\/wp\/v2\/types\/page"}],"author":[{"embeddable":true,"href":"https:\/\/sisu.ut.ee\/samblasober\/wp-json\/wp\/v2\/users\/103"}],"replies":[{"embeddable":true,"href":"https:\/\/sisu.ut.ee\/samblasober\/wp-json\/wp\/v2\/comments?post=36"}],"version-history":[{"count":13,"href":"https:\/\/sisu.ut.ee\/samblasober\/wp-json\/wp\/v2\/pages\/36\/revisions"}],"predecessor-version":[{"id":273,"href":"https:\/\/sisu.ut.ee\/samblasober\/wp-json\/wp\/v2\/pages\/36\/revisions\/273"}],"wp:attachment":[{"href":"https:\/\/sisu.ut.ee\/samblasober\/wp-json\/wp\/v2\/media?parent=36"}],"curies":[{"name":"wp","href":"https:\/\/api.w.org\/{rel}","templated":true}]}}