{"id":29,"date":"2024-04-04T03:18:38","date_gmt":"2024-04-04T00:18:38","guid":{"rendered":"https:\/\/sisu.ut.ee\/samblasober\/aasta-sammal-2018-harilik-laanik-hylocomium-splendens\/"},"modified":"2024-04-04T03:19:15","modified_gmt":"2024-04-04T00:19:15","slug":"aasta-sammal-2018-harilik-laanik-hylocomium-splendens","status":"publish","type":"page","link":"https:\/\/sisu.ut.ee\/samblasober\/aasta-sammal-2018-harilik-laanik-hylocomium-splendens\/","title":{"rendered":"Harilik laanik (Hylocomium splendens) &#8211; aasta sammal 2018"},"content":{"rendered":"<p>2018. aasta samblaks valiti 28. detsembril harilik laanik (<em style=\"line-height: 1.6em\">Hylocomium splendens<\/em>). Harilik laanik on Eestis v\u00e4ga tavaline, teda v\u00f5ib leida nii kuivades m\u00e4nnikutes kui soostuvates kuusikutes, rabades m\u00e4tastel ja klibustel loopealsetel. See on sammal, mis on kergesti \u00e4ratuntav oma \u201ekorruseid\u201c kasvatava v\u00f5su poolest. Laanikute perekonda on kuulunud ka praegune varju-salulaanik (<em style=\"line-height: 1.6em\">Hylocomiastrum umbratum<\/em>), kes esineb toitainerikastes salukuusikutes ning on kasvutingimuste suhtes m\u00e4rgatavalt n\u00f5udlikum.<\/p>\n<p>Foto: Kai Vellak<\/p>\n<p><img loading=\"lazy\" decoding=\"async\" src=\"\/wp-content\/uploads\/sites\/207\/laanik-kv_2011.jpg\" title=\"Laanik - aasta sammal 2018\" width=\"1200\" height=\"812\"><\/p>\n","protected":false},"excerpt":{"rendered":"<p>2018. aasta samblaks valiti 28. detsembril harilik laanik (Hylocomium splendens). Harilik laanik on Eestis v\u00e4ga tavaline, teda v\u00f5ib leida nii kuivades m\u00e4nnikutes kui soostuvates kuusikutes, rabades m\u00e4tastel ja klibustel loopealsetel. See on sammal, mis on kergesti \u00e4ratuntav oma \u201ekorruseid\u201c kasvatava &#8230;<\/p>\n","protected":false},"author":103,"featured_media":0,"parent":0,"menu_order":0,"comment_status":"closed","ping_status":"closed","template":"","meta":{"_acf_changed":false,"inline_featured_image":false,"footnotes":""},"class_list":["post-29","page","type-page","status-publish","hentry"],"acf":[],"_links":{"self":[{"href":"https:\/\/sisu.ut.ee\/samblasober\/wp-json\/wp\/v2\/pages\/29","targetHints":{"allow":["GET"]}}],"collection":[{"href":"https:\/\/sisu.ut.ee\/samblasober\/wp-json\/wp\/v2\/pages"}],"about":[{"href":"https:\/\/sisu.ut.ee\/samblasober\/wp-json\/wp\/v2\/types\/page"}],"author":[{"embeddable":true,"href":"https:\/\/sisu.ut.ee\/samblasober\/wp-json\/wp\/v2\/users\/103"}],"replies":[{"embeddable":true,"href":"https:\/\/sisu.ut.ee\/samblasober\/wp-json\/wp\/v2\/comments?post=29"}],"version-history":[{"count":1,"href":"https:\/\/sisu.ut.ee\/samblasober\/wp-json\/wp\/v2\/pages\/29\/revisions"}],"predecessor-version":[{"id":177,"href":"https:\/\/sisu.ut.ee\/samblasober\/wp-json\/wp\/v2\/pages\/29\/revisions\/177"}],"wp:attachment":[{"href":"https:\/\/sisu.ut.ee\/samblasober\/wp-json\/wp\/v2\/media?parent=29"}],"curies":[{"name":"wp","href":"https:\/\/api.w.org\/{rel}","templated":true}]}}