{"id":12,"date":"2024-04-04T03:18:37","date_gmt":"2024-04-04T00:18:37","guid":{"rendered":"https:\/\/sisu.ut.ee\/samblasober\/harilik-valvik-leucobryum-glaucum-aasta-sammal-2020\/"},"modified":"2024-04-04T03:19:15","modified_gmt":"2024-04-04T00:19:15","slug":"harilik-valvik-leucobryum-glaucum-aasta-sammal-2020","status":"publish","type":"page","link":"https:\/\/sisu.ut.ee\/samblasober\/harilik-valvik-leucobryum-glaucum-aasta-sammal-2020\/","title":{"rendered":"Harilik valvik (Leucobryum glaucum) &#8211; aasta sammal 2020"},"content":{"rendered":"<p>\n\t<span lang=\"ET\"><span style=\"line-height:115%\"><span>Harilik valvik sai \u00fcheksa kandidaatliigi hulgas k\u00f5ige enam h\u00e4\u00e4li. H\u00e4\u00e4li andis kokku 51 samblas\u00f5pra, neist 13 eelistas harilikku valvikut, \u00fcsna kannul olid sulgjas \u00f5hik (11 h\u00e4\u00e4lt) ja harilik lehviksammal (9 h\u00e4\u00e4lt). Harilik valvik esineb Eestis peamiselt mandri l\u00e4\u00e4neosas ja saartel. Ka Euroopas on ta rohkem levinud merelisema kliimaga l\u00e4\u00e4neosas. Herbaarandmete p\u00f5hjal on harilik valvik Eestis olnud laialdaselt levinud,\u00a0kuid praeguseks on liik mitmetest vanematest leiukohtadest kadunud. Senine teadaolev idapoolseim leiukoht on Endla looduskaitsealal. Harilik valvik on metsaliik, kasvades nii soostunud kui ka kuivemates okas-segametsades, kus soodsatel tingimustel v\u00f5ib moodustada k\u00f5rgeid valkjaid m\u00e4ttaid ning paistab seet\u00f5ttu metsas liikujale ka kergesti silma. Dekoratiivse v\u00e4limuse t\u00f5ttu on ta kasutamist leidnud aianduses \u00fcle Euroopa ning liigi \u00fclem\u00e4\u00e4rase kasutamise kaitseks on ta kantud Euroopa Loodusdirektiivi V lisa liikide nimekirja.<\/span><\/span><\/span> <span lang=\"ET\"><span style=\"line-height:115%\"><span>See on ka \u00fcks p\u00f5hjuseid, miks liik on ka Eestis kaitse alla v\u00f5etud (LK III kaitsekategooria) ning arvatud\u00a0 metsa v\u00e4\u00e4riselupaikade tunnusliikide hulka.<\/span><\/span><\/span>\n<\/p>\n<p>\n\t<span style=\"line-height:normal\"><b><span lang=\"ET\"><span>Loe lisaks: <\/span><\/span><\/b><a href=\"https:\/\/tartu.postimees.ee\/6849860\/aasta-samblaks-2020-valitud-harilikule-valvikule-meeldib-mereline-kliima\"><span lang=\"ET\"><span>https:\/\/tartu.postimees.ee\/6849860\/aasta-samblaks-2020-valitud-harilikule-valvikule-meeldib-mereline-kliima<\/span><\/span><\/a><\/span>\n<\/p>\n<pre><span style=\"font-family:Arial,Helvetica,sans-serif\"><a href=\"https:\/\/looduskalender.ee\/n\/node\/4072\">https:\/\/looduskalender.ee\/n\/node\/4072<\/a><\/span><\/pre>\n<p>\n\t<span style=\"font-family:Arial,Helvetica,sans-serif\">Foto allikas: plutof.ut.ee, foto autor \u2013 Kai Vellak, TU169881<\/span>\n<\/p>\n<p>\n\t<img decoding=\"async\" alt=\"\" src=\"\/sites\/default\/files\/sweaver\/sweaver_image_43234.jpg%20\" style=\"width: 3199px;height: 2787px\"><\/p>\n","protected":false},"excerpt":{"rendered":"<p>Harilik valvik sai \u00fcheksa kandidaatliigi hulgas k\u00f5ige enam h\u00e4\u00e4li. H\u00e4\u00e4li andis kokku 51 samblas\u00f5pra, neist 13 eelistas harilikku valvikut, \u00fcsna kannul olid sulgjas \u00f5hik (11 h\u00e4\u00e4lt) ja harilik lehviksammal (9 h\u00e4\u00e4lt). Harilik valvik esineb Eestis peamiselt mandri l\u00e4\u00e4neosas ja saartel. &#8230;<\/p>\n","protected":false},"author":103,"featured_media":0,"parent":0,"menu_order":0,"comment_status":"closed","ping_status":"closed","template":"","meta":{"_acf_changed":false,"inline_featured_image":false,"footnotes":""},"class_list":["post-12","page","type-page","status-publish","hentry"],"acf":[],"_links":{"self":[{"href":"https:\/\/sisu.ut.ee\/samblasober\/wp-json\/wp\/v2\/pages\/12","targetHints":{"allow":["GET"]}}],"collection":[{"href":"https:\/\/sisu.ut.ee\/samblasober\/wp-json\/wp\/v2\/pages"}],"about":[{"href":"https:\/\/sisu.ut.ee\/samblasober\/wp-json\/wp\/v2\/types\/page"}],"author":[{"embeddable":true,"href":"https:\/\/sisu.ut.ee\/samblasober\/wp-json\/wp\/v2\/users\/103"}],"replies":[{"embeddable":true,"href":"https:\/\/sisu.ut.ee\/samblasober\/wp-json\/wp\/v2\/comments?post=12"}],"version-history":[{"count":1,"href":"https:\/\/sisu.ut.ee\/samblasober\/wp-json\/wp\/v2\/pages\/12\/revisions"}],"predecessor-version":[{"id":180,"href":"https:\/\/sisu.ut.ee\/samblasober\/wp-json\/wp\/v2\/pages\/12\/revisions\/180"}],"wp:attachment":[{"href":"https:\/\/sisu.ut.ee\/samblasober\/wp-json\/wp\/v2\/media?parent=12"}],"curies":[{"name":"wp","href":"https:\/\/api.w.org\/{rel}","templated":true}]}}