{"id":9,"date":"2024-04-04T00:36:20","date_gmt":"2024-04-03T21:36:20","guid":{"rendered":"https:\/\/sisu.ut.ee\/salzburg\/salzburgi-suvekooli-konkurss-2019\/"},"modified":"2024-04-04T00:36:49","modified_gmt":"2024-04-03T21:36:49","slug":"salzburgi-suvekooli-konkurss-2019","status":"publish","type":"page","link":"https:\/\/sisu.ut.ee\/salzburg\/salzburgi-suvekooli-konkurss-2019\/","title":{"rendered":"Salzburgi suvekooli konkurss 2019"},"content":{"rendered":"<div id=\"content-panels\" class=\"at-panel gpanel panel-display content clearfix\">\n<div class=\"region region-content-top\">\n<div class=\"region-inner clearfix\">\n<div id=\"block-os-pages-main-content\" class=\"block block-os-pages contextual-links-region no-title\">\n<div class=\"block-inner clearfix\">\n<div class=\"block-content content\">\n<div class=\"node-content\">\n<div class=\"field field-name-body field-type-text-with-summary field-label-hidden view-mode-full\">\n<div class=\"field-items\">\n<div class=\"field-item even\">\n<p align=\"center\"><strong>Salzburgi Euroopa era\u00f5iguse suve\u00fclikooli stipendiumikonkurss<\/strong><\/p>\n<p align=\"center\"><strong>\u2018Salzburg Summer School of European Private Law 2019\u2019<\/strong><\/p>\n<p style=\"text-align: justify\" align=\"center\">Tartu \u00dclikooli \u00f5igusteaduskond ja Eesti Akadeemiline \u00d5igusteaduse Selts kuulutavad v\u00e4lja 1. juulist kuni 13. juulini 2019 Salzburgis toimuva suve\u00fclikooli<strong>\u201eEuropean Private Law\u201c\u00a0<\/strong>stipendiumikonkursi<strong>.\u00a0<\/strong>Suve\u00fclikool toimub juba kahek\u00fcmnendat korda ning Eesti esindus on sellest osa v\u00f5tnud alates 2003 aastast.\u00a0<\/p>\n<p style=\"text-align: justify\">Tegemist on ainulaadse suve\u00fclikooliga, kus \u00f5pitakse tundma v\u00f5rdlevalt maailma era\u00f5iguse s\u00fcsteeme (EL liikmesriigid, L\u00f5una-Aafrika, USA Lousiana osariik, Quebec\u2019i provintsi, Puerto Rico, Hiina, Venemaa, T\u00fcrgi, Brasiilia). Lisaks toimuvad t\u00f6\u00f6toad, kus lahendatakse kaasusi omandi \u00fcleandmisest (<em>transfer of title<\/em>) ja lepingu rikkumisest (<em>breach of contract<\/em>) ning v\u00f5rreldakse perekonna\u00f5iguse olulisemaid instituute. \u00d5ppet\u00f6\u00f6 toimub p\u00f5hiliselt inglise keeles, osa loenguid ja seminare on ka saksa ja\/v\u00f5i prantsuse keeles. Tudengid saavad v\u00f5imaluse tutvustada ka oma riigi \u00f5igust v\u00f5rdlev\u00f5iguslikes t\u00f6\u00f6tubades ning osaleda \u00fcmarlaudadel. Lisaks k\u00fclastavad suvekooli silmapaistvad \u00f5igusteadlased ja -praktikud. \u00d5ppet\u00f6\u00f6st vabal ajal toimuvad \u00fchised ekskursioonid ja meelelahutuslikud \u00fcritused.<\/p>\n<p>Konkursil valitakse v\u00e4lja kuni 10 \u00fcli\u00f5pilast, kellele eraldatakse T\u00dc \u00f5igusteaduskonna, EA\u00d5S ning EllexRaidla fondi stipendiumid (vt\u00a0<a href=\"http:\/\/www.ellex.ee\/ee\/tudengile\/365\">http:\/\/www.ellex.ee\/ee\/tudengile\/365<\/a>). Makstav stipendium v\u00f5imaldab tasuda osalustasu ning v\u00f5imaluse korral ka s\u00f5idu- ja elamiskulud. Valiku kandidaatide seast teevad eelmisel aastal suvekoolis osalenud \u00fcli\u00f5pilased, EA\u00d5S-i\u00a0\u00a0ja T\u00dc \u00f5igusteaduskonna esindajad. Stipendiumide jagamisel kohaldatakse solidaarsusp\u00f5him\u00f5tet.\u00a0<\/p>\n<p>Osalema oodatakse \u00fcli\u00f5pilasi alates kolmandast \u00f5ppeaastast (st ka magistri- ja doktori\u00f5ppest), kelle keeleoskus, teadmised ja sotsiaalsed oskused tagavad eduka suvekoolis osalemise. Tegemist on teaduskonna sisese konkursiga, st Salzburgi \u00dclikooli suvekooli enda konkurss avatakse ametlikult m\u00e4rtsis 2019 ning seal osalema on oodatud k\u00f5ik huvilised (vt https:\/\/www.uni-salzburg.at\/index.php?id=29085).\u00a0<\/p>\n<p>Konkursil osaleda soovijatel palume saata CV koos \u00f5ppeedukust kinnitavate andmetega ning l\u00fchikese motivatsioonikirjaga aadressile:\u00a0<a href=\"mailto:merike.vellend@ut.ee\">merike.vellend@ut.ee<\/a>m\u00e4rks\u00f5naga \u2018Salzburgi suvekool 2019\u2019\u00a0<strong>5. novembriks<\/strong>. Stipendiaadid valitakse v\u00e4lja esitatud dokumentide ja vajaduse korral ka vestluse alusel. Vestluste toimumise ajad anname teada p\u00e4rast konkursi sulgemist. \u00a0<strong style=\"text-align: justify\">Tulemused tehakse teatavaks 1. detsembril 2019.<\/strong><\/p>\n<p><strong>Suvekooli tutvustame 31.oktoobril Tartus, N\u00e4ituse 13a ruumis 101 algusega kell 18.00.\u00a0<\/strong><\/p>\n<p>Konkursikomisjoni nimel<\/p>\n<p>Prof. Irene Kull<\/p>\n<p>Vt lisaks:\u00a0Juridica, 2011\/10, lk 787-789; FB Salzburg Summer School of European Private Law (<a href=\"https:\/\/www.facebook.com\/Salzburg-Summer-School-of-European-Private-Law-162455487150129\/\">https:\/\/www.facebook.com\/Salzburg-Summer-School-of-European-Private-Law-\u2026<\/a>)<\/p>\n<\/div>\n<\/div>\n<\/div>\n<\/div>\n<\/div>\n<div class=\"contextual-links-wrapper contextual-links-processed\"><\/div>\n<\/div>\n<\/div>\n<\/div>\n<\/div>\n<\/div>\n","protected":false},"excerpt":{"rendered":"<p>Salzburgi Euroopa era\u00f5iguse suve\u00fclikooli stipendiumikonkurss \u2018Salzburg Summer School of European Private Law 2019\u2019 Tartu \u00dclikooli \u00f5igusteaduskond ja Eesti Akadeemiline \u00d5igusteaduse Selts kuulutavad v\u00e4lja 1. juulist kuni 13. juulini 2019 Salzburgis toimuva suve\u00fclikooli\u201eEuropean Private Law\u201c\u00a0stipendiumikonkursi.\u00a0Suve\u00fclikool toimub juba kahek\u00fcmnendat korda ning Eesti &#8230;<\/p>\n","protected":false},"author":55,"featured_media":0,"parent":0,"menu_order":0,"comment_status":"closed","ping_status":"closed","template":"","meta":{"_acf_changed":false,"inline_featured_image":false,"footnotes":""},"class_list":["post-9","page","type-page","status-publish","hentry"],"acf":[],"_links":{"self":[{"href":"https:\/\/sisu.ut.ee\/salzburg\/wp-json\/wp\/v2\/pages\/9","targetHints":{"allow":["GET"]}}],"collection":[{"href":"https:\/\/sisu.ut.ee\/salzburg\/wp-json\/wp\/v2\/pages"}],"about":[{"href":"https:\/\/sisu.ut.ee\/salzburg\/wp-json\/wp\/v2\/types\/page"}],"author":[{"embeddable":true,"href":"https:\/\/sisu.ut.ee\/salzburg\/wp-json\/wp\/v2\/users\/55"}],"replies":[{"embeddable":true,"href":"https:\/\/sisu.ut.ee\/salzburg\/wp-json\/wp\/v2\/comments?post=9"}],"version-history":[{"count":1,"href":"https:\/\/sisu.ut.ee\/salzburg\/wp-json\/wp\/v2\/pages\/9\/revisions"}],"predecessor-version":[{"id":38,"href":"https:\/\/sisu.ut.ee\/salzburg\/wp-json\/wp\/v2\/pages\/9\/revisions\/38"}],"wp:attachment":[{"href":"https:\/\/sisu.ut.ee\/salzburg\/wp-json\/wp\/v2\/media?parent=9"}],"curies":[{"name":"wp","href":"https:\/\/api.w.org\/{rel}","templated":true}]}}