{"id":8,"date":"2024-04-04T00:36:20","date_gmt":"2024-04-03T21:36:20","guid":{"rendered":"https:\/\/sisu.ut.ee\/salzburg\/salzburgi-suvekool-2022\/"},"modified":"2024-04-04T00:36:49","modified_gmt":"2024-04-03T21:36:49","slug":"salzburgi-suvekool-2022","status":"publish","type":"page","link":"https:\/\/sisu.ut.ee\/salzburg\/salzburgi-suvekool-2022\/","title":{"rendered":"Salzburgi suvekool 2022"},"content":{"rendered":"<p style=\"margin:0cm;text-align:justify\">\n\t<span><span style=\"sans-serif\"><b><span lang=\"ET\" style=\"sans-serif\"><span style=\"color:#050505\">Salzburgi era\u00f5iguse suvekool 2022 <\/span><\/span><\/b><\/span><\/span>\n<\/p>\n<p style=\"margin:0cm;text-align:justify\">\n\t\u00a0\n<\/p>\n<p style=\"margin:0cm;text-align:justify\">\n\t<span><span style=\"sans-serif\"><span style=\"sans-serif\"><span style=\"color:#050505\">Salzburgi Euroopa era\u00f5iguse suvekool (Summer School on European Private Law) toimus 4. juulist kuni 16. juulini 2022. aastal taas oma traditsioonilises vormis p\u00e4rast kahte valdavalt virtuaalset osalemist v\u00f5imaldavat COVID-19 aastat. <\/span><\/span><\/span><\/span>\n<\/p>\n<p style=\"margin:0cm;text-align:justify\">\n\t\u00a0\n<\/p>\n<p style=\"margin:0cm;text-align:justify\">\n\t<span><span style=\"sans-serif\"><span style=\"sans-serif\"><span style=\"color:#050505\">Tartu \u00dclikoolist osalesid \u00f5igusteaduskonna ja EA\u00d5S stipendiumitega suvekoolis sel aastal 8 tudengit: kohal olid Grete Tee\u00e4\u00e4r, Uku Kull, J\u00fcrgen Adamson, Hegle P\u00e4rna, Karl Joonas Kendla, Liis Kikas, Andreas Otti ja virtuaalselt v\u00f5ttis suvekoolist osa Lilian L\u00f5ov\u00e4li. Tudengeid toetas professor Irene Kull, kes tutvustas Eesti \u00f5igust ja andis \u00fclevaate Euroopa lepingu\u00f5igusest.<\/span><\/span><\/span><\/span>\n<\/p>\n<p style=\"margin:0cm;text-align:justify\">\n\t\u00a0\n<\/p>\n<p style=\"margin:0cm;text-align:justify\">\n\t<span><span style=\"sans-serif\"><span style=\"sans-serif\"><span style=\"color:#050505\">Kokku oli suvekoolis sel aastal 154 tudengit \u2013 99 tudengit kohapeal ja 55 virtuaalselt. \u00dcli\u00f5pilastele anti \u00fclevaade kokku 36 riigi era\u00f5igusest (lisaks Euroopa Liidu liikmesriikide ka Jaapani, Hiina, Argentina, Venemaa, Brasiilia, L\u00f5una-Aafrika, Louisiana osariigi, Kanada, T\u00fcrgi, \u0160veitsi ja Puerto Rico era\u00f5igusest) loengute, t\u00f6\u00f6tubade ning \u00fcmarlaudade vormis. Tudengitele tutvustati ka Euroopa Kohtu viimast praktikat, Euroopa era\u00f5iguse ja Euroopa lepingu\u00f5iguse \u00fchtlustamise lugu ning v\u00f5rdlev\u00f5igusliku meetodi kasutamist era\u00f5iguses. Suvekool t\u00e4hendas ka aktiivset sotsiaalset suhtlemist, \u00fchiseid \u00f5htus\u00f6\u00f6ke ja Salzburgi linna ning \u00fcmbruskonnaga tutvumist.<\/span><\/span><\/span><\/span>\n<\/p>\n<p style=\"margin:0cm;text-align:justify\">\n\t\u00a0\n<\/p>\n<p style=\"margin:0cm;text-align:justify\">\n\t<span><span style=\"sans-serif\"><span style=\"sans-serif\"><span style=\"color:#050505\">Tudengite muljed suvekoolist:<\/span><\/span><\/span><\/span>\n<\/p>\n<p style=\"margin:0cm;text-align:justify\">\n\t\u00a0\n<\/p>\n<p style=\"margin:0cm;text-align:justify\">\n\t<span><span style=\"sans-serif\"><span style=\"sans-serif\"><span style=\"color:#050505\">\u201cSuvekool arendas laialdaselt teadmisi mitmete riikide \u00f5iguss\u00fcsteemide kohta, mis on kindlasti ka tulevikus abiks juristina \u00f5igusprobleemide lahendamisel. Samuti oli v\u00f5imalus \u00f5ppida erinevaid kultuure tundma ja saada uusi tutvusi \u00fcle maailma.\u201d<\/span><\/span><\/span><\/span>\n<\/p>\n<p style=\"margin:0cm;text-align:justify\">\n\t\u00a0\n<\/p>\n<p style=\"margin:0cm;text-align:justify\">\n\t<span><span style=\"sans-serif\"><span style=\"sans-serif\"><span style=\"color:#050505\">\u201cSalzburgis sai lisaks p\u00f5nevatele loengutele \u00f5ppida tundma ka erinevaid professoreid ja tulevaseid kolleege, kellega ka teiste huvitavate projektide raames aega veeta ning uuesti reisisellidena j\u00e4rjekordse juurast pakatava koosviibimise poole astuda.\u201d<\/span><\/span><\/span><\/span>\n<\/p>\n<p style=\"margin:0cm;text-align:justify\">\n\t\u00a0\n<\/p>\n<p style=\"margin:0cm;text-align:justify\">\n\t<span><span style=\"sans-serif\"><span style=\"sans-serif\"><span style=\"color:#050505\">\u201cSuvise \u00f5ppet\u00f6\u00f6 k\u00e4igus saime lisaks erialastele teadmistele proovile panna ka muud oskused \u2013 kohalikus karaokebaaris v\u00f5idulaulmise ja Untersbergi m\u00e4e otsas joodeldamise.\u201d<\/span><\/span><\/span><\/span>\n<\/p>\n<p style=\"margin:0cm;text-align:justify\">\n\t\u00a0\n<\/p>\n<p style=\"margin:0cm;text-align:justify\">\n\t<span><span style=\"sans-serif\"><span style=\"sans-serif\"><span style=\"color:#050505\">T\u00e4name k\u00f5iki stipendiumifondi toetajaid, kes osalemise v\u00f5imalikuks tegid ja oma panuse andsid:<\/span><\/span><\/span><\/span>\n<\/p>\n<p style=\"margin:0cm;text-align:justify\">\n\t\u00a0\n<\/p>\n<p style=\"margin:0cm;text-align:justify\">\n\t<span><span style=\"sans-serif\"><span style=\"sans-serif\"><span style=\"color:#050505\">Advokaadib\u00fcroo COBALT (COBALT.Legal)<\/span><\/span><\/span><\/span>\n<\/p>\n<p style=\"margin:0cm;text-align:justify\">\n\t<span><span style=\"sans-serif\"><span style=\"sans-serif\"><span style=\"color:#050505\">Advokaadib\u00fcroo Sorainen (Sorainen)<\/span><\/span><\/span><\/span>\n<\/p>\n<p style=\"margin:0cm;text-align:justify\">\n\t<span><span style=\"sans-serif\"><span style=\"sans-serif\"><span style=\"color:#050505\">Eesti Akadeemiline \u00d5igusteaduse Selts<\/span><\/span><\/span><\/span>\n<\/p>\n<p style=\"margin:0cm\">\n\t\u00a0<\/p>\n","protected":false},"excerpt":{"rendered":"<p>Salzburgi era\u00f5iguse suvekool 2022 \u00a0 Salzburgi Euroopa era\u00f5iguse suvekool (Summer School on European Private Law) toimus 4. juulist kuni 16. juulini 2022. aastal taas oma traditsioonilises vormis p\u00e4rast kahte valdavalt virtuaalset osalemist v\u00f5imaldavat COVID-19 aastat. \u00a0 Tartu \u00dclikoolist osalesid \u00f5igusteaduskonna &#8230;<\/p>\n","protected":false},"author":55,"featured_media":0,"parent":0,"menu_order":0,"comment_status":"closed","ping_status":"closed","template":"","meta":{"_acf_changed":false,"inline_featured_image":false,"footnotes":""},"class_list":["post-8","page","type-page","status-publish","hentry"],"acf":[],"_links":{"self":[{"href":"https:\/\/sisu.ut.ee\/salzburg\/wp-json\/wp\/v2\/pages\/8","targetHints":{"allow":["GET"]}}],"collection":[{"href":"https:\/\/sisu.ut.ee\/salzburg\/wp-json\/wp\/v2\/pages"}],"about":[{"href":"https:\/\/sisu.ut.ee\/salzburg\/wp-json\/wp\/v2\/types\/page"}],"author":[{"embeddable":true,"href":"https:\/\/sisu.ut.ee\/salzburg\/wp-json\/wp\/v2\/users\/55"}],"replies":[{"embeddable":true,"href":"https:\/\/sisu.ut.ee\/salzburg\/wp-json\/wp\/v2\/comments?post=8"}],"version-history":[{"count":1,"href":"https:\/\/sisu.ut.ee\/salzburg\/wp-json\/wp\/v2\/pages\/8\/revisions"}],"predecessor-version":[{"id":39,"href":"https:\/\/sisu.ut.ee\/salzburg\/wp-json\/wp\/v2\/pages\/8\/revisions\/39"}],"wp:attachment":[{"href":"https:\/\/sisu.ut.ee\/salzburg\/wp-json\/wp\/v2\/media?parent=8"}],"curies":[{"name":"wp","href":"https:\/\/api.w.org\/{rel}","templated":true}]}}