{"id":4,"date":"2024-04-04T00:36:19","date_gmt":"2024-04-03T21:36:19","guid":{"rendered":"https:\/\/sisu.ut.ee\/salzburg\/toetajad\/"},"modified":"2024-04-04T00:36:49","modified_gmt":"2024-04-03T21:36:49","slug":"toetajad","status":"publish","type":"page","link":"https:\/\/sisu.ut.ee\/salzburg\/toetajad\/","title":{"rendered":"Toetajad"},"content":{"rendered":"<p>Salzburgi Euroopa era\u00f5iguse suvekooli suurtoetaja on<br><span style=\"color: #ff0000\"><a href=\"http:\/\/www.lmh.ee\/\" target=\"_new\" rel=\"noopener\"><span style=\"color: #ff0000\"><strong>Advokaadib\u00fcroo Luiga Mody H\u00e4\u00e4l Borenius<\/strong><\/span><\/a><\/span><\/p>\n<p>Suvekooli on toetanud:<br><span style=\"color: #5d727c\"><strong><strong><span><strong><a href=\"http:\/\/www.oi.ut.ee\/1085965\" title=\"\">Advokaadib\u00fcroo Tark Grunte Sutkiene<\/a><\/strong><\/span><\/strong><\/strong><\/span><\/p>\n<p><span style=\"color: #5d727c\"><strong><strong><span><strong>Advokaadib\u00fcroo Rask<\/strong><\/span><\/strong><\/strong><\/span><\/p>\n<p><span style=\"color: #5d727c\"><strong><strong><span><a href=\"http:\/\/www.tarkco.ee\/\" target=\"_new\" rel=\"noopener\"><\/a><\/span><\/strong><\/strong><\/span><a href=\"http:\/\/www.lawin.ee\/ee\/\" target=\"_new\" rel=\"noopener\"><span style=\"color: #5d727c\"><strong>Advokaadib\u00fcroo Lawin<\/strong><\/span><\/a><\/p>\n<p><em id=\"__mceDel\"><strong><a href=\"http:\/\/www.varul.com\/et\" target=\"_new\" rel=\"noopener\"><span style=\"color: #5d727c\">Advokaadib\u00fcroo Varul\u00a0<\/span><\/a><\/strong><\/em><\/p>\n<p><\/p>\n","protected":false},"excerpt":{"rendered":"<p>Salzburgi Euroopa era\u00f5iguse suvekooli suurtoetaja onAdvokaadib\u00fcroo Luiga Mody H\u00e4\u00e4l Borenius Suvekooli on toetanud:Advokaadib\u00fcroo Tark Grunte Sutkiene Advokaadib\u00fcroo Rask Advokaadib\u00fcroo Lawin Advokaadib\u00fcroo Varul\u00a0<\/p>\n","protected":false},"author":55,"featured_media":0,"parent":0,"menu_order":0,"comment_status":"closed","ping_status":"closed","template":"","meta":{"_acf_changed":false,"inline_featured_image":false,"footnotes":""},"class_list":["post-4","page","type-page","status-publish","hentry"],"acf":[],"_links":{"self":[{"href":"https:\/\/sisu.ut.ee\/salzburg\/wp-json\/wp\/v2\/pages\/4","targetHints":{"allow":["GET"]}}],"collection":[{"href":"https:\/\/sisu.ut.ee\/salzburg\/wp-json\/wp\/v2\/pages"}],"about":[{"href":"https:\/\/sisu.ut.ee\/salzburg\/wp-json\/wp\/v2\/types\/page"}],"author":[{"embeddable":true,"href":"https:\/\/sisu.ut.ee\/salzburg\/wp-json\/wp\/v2\/users\/55"}],"replies":[{"embeddable":true,"href":"https:\/\/sisu.ut.ee\/salzburg\/wp-json\/wp\/v2\/comments?post=4"}],"version-history":[{"count":1,"href":"https:\/\/sisu.ut.ee\/salzburg\/wp-json\/wp\/v2\/pages\/4\/revisions"}],"predecessor-version":[{"id":43,"href":"https:\/\/sisu.ut.ee\/salzburg\/wp-json\/wp\/v2\/pages\/4\/revisions\/43"}],"wp:attachment":[{"href":"https:\/\/sisu.ut.ee\/salzburg\/wp-json\/wp\/v2\/media?parent=4"}],"curies":[{"name":"wp","href":"https:\/\/api.w.org\/{rel}","templated":true}]}}