{"id":3,"date":"2024-04-04T00:36:19","date_gmt":"2024-04-03T21:36:19","guid":{"rendered":"https:\/\/sisu.ut.ee\/salzburg\/avaleht\/"},"modified":"2024-04-16T20:34:31","modified_gmt":"2024-04-16T17:34:31","slug":"avaleht","status":"publish","type":"page","link":"https:\/\/sisu.ut.ee\/salzburg\/","title":{"rendered":"Avaleht"},"content":{"rendered":"<p style=\"text-align: center;\"><span style=\"font-size: x-large;\">Salzburgi Euroopa era\u00f5iguse suvekool<\/span><span style=\"font-size: x-large;\"><strong>\u00a0<br>Salzburg\u00a0Summer School European Private Law<\/strong><\/span><\/p>\n<p style=\"text-align: justify;\">Erinevate era\u00f5iguss\u00fcsteemide ja nende aluseks olevate p\u00f5him\u00f5tete tundmine ning\u00a0m\u00f5istmine on juristide erialasel ettevalmistamisel ja \u00a0kutset\u00f6\u00f6s omandamas j\u00e4rjest suuremat t\u00e4htsust. Euroopa Era\u00f5iguse Akadeemia korraldab koost\u00f6\u00f6s Salzburgi ja maailma juhtivate \u00fclikoolidega igal aastal sellel eesm\u00e4rgil Euroopa era\u00f5iguse suvekooli. \u00a0Suvekooli programm on koostatud selliselt, et tudengid \u00f5pivad tundma enam kui 30 erineva \u00f5iguss\u00fcsteemi ja seda kahe n\u00e4dala jooksul. Suvekoolis \u00a0\u00f5petavad enam kui 40 professorit ja \u00fclemkohtute kohtunikud pea k\u00f5ikidest Euroopa riikidest, samuti v\u00f5ib \u00f5ppej\u00f5udude hulgas kohata Euroopa Kohtu kohtunikke ja kohtujuriste. Lisaks on tudengitel v\u00f5imalus kuulata professoreid Kanadast, Puerto Rikost, Venemaalt, L\u00f5una Aafrikast, T\u00fcrgist, Brasiiliast, Hiinast jt riikidest.<\/p>\n<p style=\"text-align: justify;\">Suvekoolis arutletakse teemadel, mis on olulised juristidele, kes soovivad oma karj\u00e4\u00e4ri siduda \u00a0rahvusvahelise \u00f5iguspraktikaga nagu \u00f5iguskeel, sega\u00f5iguss\u00fcsteemid (<em>mixed legal systems<\/em>), \u00f5iguslaenud, v\u00f5rdleva \u00f5igusteaduse metodoloogia, Euroopa era\u00f5iguse harmoniseerimine ja k\u00f5rgemate kohtute otsuste stiil. Nendel ja muudel teemadel toimuvad \u00fcmarlauad, kus professorid esitavad oma seisukohti ning kus ka tudengitel on v\u00f5imalus sekkuda diskusiooni. Teoreerilistele diskusioonidele lisaks tuleb saavad tudengid hea \u00fclevaate ka praktilistest k\u00fcsimustest nagu omandi \u00fcleandmine, lepingu rikkumine ning perekonna\u00f5igus eri riikides.<\/p>\n<p style=\"text-align: justify;\">\u00d5ppet\u00f6\u00f6 toimub p\u00f5hiliselt inglise keeles, osa loenguid ja seminare toimuvad ka saksa ja prantsuse keeles. Lisaks pingelisele \u00f5ppet\u00f6\u00f6le toimuvad ekskursioonid, kohtumised silmapaistvate juristide-praktikutega, \u00f5igusteadlastega ning \u00fchised peo\u00f5htud.\u00a0<\/p>\n<p style=\"text-align: justify;\">Tartu \u00dclikooli \u00f5igusteaduskond ja Eesti Akadeemiline \u00d5igusteaduse Selts korraldavad igal aastal stipendiumikonkursi Salzburgis toimuvas suvekoolis\u00a0Summer School European Private Law\u00a0osalemiseks<strong>.\u00a0<\/strong>Konkursi tulemusel selgitame v\u00e4lja 10 \u00fcli\u00f5pilast, kes saavad suvekoolis osaleda ilma\u00a0<strong>osav\u00f5tutasuta. Stipendiumi maksmiseks kogutud toetuste jagamine toimub solidaarsusp\u00f5him\u00f5tte alusel ja seega v\u00f5ivad t\u00e4iendavad toetussummad aastate l\u00f5ikes erineda. <strong>Suvekooli suurtoetajaks on \u00a0l\u00e4bi aastate olnud advokaadib\u00fcroo <span style=\"font-size: 18px;\">Cobalt.<\/span><\/strong><span style=\"font-size: 18px;\">\u00a0<\/span><\/strong><\/p>\n<p style=\"text-align: justify;\"><strong><strong>2017- 2019 on suvekoolis osalemist\u00a0toetanud\u00a0advokaadib\u00fcroo\u00a0<strong>Ellex Raidla<\/strong>\u00a0<strong>EllexRaidla fondi kaudu<\/strong>, eraldades selleks 2000 eurot. Lisaks on meid toetanud advokaadib\u00fcrood TGS Baltic, Rask, Sorainen ja Tark.\u00a0<\/strong><\/strong><\/p>\n<p style=\"text-align: justify;\">Suvekooli konkursil osalema oodatakse eelk\u00f5ige \u00a0bakalaureuse\u00f5ppe viimase aasta,\u00a0magistri- ja doktori\u00f5ppe\u00a0\u00fcli\u00f5pilasi, kelle \u00f5ppeedukus, sotsiaalsed kogemused ja keeleoskus tagavad aktiivse ja eduka osalemise diskussioonides. Valiku kandidaatide seast teevad eelmisel aastal suvekoolis osalenud \u00fcli\u00f5pilased ja EA\u00d5S ning \u00f5igusteaduskonna esindajad. Konkursi l\u00e4biviimisel v\u00f5idakse korraldada ka vestlusi.<\/p>\n<p>Lisainfo saamiseks vt ka Juridica, 2011\/10, lk 787-789;\u00a0<a href=\"https:\/\/www.facebook.com\/pages\/Salzburg-Summer-School-of-European-Private-Law\/162455487150129\">https:\/\/www.facebook.com\/pages\/Salzburg-Summer-School-of-European-Private-Law\/162455487150129<\/a>;\u00a0<a href=\"http:\/\/www.uni-salzburg.at\/index.php?id=29085\">http:\/\/www.uni-salzburg.at\/index.php?id=29085<\/a>.<\/p>\n<p>Kohtumiseni! \u00a0<\/p>\n<p>\u00a0Irene Kull \u00a0 \u00a0 \u00a0 \u00a0 \u00a0 \u00a0 \u00a0 \u00a0 \u00a0 \u00a0 \u00a0 \u00a0 \u00a0 \u00a0 \u00a0 \u00a0 \u00a0 \u00a0 \u00a0 \u00a0 \u00a0 \u00a0 \u00a0 \u00a0 \u00a0 \u00a0 \u00a0 \u00a0 \u00a0 \u00a0 \u00a0 \u00a0 \u00a0 \u00a0 \u00a0 \u00a0 \u00a0 \u00a0 \u00a0 \u00a0 \u00a0 \u00a0 \u00a0 \u00a0 \u00a0 \u00a0 \u00a0 \u00a0<\/p>\n<p>T\u00dc \u00f5igusteaduskonna tsiviil\u00f5iguse professor\u00a0<\/p>\n<p>\u00a0<\/p>\n<p>\u00a0<\/p>\n\n\n<figure class=\"wp-block-gallery has-nested-images columns-3 is-cropped wp-block-gallery-1 is-layout-flex wp-block-gallery-is-layout-flex\">\n<figure class=\"wp-block-image size-large\"><a href=\"https:\/\/sisu.ut.ee\/wp-content\/uploads\/sites\/124\/img_2931.jpg\"><img decoding=\"async\" data-id=\"10\" src=\"https:\/\/sisu.ut.ee\/wp-content\/uploads\/sites\/124\/img_2931.jpg\" alt=\"\" class=\"wp-ima&lt;\/figcaption&gt;&lt;\/figure&gt;\n\n\n\n&lt;figure class=\" wp-block-image size-large><\/a><a href=\"https:\/\/sisu.ut.ee\/wp-content\/uploads\/sites\/124\/img_1519_1024.jpg\"><img decoding=\"async\" data-id=\"11\" src=\"https:\/\/sisu.ut.ee\/wp-content\/uploads\/sites\/124\/img_1519_1024.jpg\" alt=\"\" class=\"wp-ima&lt;\/figcaption&gt;&lt;\/figure&gt;\n\n\n\n&lt;figure class=\" wp-block-image size-large><\/a><a href=\"https:\/\/sisu.ut.ee\/wp-content\/uploads\/sites\/124\/img_1652_1024_01.jpg\"><img decoding=\"async\" data-id=\"12\" src=\"https:\/\/sisu.ut.ee\/wp-content\/uploads\/sites\/124\/img_1652_1024_01.jpg\" alt=\"\" class=\"wp-ima&lt;\/figcaption&gt;&lt;\/figure&gt;\n\n\n\n&lt;figure class=\" wp-block-image size-large><\/a><a href=\"https:\/\/sisu.ut.ee\/wp-content\/uploads\/sites\/124\/img_1662_1024.jpg\"><img decoding=\"async\" data-id=\"13\" src=\"https:\/\/sisu.ut.ee\/wp-content\/uploads\/sites\/124\/img_1662_1024.jpg\" alt=\"\" class=\"wp-ima&lt;\/figcaption&gt;&lt;\/figure&gt;\n\n\n\n&lt;figure class=\" wp-block-image size-large><\/a><a href=\"https:\/\/sisu.ut.ee\/wp-content\/uploads\/sites\/124\/thumb_img_1440_1024.jpg\"><img decoding=\"async\" data-id=\"14\" src=\"https:\/\/sisu.ut.ee\/wp-content\/uploads\/sites\/124\/thumb_img_1440_1024.jpg\" alt=\"\" class=\"wp-ima&lt;\/figcaption&gt;&lt;\/figure&gt;\n\n\n\n&lt;figure class=\" wp-block-image size-large><\/a><a href=\"https:\/\/sisu.ut.ee\/wp-content\/uploads\/sites\/124\/thumb_img_4041_1024.jpg\"><img decoding=\"async\" data-id=\"15\" src=\"https:\/\/sisu.ut.ee\/wp-content\/uploads\/sites\/124\/thumb_img_4041_1024.jpg\" alt=\"\" class=\"wp-ima&lt;\/figcaption&gt;&lt;\/figure&gt;\n\n\n\n&lt;figure class=\" wp-block-image size-large><\/a><a href=\"https:\/\/sisu.ut.ee\/wp-content\/uploads\/sites\/124\/img_1027.png\"><img decoding=\"async\" data-id=\"16\" src=\"https:\/\/sisu.ut.ee\/wp-content\/uploads\/sites\/124\/img_1027.png\" alt=\"\" class=\"wp-ima&lt;\/figcaption&gt;&lt;\/figure&gt;\n&lt;\/figure&gt;\n\"><\/a><\/figure><\/figure>","protected":false},"excerpt":{"rendered":"<p>Salzburgi Euroopa era\u00f5iguse suvekool\u00a0Salzburg\u00a0Summer School European Private Law Erinevate era\u00f5iguss\u00fcsteemide ja nende aluseks olevate p\u00f5him\u00f5tete tundmine ning\u00a0m\u00f5istmine on juristide erialasel ettevalmistamisel ja \u00a0kutset\u00f6\u00f6s omandamas j\u00e4rjest suuremat t\u00e4htsust. Euroopa Era\u00f5iguse Akadeemia korraldab koost\u00f6\u00f6s Salzburgi ja maailma juhtivate \u00fclikoolidega igal aastal sellel &#8230;<\/p>\n","protected":false},"author":55,"featured_media":0,"parent":0,"menu_order":0,"comment_status":"closed","ping_status":"closed","template":"","meta":{"_acf_changed":false,"inline_featured_image":false,"footnotes":""},"class_list":["post-3","page","type-page","status-publish","hentry"],"acf":[],"_links":{"self":[{"href":"https:\/\/sisu.ut.ee\/salzburg\/wp-json\/wp\/v2\/pages\/3","targetHints":{"allow":["GET"]}}],"collection":[{"href":"https:\/\/sisu.ut.ee\/salzburg\/wp-json\/wp\/v2\/pages"}],"about":[{"href":"https:\/\/sisu.ut.ee\/salzburg\/wp-json\/wp\/v2\/types\/page"}],"author":[{"embeddable":true,"href":"https:\/\/sisu.ut.ee\/salzburg\/wp-json\/wp\/v2\/users\/55"}],"replies":[{"embeddable":true,"href":"https:\/\/sisu.ut.ee\/salzburg\/wp-json\/wp\/v2\/comments?post=3"}],"version-history":[{"count":4,"href":"https:\/\/sisu.ut.ee\/salzburg\/wp-json\/wp\/v2\/pages\/3\/revisions"}],"predecessor-version":[{"id":52,"href":"https:\/\/sisu.ut.ee\/salzburg\/wp-json\/wp\/v2\/pages\/3\/revisions\/52"}],"wp:attachment":[{"href":"https:\/\/sisu.ut.ee\/salzburg\/wp-json\/wp\/v2\/media?parent=3"}],"curies":[{"name":"wp","href":"https:\/\/api.w.org\/{rel}","templated":true}]}}