{"id":9,"date":"2024-04-04T05:10:46","date_gmt":"2024-04-04T02:10:46","guid":{"rendered":"https:\/\/sisu.ut.ee\/rvv\/sos-pillid\/"},"modified":"2024-04-09T15:56:55","modified_gmt":"2024-04-09T12:56:55","slug":"sos-pillid","status":"publish","type":"page","link":"https:\/\/sisu.ut.ee\/rvv\/sos-pillid\/","title":{"rendered":"SOS-pillid"},"content":{"rendered":"<p><img loading=\"lazy\" decoding=\"async\" width=\"300\" height=\"131\" class=\"alignnone wp-image-23\" style=\"float: right;\" title=\"sos-pillid.jpg\" src=\"https:\/\/sisu.ut.ee\/wp-content\/uploads\/sites\/361\/sos-pillid.jpg\" alt=\"1\">SOS-pillide n\u00e4ol on tegemist v\u00e4ga ohutu kuni 5 \u00f6\u00f6p\u00e4eva jooksul seksuaalvahekorraj\u00e4rgselt kasutatava rasestumisvastase vahendiga, millel vastun\u00e4idustused praktiliselt puuduvad. On kahte liiki SOS-pille: 1) sisaldavad levonorgestreeli, 2) sisaldavad ulipristaali.<\/p>\n<h2>K\u00f5rvaltoimed<\/h2>\n<p>K\u00f5rvaltoimena v\u00f5ib sageli esineda ebaregulaarset veritsust vahetult kasutamisj\u00e4rgsel perioodil, mis on m\u00f6\u00f6duv ja ohutu, ja samuti menstruatsiooni hilinemist. Harva v\u00f5ib esineda iiveldust.<\/p>\n<h2>Eelised ja puudused<\/h2>\n<p>SOS-pillide teadaolevad eelised:<\/p>\n<ul>\n<li>Vahendi enda h\u00fcved:\n<ul>\n<li>seksuaalvahekorraj\u00e4rgselt kasutatav vahend<\/li>\n<\/ul>\n<\/li>\n<\/ul>\n<p>SOS-pillidel teadaolevad riskid puuduvad.<\/p>\n<p>SOS-pillid ei sobi pikaajaliseks kasutamiseks, kuna sel puhul j\u00e4\u00e4b nende t\u00f5husus alla n\u00e4iteks KHVle, samuti suureneb ajutiste (ehkki ohutute) menstruaalts\u00fckli h\u00e4irete oht.<\/p>\n<p>Seet\u00f5ttu on soovitav p\u00e4rast SOS-pilli kasutamist kasutada kuni j\u00e4rgmise menstruatsioonini kondoomi v\u00f5i v\u00f5imalusel kohe j\u00e4rgmisel p\u00e4eval alustada t\u00f5husama ja p\u00fcsivama vahendi kasutamist (n\u00e4iteks KHV)<em>.<\/em><\/p>\n<h2>Vastun\u00e4idustused<\/h2>\n<p>SOS-pillide kasutamiseks peaaegu vastun\u00e4idustusi pole (absoluutseks vastun\u00e4idustusteks on vaid harvaesinev haigus nimega \u00e4ge porf\u00fc\u00fcria). Seega praktiliselt k\u00f5ik naised v\u00f5ivad SOS-pille kasutada, sh naised, kellel on mingi vastun\u00e4idustus teiste hormonaalsete vahendite suhtes. Ka imetamise ajal v\u00f5ib SOS-pille kasutada.<\/p>\n<h2>Viljakus taastub<\/h2>\n<p>\u2026\u00a0kohe p\u00e4rast kasutamise l\u00f5petamist.<\/p>\n<h2>Kaitse HIV\/STLI eest<\/h2>\n<p>\u2026\u00a0puudub.<\/p>\n<hr>\n<h2>Tuleta meelde!<\/h2>\n<p><strong>1. Milline on SOS-pillide t\u00f5husus v\u00f5rreldes kombineeritud hormonaalsete meetoditega?<\/strong><\/p>\n<p><\/p><div class=\"accordion mb-3\">\n        <div class=\"accordion-item accordion-item--white\">\n        <h2 class=\"accordion-header\" id=\"accordion-69dbf904f1c0a-heading\">\n            <button class=\"accordion-button collapsed\" type=\"button\" data-bs-toggle=\"collapse\" data-bs-target=\"#accordion-69dbf904f1c0a-collapse\" aria-expanded=\"true\" aria-controls=\"accordion-69dbf904f1c0a-collapse\">Kl\u00f5psa siia!<\/button>\n        <\/h2>\n        <div id=\"accordion-69dbf904f1c0a-collapse\" class=\"accordion-collapse collapse\" aria-labelledby=\"accordion-69dbf904f1c0a-heading\">\n            <div class=\"accordion-body\">SOS-pillid pole nii t\u00f5husad kui kombineeritud hormonaalsed meetodid ja see on \u00fcks p\u00f5hjus, miks pole pikaajaliselt soovitav rasedusest hoidumisel kasutada SOS-pille.<\/div>\n        <\/div>\n        <\/div>\n    <\/div>\n","protected":false},"excerpt":{"rendered":"<p>SOS-pillide n\u00e4ol on tegemist v\u00e4ga ohutu kuni 5 \u00f6\u00f6p\u00e4eva jooksul seksuaalvahekorraj\u00e4rgselt kasutatava rasestumisvastase vahendiga, millel vastun\u00e4idustused praktiliselt puuduvad. On kahte liiki SOS-pille: 1) sisaldavad levonorgestreeli, 2) sisaldavad ulipristaali. K\u00f5rvaltoimed K\u00f5rvaltoimena v\u00f5ib sageli esineda ebaregulaarset veritsust vahetult kasutamisj\u00e4rgsel perioodil, mis on &#8230;<\/p>\n","protected":false},"author":4,"featured_media":0,"parent":0,"menu_order":0,"comment_status":"closed","ping_status":"closed","template":"","meta":{"_acf_changed":false,"inline_featured_image":false,"footnotes":""},"class_list":["post-9","page","type-page","status-publish","hentry"],"acf":[],"_links":{"self":[{"href":"https:\/\/sisu.ut.ee\/rvv\/wp-json\/wp\/v2\/pages\/9","targetHints":{"allow":["GET"]}}],"collection":[{"href":"https:\/\/sisu.ut.ee\/rvv\/wp-json\/wp\/v2\/pages"}],"about":[{"href":"https:\/\/sisu.ut.ee\/rvv\/wp-json\/wp\/v2\/types\/page"}],"author":[{"embeddable":true,"href":"https:\/\/sisu.ut.ee\/rvv\/wp-json\/wp\/v2\/users\/4"}],"replies":[{"embeddable":true,"href":"https:\/\/sisu.ut.ee\/rvv\/wp-json\/wp\/v2\/comments?post=9"}],"version-history":[{"count":2,"href":"https:\/\/sisu.ut.ee\/rvv\/wp-json\/wp\/v2\/pages\/9\/revisions"}],"predecessor-version":[{"id":88,"href":"https:\/\/sisu.ut.ee\/rvv\/wp-json\/wp\/v2\/pages\/9\/revisions\/88"}],"wp:attachment":[{"href":"https:\/\/sisu.ut.ee\/rvv\/wp-json\/wp\/v2\/media?parent=9"}],"curies":[{"name":"wp","href":"https:\/\/api.w.org\/{rel}","templated":true}]}}