{"id":8,"date":"2024-04-04T05:10:45","date_gmt":"2024-04-04T02:10:45","guid":{"rendered":"https:\/\/sisu.ut.ee\/rvv\/minipillid\/"},"modified":"2024-04-09T15:56:34","modified_gmt":"2024-04-09T12:56:34","slug":"minipillid","status":"publish","type":"page","link":"https:\/\/sisu.ut.ee\/rvv\/minipillid\/","title":{"rendered":"Minipillid"},"content":{"rendered":"<p><img loading=\"lazy\" decoding=\"async\" width=\"300\" height=\"116\" class=\"alignnone wp-image-22\" style=\"float: right;\" title=\"minipillid.jpg\" src=\"https:\/\/sisu.ut.ee\/wp-content\/uploads\/sites\/361\/minipillid.jpg\" alt=\"1\">Minipillidel on v\u00e4ga v\u00e4he vastun\u00e4idustusi ja seet\u00f5ttu need sobivad enamikule naistele, ka neile, kellele kombineeritud hormonaalsed meetodid (KHM) ei sobi. Minipillid on sama t\u00f5husad kui KHMd, kuid nende kasutamist piirab v\u00f5imalus ohutute, kuid kasutaja seisukohast ebamugavate ebakorrap\u00e4raste menstruaalveritsuste tekkimiseks. Eestis on m\u00fc\u00fcgil desogestreeli sisaldavad minipillid, j\u00e4rgnev informatsioon on ainult selle ravimi kohta ja see ei laiene teistele minipillidele.<\/p>\n<h2>K\u00f5rvaltoimed<\/h2>\n<p>Sage (umbes pooltel juhtudest) ja rohkem kasutamise alguskuudel esinev minipillide k\u00f5rvaltoime on ebaregulaarne vereeritus \u2013 muutuda v\u00f5ib menstruatsioonide pikkus ja verehulk, menstruatsioonid v\u00f5ivad muutuda ebaregulaarseks, esineda v\u00f5ib pidevat v\u00e4hest m\u00e4\u00e4rivat veritsust. Kuna osadel kasutajatel ebaregulaarsed veritsused aja jooksul kaovad, siis peaks selle v\u00e4ljaselgitamiseks kasutama minipille pikema aja v\u00e4ltel (v\u00e4hemalt 6 kuud).<\/p>\n<p>Osadel minipillide kasutajatest, eriti vanuse t\u00f5ustes, v\u00f5ivad aga menstruaalveritsused kaduda \u2013 see on ohutu ja ei p\u00f5hjusta mingeid meditsiinilisi probleeme (ja v\u00f5ib olla isegi soovitav).<\/p>\n<p>Minipillide kasutamisel v\u00f5ib esineda rindade valulikkust, mis tavaliselt taandub m\u00f5ne kuu m\u00f6\u00f6dudes ja aknet.<\/p>\n<h2>Eelised ja puudused<\/h2>\n<p>Minipillide teadaolevad eelised:<\/p>\n<ul>\n<li>Vahendi enda eelised:\n<ul>\n<li>v\u00e4ga t\u00f5hus<\/li>\n<li>mugav kasutada (kasutamine ei s\u00f5ltu seksuaalvahekorrast)<\/li>\n<\/ul>\n<\/li>\n<li>Pole m\u00f5ju h\u00fc\u00fcbivuss\u00fcsteemile \u2013 seet\u00f5ttu sobivad kasutamiseks ka venoosse trombemboolia riskiteguritega naistele<\/li>\n<li>V\u00e4heneb risk j\u00e4rgnevate haiguste tekkeks:\n<ul>\n<li>v\u00e4ikese vaagna p\u00f5letikulise haiguse risk v\u00e4heneb<\/li>\n<li>emakav\u00e4hi risk\u00a0 v\u00e4heneb<\/li>\n<li>emakav\u00e4lise raseduse risk v\u00e4heneb<\/li>\n<\/ul>\n<\/li>\n<li>Sobivad rinnaga toitmise perioodil<\/li>\n<\/ul>\n<p>Minipillidel teadaolevad riskid puuduvad.<\/p>\n<h2>Vastun\u00e4idustused<\/h2>\n<p>Minipillidel on v\u00e4ga v\u00e4he vastun\u00e4idustusi. T\u00e4psemaid soovitusi annab meedik.<\/p>\n<h2>Viljakus taastub<\/h2>\n<p>\u2026\u00a0kohe p\u00e4rast kasutamise l\u00f5petamist.<\/p>\n<h2>Kaitse HIV\/STLI eest<\/h2>\n<p>\u2026\u00a0puudub.<\/p>\n<hr>\n<h2>Tuleta meelde!<\/h2>\n<p><strong>1. Mis piirab minipillide kasutamist?<\/strong><\/p>\n<p><\/p><div class=\"accordion mb-3\">\n        <div class=\"accordion-item accordion-item--white\">\n        <h2 class=\"accordion-header\" id=\"accordion-69dc10fedd4cc-heading\">\n            <button class=\"accordion-button collapsed\" type=\"button\" data-bs-toggle=\"collapse\" data-bs-target=\"#accordion-69dc10fedd4cc-collapse\" aria-expanded=\"true\" aria-controls=\"accordion-69dc10fedd4cc-collapse\">Kl\u00f5psa siia!<\/button>\n        <\/h2>\n        <div id=\"accordion-69dc10fedd4cc-collapse\" class=\"accordion-collapse collapse\" aria-labelledby=\"accordion-69dc10fedd4cc-heading\">\n            <div class=\"accordion-body\">\n<p>Minipillide kasutamist piirab ebaregulaarsete veritsuste teke umbes pooltel kasutajatest. See on ohutu, kuid ebamugav minipillide k\u00f5rvaltoime, mis m\u00f5nikord on m\u00f6\u00f6duv.<\/p>\n<p><\/p><\/div>\n        <\/div>\n        <\/div>\n    <\/div>\n<p><strong>2. Kas minipillid on t\u00f5hus rasestumisvastane vahend?<\/strong><\/p>\n<p><\/p><div class=\"accordion mb-3\">\n        <div class=\"accordion-item accordion-item--white\">\n        <h2 class=\"accordion-header\" id=\"accordion-69dc10fedd4eb-heading\">\n            <button class=\"accordion-button collapsed\" type=\"button\" data-bs-toggle=\"collapse\" data-bs-target=\"#accordion-69dc10fedd4eb-collapse\" aria-expanded=\"true\" aria-controls=\"accordion-69dc10fedd4eb-collapse\">Kl\u00f5psa siia!<\/button>\n        <\/h2>\n        <div id=\"accordion-69dc10fedd4eb-collapse\" class=\"accordion-collapse collapse\" aria-labelledby=\"accordion-69dc10fedd4eb-heading\">\n            <div class=\"accordion-body\">Jah. Minipillid on t\u00f5hus rasestumisvastane vahend.<\/div>\n        <\/div>\n        <\/div>\n    <\/div>\n","protected":false},"excerpt":{"rendered":"<p>Minipillidel on v\u00e4ga v\u00e4he vastun\u00e4idustusi ja seet\u00f5ttu need sobivad enamikule naistele, ka neile, kellele kombineeritud hormonaalsed meetodid (KHM) ei sobi. Minipillid on sama t\u00f5husad kui KHMd, kuid nende kasutamist piirab v\u00f5imalus ohutute, kuid kasutaja seisukohast ebamugavate ebakorrap\u00e4raste menstruaalveritsuste tekkimiseks. Eestis &#8230;<\/p>\n","protected":false},"author":4,"featured_media":0,"parent":0,"menu_order":0,"comment_status":"closed","ping_status":"closed","template":"","meta":{"_acf_changed":false,"inline_featured_image":false,"footnotes":""},"class_list":["post-8","page","type-page","status-publish","hentry"],"acf":[],"_links":{"self":[{"href":"https:\/\/sisu.ut.ee\/rvv\/wp-json\/wp\/v2\/pages\/8","targetHints":{"allow":["GET"]}}],"collection":[{"href":"https:\/\/sisu.ut.ee\/rvv\/wp-json\/wp\/v2\/pages"}],"about":[{"href":"https:\/\/sisu.ut.ee\/rvv\/wp-json\/wp\/v2\/types\/page"}],"author":[{"embeddable":true,"href":"https:\/\/sisu.ut.ee\/rvv\/wp-json\/wp\/v2\/users\/4"}],"replies":[{"embeddable":true,"href":"https:\/\/sisu.ut.ee\/rvv\/wp-json\/wp\/v2\/comments?post=8"}],"version-history":[{"count":2,"href":"https:\/\/sisu.ut.ee\/rvv\/wp-json\/wp\/v2\/pages\/8\/revisions"}],"predecessor-version":[{"id":87,"href":"https:\/\/sisu.ut.ee\/rvv\/wp-json\/wp\/v2\/pages\/8\/revisions\/87"}],"wp:attachment":[{"href":"https:\/\/sisu.ut.ee\/rvv\/wp-json\/wp\/v2\/media?parent=8"}],"curies":[{"name":"wp","href":"https:\/\/api.w.org\/{rel}","templated":true}]}}