{"id":67,"date":"2024-04-05T00:19:48","date_gmt":"2024-04-04T21:19:48","guid":{"rendered":"https:\/\/sisu.ut.ee\/rvv\/?page_id=67"},"modified":"2024-04-05T00:21:43","modified_gmt":"2024-04-04T21:21:43","slug":"luhendid-ja-moisted","status":"publish","type":"page","link":"https:\/\/sisu.ut.ee\/rvv\/luhendid-ja-moisted\/","title":{"rendered":"L\u00fchendid ja m\u00f5isted"},"content":{"rendered":"<p>Kursusel on kasutatud j\u00e4rgmisi l\u00fchendeid ja m\u00f5isteid:<\/p>\n\n\n<a name=\"name_directory_position1\"><\/a><div class=\"name_directory_index\"><a class=\"name_directory_startswith\" href=\"https:\/\/sisu.ut.ee\/rvv\/luhendid-ja-moisted\/?dir=1&amp;name_directory_startswith=\">All<\/a> | <a class=\"name_directory_startswith \" href=\"https:\/\/sisu.ut.ee\/rvv\/luhendid-ja-moisted\/?dir=1&amp;name_directory_startswith=C\">C<\/a>  <a class=\"name_directory_startswith \" href=\"https:\/\/sisu.ut.ee\/rvv\/luhendid-ja-moisted\/?dir=1&amp;name_directory_startswith=I\">I<\/a>  <a class=\"name_directory_startswith \" href=\"https:\/\/sisu.ut.ee\/rvv\/luhendid-ja-moisted\/?dir=1&amp;name_directory_startswith=K\">K<\/a>  <a class=\"name_directory_startswith \" href=\"https:\/\/sisu.ut.ee\/rvv\/luhendid-ja-moisted\/?dir=1&amp;name_directory_startswith=L\">L<\/a>  <a class=\"name_directory_startswith \" href=\"https:\/\/sisu.ut.ee\/rvv\/luhendid-ja-moisted\/?dir=1&amp;name_directory_startswith=O\">O<\/a>  <a class=\"name_directory_startswith \" href=\"https:\/\/sisu.ut.ee\/rvv\/luhendid-ja-moisted\/?dir=1&amp;name_directory_startswith=P\">P<\/a>  <a class=\"name_directory_startswith \" href=\"https:\/\/sisu.ut.ee\/rvv\/luhendid-ja-moisted\/?dir=1&amp;name_directory_startswith=S\">S<\/a>  <a class=\"name_directory_startswith \" href=\"https:\/\/sisu.ut.ee\/rvv\/luhendid-ja-moisted\/?dir=1&amp;name_directory_startswith=V\">V<\/a>  <a class=\"name_directory_startswith \" href=\"https:\/\/sisu.ut.ee\/rvv\/luhendid-ja-moisted\/?dir=1&amp;name_directory_startswith=%C3%96\">\u00d6<\/a> <\/div><div class=\"name_directory_total\"><\/div><div class=\"name_directory_names\"><div class=\"name_directory_column name_directory_nr1\"><div class=\"name_directory_name_box\"><a name=\"namedirectory_Cu-ESV\"><\/a><strong role=\"term\">Cu-ESV<\/strong><br><div role=\"definition\"><p>vasega emakasisene vahend.<\/p><\/div><\/div><div class=\"name_directory_name_box\"><a name=\"namedirectory_Implantatsioon\"><\/a><strong role=\"term\">Implantatsioon<\/strong><br><div role=\"definition\"><p>viljastatud munaraku pesastumine emakas.<\/p><\/div><\/div><div class=\"name_directory_name_box\"><a name=\"namedirectory_KHM\"><\/a><strong role=\"term\">KHM<\/strong><br><div role=\"definition\"><p>kombineeritud hormonaalsed meetodid, so pill (suukaudne), plaaster (nahakaudne , tuper\u00f5ngas (tuppe asetatav r\u00f5ngakujuline KHM).<\/p><\/div><\/div><div class=\"name_directory_name_box\"><a name=\"namedirectory_LNG-ESS\"><\/a><strong role=\"term\">LNG-ESS<\/strong><br><div role=\"definition\"><p>levonorgestreeliga emakasisene s\u00fcsteem.<\/p><\/div><\/div><div class=\"name_directory_name_box\"><a name=\"namedirectory_Ovulatsioon\"><\/a><strong role=\"term\">Ovulatsioon<\/strong><br><div role=\"definition\"><p>igakuine k\u00fcpse munaraku vabanemine munasarjast.<\/p><\/div><\/div><div class=\"name_directory_name_box\"><a name=\"namedirectory_Progestageen\"><\/a><strong role=\"term\">Progestageen<\/strong><br><div role=\"definition\"><p>naissuguhormoon; s\u00fcnteetilised eri t\u00fc\u00fcpi progestageenid sisalduvad kombineeritud ja mitte-kombineeritud hormonaalsetes rasestumisvastastes vahendites.<\/p><\/div><\/div><div class=\"name_directory_name_box\"><a name=\"namedirectory_STLI\"><\/a><strong role=\"term\">STLI<\/strong><br><div role=\"definition\"><p>seksuaalsel teel levivad infektsioonid.<\/p><\/div><\/div><div class=\"name_directory_name_box\"><a name=\"namedirectory_VTE\"><\/a><strong role=\"term\">VTE<\/strong><br><div role=\"definition\"><p>venoosne trombemboolia.<\/p><\/div><\/div><div class=\"name_directory_name_box\"><a name=\"namedirectory_strogeen\"><\/a><strong role=\"term\">\u00d6strogeen<\/strong><br><div role=\"definition\"><p>naissuguhormoon; s\u00fcnteetiline \u00f6strogeen sisaldub kombineeritud hormonaalsetes rasestumisvastastes vahendites.<\/p><\/div><\/div><\/div><\/div><style>\n            .name_directory_readmore_state ~ .name_directory_readmore_trigger:before {\n                content: '... Show more';\n            }\n\n            .name_directory_readmore_state:checked ~ .name_directory_readmore_trigger:before {\n                content: 'Show less';\n            }\n            <\/style>\n","protected":false},"excerpt":{"rendered":"<p>Kursusel on kasutatud j\u00e4rgmisi l\u00fchendeid ja m\u00f5isteid:<\/p>\n","protected":false},"author":280,"featured_media":0,"parent":0,"menu_order":0,"comment_status":"closed","ping_status":"closed","template":"","meta":{"_acf_changed":false,"inline_featured_image":false,"footnotes":""},"class_list":["post-67","page","type-page","status-publish","hentry"],"acf":[],"_links":{"self":[{"href":"https:\/\/sisu.ut.ee\/rvv\/wp-json\/wp\/v2\/pages\/67","targetHints":{"allow":["GET"]}}],"collection":[{"href":"https:\/\/sisu.ut.ee\/rvv\/wp-json\/wp\/v2\/pages"}],"about":[{"href":"https:\/\/sisu.ut.ee\/rvv\/wp-json\/wp\/v2\/types\/page"}],"author":[{"embeddable":true,"href":"https:\/\/sisu.ut.ee\/rvv\/wp-json\/wp\/v2\/users\/280"}],"replies":[{"embeddable":true,"href":"https:\/\/sisu.ut.ee\/rvv\/wp-json\/wp\/v2\/comments?post=67"}],"version-history":[{"count":2,"href":"https:\/\/sisu.ut.ee\/rvv\/wp-json\/wp\/v2\/pages\/67\/revisions"}],"predecessor-version":[{"id":72,"href":"https:\/\/sisu.ut.ee\/rvv\/wp-json\/wp\/v2\/pages\/67\/revisions\/72"}],"wp:attachment":[{"href":"https:\/\/sisu.ut.ee\/rvv\/wp-json\/wp\/v2\/media?parent=67"}],"curies":[{"name":"wp","href":"https:\/\/api.w.org\/{rel}","templated":true}]}}