{"id":6,"date":"2024-04-04T05:10:45","date_gmt":"2024-04-04T02:10:45","guid":{"rendered":"https:\/\/sisu.ut.ee\/rvv\/rasestumisvastaste-vahendite-eelised-ja-puudused\/"},"modified":"2024-04-04T05:10:51","modified_gmt":"2024-04-04T02:10:51","slug":"rasestumisvastaste-vahendite-eelised-ja-puudused","status":"publish","type":"page","link":"https:\/\/sisu.ut.ee\/rvv\/rasestumisvastaste-vahendite-eelised-ja-puudused\/","title":{"rendered":"Rasestumisvastaste meetodite eelised ja puudused"},"content":{"rendered":"<p>\n\tJ\u00e4rgnevates peat\u00fckkides saate teada:\n<\/p>\n<ul>\n<li>\n\t\tKas ja milliseid k\u00f5rvaltoimeid v\u00f5ib erinevatel rasestumisvastastel meetoditel esineda?\n\t<\/li>\n<li>\n\t\tMillised on erinevate rasestumisvastaste meetodite eelised ja puudused?\n\t<\/li>\n<li>\n\t\tMillised on vastun\u00e4idustused?\n\t<\/li>\n<li>\n\t\tKas ja millal taastub viljakus p\u00e4rast meetodi kasutamise l\u00f5petamist?\n\t<\/li>\n<li>\n\t\tKas meetod kaitseb HIV\/ seksuaalsel teel levivate infektsioonide eest?\n\t<\/li>\n<\/ul>\n","protected":false},"excerpt":{"rendered":"<p>J\u00e4rgnevates peat\u00fckkides saate teada: Kas ja milliseid k\u00f5rvaltoimeid v\u00f5ib erinevatel rasestumisvastastel meetoditel esineda? Millised on erinevate rasestumisvastaste meetodite eelised ja puudused? Millised on vastun\u00e4idustused? Kas ja millal taastub viljakus p\u00e4rast meetodi kasutamise l\u00f5petamist? Kas meetod kaitseb HIV\/ seksuaalsel teel levivate &#8230;<\/p>\n","protected":false},"author":4,"featured_media":0,"parent":0,"menu_order":0,"comment_status":"closed","ping_status":"closed","template":"","meta":{"_acf_changed":false,"inline_featured_image":false,"footnotes":""},"class_list":["post-6","page","type-page","status-publish","hentry"],"acf":[],"_links":{"self":[{"href":"https:\/\/sisu.ut.ee\/rvv\/wp-json\/wp\/v2\/pages\/6","targetHints":{"allow":["GET"]}}],"collection":[{"href":"https:\/\/sisu.ut.ee\/rvv\/wp-json\/wp\/v2\/pages"}],"about":[{"href":"https:\/\/sisu.ut.ee\/rvv\/wp-json\/wp\/v2\/types\/page"}],"author":[{"embeddable":true,"href":"https:\/\/sisu.ut.ee\/rvv\/wp-json\/wp\/v2\/users\/4"}],"replies":[{"embeddable":true,"href":"https:\/\/sisu.ut.ee\/rvv\/wp-json\/wp\/v2\/comments?post=6"}],"version-history":[{"count":1,"href":"https:\/\/sisu.ut.ee\/rvv\/wp-json\/wp\/v2\/pages\/6\/revisions"}],"predecessor-version":[{"id":62,"href":"https:\/\/sisu.ut.ee\/rvv\/wp-json\/wp\/v2\/pages\/6\/revisions\/62"}],"wp:attachment":[{"href":"https:\/\/sisu.ut.ee\/rvv\/wp-json\/wp\/v2\/media?parent=6"}],"curies":[{"name":"wp","href":"https:\/\/api.w.org\/{rel}","templated":true}]}}