{"id":5,"date":"2024-04-04T05:10:45","date_gmt":"2024-04-04T02:10:45","guid":{"rendered":"https:\/\/sisu.ut.ee\/rvv\/erinevate-vahendite-toime-ja-tohusus\/"},"modified":"2024-04-04T05:10:51","modified_gmt":"2024-04-04T02:10:51","slug":"erinevate-vahendite-toime-ja-tohusus","status":"publish","type":"page","link":"https:\/\/sisu.ut.ee\/rvv\/erinevate-vahendite-toime-ja-tohusus\/","title":{"rendered":"Erinevate meetodite toime ja t\u00f5husus"},"content":{"rendered":"<p>\n\tVideoloengust saate teada:\n<\/p>\n<ul>\n<li>\n\t\tMillised rasestumisvastased meetodid on olemas?\n\t<\/li>\n<li>\n\t\tMilline on erinevate rasestumisvastaste meetodite toimemehhanism?\n\t<\/li>\n<li>\n\t\tMillised on t\u00f5husad ja millised ebat\u00f5husad rasestumisvastased meetodid?\n\t<\/li>\n<li>\n\t\tMida tuleb arvestada rasestumisvastase meetodi valikul?\n\t<\/li>\n<\/ul>\n<p style=\"text-align: center\">\n\t<\/p><div class=\"ratio ratio-16x9 mb-3\"><div class=\"video-placeholder-wrapper video-placeholder-wrapper--16x9\">\n\t\t\t    <div class=\"video-placeholder d-flex justify-content-center align-items-center\">\n\t\t\t        <div class=\"overlay text-white p-2 w-100 text-center d-block justify-content-center align-items-center\">\n\t\t\t            <div>Kolmandate osapoolte sisu n\u00e4gemiseks palun n\u00f5ustu k\u00fcpsistega.<\/div>\n\t\t\t            <button class=\"btn btn-secondary btn-sm mt-1 consent-change\">Muuda n\u00f5usolekut<\/button>\n\t\t\t        <\/div>\n\t\t\t    <\/div>\n\t\t\t<\/div>\n<\/div>\n\n<hr>\n<h2>\n\tTuleta meelde!<br>\n<\/h2>\n<p>\n\t<strong>1. Millised j\u00e4rgnevast loetelust on t\u00f5husad rasestumisvastased vahendid?\u00a0<\/strong>\n<\/p>\n<p>\n\t<strong>Kombineeritud pillid, emakasisene vahend, spermitsiidid, steriliseerimine, pessaar, kalendrimeetod.<\/strong>\n<\/p>\n<p>\n\t<\/p><div class=\"accordion mb-3\">\n        <div class=\"accordion-item accordion-item--white\">\n        <h2 class=\"accordion-header\" id=\"accordion-69dc3d2de72bc-heading\">\n            <button class=\"accordion-button collapsed\" type=\"button\" data-bs-toggle=\"collapse\" data-bs-target=\"#accordion-69dc3d2de72bc-collapse\" aria-expanded=\"true\" aria-controls=\"accordion-69dc3d2de72bc-collapse\">Kl\u00f5psa siia!<\/button>\n        <\/h2>\n        <div id=\"accordion-69dc3d2de72bc-collapse\" class=\"accordion-collapse collapse\" aria-labelledby=\"accordion-69dc3d2de72bc-heading\">\n            <div class=\"accordion-body\">Loetelus on t\u00f5husad vahendid kombineeritud pillid, emakasisene vahend ja steriliseerimine.<\/div>\n        <\/div>\n        <\/div>\n    <\/div>\n\n<p>\n\t<strong>2. SOS-pillid on k\u00f5ige t\u00f5husamad ___ \u00f6\u00f6p\u00e4eva jooksul, kuid nad toimivad rasestumisvastaselt veel ___ \u00f6\u00f6p\u00e4eva jooksul p\u00e4rast kaitsmata seksuaalvahekorda.<\/strong>\n<\/p>\n<p>\n\t<\/p><div class=\"accordion mb-3\">\n        <div class=\"accordion-item accordion-item--white\">\n        <h2 class=\"accordion-header\" id=\"accordion-69dc3d2de72c1-heading\">\n            <button class=\"accordion-button collapsed\" type=\"button\" data-bs-toggle=\"collapse\" data-bs-target=\"#accordion-69dc3d2de72c1-collapse\" aria-expanded=\"true\" aria-controls=\"accordion-69dc3d2de72c1-collapse\">Kl\u00f5psa siia!<\/button>\n        <\/h2>\n        <div id=\"accordion-69dc3d2de72c1-collapse\" class=\"accordion-collapse collapse\" aria-labelledby=\"accordion-69dc3d2de72c1-heading\">\n            <div class=\"accordion-body\">SOS-pillid on t\u00f5husaimad 1. \u00f6\u00f6p\u00e4eva jooksul, kuid nad toimivad veel kuni 5 \u00f6\u00f6p\u00e4eva jooksul.<\/div>\n        <\/div>\n        <\/div>\n    <\/div>\n\n<p>\n\t<strong>3. Milline j\u00e4rgnevatest kombinatsioonidest on topeltkaitse?<\/strong>\n<\/p>\n<ul>\n<li>\n\t\t<strong>Kombineeritud plaaster ja kalendrimeetod<\/strong>\n\t<\/li>\n<li>\n\t\t<strong>Kombineeritud pillid ja mehe kondoom<\/strong>\n\t<\/li>\n<li>\n\t\t<strong>Emakasisene vahend ja naise kondoom<\/strong>\n\t<\/li>\n<\/ul>\n<p>\n\t<\/p><div class=\"accordion mb-3\">\n        <div class=\"accordion-item accordion-item--white\">\n        <h2 class=\"accordion-header\" id=\"accordion-69dc3d2de72c3-heading\">\n            <button class=\"accordion-button collapsed\" type=\"button\" data-bs-toggle=\"collapse\" data-bs-target=\"#accordion-69dc3d2de72c3-collapse\" aria-expanded=\"true\" aria-controls=\"accordion-69dc3d2de72c3-collapse\">Kl\u00f5psa siia!<\/button>\n        <\/h2>\n        <div id=\"accordion-69dc3d2de72c3-collapse\" class=\"accordion-collapse collapse\" aria-labelledby=\"accordion-69dc3d2de72c3-heading\">\n            <div class=\"accordion-body\">Topeltkaitse puhul kasutab paar \u00fcheaegselt nii t\u00f5husat rasestumisvastast vahendit kui ka kondoomi. Seega loetelust kaks viimast (kombineeritud pillid ja mehe kondoom, emakasisene vahend ja naise kondoom) on topeltkaitsemeetodid.<\/div>\n        <\/div>\n        <\/div>\n    <\/div>\n","protected":false},"excerpt":{"rendered":"<p>Videoloengust saate teada: Millised rasestumisvastased meetodid on olemas? Milline on erinevate rasestumisvastaste meetodite toimemehhanism? Millised on t\u00f5husad ja millised ebat\u00f5husad rasestumisvastased meetodid? Mida tuleb arvestada rasestumisvastase meetodi valikul? Kolmandate osapoolte sisu n\u00e4gemiseks palun n\u00f5ustu k\u00fcpsistega. Muuda n\u00f5usolekut Tuleta meelde! 1. &#8230;<\/p>\n","protected":false},"author":4,"featured_media":0,"parent":0,"menu_order":0,"comment_status":"closed","ping_status":"closed","template":"","meta":{"_acf_changed":false,"inline_featured_image":false,"footnotes":""},"class_list":["post-5","page","type-page","status-publish","hentry"],"acf":[],"_links":{"self":[{"href":"https:\/\/sisu.ut.ee\/rvv\/wp-json\/wp\/v2\/pages\/5","targetHints":{"allow":["GET"]}}],"collection":[{"href":"https:\/\/sisu.ut.ee\/rvv\/wp-json\/wp\/v2\/pages"}],"about":[{"href":"https:\/\/sisu.ut.ee\/rvv\/wp-json\/wp\/v2\/types\/page"}],"author":[{"embeddable":true,"href":"https:\/\/sisu.ut.ee\/rvv\/wp-json\/wp\/v2\/users\/4"}],"replies":[{"embeddable":true,"href":"https:\/\/sisu.ut.ee\/rvv\/wp-json\/wp\/v2\/comments?post=5"}],"version-history":[{"count":1,"href":"https:\/\/sisu.ut.ee\/rvv\/wp-json\/wp\/v2\/pages\/5\/revisions"}],"predecessor-version":[{"id":61,"href":"https:\/\/sisu.ut.ee\/rvv\/wp-json\/wp\/v2\/pages\/5\/revisions\/61"}],"wp:attachment":[{"href":"https:\/\/sisu.ut.ee\/rvv\/wp-json\/wp\/v2\/media?parent=5"}],"curies":[{"name":"wp","href":"https:\/\/api.w.org\/{rel}","templated":true}]}}