{"id":4,"date":"2024-04-04T05:10:45","date_gmt":"2024-04-04T02:10:45","guid":{"rendered":"https:\/\/sisu.ut.ee\/rvv\/sissejuhatus\/"},"modified":"2025-03-27T17:38:22","modified_gmt":"2025-03-27T15:38:22","slug":"sissejuhatus","status":"publish","type":"page","link":"https:\/\/sisu.ut.ee\/rvv\/sissejuhatus\/","title":{"rendered":"Sissejuhatus"},"content":{"rendered":"<p>Selles peat\u00fckis saate teada:<\/p>\n<ul>\n<li>Miks t\u00e4nap\u00e4eval kasutatakse rasestumisvastaseid meetodeid ja kas see on alati nii olnud?<\/li>\n<li>Kas raseduste ja laste planeerimine on isiklik v\u00f5i \u00fchiskondlik huvi?<\/li>\n<li>Milline on ideaalne rasestumisvastane meetod?<\/li>\n<\/ul>\n<h2>Raseduse planeerimine \u2013 t\u00e4nap\u00e4eva v\u00f5imalus<\/h2>\n<p>Enamik inimesi soovib lapsi saada soovitud ajal ja see on oodatud ja r\u00f5\u00f5mus s\u00fcndmus. T\u00e4nap\u00e4eval ei olda valmis selleks, et s\u00fcnnitada 10-20 last, kes viljaka ea jooksul s\u00fcndida v\u00f5ivad. Selleks, et lapsed s\u00fcnniksid oodatuna ja soovituna, on v\u00f5imalik rasedusi planeerida, kasutades t\u00f5husaid rasestumisvastaseid meetodeid.<\/p>\n<p>Rasestumisvastased meetodid ei ole ainult kaasaja v\u00e4ljam\u00f5eldis, kuigi enamik t\u00e4nap\u00e4evastest rasestumisvastastest meetoditest v\u00f5eti kasutusele alles v\u00e4hem kui sada aastat tagasi. Juba muistsed egiptlased p\u00fc\u00fcdsid leida vahendeid soovimatust rasedusest hoidumiseks, kasutades krokodillis\u00f5nniku, mee ja sooda segu tuppe asetamiseks, millel usuti olevat seemnerakkude vastane toime. Keskajal kasutati loomakelmetest, kalanahast v\u00f5i linasest riidest valmistatud kondoome \u2013 eesk\u00e4tt selleks, et hoiduda toona levinud s\u00fc\u00fcfilisest, kuid ka rasedusest.<\/p>\n<p>Suurim murrang saabus eelmise sajandi kuuek\u00fcmnendatel aastatel koos esimeste \u201eantibeebipillidega\u201d ning paljude arvates on see olnud <strong>koos vaktsineerimise ja antibiootikumide avastamisega \u00fcks eelmise sajandi k\u00fcmnest t\u00e4htsamast abin\u00f5ust elanikkonna tervise parandamisel<\/strong>. Alles seoses t\u00f5husate rasestumisvastaste meetodite kasutuselev\u00f5tmisega sai tegelikkuses iga\u00fchele v\u00f5imalikuks oma laste arvu ja s\u00fcnniaja \u00fcle otsustamine. See t\u00f5i kaasa suured muutused ka senistes seksuaalsusega seotud hoiakutes ja \u00fchiskonnaelus, sh m\u00f5lema sugupoole osaluses laste saamisel ja kasvatamisel.<\/p>\n<h2>Rasestumisvastased meetodid \u2013 kas isiklik v\u00f5i \u00fchiskondlik huvi?<\/h2>\n<p>\u00dchest k\u00fcljest tundub, et laste saamine ja mittesaamine on isiklik asi. Siiski, rasestumisvastased vahendid, mis laste saamist planeerida aitavad ning otsustamine nende kasutamise v\u00f5i mittekasutamise \u00fcle on pakkunud alati huvi \u00fchiskonnas laiemalt. \u00dckski \u00fchiskond ei ole \u00fcksk\u00f5ikne oma j\u00e4relkasvu suhtes. Ikka ja j\u00e4lle on s\u00fcndimus poliitiliste debattide teemaks ja vastavalt \u00fchiskondlikule huvile p\u00fc\u00fctakse seda reguleerida. Nt kuulutati pillid N\u00f5ukogude Liidus ohtlikeks ja neid sai kasutada vaid erandjuhtudel. Katoliku kirik on samuti ajaloos asunud mitmete rasestumisvastaste vahendite kasutamise vastasele positsioonile. Vastupidiselt on Hiinas pikka aega kehtinud \u201e\u00fche lapse\u201d poliitika ja rasestumisvastaste vahendite k\u00e4ttesaadavuse suhtes on t\u00f5husaid samme astutud. Sellised otsused m\u00f5jutavad inimeste isiklikku elu enam, kui me arvata oskaksime. Samas see selgitab, miks rasestumisvastaste meetodite suhtes esineb palju erinevaid v\u00e4\u00e4ruskumusi \u2013 k\u00f5ike, mis on seotud laste saamise v\u00f5i mittesaamisega, vaadeldakse l\u00e4bi erinevate hoiakute, uskumuste ja kogemuste prisma.<\/p>\n<p>T\u00e4nap\u00e4eva arenenud \u00fchiskondades on\u00a0valdav seisukoht, et igal inimesel peab olema<strong> p\u00f5hi\u00f5igus ja v\u00f5imalus<\/strong> oma j\u00e4rglaste arvu ja s\u00fcndimise aega planeerida. Seep\u00e4rast peab ohutu rasedusest hoidumise v\u00f5imalus olema k\u00e4ttesaadav k\u00f5ikidele, kes seda vajavad \u2013 s\u00f5ltumata soost, vanusest v\u00f5i mistahes muust inimesi eristavast tunnusest.<\/p>\n<h2>Ideaalne rasestumisvastane meetod<\/h2>\n<p>Inimeste vajadusetele igak\u00fclgselt vastav ideaalne rasestumisvastane meetod peaks olema:<\/p>\n<ul>\n<li>100% t\u00f5hus,<\/li>\n<li>100% p\u00f6\u00f6rduva toimega, st soovi korral peaks olema v\u00f5imalus ise l\u00f5petada meetodi kasutamine,<\/li>\n<li>100% mugav (mitte seksuaalvahekorraga seotud),<\/li>\n<li>100% ilma k\u00f5rvaltoimeteta,<\/li>\n<li>100% kaitset andev seksuaalsel teel levivate nakkuste suhtes,<\/li>\n<li>omama lisaks rasestumisvastasele toimele ka mingeid lisah\u00fcvesid,<\/li>\n<li>pole vaja meedikut k\u00fclastada,<\/li>\n<li>on odav ja lihtsalt k\u00e4ttesaadav.<\/li>\n<\/ul>\n<p>Tegelikkuses pole ideaalset rasestumisvastast meetodit olemas, sest igal meetodil on oma eelised ja puudused.<\/p>\n<p>\u00d5nneks on t\u00e4nap\u00e4eval rasestumisvastaste meetodite valik v\u00e4ga lai. Kuigi asjatundja (arst v\u00f5i \u00e4mmaemand) saab pakkuda t\u00f5husamat n\u00f5ustamist (nt noorte n\u00f5ustamiskeskuses, vt <a href=\"https:\/\/www.amor.ee\/Noorte_noustamiskeskused\">https:\/\/www.amor.ee\/Noorte_noustamiskeskused<\/a>), on vahendite kasutajatel hea teada p\u00f5hilist rasestumisvastaste meetodite kohta \u2013 see aitab valida enda jaoks sobiva vahendi l\u00e4htuvalt oma vajadusest, v\u00f5imalustest ja eelistustest.<\/p>\n","protected":false},"excerpt":{"rendered":"<p>Selles peat\u00fckis saate teada: Miks t\u00e4nap\u00e4eval kasutatakse rasestumisvastaseid meetodeid ja kas see on alati nii olnud? Kas raseduste ja laste planeerimine on isiklik v\u00f5i \u00fchiskondlik huvi? Milline on ideaalne rasestumisvastane meetod? Raseduse planeerimine \u2013 t\u00e4nap\u00e4eva v\u00f5imalus Enamik inimesi soovib lapsi &#8230;<\/p>\n","protected":false},"author":4,"featured_media":0,"parent":0,"menu_order":0,"comment_status":"closed","ping_status":"closed","template":"","meta":{"_acf_changed":false,"inline_featured_image":false,"footnotes":""},"class_list":["post-4","page","type-page","status-publish","hentry"],"acf":[],"_links":{"self":[{"href":"https:\/\/sisu.ut.ee\/rvv\/wp-json\/wp\/v2\/pages\/4","targetHints":{"allow":["GET"]}}],"collection":[{"href":"https:\/\/sisu.ut.ee\/rvv\/wp-json\/wp\/v2\/pages"}],"about":[{"href":"https:\/\/sisu.ut.ee\/rvv\/wp-json\/wp\/v2\/types\/page"}],"author":[{"embeddable":true,"href":"https:\/\/sisu.ut.ee\/rvv\/wp-json\/wp\/v2\/users\/4"}],"replies":[{"embeddable":true,"href":"https:\/\/sisu.ut.ee\/rvv\/wp-json\/wp\/v2\/comments?post=4"}],"version-history":[{"count":3,"href":"https:\/\/sisu.ut.ee\/rvv\/wp-json\/wp\/v2\/pages\/4\/revisions"}],"predecessor-version":[{"id":100,"href":"https:\/\/sisu.ut.ee\/rvv\/wp-json\/wp\/v2\/pages\/4\/revisions\/100"}],"wp:attachment":[{"href":"https:\/\/sisu.ut.ee\/rvv\/wp-json\/wp\/v2\/media?parent=4"}],"curies":[{"name":"wp","href":"https:\/\/api.w.org\/{rel}","templated":true}]}}