{"id":3,"date":"2024-04-04T05:10:45","date_gmt":"2024-04-04T02:10:45","guid":{"rendered":"https:\/\/sisu.ut.ee\/rvv\/avaleht\/"},"modified":"2025-03-27T17:35:47","modified_gmt":"2025-03-27T15:35:47","slug":"avaleht","status":"publish","type":"page","link":"https:\/\/sisu.ut.ee\/rvv\/","title":{"rendered":"Avaleht"},"content":{"rendered":"<p style=\"text-align: left;\"><img loading=\"lazy\" decoding=\"async\" width=\"500\" height=\"394\" class=\"alignnone wp-image-19 alignleft\" style=\"width: 300px; height: 236px; float: right;\" title=\"koik_koos_vaike.jpg\" src=\"https:\/\/sisu.ut.ee\/wp-content\/uploads\/sites\/361\/koik_koos_vaike.jpg\" alt=\"1\" srcset=\"https:\/\/sisu.ut.ee\/wp-content\/uploads\/sites\/361\/koik_koos_vaike.jpg 500w, https:\/\/sisu.ut.ee\/wp-content\/uploads\/sites\/361\/koik_koos_vaike-300x236.jpg 300w\" sizes=\"auto, (max-width: 500px) 100vw, 500px\"><strong>Autorid: Kai Part ja Made Laanpere\u00a0<\/strong><br>\n<strong>Tartu \u00dclikool, seksuaaltervise uuringute keskus<\/strong><\/p>\n<p>Minikursus annab \u00fclevaate t\u00e4nap\u00e4evastest rasestumisvastastest meetoditest. \u00d5ppija saab teada, kuidas erinevad rasestumisvastased meetodid toimivad, millised on\u00a0t\u00f5husad ja\u00a0millised mitte, milliseid lisah\u00fcvesid v\u00f5ib \u00fche v\u00f5i teise meetodi kasutamisest saada ja millised on v\u00f5imalikud riskid. Kursuse l\u00e4bimine on\u00a0j\u00f5ukohane, kui eelnevalt on omandatud\u00a0p\u00f5hiteadmised inimese anatoomiast ja paljunemisest.<\/p>\n<p>Loodame, et see kursus aitab kaasa rasedusest hoidumise meetodite kaasaegsete seisukohtade levikule Eestis.<\/p>\n<p>Kursuse l\u00e4bimiseks kulub orienteeruvalt 3-4\u00a0tundi.<\/p>\n<p>2013, uuendatud 2025<\/p>\n<p style=\"text-align: center;\"><img loading=\"lazy\" decoding=\"async\" width=\"202\" height=\"117\" class=\"alignnone wp-image-20\" title=\"esf2.jpg\" src=\"https:\/\/sisu.ut.ee\/wp-content\/uploads\/sites\/361\/esf2.jpg\" alt=\"esf\"><\/p>\n","protected":false},"excerpt":{"rendered":"<p>Autorid: Kai Part ja Made Laanpere\u00a0 Tartu \u00dclikool, seksuaaltervise uuringute keskus Minikursus annab \u00fclevaate t\u00e4nap\u00e4evastest rasestumisvastastest meetoditest. \u00d5ppija saab teada, kuidas erinevad rasestumisvastased meetodid toimivad, millised on\u00a0t\u00f5husad ja\u00a0millised mitte, milliseid lisah\u00fcvesid v\u00f5ib \u00fche v\u00f5i teise meetodi kasutamisest saada ja millised &#8230;<\/p>\n","protected":false},"author":4,"featured_media":0,"parent":0,"menu_order":0,"comment_status":"closed","ping_status":"closed","template":"","meta":{"_acf_changed":false,"inline_featured_image":false,"footnotes":""},"class_list":["post-3","page","type-page","status-publish","hentry"],"acf":[],"_links":{"self":[{"href":"https:\/\/sisu.ut.ee\/rvv\/wp-json\/wp\/v2\/pages\/3","targetHints":{"allow":["GET"]}}],"collection":[{"href":"https:\/\/sisu.ut.ee\/rvv\/wp-json\/wp\/v2\/pages"}],"about":[{"href":"https:\/\/sisu.ut.ee\/rvv\/wp-json\/wp\/v2\/types\/page"}],"author":[{"embeddable":true,"href":"https:\/\/sisu.ut.ee\/rvv\/wp-json\/wp\/v2\/users\/4"}],"replies":[{"embeddable":true,"href":"https:\/\/sisu.ut.ee\/rvv\/wp-json\/wp\/v2\/comments?post=3"}],"version-history":[{"count":3,"href":"https:\/\/sisu.ut.ee\/rvv\/wp-json\/wp\/v2\/pages\/3\/revisions"}],"predecessor-version":[{"id":98,"href":"https:\/\/sisu.ut.ee\/rvv\/wp-json\/wp\/v2\/pages\/3\/revisions\/98"}],"wp:attachment":[{"href":"https:\/\/sisu.ut.ee\/rvv\/wp-json\/wp\/v2\/media?parent=3"}],"curies":[{"name":"wp","href":"https:\/\/api.w.org\/{rel}","templated":true}]}}