{"id":16,"date":"2024-04-04T05:10:46","date_gmt":"2024-04-04T02:10:46","guid":{"rendered":"https:\/\/sisu.ut.ee\/rvv\/korduma-kippuvad-kusimused\/"},"modified":"2024-04-09T15:59:07","modified_gmt":"2024-04-09T12:59:07","slug":"korduma-kippuvad-kusimused","status":"publish","type":"page","link":"https:\/\/sisu.ut.ee\/rvv\/korduma-kippuvad-kusimused\/","title":{"rendered":"Korduma kippuvad k\u00fcsimused"},"content":{"rendered":"<p>Selles osas on sageli esitatavad k\u00fcsimused rasestumisvastaste vahendite kohta koos vastustega. Enamasti on tegemist v\u00e4\u00e4rarusaamade ehk m\u00fc\u00fctidega, millel ei ole teaduslikku p\u00f5hjendust.<\/p>\n<h2>K\u00fcsimus 1:<\/h2>\n<p><strong>Kas kombineeritud hormonaalsete meetodite kasutamisel tuleks teha vaheaegu, nn \u201ckeha puhkepause?<\/strong><\/p>\n<p>Sellised pausid ei ole vajalikud ja v\u00f5ivad viia soovimatu rasestumiseni. Piltlikult \u00f6eldes \u201ckeha puhkab\u201d just neid vahendeid tarvitades, kuna puudub munasarjade talitlus, ovulatsiooni ei ole ja vajalikud naissuguhormoonid saadakse KHMst. KHM\u00a0koostisosad eemaldatakse organismist kahe \u00f6\u00f6p\u00e4eva jooksul t\u00e4ielikult.<\/p>\n<h2>K\u00fcsimus 2:<\/h2>\n<p><strong>Kas kombineeritud hormonaalsed meetodid v\u00f5ivad p\u00f5hjustada viljatust?<\/strong><\/p>\n<p>Sellised kahtlused on sama vanad kui pillid ise. Kuigi esimene ovulatsioon peale KHM\u00a0l\u00f5petamist v\u00f5ib m\u00f5ned n\u00e4dalad hilineda, taastub viljakus kohe. Uuringud on n\u00e4idanud, et ei ole mingeid erinevusi rasestumises neil, kes olid eelnevalt tarvitanud KHMd ja neil, kes polnud. KHMd aitavad pigem viljakust s\u00e4ilitada, hoides \u00e4ra soovimatuid rasedusi ja emakav\u00e4liseid rasedusi ning hoides \u00e4ra mitmeid kirurgilisi sekkumisi.<\/p>\n<h2>K\u00fcsimus 3:<\/h2>\n<p><strong>Kas kombineeritud hormonaalsete meetodite tarvitamise ajal rasedaks j\u00e4\u00e4des t\u00f5useb v\u00e4\u00e4rarendite risk?<\/strong><\/p>\n<p>Kaasas\u00fcndinud v\u00e4\u00e4rarendeid esineb k\u00f5igil vasts\u00fcndinutel ca 2 %. Uuringud on veenvalt n\u00e4idanud, et naistel, kes enne rasestumist v\u00f5i raseduse ajal tarvitasid KHMd, ei esine v\u00e4\u00e4rarendeid teistest sagedamini. Kui naine rasestub KHM\u00a0tarvitamise ajal, siis pole meditsiinilist n\u00e4idustust raseduse katkestamiseks. Pole t\u00f5endeid, et need v\u00f5iksid m\u00f5jutada rasedust v\u00f5i loodet. Muidugi l\u00f5petatakse raseduse kindlakstegemise korral KHM\u00a0tarvitamine.<\/p>\n<h2>K\u00fcsimus 4:<\/h2>\n<p><strong>Kas kombineeritud hormonaalsed meetodid t\u00f5stavad v\u00f5i langetavad kehakaalu?<\/strong><\/p>\n<p>KHMd ei m\u00f5juta ei \u00fchte ega teist, kuid v\u00f5imalik kaalut\u00f5us on sagedaseim hirm, mis m\u00f5jutab inimesi nendest loobuma. Kehakaalu muutused uuringutes on kasutajatel ja mittekasutajatel samad: m\u00f5nede kehakaal t\u00f5useb, teistel ei muutu ja kolmandatel langeb. M\u00f5nikord alustatakse KHM\u00a0tarvitamist varases teismeliseeas ja kaalu t\u00f5us elu jooksul on tavaline f\u00fcsioloogiline n\u00e4htus. KHM\u00a0tarvitamisel v\u00f5ib esineda 1-2-kilogrammiline \u00f6strogeenidega seotud kehakaalu t\u00f5us vedeliku peetumisest organismis, mida esineb esimestel kasutuskuudel ja mis on m\u00f6\u00f6duva iseloomuga.<\/p>\n<h2>K\u00fcsimus 5:<\/h2>\n<p><strong>Kas kombineeritud hormonaalsed meetodid m\u00f5jutavad naise meeleolu v\u00f5i seksuaalset iha?<\/strong><\/p>\n<p>\u00dcldiselt mitte. M\u00f5ned KHM\u00a0kasutajad kurdavad meeleolu alanemist ja seksuaaliha langust, enamikul kasutajatest ei ole nimetatud h\u00e4ireid ja m\u00f5nedel kasutajatel paraneb meeleolu ja seksuaalne iha. Raske on t\u00e4pselt \u00f6elda, kas meeleolu ja seksuaalse iha muutus on tingitud KHMst v\u00f5i muudest teguritest nagu suhte areng ja \u00fcldine f\u00fc\u00fcsiline ja vaimne heaolu.<\/p>\n<h2>K\u00fcsimus 6:<\/h2>\n<p><strong>Kas kombineeritud hormonaalsete meetodite kasutamine tuleb l\u00f5petada enne kurgumandlite eemaldamise operatsiooni?<\/strong><\/p>\n<p>Selleks pole vajadust. V\u00e4ikesemahuliste operatsioonide korral, mis ei kesta \u00fcle 30 minuti ja millele ei j\u00e4rgne voodis lamamist &gt;48 tunni (nt kurgumandlite eemaldamine, hamba v\u00e4ljat\u00f5mbamine, laparoskoopia), pole vaja KHM\u00a0kasutamist katkestada.<\/p>\n<h2>K\u00fcsimus 7:<\/h2>\n<p><strong>Kas enne kombineeritud hormonaalsete meetodite kasutamahakkamist on vaja l\u00e4bida g\u00fcnekoloogiline l\u00e4bivaatus?<\/strong><\/p>\n<p>Kui see ei ole vajalik muul p\u00f5hjusel, siis pole see vajalik rasestumisvastase n\u00f5uande ja vahendi saamiseks. Enamasti piisab p\u00f5hjalikust vestlusest ja verer\u00f5hu m\u00f5\u00f5tmisest.<\/p>\n<h2>K\u00fcsimus 8:<\/h2>\n<p><strong>Kas minipillide v\u00f5tmine imetamise ajal on ohutu?<\/strong><\/p>\n<p>Jah. Minipillid on hea valik imetavatele naistele, kes soovivad rasedusest hoiduda. Minipillid on ohutud nii emale kui lapsele \u2013 v\u00e4ga v\u00e4ike osa minipillidest j\u00f5uab rinnapiima ja see ei avalda lapsele mingisugust m\u00f5ju. On arvatud, et kaheaastase rinnaga toitmise perioodil saab laps kokku koguse, mis on v\u00f5rreldav \u00fche tabletiga.<\/p>\n<h2>K\u00fcsimus 9:<\/h2>\n<p><strong>Kui depoosusti kasutamise ajal j\u00e4\u00e4b menstruatsioon \u00e4ra, siis kas see t\u00e4hendab, et naine on rase?<\/strong><\/p>\n<p>Ilmselt mitte, eriti kui uue depoosusti tegemisega ei ole hilinetud (hilinemine on siiski lubatud kuni 4 n\u00e4dalat ilma et vahendi t\u00f5husus langeks). Paljudel depoosusti kasutajatel kujunebki amenorr\u00f6a (menstruatsiooni puudumine) \u2013 see v\u00f5ib olla soovitav ravitoime.<\/p>\n<h2>K\u00fcsimus 10:<\/h2>\n<p><strong>Kas SOS-pillide kasutamisele j\u00e4rgnevad menstruatsioonits\u00fckli h\u00e4ired on ohtlikud?<\/strong><\/p>\n<p>Ei. P\u00e4rast SOS-pillide tarvitamist v\u00f5ib pooltel kasutajatest menstruatsioon saabuda oodatust varem v\u00f5i hiljem. Menstruaalvere hulk v\u00f5ib olla tavalisest suurem. Need on ohutud SOS-pillide k\u00f5rvaltoimed. Kui menstruatsioon hilineb rohkem kui \u00fche n\u00e4dala v\u00f5rra v\u00f5i kui menstruaalvere hulk on ebaharilikult v\u00e4ike, tuleks teha rasedustest.<\/p>\n<h2>K\u00fcsimus 11:<\/h2>\n<p><strong>Kas SOS-pille v\u00f5ib kasutada rohkem kui \u00fcks kord \u00fche menstruaalts\u00fckli jooksul?<\/strong><\/p>\n<p>Kuigi tootja lubab SOS-pille kasutada vaid kord menstruaalts\u00fckli jooksul, v\u00f5ib neid kasutada ka korduvalt, sest nende toime p\u00f5hineb muuhulgas ovulatsiooni edasil\u00fckkamises. Ainsa riskina suureneb seejuures (ajutiste ja ohutute) menstruatsioonits\u00fckli h\u00e4irete esinemissagedus. SOS-pille tuleb kasutada korduvalt, kui toimub korduv kaitsmata seksuaalvahekord. Kui j\u00e4rgmine seksuaalvahekord toimub v\u00e4hem kui 12 tunni jooksul alates SOS-pillide kasutamisest, siis pole t\u00f5en\u00e4oliselt vajadust meetodi korduvaks kasutamiseks.<\/p>\n<h2>K\u00fcsimus 12:<\/h2>\n<p><strong>Kas SOS-pille v\u00f5ib kasutada peamise rasestumisvastase vahendina?<\/strong><\/p>\n<p>See pole kindlasti soovitatav. Pikaajaliselt kasutatuna ei ole SOS-pillid nii efektiivsed kui teised efektiivsed rasestumisvastased vahendid.<\/p>\n<h2>K\u00fcsimus 13:<\/h2>\n<p><strong>Kui p\u00e4rast SOS-pillide kasutamist tekib rasedus, siis kas tuleb rasedus katkestada?<\/strong><\/p>\n<p>Ei. Kui on soov rasedust edasi kanda, siis pole SOS-pillide kasutamise t\u00f5ttu vajadust rasedust katkestada, kuna pole t\u00e4heldatud kahjulikke toimeid rasedusele v\u00f5i lootele.<\/p>\n<h2>K\u00fcsimus 14:<\/h2>\n<p><strong>Kas emakasisene vahend v\u00f5ib p\u00f5hjustada emakav\u00e4list rasedust?<\/strong><\/p>\n<p>Ei. Nii vasega kui levonorgestreeliga vahendid kaitsevad m\u00f5lema, nii emakasisese kui emakav\u00e4lise raseduse eest. Emakav\u00e4lise raseduse p\u00f5hjus on sageli munajuhade p\u00f5letikust tingitud eelnev kahjustus, mitte emakasisene vahend.<\/p>\n<h2>K\u00fcsimus 15:<\/h2>\n<p><strong>Kui emakasisene vahend eemaldatakse ja meetodi kasutamist soovitakse j\u00e4tkata, kas uue vahendi paigaldamiseks tuleb pidada vahet, et emakas \u201epuhkaks\u201d?<\/strong><\/p>\n<p>Ei, see on tarbetu ja soodustab soovimatute raseduste teket. Kui on soov j\u00e4tkata emakasisese vahendi kasutamist, siis tuleb samaaegselt vahendi eemaldamisega kohe paigaldada uus.<\/p>\n<h2>K\u00fcsimus 16:<\/h2>\n<p><strong>Kas emakasisest vahendit tohivad kasutada s\u00fcnnitamata naised ja teismelised?<\/strong><\/p>\n<div style=\"text-align: start; margin: 0px;\">Jah, emakasisene vahend sobib k\u00f5igile. Kaasaegsed emakasisesed vahendid on loodud just arvestades erinevate sihtr\u00fchmade, sh ka noorte ja s\u00fcnnitamata naiste huve.<\/div>\n<h2><\/h2>\n<h2>K\u00fcsimus 17:<\/h2>\n<p><strong>Kui sageli kondoom libiseb seksuaalvahekorra ajal maha v\u00f5i puruneb?<\/strong><\/p>\n<p>Keskmiselt 2% kondoomi kasutamise juhtudest kondoom puruneb v\u00f5i libiseb maha \u2013 see on tingitud kasutusvigadest. Kondoomi purunemisel v\u00f5i mahalibisemisel on soovitav raseduse riski v\u00e4hendamiseks kasutada SOS-pille. Seksuaalsel teel levivate infektsioonide v\u00e4ltimiseks on sel puhul v\u00e4he t\u00e4iendavaid v\u00f5imalusi, kuid on teada, et HIV-positiivse seksuaalpartneri puhul v\u00f5ib nakatumise riski v\u00e4hendada kohene viirusevastane ravikuur. Vastavat n\u00f5u annab meedik.<\/p>\n<h2>K\u00fcsimus 18:<\/h2>\n<p><strong>Kas kondoome kasutatakse vaid juhuvahekordades suguhaigustest hoidumiseks?<\/strong><\/p>\n<p>Ei. Kondoom v\u00f5ib olla paari jaoks sobivaimaks rasestumisvastaseks vahendiks v\u00f5i ajutiseks vahendiks, kui mingil p\u00f5hjusel ei ole veel hakatud (lisaks) kasutama plaanitud rasestumisvastast vahendit (= topeltmeetodit).<\/p>\n<h2>K\u00fcsimus 19:<\/h2>\n<p><strong>Kumb oleks parem paari jaoks, kes ei soovi enam lapsi saada: mehe v\u00f5i naise steriliseerimine?<\/strong><\/p>\n<p>Iga paar otsustab selle k\u00fcsimuse ise. Nii naise kui mehe steriliseerimine on v\u00e4ga t\u00f5hus, ohutu ja p\u00f6\u00f6rdumatu v\u00f5imalus rasedusest hoidumiseks. Kui paari jaoks on vastuv\u00f5etav m\u00f5lema partneri steriliseerimine, siis v\u00f5ib eelistada vasektoomiat (mehe steriliseerimist), sest see on lihtsamini teostatav, turvalisem ja v\u00e4hem kulukas operatsioon v\u00f5rreldes naise steriliseerimisega.<\/p>\n<h2>K\u00fcsimus 20:<\/h2>\n<p><strong>Kas mehe steriliseerimise j\u00e4rgselt kaob tema seksuaalne v\u00f5imekus?<\/strong><\/p>\n<p>Ei. P\u00e4rast seemnejuhade sulgemist v\u00f5ib mees olla seksuaalvahekorras nii nagu ennegi, ning samuti ei muutu erektsiooni tugevus ja kestvus. Mehel tekib endiselt seemnepurse, kuid seemnevedelikus ei esine enam seemnerakke ja seet\u00f5ttu ei saa mees enam j\u00e4rglasi.<\/p>\n","protected":false},"excerpt":{"rendered":"<p>Selles osas on sageli esitatavad k\u00fcsimused rasestumisvastaste vahendite kohta koos vastustega. Enamasti on tegemist v\u00e4\u00e4rarusaamade ehk m\u00fc\u00fctidega, millel ei ole teaduslikku p\u00f5hjendust. K\u00fcsimus 1: Kas kombineeritud hormonaalsete meetodite kasutamisel tuleks teha vaheaegu, nn \u201ckeha puhkepause? Sellised pausid ei ole vajalikud &#8230;<\/p>\n","protected":false},"author":4,"featured_media":0,"parent":0,"menu_order":0,"comment_status":"closed","ping_status":"closed","template":"","meta":{"_acf_changed":false,"inline_featured_image":false,"footnotes":""},"class_list":["post-16","page","type-page","status-publish","hentry"],"acf":[],"_links":{"self":[{"href":"https:\/\/sisu.ut.ee\/rvv\/wp-json\/wp\/v2\/pages\/16","targetHints":{"allow":["GET"]}}],"collection":[{"href":"https:\/\/sisu.ut.ee\/rvv\/wp-json\/wp\/v2\/pages"}],"about":[{"href":"https:\/\/sisu.ut.ee\/rvv\/wp-json\/wp\/v2\/types\/page"}],"author":[{"embeddable":true,"href":"https:\/\/sisu.ut.ee\/rvv\/wp-json\/wp\/v2\/users\/4"}],"replies":[{"embeddable":true,"href":"https:\/\/sisu.ut.ee\/rvv\/wp-json\/wp\/v2\/comments?post=16"}],"version-history":[{"count":2,"href":"https:\/\/sisu.ut.ee\/rvv\/wp-json\/wp\/v2\/pages\/16\/revisions"}],"predecessor-version":[{"id":92,"href":"https:\/\/sisu.ut.ee\/rvv\/wp-json\/wp\/v2\/pages\/16\/revisions\/92"}],"wp:attachment":[{"href":"https:\/\/sisu.ut.ee\/rvv\/wp-json\/wp\/v2\/media?parent=16"}],"curies":[{"name":"wp","href":"https:\/\/api.w.org\/{rel}","templated":true}]}}