{"id":15,"date":"2024-04-04T05:10:46","date_gmt":"2024-04-04T02:10:46","guid":{"rendered":"https:\/\/sisu.ut.ee\/rvv\/viljaka-perioodi-arvestamise-meetodid\/"},"modified":"2024-04-09T15:58:21","modified_gmt":"2024-04-09T12:58:21","slug":"viljaka-perioodi-arvestamise-meetodid","status":"publish","type":"page","link":"https:\/\/sisu.ut.ee\/rvv\/viljaka-perioodi-arvestamise-meetodid\/","title":{"rendered":"Viljaka perioodi arvestamise meetodid"},"content":{"rendered":"<p>Viljaka perioodi arvestamist kasutatakse kalendrimeetodi puhul, mida v\u00f5ib kombineerida teiste subjektiivsete (ovulatsiooniaegne valu, menstruatsiooni l\u00e4henemisele\u00a0viitavad tunnused) v\u00f5i ovulatsioonile kaudselt viitavate kliiniliste v\u00f5i biokeemiliste tunnuste arvestamisega (kehatemperatuuri m\u00f5\u00f5tmine, emakakaelasekreedi muutuste j\u00e4lgimine, suguhormoonide m\u00e4\u00e4ramine).<\/p>\n<p>Viljaka perioodi arvestamine n\u00f5uab teadmisi f\u00fcsioloogiast ja partnerite head koost\u00f6\u00f6d (nn viljakatel p\u00e4evadel seksuaalvahekorrast hoidumine). Ei sobi neile, kel on ebaregulaarne menstruatsioon.<\/p>\n<p>Viljaka perioodi arvestamist kasutab ka viljakusmonitor. Hoolimata oma kaasaaegse nutika seadme v\u00e4limusest, on tegemist ajaloolise viljakate p\u00e4evade arvutamise meetodiga, mis on ebat\u00f5hus rasedusest hoidumise meetod. Korrektsel kasutamisel koos temperatuuri m\u00f5\u00f5tmisega on soovimatuid rasedusi k\u00fcll palju v\u00e4hem, kuid see eeldab t\u00e4iesti regulaarset menstruatsioonits\u00fcklit.<\/p>\n<p>Viljakate p\u00e4evade meetodit kasutati siis, kui kaasaaegsed rasestumisvastased meetodid ei olnud k\u00e4ttesaadavad ning kahjuks ei saa selle abil usaldusv\u00e4\u00e4rselt viljakust kontrollida.<\/p>\n<h2>K\u00f5rvaltoimed<\/h2>\n<p>\u2026\u00a0puuduvad.<\/p>\n<h2>Eelised ja puudused<\/h2>\n<p>Meditsiinilised riskid puuduvad. Nende meetodite peamiseks eeliseks on see, et hoides \u00e4ra rasedusi, hoiavad nad \u00e4ra ka sellega seotud riske. Puuduseks on v\u00e4hene t\u00f5husus (s\u00f5ltuvalt kasutajast rasestub aasta jooksul 5-25 naist 100st) ja ebamugavused kasutamisel. Meetod on odav (va hormoonide m\u00e4\u00e4ramiseks m\u00f5eldud testid).<\/p>\n<h2>Vastun\u00e4idustused<\/h2>\n<p>\u2026\u00a0puuduvad, kuid viljaka perioodi arvestamise meetod ei sobi neile, kel rasedus on kindlasti soovimatu v\u00f5i halvendaks m\u00f5ne haiguse kulgu.<\/p>\n<h2>Viljakus taastub<\/h2>\n<p>\u2026\u00a0kohe p\u00e4rast kasutamise l\u00f5petamist.<\/p>\n<h2>Kaitse HIV\/STLI eest<\/h2>\n<p>\u2026\u00a0puudub.<\/p>\n","protected":false},"excerpt":{"rendered":"<p>Viljaka perioodi arvestamist kasutatakse kalendrimeetodi puhul, mida v\u00f5ib kombineerida teiste subjektiivsete (ovulatsiooniaegne valu, menstruatsiooni l\u00e4henemisele\u00a0viitavad tunnused) v\u00f5i ovulatsioonile kaudselt viitavate kliiniliste v\u00f5i biokeemiliste tunnuste arvestamisega (kehatemperatuuri m\u00f5\u00f5tmine, emakakaelasekreedi muutuste j\u00e4lgimine, suguhormoonide m\u00e4\u00e4ramine). Viljaka perioodi arvestamine n\u00f5uab teadmisi f\u00fcsioloogiast ja partnerite &#8230;<\/p>\n","protected":false},"author":4,"featured_media":0,"parent":0,"menu_order":0,"comment_status":"closed","ping_status":"closed","template":"","meta":{"_acf_changed":false,"inline_featured_image":false,"footnotes":""},"class_list":["post-15","page","type-page","status-publish","hentry"],"acf":[],"_links":{"self":[{"href":"https:\/\/sisu.ut.ee\/rvv\/wp-json\/wp\/v2\/pages\/15","targetHints":{"allow":["GET"]}}],"collection":[{"href":"https:\/\/sisu.ut.ee\/rvv\/wp-json\/wp\/v2\/pages"}],"about":[{"href":"https:\/\/sisu.ut.ee\/rvv\/wp-json\/wp\/v2\/types\/page"}],"author":[{"embeddable":true,"href":"https:\/\/sisu.ut.ee\/rvv\/wp-json\/wp\/v2\/users\/4"}],"replies":[{"embeddable":true,"href":"https:\/\/sisu.ut.ee\/rvv\/wp-json\/wp\/v2\/comments?post=15"}],"version-history":[{"count":2,"href":"https:\/\/sisu.ut.ee\/rvv\/wp-json\/wp\/v2\/pages\/15\/revisions"}],"predecessor-version":[{"id":91,"href":"https:\/\/sisu.ut.ee\/rvv\/wp-json\/wp\/v2\/pages\/15\/revisions\/91"}],"wp:attachment":[{"href":"https:\/\/sisu.ut.ee\/rvv\/wp-json\/wp\/v2\/media?parent=15"}],"curies":[{"name":"wp","href":"https:\/\/api.w.org\/{rel}","templated":true}]}}