{"id":14,"date":"2024-04-04T05:10:46","date_gmt":"2024-04-04T02:10:46","guid":{"rendered":"https:\/\/sisu.ut.ee\/rvv\/steriliseerimine\/"},"modified":"2025-03-27T18:15:47","modified_gmt":"2025-03-27T16:15:47","slug":"steriliseerimine","status":"publish","type":"page","link":"https:\/\/sisu.ut.ee\/rvv\/steriliseerimine\/","title":{"rendered":"Steriliseerimine"},"content":{"rendered":"<p>Steriliseerimine on v\u00e4ga t\u00f5hus, kuid taasp\u00f6\u00f6rdumatu rasedusest hoidumise meetod, mis m\u00f5jutab viljakust, kuid mitte seksuaalelu v\u00f5i \u2013 v\u00f5imekust.<\/p>\n<h2>K\u00f5rvaltoimed<\/h2>\n<p>\u2026 puuduvad. Samuti ei ole steriliseerimisel kasulikke toimeid (nt ei v\u00e4henda steriliseerimine menstruatsioonivere hulka v\u00f5i menstruatsioonivalu)<\/p>\n<h2>Eelised ja puudused<\/h2>\n<p>Peamine eelis on k\u00f5rge ja p\u00fcsiv rasestumisvastane t\u00f5husus ja k\u00f5rvaltoimete puudumine. Riskid on seotud peamiselt kirurgilise protseduuriga. Steriliseerimise kasuks otsustamisel tuleb teada, et meetod on p\u00f6\u00f6rdumatu \u2013 munajuhade v\u00f5i seemnejuhade l\u00e4bitavuse taastamine pole tavaliselt v\u00f5imalik.<\/p>\n<h2>Vastun\u00e4idustused<\/h2>\n<p>Peamine vastun\u00e4idustus on, kui naine v\u00f5i mees ei soovi sterilisatsiooni. Steriliseerimine peab olema rangelt vabatahtlik. Ps\u00fchhiaatriliste haiguste ja eriti vaimse arengu mahaj\u00e4\u00e4muse korral tuleb veenduda, et inimese tahe on kaalutud ja vabatahtlik.<\/p>\n<p>Praegu Eestis kehtiva \u201cRaseduse katkestamise ja steriliseerimise seaduse\u201d (<a href=\"https:\/\/www.riigiteataja.ee\/akt\/925400\" target=\"_blank\" rel=\"noopener\">https:\/\/www.riigiteataja.ee\/akt\/925400<\/a>) kohaselt v\u00f5ib t\u00e4isealist teov\u00f5imelist isikut steriliseerida, kui esineb v\u00e4hemalt \u00fcks j\u00e4rgmistest tingimustest:<\/p>\n<ul>\n<li>isikul on v\u00e4hemalt kolm last;<\/li>\n<li>isik on vanem kui 35-aastane;<\/li>\n<li>rasedus ohustab naise tervist;<\/li>\n<li>muud rasestumisvastased vahendid on vastun\u00e4idustatud;<\/li>\n<li>isikul on oht saada raske vaimse v\u00f5i kehalise tervisekahjustusega laps;<\/li>\n<li>isiku haigus v\u00f5i tervisega seotud probleem takistab lapse kasvatamist.<\/li>\n<\/ul>\n<h2>Viljakus<\/h2>\n<p>\u2026\u00a0taasp\u00f6\u00f6rdumatu meetod (p\u00e4rast steriliseerimist lapsi saada pole v\u00f5imalik).<\/p>\n<h2>Kaitse HIV\/STLI eest<\/h2>\n<p>\u2026\u00a0puudub.<\/p>\n","protected":false},"excerpt":{"rendered":"<p>Steriliseerimine on v\u00e4ga t\u00f5hus, kuid taasp\u00f6\u00f6rdumatu rasedusest hoidumise meetod, mis m\u00f5jutab viljakust, kuid mitte seksuaalelu v\u00f5i \u2013 v\u00f5imekust. K\u00f5rvaltoimed \u2026 puuduvad. Samuti ei ole steriliseerimisel kasulikke toimeid (nt ei v\u00e4henda steriliseerimine menstruatsioonivere hulka v\u00f5i menstruatsioonivalu) Eelised ja puudused Peamine eelis &#8230;<\/p>\n","protected":false},"author":4,"featured_media":0,"parent":0,"menu_order":0,"comment_status":"closed","ping_status":"closed","template":"","meta":{"_acf_changed":false,"inline_featured_image":false,"footnotes":""},"class_list":["post-14","page","type-page","status-publish","hentry"],"acf":[],"_links":{"self":[{"href":"https:\/\/sisu.ut.ee\/rvv\/wp-json\/wp\/v2\/pages\/14","targetHints":{"allow":["GET"]}}],"collection":[{"href":"https:\/\/sisu.ut.ee\/rvv\/wp-json\/wp\/v2\/pages"}],"about":[{"href":"https:\/\/sisu.ut.ee\/rvv\/wp-json\/wp\/v2\/types\/page"}],"author":[{"embeddable":true,"href":"https:\/\/sisu.ut.ee\/rvv\/wp-json\/wp\/v2\/users\/4"}],"replies":[{"embeddable":true,"href":"https:\/\/sisu.ut.ee\/rvv\/wp-json\/wp\/v2\/comments?post=14"}],"version-history":[{"count":2,"href":"https:\/\/sisu.ut.ee\/rvv\/wp-json\/wp\/v2\/pages\/14\/revisions"}],"predecessor-version":[{"id":112,"href":"https:\/\/sisu.ut.ee\/rvv\/wp-json\/wp\/v2\/pages\/14\/revisions\/112"}],"wp:attachment":[{"href":"https:\/\/sisu.ut.ee\/rvv\/wp-json\/wp\/v2\/media?parent=14"}],"curies":[{"name":"wp","href":"https:\/\/api.w.org\/{rel}","templated":true}]}}