{"id":13,"date":"2024-04-04T05:10:46","date_gmt":"2024-04-04T02:10:46","guid":{"rendered":"https:\/\/sisu.ut.ee\/rvv\/spermitsiidid\/"},"modified":"2025-03-27T18:14:38","modified_gmt":"2025-03-27T16:14:38","slug":"spermitsiidid","status":"publish","type":"page","link":"https:\/\/sisu.ut.ee\/rvv\/spermitsiidid\/","title":{"rendered":"Spermitsiidid"},"content":{"rendered":"<p><img loading=\"lazy\" decoding=\"async\" width=\"300\" height=\"128\" class=\"alignnone wp-image-27\" style=\"float: right;\" title=\"spermitsiid.jpg\" src=\"https:\/\/sisu.ut.ee\/wp-content\/uploads\/sites\/361\/spermitsiid.jpg\" alt=\"1\">Spermitsiidid on \u00fched v\u00e4het\u00f5husamatest vahenditest soovimatu raseduse \u00e4rahoidmisel. Neid saab osta apteegi k\u00e4sim\u00fc\u00fcgist.<\/p>\n<h2>K\u00f5rvaltoimed<\/h2>\n<p>Spermitsiidide peamine k\u00f5rvaltoime on paiksed \u00e4rritusn\u00e4htud ja allergilised reaktsioonid tupes v\u00f5i peenisel, mis on ka kasutamise vastun\u00e4idustus.<\/p>\n<h2>Eelised ja puudused<\/h2>\n<p>Spermitsiidid on k\u00e4ttesaadavad, nad ei vaja arsti k\u00fclastust ega arstlikku j\u00e4lgimist, sest neil puuduvad olulised terviseriskid. Teatud ravimvormide korral v\u00f5ib suureneda tuppe niisutav efekt, ehkki viimane v\u00f5ib olla ka negatiivne, p\u00f5hjustades liigset voolust. Peamine risk on v\u00e4hene rasestumisvastane t\u00f5husus. Kuna spermitsiidid on seksuaalvahekorrast s\u00f5ltuvad, tuleb lisaks kindlalt j\u00e4lgida ka nende toimeaega. Spermitsiidi lisamine kondoomile v\u00f5iks teoreetiliselt suurendada kondoomi efektiivsust, kuid see pole uuringutes kinnitust leidnud. Lisaks on spermitsiidil nonoks\u00fcnool leitud \u00e4rritav toime tupe limaskestale ja sellest tingitud vastupidine, HIVi \u00fclekannet suurendav toime.<\/p>\n<h2>Viljakus taastub<\/h2>\n<p>\u2026\u00a0kohe p\u00e4rast kasutamise l\u00f5petamist.<\/p>\n<h2>Kaitse HIV\/STLI eest<\/h2>\n<p>\u2026\u00a0puudub, v\u00f5ib t\u00f5sta HIV-sse nakatumise riski.<\/p>\n<hr>\n<h2>Tuleta meelde!<\/h2>\n<p><strong>1. Kas spermitsiidid hoiavad soovimatut rasedust \u00e4ra t\u00f5husalt?<\/strong><\/p>\n<p><\/p><div class=\"accordion mb-3\">\n        <div class=\"accordion-item accordion-item--white\">\n        <h2 class=\"accordion-header\" id=\"accordion-69dc10fcca918-heading\">\n            <button class=\"accordion-button collapsed\" type=\"button\" data-bs-toggle=\"collapse\" data-bs-target=\"#accordion-69dc10fcca918-collapse\" aria-expanded=\"true\" aria-controls=\"accordion-69dc10fcca918-collapse\">Kl\u00f5psa siia!<\/button>\n        <\/h2>\n        <div id=\"accordion-69dc10fcca918-collapse\" class=\"accordion-collapse collapse\" aria-labelledby=\"accordion-69dc10fcca918-heading\">\n            <div class=\"accordion-body\">Spermitsiidid on v\u00e4het\u00f5hus rasestumisvastane meetod \u2013 kuni 29 naist 100st v\u00f5ib aasta jooksul rasestuda.<\/div>\n        <\/div>\n        <\/div>\n    <\/div>\n","protected":false},"excerpt":{"rendered":"<p>Spermitsiidid on \u00fched v\u00e4het\u00f5husamatest vahenditest soovimatu raseduse \u00e4rahoidmisel. Neid saab osta apteegi k\u00e4sim\u00fc\u00fcgist. K\u00f5rvaltoimed Spermitsiidide peamine k\u00f5rvaltoime on paiksed \u00e4rritusn\u00e4htud ja allergilised reaktsioonid tupes v\u00f5i peenisel, mis on ka kasutamise vastun\u00e4idustus. Eelised ja puudused Spermitsiidid on k\u00e4ttesaadavad, nad ei vaja &#8230;<\/p>\n","protected":false},"author":4,"featured_media":0,"parent":0,"menu_order":0,"comment_status":"closed","ping_status":"closed","template":"","meta":{"_acf_changed":false,"inline_featured_image":false,"footnotes":""},"class_list":["post-13","page","type-page","status-publish","hentry"],"acf":[],"_links":{"self":[{"href":"https:\/\/sisu.ut.ee\/rvv\/wp-json\/wp\/v2\/pages\/13","targetHints":{"allow":["GET"]}}],"collection":[{"href":"https:\/\/sisu.ut.ee\/rvv\/wp-json\/wp\/v2\/pages"}],"about":[{"href":"https:\/\/sisu.ut.ee\/rvv\/wp-json\/wp\/v2\/types\/page"}],"author":[{"embeddable":true,"href":"https:\/\/sisu.ut.ee\/rvv\/wp-json\/wp\/v2\/users\/4"}],"replies":[{"embeddable":true,"href":"https:\/\/sisu.ut.ee\/rvv\/wp-json\/wp\/v2\/comments?post=13"}],"version-history":[{"count":2,"href":"https:\/\/sisu.ut.ee\/rvv\/wp-json\/wp\/v2\/pages\/13\/revisions"}],"predecessor-version":[{"id":111,"href":"https:\/\/sisu.ut.ee\/rvv\/wp-json\/wp\/v2\/pages\/13\/revisions\/111"}],"wp:attachment":[{"href":"https:\/\/sisu.ut.ee\/rvv\/wp-json\/wp\/v2\/media?parent=13"}],"curies":[{"name":"wp","href":"https:\/\/api.w.org\/{rel}","templated":true}]}}