{"id":12,"date":"2024-04-04T05:10:46","date_gmt":"2024-04-04T02:10:46","guid":{"rendered":"https:\/\/sisu.ut.ee\/rvv\/kondoom\/"},"modified":"2025-03-27T18:14:01","modified_gmt":"2025-03-27T16:14:01","slug":"kondoom","status":"publish","type":"page","link":"https:\/\/sisu.ut.ee\/rvv\/kondoom\/","title":{"rendered":"Kondoom"},"content":{"rendered":"<p><img loading=\"lazy\" decoding=\"async\" width=\"300\" height=\"87\" class=\"alignnone wp-image-26\" style=\"float: right;\" title=\"kondoomid3.jpg\" src=\"https:\/\/sisu.ut.ee\/wp-content\/uploads\/sites\/361\/kondoomid3.jpg\" alt=\"1\">Kondoom on korrektsel kasutamisel t\u00f5hus ja ohutu rasestumisvastane vahend, mis pakub \u00fchtlasi\u00a0<strong>kaitset seksuaalsel teel levivate infektsioonide, sh HIV suhtes<\/strong>.<\/p>\n<p>On olemas mehe kondoom ja naise kondoom \u2013 viimaseid Eestis praegu ei turustata, p\u00f5hjuseks ilmselt nii kallim hind kui ka harjumatus. M\u00f5lemaid saab tellida interneti teel. K\u00e4esolevalt k\u00e4sitleme vaid mehe kondoomiga seonduvat.<\/p>\n<h2>K\u00f5rvaltoimed<\/h2>\n<p>\u2026\u00a0puuduvad.<\/p>\n<h2>Eelised<\/h2>\n<p>Kondoomil on palju\u00a0eeliseid:<\/p>\n<ul>\n<li>hea k\u00e4ttesaadavus,<\/li>\n<li>suhteliselt madal hind,<\/li>\n<li>kaitse seksuaalsel teel levivate infektsioonide, sh HIVi eest,<\/li>\n<li>kaitse emakakaelav\u00e4hi vastu, kuna olulisel m\u00e4\u00e4ral takistab nakatumist papilloomiviirusega,<\/li>\n<li>meespartneri kaasamise v\u00f5imalus rasedusest hoidumisel.<\/li>\n<\/ul>\n<h2>Puudused<\/h2>\n<p>Kondoomi\u00a0puuduseid\u00a0on v\u00e4hem kui eeliseid:<\/p>\n<ul>\n<li>kondoom v\u00f5ib segada seksuaalvahekorra spontaansust,<\/li>\n<li>tundlikkuse langus \u2013 see on palju v\u00e4iksem t\u00e4nap\u00e4evaste \u00f5hukeste kondoomide korral ja v\u00f5ib olla eeliseks, kui seksuaalvahekorda soovitakse pikendada (see v\u00f5ib m\u00f5nikord soovitav olla),<\/li>\n<li>kondoomi kasutamine v\u00f5ib v\u00e4hendada erektsiooni (probleem v\u00f5ib sageneda vanuse kasvades),<\/li>\n<li>kondoomid v\u00f5ivad maha libiseda ja rebeneda, mist\u00f5ttu kondoom ainsa rasestumisvastase vahendina pole t\u00f5hus meetod (kuni 18 naist 100st v\u00f5ib aasta jooksul rasestuda).<\/li>\n<\/ul>\n<p>Kondoomil praktiliselt puuduvad meditsiinilised riskid. V\u00e4ga harva v\u00f5ib esineda lateksallergiat, sel puhul on soovitav kasutada pol\u00fcuretaanist kondoome. Allergia v\u00f5ib esineda ka kondoomi libestusaine suhtes.<\/p>\n<h2>P\u00f5hilised kasutusvead<\/h2>\n<ul>\n<li>suguelundite kokkupuutumine enne kondoomi pealepanekut,<\/li>\n<li>suguelundite kokkupuutumine p\u00e4rast kondoomi eemaldamist,<\/li>\n<li>kondoomi mahalibisemine p\u00e4rast erektsiooni kadumist,<\/li>\n<li>kondoomist sperma lekkimine peenise tupest eemaldamisel,<\/li>\n<li>kondoomi rebenemine mehhaanilise v\u00f5i keemilise kahjustuse t\u00f5ttu (nt \u00f5lip\u00f5hise libesti kasutamise t\u00f5ttu).<\/li>\n<\/ul>\n<p>Peamine kasutusviga on, et kondoomi ei kasutata rasestumisvastase vahendina igas seksuaalvahekorras.<\/p>\n<p>\u00d5lip\u00f5hised libestid ja \u00f5lid muudavad kondoomi hapraks, nt beebi\u00f5li h\u00e4vitab 95% kondoomi tugevusest viie minuti jooksul. Samuti kahjustab kondoomi maap\u00e4hkli\u00f5li, kookos\u00f5li, vaseliin, p\u00e4ikesekaitse- ja kehakreem, m\u00f5ned vanni- ja massaa\u017ei\u00f5lid ja ka m\u00f5ned seentevastased tupekaudselt kasutatavad ravimid. Seevastu vesi v\u00f5i veep\u00f5hised libestid, gl\u00fctseriin ja silikoonlibestid kondoomi ei kahjusta.<\/p>\n<h2>Vastun\u00e4idustused<\/h2>\n<p>\u2026\u00a0puuduvad.<\/p>\n<h2>Viljakus taastub<\/h2>\n<p>\u2026\u00a0kohe p\u00e4rast kasutamise l\u00f5petamist.<\/p>\n<h2>Kaitse HIV\/STLI eest<\/h2>\n<p>\u2026\u00a0olemas.<\/p>\n<hr>\n<h2>Tuleta meelde!<\/h2>\n<p><strong>1. Millisel juhul on kondoom t\u00f5hus rasestumisvastane meetod?<\/strong><\/p>\n<p><\/p><div class=\"accordion mb-3\">\n        <div class=\"accordion-item accordion-item--white\">\n        <h2 class=\"accordion-header\" id=\"accordion-69dc275384eca-heading\">\n            <button class=\"accordion-button collapsed\" type=\"button\" data-bs-toggle=\"collapse\" data-bs-target=\"#accordion-69dc275384eca-collapse\" aria-expanded=\"true\" aria-controls=\"accordion-69dc275384eca-collapse\">Kl\u00f5psa siia!<\/button>\n        <\/h2>\n        <div id=\"accordion-69dc275384eca-collapse\" class=\"accordion-collapse collapse\" aria-labelledby=\"accordion-69dc275384eca-heading\">\n            <div class=\"accordion-body\">Kondoom on t\u00f5hus, kui seda korrektselt ja igas seksuaalvahekorras kasutatakse, see ei libise maha ega l\u00e4he katki ja ei kasutata \u00f5lip\u00f5hiseid libesteid.<\/div>\n        <\/div>\n        <\/div>\n    <\/div>\n","protected":false},"excerpt":{"rendered":"<p>Kondoom on korrektsel kasutamisel t\u00f5hus ja ohutu rasestumisvastane vahend, mis pakub \u00fchtlasi\u00a0kaitset seksuaalsel teel levivate infektsioonide, sh HIV suhtes. On olemas mehe kondoom ja naise kondoom \u2013 viimaseid Eestis praegu ei turustata, p\u00f5hjuseks ilmselt nii kallim hind kui ka harjumatus. &#8230;<\/p>\n","protected":false},"author":4,"featured_media":0,"parent":0,"menu_order":0,"comment_status":"closed","ping_status":"closed","template":"","meta":{"_acf_changed":false,"inline_featured_image":false,"footnotes":""},"class_list":["post-12","page","type-page","status-publish","hentry"],"acf":[],"_links":{"self":[{"href":"https:\/\/sisu.ut.ee\/rvv\/wp-json\/wp\/v2\/pages\/12","targetHints":{"allow":["GET"]}}],"collection":[{"href":"https:\/\/sisu.ut.ee\/rvv\/wp-json\/wp\/v2\/pages"}],"about":[{"href":"https:\/\/sisu.ut.ee\/rvv\/wp-json\/wp\/v2\/types\/page"}],"author":[{"embeddable":true,"href":"https:\/\/sisu.ut.ee\/rvv\/wp-json\/wp\/v2\/users\/4"}],"replies":[{"embeddable":true,"href":"https:\/\/sisu.ut.ee\/rvv\/wp-json\/wp\/v2\/comments?post=12"}],"version-history":[{"count":4,"href":"https:\/\/sisu.ut.ee\/rvv\/wp-json\/wp\/v2\/pages\/12\/revisions"}],"predecessor-version":[{"id":110,"href":"https:\/\/sisu.ut.ee\/rvv\/wp-json\/wp\/v2\/pages\/12\/revisions\/110"}],"wp:attachment":[{"href":"https:\/\/sisu.ut.ee\/rvv\/wp-json\/wp\/v2\/media?parent=12"}],"curies":[{"name":"wp","href":"https:\/\/api.w.org\/{rel}","templated":true}]}}