{"id":11,"date":"2024-04-04T05:10:46","date_gmt":"2024-04-04T02:10:46","guid":{"rendered":"https:\/\/sisu.ut.ee\/rvv\/emakasisesed-vahendid\/"},"modified":"2025-03-27T18:10:14","modified_gmt":"2025-03-27T16:10:14","slug":"emakasisesed-vahendid","status":"publish","type":"page","link":"https:\/\/sisu.ut.ee\/rvv\/emakasisesed-vahendid\/","title":{"rendered":"Emakasisesed vahendid"},"content":{"rendered":"<p><img loading=\"lazy\" decoding=\"async\" width=\"325\" height=\"216\" class=\"alignnone wp-image-25\" style=\"float: right;\" title=\"spiraalid2.jpg\" src=\"https:\/\/sisu.ut.ee\/wp-content\/uploads\/sites\/361\/spiraalid2.jpg\" alt=\"1\" srcset=\"https:\/\/sisu.ut.ee\/wp-content\/uploads\/sites\/361\/spiraalid2.jpg 325w, https:\/\/sisu.ut.ee\/wp-content\/uploads\/sites\/361\/spiraalid2-300x199.jpg 300w\" sizes=\"auto, (max-width: 325px) 100vw, 325px\">Emakasisene vahend on pikaajaline, t\u00f5hus ja mugav rasedusest hoidumise meetod, mis sobib enamikule, ka s\u00fcnnitamata naistele. On olemas vasega emakasisene vahend (Cu-ESV) ja levonorgestreeliga emakasisene s\u00fcsteem ehk \u201ehormoonspiraal\u201c (LNG-ESS) \u2013 viimaseid on saada 3 t\u00fc\u00fcpi erinevas suuruses ja kasutamisajaga 3-8 aastat.<\/p>\n<h2>K\u00f5rvaltoimed<\/h2>\n<p>Sageli esinevad muutused menstruatsioonits\u00fcklis ja need v\u00f5ivad olla nii positiivsed kui negatiivsed: kui LNG-ESS v\u00e4hendab oluliselt menstruaalvere hulka, siis vaske sisaldav ESV v\u00f5ib menstruatsioonid muuta vererohkemaks ja valulikumaks.<\/p>\n<p>LNG-ESS puhul on tegemist k\u00fcll peamiselt paikse toimega emakas, kuid harva v\u00f5ib kasutamise alguses esineda ka s\u00fcsteemseid (kogu organismile m\u00f5juvaid) k\u00f5rvaltoimeid nagu rindade turse, k\u00f5hupuhitus ja akne.<\/p>\n<h2>Eelised ja puudused<\/h2>\n<p>Vasega emakasisese vahendi teadaolevad eelised:<\/p>\n<ul>\n<li>Vahendi enda h\u00fcved:\n<ul>\n<li>v\u00e4ga t\u00f5hus<\/li>\n<li>mugav\u00a0(pole seksuaalvahekorrast s\u00f5ltuv)<\/li>\n<li>kasutatav seksuaalvahekorra j\u00e4rgselt (kuni 5 \u00f6\u00f6p\u00e4eva)<\/li>\n<\/ul>\n<\/li>\n<\/ul>\n<p>Vasega emakasisese vahendi\u00a0teadaolevad riskid:<\/p>\n<ul>\n<li>v\u00f5imalik vererohke menstruatsioon<\/li>\n<li>harva vahendi iseeneslik v\u00e4ljumine<\/li>\n<li>v\u00e4ga harva asendi muutus emakas<\/li>\n<\/ul>\n<p>Levonorgestreeliga emakasisese s\u00fcsteemi teadaolevad eelised:<\/p>\n<ul>\n<li>Vahendi enda h\u00fcved:\n<ul>\n<li>v\u00e4ga t\u00f5hus<\/li>\n<li>mugav\u00a0(pole seksuaalvahekorrast s\u00f5ltuv)<\/li>\n<li>kasutatav seksuaalvahekorra j\u00e4rgselt (kuni 5 \u00f6\u00f6p\u00e4eva)<\/li>\n<li>v\u00e4heneb emakav\u00e4hi risk<\/li>\n<\/ul>\n<\/li>\n<li>Menstruaalts\u00fckliga seotud eelised:\n<ul>\n<li>vererohked menstruatsioonid v\u00e4henevad<\/li>\n<li>aneemia v\u00e4heneb<\/li>\n<li>menstruaalvalud v\u00e4henevad<\/li>\n<li>v\u00e4ikese vaagna p\u00f5letikulise haiguse risk v\u00e4heneb<\/li>\n<\/ul>\n<\/li>\n<\/ul>\n<p>Levonorgestreeliga emakasisese s\u00fcsteemi\u00a0teadaolevad riskid:<\/p>\n<ul>\n<li>harva vahendi iseeneslik v\u00e4ljumine<\/li>\n<li>v\u00e4ga harva asendi muutus emakas<\/li>\n<\/ul>\n<p>Pikka aega on arvatud, ehkki uuringud on vastur\u00e4\u00e4kivad, et ESV kohalolek emakas v\u00f5ib t\u00f5sta v\u00e4ikese vaagna p\u00f5letike riski. Vahend ise ei tekita p\u00f5letikku suguteedes, selle tekkimiseks peab toimuma nakatumine seksuaalsel teel leviva infektsiooniga (klam\u00fc\u00fcdia, gonorr\u00f6a). Suguteede p\u00f5letiku oht on sel puhul k\u00f5ige suurem kuu aja jooksul p\u00e4rast vahendi paigaldamist, mist\u00f5ttu soovitatakse enne paigaldamist suguhaigused v\u00e4listada (arst v\u00f5tab vastavad proovid). Emakasiseseid vahendeid v\u00f5ib ohutult paigaldada nii s\u00fcnnitanud kui s\u00fcnnitamata naistele.<\/p>\n<h2>Vastun\u00e4idustused<\/h2>\n<p>Emakasisesel vahendil\/s\u00fcsteemil on v\u00e4ga v\u00e4he vastun\u00e4idustusi \u2013 n\u00e4iteks emaka\u00f5\u00f5nt deformeerivad anatoomilised ise\u00e4rasused v\u00f5i haigused ning seksuaalsel teel levivast nakkusest p\u00f5hjustatud \u00e4ge p\u00f5letik suguteedes.<\/p>\n<p>Emakasisese vahendi paigaldab arst. Seda v\u00f5ib teha kogu menstruatsioonits\u00fckli v\u00e4ltel, eelnevalt tuleks v\u00e4listada rasedus. Paigaldamine on l\u00fchiajaline (paar minutit kestev) ja v\u00f5ib olla seotud v\u00e4hese valu v\u00f5i ebamugavustundega.<\/p>\n<h2>Viljakus taastub<\/h2>\n<p>\u2026\u00a0kohe p\u00e4rast kasutamise l\u00f5petamist.<\/p>\n<h2>Kaitse HIV\/STLI eest<\/h2>\n<p>\u2026\u00a0puudub.<\/p>\n<hr>\n<h2>Tuleta meelde!<\/h2>\n<p><strong>1. Mille poolest erinevad oma k\u00f5rvaltoimetelt emakasisene vahend ja emakasisene s\u00fcsteem?<\/strong><\/p>\n<p><\/p><div class=\"accordion mb-3\">\n        <div class=\"accordion-item accordion-item--white\">\n        <h2 class=\"accordion-header\" id=\"accordion-69dc10fc3f5f9-heading\">\n            <button class=\"accordion-button collapsed\" type=\"button\" data-bs-toggle=\"collapse\" data-bs-target=\"#accordion-69dc10fc3f5f9-collapse\" aria-expanded=\"true\" aria-controls=\"accordion-69dc10fc3f5f9-collapse\">Kl\u00f5psa siia!<\/button>\n        <\/h2>\n        <div id=\"accordion-69dc10fc3f5f9-collapse\" class=\"accordion-collapse collapse\" aria-labelledby=\"accordion-69dc10fc3f5f9-heading\">\n            <div class=\"accordion-body\">Kui levonorgestreeliga emakasisene s\u00fcsteem v\u00e4hendab oluliselt menstruaalvere hulka, siis vasega emakasisene vahend v\u00f5ib menstruatsioonid muuta vererohkemaks ja valulikumaks.<\/div>\n        <\/div>\n        <\/div>\n    <\/div>\n<p><strong>2. Mis t\u00f5stab suguteede p\u00f5letiku riski?<\/strong><\/p>\n<p><\/p><div class=\"accordion mb-3\">\n        <div class=\"accordion-item accordion-item--white\">\n        <h2 class=\"accordion-header\" id=\"accordion-69dc10fc3f611-heading\">\n            <button class=\"accordion-button collapsed\" type=\"button\" data-bs-toggle=\"collapse\" data-bs-target=\"#accordion-69dc10fc3f611-collapse\" aria-expanded=\"true\" aria-controls=\"accordion-69dc10fc3f611-collapse\">Kl\u00f5psa siia!<\/button>\n        <\/h2>\n        <div id=\"accordion-69dc10fc3f611-collapse\" class=\"accordion-collapse collapse\" aria-labelledby=\"accordion-69dc10fc3f611-heading\">\n            <div class=\"accordion-body\">Suguteede p\u00f5letiku riski t\u00f5stab nakatumine seksuaalsel teel leviva infektsiooniga (klam\u00fc\u00fcdia, gonorr\u00f6a).<\/div>\n        <\/div>\n        <\/div>\n    <\/div>\n","protected":false},"excerpt":{"rendered":"<p>Emakasisene vahend on pikaajaline, t\u00f5hus ja mugav rasedusest hoidumise meetod, mis sobib enamikule, ka s\u00fcnnitamata naistele. On olemas vasega emakasisene vahend (Cu-ESV) ja levonorgestreeliga emakasisene s\u00fcsteem ehk \u201ehormoonspiraal\u201c (LNG-ESS) \u2013 viimaseid on saada 3 t\u00fc\u00fcpi erinevas suuruses ja kasutamisajaga 3-8 &#8230;<\/p>\n","protected":false},"author":4,"featured_media":0,"parent":0,"menu_order":0,"comment_status":"closed","ping_status":"closed","template":"","meta":{"_acf_changed":false,"inline_featured_image":false,"footnotes":""},"class_list":["post-11","page","type-page","status-publish","hentry"],"acf":[],"_links":{"self":[{"href":"https:\/\/sisu.ut.ee\/rvv\/wp-json\/wp\/v2\/pages\/11","targetHints":{"allow":["GET"]}}],"collection":[{"href":"https:\/\/sisu.ut.ee\/rvv\/wp-json\/wp\/v2\/pages"}],"about":[{"href":"https:\/\/sisu.ut.ee\/rvv\/wp-json\/wp\/v2\/types\/page"}],"author":[{"embeddable":true,"href":"https:\/\/sisu.ut.ee\/rvv\/wp-json\/wp\/v2\/users\/4"}],"replies":[{"embeddable":true,"href":"https:\/\/sisu.ut.ee\/rvv\/wp-json\/wp\/v2\/comments?post=11"}],"version-history":[{"count":4,"href":"https:\/\/sisu.ut.ee\/rvv\/wp-json\/wp\/v2\/pages\/11\/revisions"}],"predecessor-version":[{"id":106,"href":"https:\/\/sisu.ut.ee\/rvv\/wp-json\/wp\/v2\/pages\/11\/revisions\/106"}],"wp:attachment":[{"href":"https:\/\/sisu.ut.ee\/rvv\/wp-json\/wp\/v2\/media?parent=11"}],"curies":[{"name":"wp","href":"https:\/\/api.w.org\/{rel}","templated":true}]}}