{"id":10,"date":"2024-04-04T05:10:46","date_gmt":"2024-04-04T02:10:46","guid":{"rendered":"https:\/\/sisu.ut.ee\/rvv\/depoosust\/"},"modified":"2024-04-09T15:57:30","modified_gmt":"2024-04-09T12:57:30","slug":"depoosust","status":"publish","type":"page","link":"https:\/\/sisu.ut.ee\/rvv\/depoosust\/","title":{"rendered":"Depoos\u00fcst"},"content":{"rendered":"<p><img loading=\"lazy\" decoding=\"async\" width=\"428\" height=\"212\" class=\"alignnone wp-image-24\" style=\"width: 300px; height: 149px; float: right;\" title=\"depoo-sust.jpg\" src=\"https:\/\/sisu.ut.ee\/wp-content\/uploads\/sites\/361\/depoo-sust.jpg\" alt=\"1\" srcset=\"https:\/\/sisu.ut.ee\/wp-content\/uploads\/sites\/361\/depoo-sust.jpg 428w, https:\/\/sisu.ut.ee\/wp-content\/uploads\/sites\/361\/depoo-sust-300x149.jpg 300w\" sizes=\"auto, (max-width: 428px) 100vw, 428px\">Eestis on m\u00fc\u00fcgil ainult s\u00fcstitav dih\u00fcdromedrok\u00fcprogesteroonatestaati sisaldav depoopreparaat (Depo-Provera), mida turustatakse \u00fchekordses ettevalmistatud ravimiannusega s\u00fcstlas. See on v\u00e4ga k\u00f5rge t\u00f5hususega ja \u00fcks ohutumaid vahendeid, mille toime p\u00fcsib kolme kuu jooksul.<\/p>\n<h2>K\u00f5rvaltoimed<\/h2>\n<p>Depoos\u00fcsti toimel tekivad sageli menstruatsioonits\u00fckli h\u00e4ired, mis on ebameeldivad, kuid mitte tervisele ohtlikud. T\u00fc\u00fcpiliselt esineb selliseid h\u00e4ireid rohkem kasutamise alguskuudel ja enamasti p\u00e4rast 3-6-kuulist tarvitamist j\u00e4\u00e4b menstruatsioon \u00fcldse \u00e4ra, mis v\u00f5ib olla soovitav k\u00f5rvaltoime. Osadel kasutajatel v\u00f5ib esineda kehakaalu t\u00f5usu, keskmiselt esimesel kasutusaastal 2-3 kg. Depressiooni ja meeleolu muutusi t\u00e4heldatakse depoosusti kasutajatel sagedamini, kuid ei ole teada, kas see on p\u00f5hjustatud kasutajate endi erip\u00e4radest v\u00f5i meetodist endast. Harvaesinevalt on kirjeldatud k\u00f5rvaltoimetena ka peavalu, pearinglust, aknet, rindade tundlikkust ja tupekuivust.<\/p>\n<h2>H\u00fcved ja riskid tervisele ja elukvaliteedile<\/h2>\n<p>Depoos\u00fcsti teadaolevad eelised:<\/p>\n<ul>\n<li>Vahendi enda eelised:\n<ul>\n<li>v\u00e4ga t\u00f5hus vahend<\/li>\n<li>mugav kasutada (kasutamine ei s\u00f5ltu seksuaalvahekorrast; sobib neile, kel probleeme vahendi igap\u00e4evase kasutamise meelespidamisega)<\/li>\n<li>pikaajalisel kasutamisel luu mineraalse tiheduse langus, kuid luumurdude risk ei suurene<\/li>\n<\/ul>\n<\/li>\n<li>Pole m\u00f5ju h\u00fc\u00fcbivuss\u00fcsteemile \u2013 sobib kasutamiseks ka venoosse trombemboolia riskiteguritega naistele<\/li>\n<li>V\u00e4heneb risk j\u00e4rgnevate haiguste tekkeks:\n<ul>\n<li>emakav\u00e4hi risk v\u00e4heneb<\/li>\n<li>emakam\u00fcoomist p\u00f5hjustatud s\u00fcmptomid v\u00e4henevad<\/li>\n<li>v\u00e4ikese vaagna p\u00f5letikulise haiguse risk v\u00e4heneb<\/li>\n<li>aneemia risk\u00a0 v\u00e4heneb<\/li>\n<li>emakav\u00e4lise raseduse risk\u00a0 v\u00e4heneb<\/li>\n<\/ul>\n<\/li>\n<\/ul>\n<p>Depoos\u00fcsti teadaolevad riskid:<\/p>\n<ul>\n<li>Depoos\u00fcsti \u00fcheks puuduseks on see, et kui s\u00fcst juba tehtud, siis ei saa seda enam \u201ctagasi v\u00f5tta\u201d \u2013 kolme kuu jooksul ravimi m\u00f5ju ja v\u00f5imalikud k\u00f5rvaltoimed kestavad.<\/li>\n<\/ul>\n<h2>Vastun\u00e4idustused<\/h2>\n<p>Depoos\u00fcstil on v\u00e4ga v\u00e4he vastun\u00e4idustusi \u2013 n\u00e4iteks raske maksahaigus, rinnan\u00e4\u00e4rmekasvaja, luuh\u00f5renemine. T\u00e4psemaid soovitusi annab meedik.<\/p>\n<h2>Viljakus taastub<\/h2>\n<p>\u2026\u00a0t\u00e4ielikult, kuid aeglaselt depoosusti kasutamise l\u00f5petamise j\u00e4rgselt. Keskmine aeg peale meetodi kasutamise l\u00f5petamist on 5,5 kuud.<\/p>\n<h2>Kaitse HIV\/STLI eest<\/h2>\n<p>\u2026\u00a0puudub.<\/p>\n","protected":false},"excerpt":{"rendered":"<p>Eestis on m\u00fc\u00fcgil ainult s\u00fcstitav dih\u00fcdromedrok\u00fcprogesteroonatestaati sisaldav depoopreparaat (Depo-Provera), mida turustatakse \u00fchekordses ettevalmistatud ravimiannusega s\u00fcstlas. See on v\u00e4ga k\u00f5rge t\u00f5hususega ja \u00fcks ohutumaid vahendeid, mille toime p\u00fcsib kolme kuu jooksul. K\u00f5rvaltoimed Depoos\u00fcsti toimel tekivad sageli menstruatsioonits\u00fckli h\u00e4ired, mis on ebameeldivad, &#8230;<\/p>\n","protected":false},"author":4,"featured_media":0,"parent":0,"menu_order":0,"comment_status":"closed","ping_status":"closed","template":"","meta":{"_acf_changed":false,"inline_featured_image":false,"footnotes":""},"class_list":["post-10","page","type-page","status-publish","hentry"],"acf":[],"_links":{"self":[{"href":"https:\/\/sisu.ut.ee\/rvv\/wp-json\/wp\/v2\/pages\/10","targetHints":{"allow":["GET"]}}],"collection":[{"href":"https:\/\/sisu.ut.ee\/rvv\/wp-json\/wp\/v2\/pages"}],"about":[{"href":"https:\/\/sisu.ut.ee\/rvv\/wp-json\/wp\/v2\/types\/page"}],"author":[{"embeddable":true,"href":"https:\/\/sisu.ut.ee\/rvv\/wp-json\/wp\/v2\/users\/4"}],"replies":[{"embeddable":true,"href":"https:\/\/sisu.ut.ee\/rvv\/wp-json\/wp\/v2\/comments?post=10"}],"version-history":[{"count":2,"href":"https:\/\/sisu.ut.ee\/rvv\/wp-json\/wp\/v2\/pages\/10\/revisions"}],"predecessor-version":[{"id":89,"href":"https:\/\/sisu.ut.ee\/rvv\/wp-json\/wp\/v2\/pages\/10\/revisions\/89"}],"wp:attachment":[{"href":"https:\/\/sisu.ut.ee\/rvv\/wp-json\/wp\/v2\/media?parent=10"}],"curies":[{"name":"wp","href":"https:\/\/api.w.org\/{rel}","templated":true}]}}