{"id":8,"date":"2024-04-04T08:01:20","date_gmt":"2024-04-04T05:01:20","guid":{"rendered":"https:\/\/sisu.ut.ee\/rosak\/kaldkriips-nime-alguses\/"},"modified":"2024-04-04T08:03:59","modified_gmt":"2024-04-04T05:03:59","slug":"kaldkriips-nime-alguses","status":"publish","type":"page","link":"https:\/\/sisu.ut.ee\/rosak\/kaldkriips-nime-alguses\/","title":{"rendered":"4. Kaldkriips nime alguses"},"content":{"rendered":"<blockquote>\n<p>\n\t\t<strong><span id=\"docs-internal-guid-9bfc9717-7fff-c777-ef7c-e8cb063b79ee\">Nii terminalis kataloogide aadresse kasutades kui ka ROSi rubriikide kontekstis oled v\u00f5ib-olla t\u00e4hele pannud, et nad algavad m\u00f5nikord kaldkriipsuga ja m\u00f5nikord mitte. Millest tuleb erinevus?<\/span><\/strong>\n\t<\/p>\n<\/blockquote>\n<p>\n\t<\/p><div class=\"accordion mb-3\">\n        <div class=\"accordion-item accordion-item--white\">\n        <h2 class=\"accordion-header\" id=\"accordion-69d28005c4606-heading\">\n            <button class=\"accordion-button collapsed\" type=\"button\" data-bs-toggle=\"collapse\" data-bs-target=\"#accordion-69d28005c4606-collapse\" aria-expanded=\"true\" aria-controls=\"accordion-69d28005c4606-collapse\"><strong>Kataloogide nimedes<\/strong><\/button>\n        <\/h2>\n        <div id=\"accordion-69d28005c4606-collapse\" class=\"accordion-collapse collapse\" aria-labelledby=\"accordion-69d28005c4606-heading\">\n            <div class=\"accordion-body\">M\u00f5nikord n\u00e4eme kataloogide v\u00f5i failide nimesid, mis algavad kaldkriipsuga, n\u00e4iteks:\n\n<pre>\/home\/kasutaja\/catkin_ws\/src<\/pre>\n<p>\n\tTeinekord aga n\u00e4eme nimesid, mis ei alga kaldkriipsuga, n\u00e4iteks:\n<\/p>\n<pre>catkin_ws\/src<\/pre>\n<p>\n\t<span id=\"docs-internal-guid-09c8e39f-7fff-db6c-96de-dc2c8f4d5c8f\">Erinevusest nende vahel v\u00f5ib m\u00f5elda j\u00e4rgmiselt: <span style=\"font-family:Courier New,Courier,monospace\">\/<\/span> t\u00e4histab <\/span><span>juurkataloogi<\/span><span>. Sellega algavad aadressid m\u00e4\u00e4ravad asukoha juurkataloogi suhtes \u2013 v\u00f5ime seda kutsuda <\/span><span>absoluutseks aadressiks<\/span><span>.<\/span>\n<\/p>\n<p>\n\t<span id=\"docs-internal-guid-f60211ab-7fff-d2f2-953c-49954b5399f7\">Kui aga aadress ei alga <span style=\"font-family:Courier New,Courier,monospace\">\/<\/span>-m\u00e4rgiga, siis m\u00e4\u00e4ratakse asukoht <\/span><span>hetkel aktiivse kataloogi suhtes<\/span><span>. N\u00e4iteks kui liigume terminalis teatud kataloogi, siis saame teiste kataloogide vahel liikuda, andes <span style=\"font-family:Courier New,Courier,monospace\">cd<\/span> k\u00e4sule ette sihtkoha suhtelise aadressi selle kataloogi suhtes, kus asume hetkel. Samuti v\u00f5ime <span style=\"font-family:Courier New,Courier,monospace\">cd<\/span> k\u00e4sule anda ette absoluutse aadressi, kuid sageli on see m\u00f5ttetult pikk.<\/span>\n<\/p>\n<blockquote class=\"os-kollane\">\n<h4>\n\t\t<span id=\"docs-internal-guid-7b1dcdb7-7fff-95de-746e-14928a5c4369\">Lisaks: <span style=\"font-family:Courier New,Courier,monospace\">~<\/span><\/span><br>\n\t<\/h4>\n<p>\n\t\t<span id=\"docs-internal-guid-1ca9c958-7fff-ace8-20af-8f90c4828210\">Kui aadress algab <span style=\"font-family:Courier New,Courier,monospace\">~<\/span>-m\u00e4rgiga, siis m\u00e4\u00e4rab see asukoha kasutaja kodukataloogi suhtes. N\u00e4iteks aadress<\/span>\n\t<\/p>\n<pre><span id=\"docs-internal-guid-5f79f113-7fff-c3b6-3322-5b9dd9798aed\">~\/catkin_ws\/src<\/span><\/pre>\n<p>\n\t\t<span id=\"docs-internal-guid-09cb2f33-7fff-d431-d087-5022efbfc20b\">on sama, mis aadress<\/span>\n\t<\/p>\n<pre><span id=\"docs-internal-guid-31009603-7fff-e685-4261-1398eb79b4e9\">\/home\/kasutaja\/catkin_ws\/src<\/span><\/pre>\n<\/blockquote>\n<p>\n\t<\/p><\/div>\n        <\/div>\n        <\/div>\n    <\/div>\n\n<p>\n\t<\/p><div class=\"accordion mb-3\">\n        <div class=\"accordion-item accordion-item--white\">\n        <h2 class=\"accordion-header\" id=\"accordion-69d28005c4621-heading\">\n            <button class=\"accordion-button collapsed\" type=\"button\" data-bs-toggle=\"collapse\" data-bs-target=\"#accordion-69d28005c4621-collapse\" aria-expanded=\"true\" aria-controls=\"accordion-69d28005c4621-collapse\"><strong>Rubriikide nimedes<\/strong><\/button>\n        <\/h2>\n        <div id=\"accordion-69d28005c4621-collapse\" class=\"accordion-collapse collapse\" aria-labelledby=\"accordion-69d28005c4621-heading\">\n            <div class=\"accordion-body\"><span id=\"docs-internal-guid-a981d91d-7fff-2f0c-b2dd-99e3eadefa2c\">Kaldkriipsu olemasolu v\u00f5i puudumine rubriigi nimes on sarnane terminali aadressitele: sellega algavad nii-\u00f6elda rubriikide absoluutsed nimed. ROSis on v\u00f5imalik koodi k\u00e4ivitada ka teatud <\/span><strong><span>nimeruumis<\/span><\/strong><span>, st lisada s\u00f5lmede, rubriikide jmt algusesse kindel eesliide ehk prefiks \u2013 selleks aga tuleb meil hoiduda ise kaldkriipsu lisamisest rubriigi nimede algusesse.<\/span>\n\n<p>\n\t<span id=\"docs-internal-guid-595a5771-7fff-8e9f-1cc9-4a2ae4b603d6\">Mida see praktikas t\u00e4hendab? Reeglina pole rubriigi nime algusesse kaldkriipsu vaja lisada, seega kui kahtled, siis on kindlam see \u00e4ra j\u00e4tta.<\/span>\n<\/p>\n<p>\n\t<\/p><\/div>\n        <\/div>\n        <\/div>\n    <\/div>\n","protected":false},"excerpt":{"rendered":"<p>Nii terminalis kataloogide aadresse kasutades kui ka ROSi rubriikide kontekstis oled v\u00f5ib-olla t\u00e4hele pannud, et nad algavad m\u00f5nikord kaldkriipsuga ja m\u00f5nikord mitte. Millest tuleb erinevus? Kataloogide nimedes M\u00f5nikord n\u00e4eme kataloogide v\u00f5i failide nimesid, mis algavad kaldkriipsuga, n\u00e4iteks: \/home\/kasutaja\/catkin_ws\/src Teinekord aga &#8230;<\/p>\n","protected":false},"author":98,"featured_media":0,"parent":0,"menu_order":0,"comment_status":"closed","ping_status":"closed","template":"","meta":{"_acf_changed":false,"inline_featured_image":false,"footnotes":""},"class_list":["post-8","page","type-page","status-publish","hentry"],"acf":[],"_links":{"self":[{"href":"https:\/\/sisu.ut.ee\/rosak\/wp-json\/wp\/v2\/pages\/8","targetHints":{"allow":["GET"]}}],"collection":[{"href":"https:\/\/sisu.ut.ee\/rosak\/wp-json\/wp\/v2\/pages"}],"about":[{"href":"https:\/\/sisu.ut.ee\/rosak\/wp-json\/wp\/v2\/types\/page"}],"author":[{"embeddable":true,"href":"https:\/\/sisu.ut.ee\/rosak\/wp-json\/wp\/v2\/users\/98"}],"replies":[{"embeddable":true,"href":"https:\/\/sisu.ut.ee\/rosak\/wp-json\/wp\/v2\/comments?post=8"}],"version-history":[{"count":1,"href":"https:\/\/sisu.ut.ee\/rosak\/wp-json\/wp\/v2\/pages\/8\/revisions"}],"predecessor-version":[{"id":393,"href":"https:\/\/sisu.ut.ee\/rosak\/wp-json\/wp\/v2\/pages\/8\/revisions\/393"}],"wp:attachment":[{"href":"https:\/\/sisu.ut.ee\/rosak\/wp-json\/wp\/v2\/media?parent=8"}],"curies":[{"name":"wp","href":"https:\/\/api.w.org\/{rel}","templated":true}]}}